{"id":6270,"date":"2018-01-12T15:00:55","date_gmt":"2018-01-12T14:00:55","guid":{"rendered":"http:\/\/www.espronceda.net\/projectes\/act-utopia-lab\/"},"modified":"2018-03-11T07:39:20","modified_gmt":"2018-03-11T06:39:20","slug":"act-utopia-lab","status":"publish","type":"page","link":"https:\/\/www.espronceda.net\/ca\/projectes\/act-utopia-lab\/","title":{"rendered":"Act Utopia Lab"},"content":{"rendered":"<h2>Act Utopia Lab<\/h2>\n<h4><a href=\"http:\/\/act-utopia.com\/\">act-utopia.com<\/a><\/h4>\n<p>En un m\u00f3n global i canviant, la creativitat \u00e9s clau per desenvolupar noves professions, productes i formes d&#8217;interacci\u00f3.<\/p>\n<p>El coneixement hum\u00e0 en altres temps va ser hol\u00edstic, per\u00f2 es va especialitzar amb la revoluci\u00f3 industrial.<\/p>\n<p>Artistes, cient\u00edfics i tecn\u00f2legs treballen en les seves diferents \u00e0rees creatives, per\u00f2 sense comunicaci\u00f3 i sinergia constants.<\/p>\n<p>La Comissi\u00f3 Europea, en el programa Horitz\u00f3 2020, STARTS, analitza que aquestes \u00e0rees han d&#8217;interactuar per produir un pensament creatiu transversal i que els desenvolupadors cient\u00edfics i tecnol\u00f2gics, aix\u00ed com els artistes, abandonin les seves \u00e0rees de confort i s&#8217;atreveixin a emprendre Idees que no s\u00f3n comuns o inicialment s\u00f3n massa ut\u00f2piques i amb elles generin startups reeixides.<\/p>\n<p>\u00c9s la contribuci\u00f3 a aquesta utopia el que impulsa a Espronceda a llan\u00e7ar &#8220;ACT UTOPIA LAB&#8221;, Art, Ci\u00e8ncia i Tecnologia, confer\u00e8ncies, tallers, xarxa i incubadora de startups.<\/p>\n<p><a href=\"https:\/\/www.espronceda.net\/wp-content\/uploads\/2018\/01\/Capture-ACT-Utopia.jpg\"><img loading=\"lazy\" decoding=\"async\" class=\"aligncenter wp-image-5749 size-full\" src=\"https:\/\/www.espronceda.net\/wp-content\/uploads\/2018\/01\/Capture-ACT-Utopia.jpg\" alt=\"\" width=\"600\" height=\"3885\" srcset=\"https:\/\/www.espronceda.net\/wp-content\/uploads\/2018\/01\/Capture-ACT-Utopia.jpg 600w, https:\/\/www.espronceda.net\/wp-content\/uploads\/2018\/01\/Capture-ACT-Utopia-158x1024.jpg 158w\" sizes=\"auto, (max-width: 600px) 100vw, 600px\" \/><\/a><\/p>\n","protected":false},"excerpt":{"rendered":"<p>Act Utopia Lab act-utopia.com En un m\u00f3n global i canviant, la creativitat \u00e9s clau per desenvolupar noves professions, productes i formes d&#8217;interacci\u00f3. El coneixement hum\u00e0 en altres temps va ser hol\u00edstic, per\u00f2 es va especialitzar amb la revoluci\u00f3 industrial. Artistes, cient\u00edfics i tecn\u00f2legs treballen en les seves diferents \u00e0rees creatives, per\u00f2 sense comunicaci\u00f3 i sinergia constants. La Comissi\u00f3 Europea, en [&hellip;]<\/p>\n","protected":false},"author":1,"featured_media":0,"parent":5377,"menu_order":0,"comment_status":"closed","ping_status":"closed","template":"","meta":{"footnotes":""},"class_list":["post-6270","page","type-page","status-publish","hentry"],"_links":{"self":[{"href":"https:\/\/www.espronceda.net\/ca\/wp-json\/wp\/v2\/pages\/6270","targetHints":{"allow":["GET"]}}],"collection":[{"href":"https:\/\/www.espronceda.net\/ca\/wp-json\/wp\/v2\/pages"}],"about":[{"href":"https:\/\/www.espronceda.net\/ca\/wp-json\/wp\/v2\/types\/page"}],"author":[{"embeddable":true,"href":"https:\/\/www.espronceda.net\/ca\/wp-json\/wp\/v2\/users\/1"}],"replies":[{"embeddable":true,"href":"https:\/\/www.espronceda.net\/ca\/wp-json\/wp\/v2\/comments?post=6270"}],"version-history":[{"count":1,"href":"https:\/\/www.espronceda.net\/ca\/wp-json\/wp\/v2\/pages\/6270\/revisions"}],"predecessor-version":[{"id":6272,"href":"https:\/\/www.espronceda.net\/ca\/wp-json\/wp\/v2\/pages\/6270\/revisions\/6272"}],"up":[{"embeddable":true,"href":"https:\/\/www.espronceda.net\/ca\/wp-json\/wp\/v2\/pages\/5377"}],"wp:attachment":[{"href":"https:\/\/www.espronceda.net\/ca\/wp-json\/wp\/v2\/media?parent=6270"}],"curies":[{"name":"wp","href":"https:\/\/api.w.org\/{rel}","templated":true}]}}