{"id":6274,"date":"2018-01-12T15:37:34","date_gmt":"2018-01-12T14:37:34","guid":{"rendered":"http:\/\/www.espronceda.net\/projectes\/artcosmos\/"},"modified":"2018-03-11T07:41:49","modified_gmt":"2018-03-11T06:41:49","slug":"artcosmos","status":"publish","type":"page","link":"https:\/\/www.espronceda.net\/ca\/projectes\/artcosmos\/","title":{"rendered":"Artcosmos"},"content":{"rendered":"<div class=\"row\">\n\t<div class=\"wpb_content_element span8 wpb_text_column\">\n\t\t<div class=\"wpb_wrapper clearfix\">\n\t\t\t\n<p>&nbsp;<\/p>\n<h2>Artcosmos<\/h2>\n<h4><a href=\"https:\/\/www.artcosmos.net\/\" target=\"_blank\" rel=\"nofollow noopener noreferrer\">artcosmos.net<\/a><\/h4>\n<p>Espronceda \u00e9s un dels socis fundadors de ArtCosmos. La primera edici\u00f3 es va celebrar a ESPRONCEDA.<\/p>\n<p>ArtCosmos \u00e9s una plataforma dedicada a la col\u00b7laboraci\u00f3 entre artistes, acad\u00e8mics i l\u00edders del pensament en la intersecci\u00f3 de la ci\u00e8ncia i l&#8217;art contemporani. La primera edici\u00f3 de ArtCosmos es va celebrar a ESPRONCEDA i va representar a 12 artistes i va convidar a 5 cient\u00edfics, tots amb vincles mutus amb l&#8217;art i el m\u00f3n de la ci\u00e8ncia, respectivament. La segona edici\u00f3 de ArtCosmos a la ciutat de Nova York es celebra en honor al 55 aniversari del primer vol hum\u00e0 a l&#8217;espai realitzat per Yuri Gagarin. L&#8217;exhibici\u00f3 presenta a un grup d&#8217;artistes multidisciplinaris que creen nous di\u00e0legs visuals per a la recerca indestructible de la humanitat per explorar l&#8217;espai profund.<\/p>\n<h2>\u00a0<a href=\"https:\/\/www.espronceda.net\/wp-content\/uploads\/2018\/01\/capture-artcosmos.jpg\"><img loading=\"lazy\" decoding=\"async\" class=\"aligncenter size-full wp-image-5758\" src=\"https:\/\/www.espronceda.net\/wp-content\/uploads\/2018\/01\/capture-artcosmos.jpg\" alt=\"\" width=\"600\" height=\"644\" srcset=\"https:\/\/www.espronceda.net\/wp-content\/uploads\/2018\/01\/capture-artcosmos.jpg 600w, https:\/\/www.espronceda.net\/wp-content\/uploads\/2018\/01\/capture-artcosmos-280x300.jpg 280w\" sizes=\"auto, (max-width: 600px) 100vw, 600px\" \/><\/a><\/h2>\n\n\t\t<\/div> \n\t<\/div> <\/div>\n <div class=\"row\">\n\t<div class=\"wpb_video_widget wpb_content_element span8\">\n\t\t<div class=\"wpb_wrapper\"><iframe loading=\"lazy\" src=\"https:\/\/player.vimeo.com\/video\/151760396\" width=\"560\" height=\"315\" frameborder=\"0\" title=\"Opening of Quo Artis foundation\" webkitallowfullscreen mozallowfullscreen allowfullscreen><\/iframe>\n\t\t<\/div> \n\t<\/div> <\/div>\n <div class=\"row\">\n\t<div class=\"wpb_content_element wpb_single_image noframe span8\">\n\t\t<div class=\"wpb_wrapper\"><figure class=\"lightbox clearfix\">\n\t\t\t<a class=\"view\" href=\"https:\/\/www.espronceda.net\/wp-content\/uploads\/2018\/01\/capture-artcosmos.jpg\" rel=\"image-gallery\"><div class=\"overlay\"><div class=\"thumb-info\"><i class=\"icon-search\"><\/i><\/div><\/div><img loading=\"lazy\" decoding=\"async\" width=\"600\" height=\"644\" src=\"https:\/\/www.espronceda.net\/wp-content\/uploads\/2018\/01\/capture-artcosmos.jpg\" class=\"attachment-full size-full\" alt=\"\" srcset=\"https:\/\/www.espronceda.net\/wp-content\/uploads\/2018\/01\/capture-artcosmos.jpg 600w, https:\/\/www.espronceda.net\/wp-content\/uploads\/2018\/01\/capture-artcosmos-280x300.jpg 280w\" sizes=\"auto, (max-width: 600px) 100vw, 600px\" title=\"capture-artcosmos\" \/><\/a><\/figure>\n\t\t<\/div> \n\t<\/div> <\/div>\n\n","protected":false},"excerpt":{"rendered":"","protected":false},"author":1,"featured_media":0,"parent":5377,"menu_order":0,"comment_status":"closed","ping_status":"closed","template":"","meta":{"footnotes":""},"class_list":["post-6274","page","type-page","status-publish","hentry"],"_links":{"self":[{"href":"https:\/\/www.espronceda.net\/ca\/wp-json\/wp\/v2\/pages\/6274","targetHints":{"allow":["GET"]}}],"collection":[{"href":"https:\/\/www.espronceda.net\/ca\/wp-json\/wp\/v2\/pages"}],"about":[{"href":"https:\/\/www.espronceda.net\/ca\/wp-json\/wp\/v2\/types\/page"}],"author":[{"embeddable":true,"href":"https:\/\/www.espronceda.net\/ca\/wp-json\/wp\/v2\/users\/1"}],"replies":[{"embeddable":true,"href":"https:\/\/www.espronceda.net\/ca\/wp-json\/wp\/v2\/comments?post=6274"}],"version-history":[{"count":1,"href":"https:\/\/www.espronceda.net\/ca\/wp-json\/wp\/v2\/pages\/6274\/revisions"}],"predecessor-version":[{"id":6276,"href":"https:\/\/www.espronceda.net\/ca\/wp-json\/wp\/v2\/pages\/6274\/revisions\/6276"}],"up":[{"embeddable":true,"href":"https:\/\/www.espronceda.net\/ca\/wp-json\/wp\/v2\/pages\/5377"}],"wp:attachment":[{"href":"https:\/\/www.espronceda.net\/ca\/wp-json\/wp\/v2\/media?parent=6274"}],"curies":[{"name":"wp","href":"https:\/\/api.w.org\/{rel}","templated":true}]}}