{"id":6278,"date":"2018-01-12T15:48:17","date_gmt":"2018-01-12T14:48:17","guid":{"rendered":"http:\/\/www.espronceda.net\/projectes\/artist-residence-tv\/"},"modified":"2020-04-02T12:41:53","modified_gmt":"2020-04-02T10:41:53","slug":"artist-residence-tv","status":"publish","type":"page","link":"https:\/\/www.espronceda.net\/ca\/projectes\/artist-residence-tv\/","title":{"rendered":"Artists In Residence TV"},"content":{"rendered":"<h2>Artists In Residence TV<\/h2>\n<h4><a href=\"http:\/\/artistsinresidencetv.com\/\">artistsinresidencetv.com<\/a><\/h4>\n<p>AIRTV \u00e9s un projecte nascut a Barcelona, Espanya, de la manca de canals de v\u00eddeo dedicats a les resid\u00e8ncies d&#8217;artistes. El fenomen de les resid\u00e8ncies d&#8217;artistes est\u00e0 creixent r\u00e0pidament i arreu del m\u00f3n, reduint les \u00e0rees sense aquests llocs.<\/p>\n<p>AIRTV t\u00e9 com a objectiu mapejar tots aquests incre\u00efbles espais creatius i presentar-los a cada un d&#8217;ells un v\u00eddeo d&#8217;introducci\u00f3. Ajudaria molt als artistes, als amants de l&#8217;art, per\u00f2 tamb\u00e9 a les resid\u00e8ncies a diferenciar unes de les altres. Creiem en el conjunt \u00fanic d&#8217;habilitats, persones i serveis que les resid\u00e8ncies ofereixen per promoure l&#8217;art i la cultura, i el poder de les imatges per arribar a un p\u00fablic m\u00e9s ampli.<\/p>\n<p>El projecte tamb\u00e9 prov\u00e9 de la passi\u00f3 per viatjar i el desig de con\u00e8ixer i connectar noves cultures i persones, noves visions i opinions, nous punts de vista i estils de vida, aix\u00ed com tenir una bona visi\u00f3 general del sector de la resid\u00e8ncia d&#8217;artistes en l&#8217;escala internacional.<\/p>\n<p>https:\/\/vimeo.com\/artistsinresidencetv<\/p>\n","protected":false},"excerpt":{"rendered":"<p>Artists In Residence TV artistsinresidencetv.com AIRTV \u00e9s un projecte nascut a Barcelona, Espanya, de la manca de canals de v\u00eddeo dedicats a les resid\u00e8ncies d&#8217;artistes. El fenomen de les resid\u00e8ncies d&#8217;artistes est\u00e0 creixent r\u00e0pidament i arreu del m\u00f3n, reduint les \u00e0rees sense aquests llocs. AIRTV t\u00e9 com a objectiu mapejar tots aquests incre\u00efbles espais creatius i presentar-los a cada un [&hellip;]<\/p>\n","protected":false},"author":1,"featured_media":0,"parent":5377,"menu_order":0,"comment_status":"closed","ping_status":"closed","template":"","meta":{"footnotes":""},"class_list":["post-6278","page","type-page","status-publish","hentry"],"_links":{"self":[{"href":"https:\/\/www.espronceda.net\/ca\/wp-json\/wp\/v2\/pages\/6278","targetHints":{"allow":["GET"]}}],"collection":[{"href":"https:\/\/www.espronceda.net\/ca\/wp-json\/wp\/v2\/pages"}],"about":[{"href":"https:\/\/www.espronceda.net\/ca\/wp-json\/wp\/v2\/types\/page"}],"author":[{"embeddable":true,"href":"https:\/\/www.espronceda.net\/ca\/wp-json\/wp\/v2\/users\/1"}],"replies":[{"embeddable":true,"href":"https:\/\/www.espronceda.net\/ca\/wp-json\/wp\/v2\/comments?post=6278"}],"version-history":[{"count":2,"href":"https:\/\/www.espronceda.net\/ca\/wp-json\/wp\/v2\/pages\/6278\/revisions"}],"predecessor-version":[{"id":15536,"href":"https:\/\/www.espronceda.net\/ca\/wp-json\/wp\/v2\/pages\/6278\/revisions\/15536"}],"up":[{"embeddable":true,"href":"https:\/\/www.espronceda.net\/ca\/wp-json\/wp\/v2\/pages\/5377"}],"wp:attachment":[{"href":"https:\/\/www.espronceda.net\/ca\/wp-json\/wp\/v2\/media?parent=6278"}],"curies":[{"name":"wp","href":"https:\/\/api.w.org\/{rel}","templated":true}]}}