{"id":10650,"date":"2019-04-16T12:12:37","date_gmt":"2019-04-16T10:12:37","guid":{"rendered":"http:\/\/www.espronceda.net\/proyectos\/vr-ar-mr-art\/"},"modified":"2026-03-09T16:08:28","modified_gmt":"2026-03-09T15:08:28","slug":"immensiva","status":"publish","type":"page","link":"https:\/\/www.espronceda.net\/es\/proyectos\/immensiva\/","title":{"rendered":"Immensiva"},"content":{"rendered":"<p>&nbsp;<\/p>\n<p><img loading=\"lazy\" decoding=\"async\" class=\"size-large wp-image-11232 aligncenter\" src=\"https:\/\/www.espronceda.net\/wp-content\/uploads\/2019\/07\/Immensiva-V1-1024x215.jpg\" alt=\"\" width=\"1024\" height=\"215\" srcset=\"https:\/\/www.espronceda.net\/wp-content\/uploads\/2019\/07\/Immensiva-V1-1024x215.jpg 1024w, https:\/\/www.espronceda.net\/wp-content\/uploads\/2019\/07\/Immensiva-V1-300x63.jpg 300w, https:\/\/www.espronceda.net\/wp-content\/uploads\/2019\/07\/Immensiva-V1-768x161.jpg 768w, https:\/\/www.espronceda.net\/wp-content\/uploads\/2019\/07\/Immensiva-V1-1280x268.jpg 1280w\" sizes=\"auto, (max-width: 1024px) 100vw, 1024px\" \/><\/p>\n<p>&nbsp;<\/p>\n<p>IMMENSIVA es un proyecto de Lemongrass\/Espronceda y\u00a0es una plataforma internacional para artistas y creativos que trabajan con tecnolog\u00edas avanzadas como VR, AR, AI, sensores y muchos otros.<\/p>\n<p>Website: <strong><a href=\"http:\/\/www.immensiva.com\/\">immensiva.com<\/a><\/strong><\/p>\n<p>&nbsp;<\/p>\n<div class=\"row\">\n<div class=\"page-heading span12 clearfix alt-bg none\">\n<h1>Residencia IMMENSIVA 2026 \u2013 Cartograf\u00edas Colectivas<\/h1>\n<\/div>\n<\/div>\n<div class=\"breadcrumbs-wrap row\">\n<div id=\"breadcrumbs\" class=\"span12 alt-bg\"><\/div>\n<\/div>\n<div class=\"inner-page-wrap has-left-sidebar has-one-sidebar row clearfix\">\n<figure class=\"media-wrap full-width-detail\"><\/figure>\n<article id=\"30780\" class=\"clearfix span8 post-30780 post type-post status-publish format-standard hentry category-eventos\">\n<div class=\"page-content clearfix\">\n<section class=\"article-body-wrap\">\n<div class=\"body-text clearfix\">\n<p style=\"text-align: center;\"><strong>Fecha l\u00edmite de la convocatoria abierta:<\/strong>\u00a017 de abril de 2026<\/p>\n<p style=\"text-align: center;\"><strong>Notificaci\u00f3n a los participantes seleccionados:<\/strong>\u00a027 de abril de 2026<\/p>\n<p style=\"text-align: center;\"><strong>Periodo de residencia:<\/strong>\u00a0abril\u2013noviembre de 2026<\/p>\n<p style=\"text-align: center;\"><strong>Programa p\u00fablico y profesional:<\/strong>\u00a04\u201313 de noviembre de 2026<\/p>\n<p style=\"text-align: center;\"><strong>Formulario de registro disponible\u00a0<a href=\"https:\/\/forms.gle\/XSZFehhxhKWpucKQ9\">aqu\u00ed<\/a><\/strong><\/p>\n<p>&nbsp;<\/p>\n<p><img loading=\"lazy\" decoding=\"async\" class=\" wp-image-30590 aligncenter\" src=\"https:\/\/www.espronceda.net\/wp-content\/uploads\/2026\/03\/FINAL-CAST-5-240x300.png\" sizes=\"auto, (max-width: 357px) 100vw, 357px\" srcset=\"https:\/\/www.espronceda.net\/wp-content\/uploads\/2026\/03\/FINAL-CAST-5-240x300.png 240w, https:\/\/www.espronceda.net\/wp-content\/uploads\/2026\/03\/FINAL-CAST-5-819x1024.png 819w, https:\/\/www.espronceda.net\/wp-content\/uploads\/2026\/03\/FINAL-CAST-5-768x960.png 768w, https:\/\/www.espronceda.net\/wp-content\/uploads\/2026\/03\/FINAL-CAST-5.png 1080w\" alt=\"\" width=\"357\" height=\"446\" \/><\/p>\n<p>&nbsp;<\/p>\n<h3><strong>\u00bfQu\u00e9 es la RESIDENCIA IMMENSIVA 2026 \u2013 Cartograf\u00edas Colectivas?<\/strong><\/h3>\n<p>La residencia IMMENSIVA forma parte del\u00a0<b>Festival IMMENSIVA<\/b>, lanzado en 2019 como el primer programa de residencias del mundo para artistas que trabajan con tecnolog\u00edas avanzadas como VR, AR, IA y sensores.<\/p>\n<p>Este a\u00f1o, en su s\u00e9ptima edici\u00f3n, contin\u00faa promoviendo la cultura digital combinando tecnolog\u00eda XR multiusuario basada en localizaci\u00f3n (LBXR) con inteligencia artificial y narrativas colaborativas. Siguiendo ediciones anteriores que exploraron la experimentaci\u00f3n multidisciplinar con VR, AR, IA y din\u00e1micas sociales, esta edici\u00f3n se centra en transformar el patrimonio tangible e intangible en experiencias compartidas y multiusuario. La premisa central es simple: el patrimonio se entiende mejor cuando se experimenta colectivamente.<\/p>\n<h3><strong>Sobre la residencia<\/strong><\/h3>\n<p>De abril a noviembre de 2026, seis equipos interdisciplinarios co-crear\u00e1n proyectos inmersivos basados en localizaci\u00f3n que exploran memoria, territorio y significado colectivo.<\/p>\n<p>La residencia combina producci\u00f3n online, mentor\u00eda y masterclasses con integraci\u00f3n presencial y exhibici\u00f3n en\u00a0<b>Espronceda \u2013 Institute of Art &amp; Culture, Barcelona<\/b>, y presentaciones regionales. Utilizando herramientas de vanguardia como\u00a0<b>XRoam Solutions y STYLY<\/b>, los participantes dise\u00f1an experiencias escalables, adaptables y accesibles para contextos culturales y educativos.<\/p>\n<h3><strong>Los objetivos del proyecto<\/strong><\/h3>\n<p>El proyecto tiene como objetivo dise\u00f1ar prototipos XR multiusuario basados en localizaci\u00f3n que reinterpretan el patrimonio cultural utilizando narrativas impulsadas por IA y entornos inmersivos. Al capacitar a artistas y desarrolladores con experiencia en\u00a0<b>Unity, LBXR e IA<\/b>, el programa fomenta la creaci\u00f3n de experiencias inmersivas compartidas. Busca establecer un legado de proyectos escalables adaptables para uso educativo y expositivo por museos y centros comunitarios. Tambi\u00e9n fortalece el ecosistema creativo conectando creadores e instituciones a trav\u00e9s de networking profesional y presentaciones p\u00fablicas como la\u00a0<b>IMMENSIVA Expo<\/b>.<\/p>\n<h3><strong>Requisitos<\/strong><\/h3>\n<ul>\n<li>Cada equipo debe estar compuesto por un m\u00ednimo de 2 miembros.<\/li>\n<li>Al menos un miembro del equipo debe ser un desarrollador experimentado en Unity y otro miembro debe asumir el rol de Director Creativo.<\/li>\n<li>Los equipos pueden invitar a m\u00e1s miembros a su grupo; sin embargo, solo dos personas de cada proyecto con las cualificaciones mencionadas podr\u00e1n viajar al programa de residencia presencial en\u00a0<strong>Espronceda \u2013 Institute of Art &amp; Culture<\/strong>\u00a0en Barcelona.<\/li>\n<\/ul>\n<h3><strong>\u00bfQu\u00e9 ofrece el programa?<\/strong><\/h3>\n<ul>\n<li>Acceso completo al ecosistema tecnol\u00f3gico de ESPRONCEDA, incluyendo XRoam Solutions, STYLY, experiencias XR basadas en localizaci\u00f3n (LBXR) y herramientas de IA aplicadas al arte.<\/li>\n<li>Talleres intensivos dirigidos por especialistas en XR, IA y creaci\u00f3n digital.<\/li>\n<li>Mentor\u00eda personalizada y apoyo t\u00e9cnico durante todo el proceso creativo.<\/li>\n<li>Participaci\u00f3n en IMMENSIVA Expo y IMMENSIVA Day para presentar proyectos a audiencias profesionales e instituciones.<\/li>\n<\/ul>\n<h3><strong>Estructura y calendario del proyecto<\/strong><\/h3>\n<p>El proyecto est\u00e1 estructurado en tres fases distintas a lo largo de 2026.<\/p>\n<p>Comienza con una\u00a0<strong>Residencia Online (abril\u2013octubre)<\/strong>\u00a0centrada en producci\u00f3n distribuida, mentor\u00eda y masterclasses. Esta transici\u00f3na hacia una\u00a0<strong>Residencia Presencial e Integraci\u00f3n (octubre\u2013noviembre)<\/strong>\u00a0en\u00a0Espronceda Institute of Art &amp; Culture\u00a0para las pruebas finales y calibraci\u00f3n de los prototipos.<\/p>\n<p>El programa concluye con un\u00a0<strong>Programa P\u00fablico y Profesional (4\u201312 de noviembre)<\/strong>\u00a0que incluye la\u00a0<strong>IMMENSIVA Expo<\/strong>\u00a0y el\u00a0<strong>IMMENSIVA Day<\/strong>\u00a0para networking y presentaciones p\u00fablicas. Estas actividades se extienden territorialmente a espacios en\u00a0Ne\u00e0polis, Digital Garden y\/o el New Art Centre, con planes de\u00a0<strong>reexhibiciones<\/strong>\u00a0regionales durante 2027.<\/p>\n<p>Tambi\u00e9n los proyectos ser\u00e1n promovidos dentro del\u00a0<strong>ecosistema XR internacional.<\/strong><\/p>\n<p>Durante el\u00a0<strong>IMMENSIVA Day<\/strong>, un jurado de expertos selecciona el proyecto ganador.<\/p>\n<h3>Impacto, accesibilidad y transferencia de conocimiento<\/h3>\n<p>IMMENSIVA 2026 refuerza su compromiso con la inclusi\u00f3n, la accesibilidad y la participaci\u00f3n local a trav\u00e9s de experiencias XR que fomentan la participaci\u00f3n activa del p\u00fablico en la interpretaci\u00f3n del patrimonio, promoviendo una construcci\u00f3n colectiva de la memoria cultural.<\/p>\n<p>Los proyectos se desarrollan como un\u00a0<b>ecosistema LBXR modular y adaptable<\/b>, con prototipos personalizables que permiten la exploraci\u00f3n de diferentes narrativas conectadas con patrimonio, territorio y memoria colectiva, integrando capas din\u00e1micas impulsadas por IA.<\/p>\n<p>El programa garantiza la accesibilidad mediante experiencias multiusuario dise\u00f1adas para audiencias diversas, as\u00ed como mediante herramientas de mediaci\u00f3n cultural \u2014gu\u00edas, talleres y materiales accesibles\u2014 que facilitan la comprensi\u00f3n y la participaci\u00f3n.<\/p>\n<p>Adem\u00e1s, IMMENSIVA promueve la transferencia de conocimiento y la profesionalizaci\u00f3n del sector a trav\u00e9s de recursos abiertos, masterclasses y metodolog\u00edas que permiten a instituciones y creadores adaptar, implementar y expandir proyectos utilizando herramientas como\u00a0<b>Unity<\/b>.<\/p>\n<p>IMMENSIVA se establece as\u00ed como una plataforma de innovaci\u00f3n cultural que conecta tecnolog\u00eda, creatividad y compromiso social, generando impacto m\u00e1s all\u00e1 del propio evento.<\/p>\n<h3><strong>\u00a1No pierdas esta oportunidad \u00fanica!<\/strong><\/h3>\n<p>Aplica al programa de residencia\u00a0<strong>IMMENSIVA 2026 \u2013 Cartograf\u00edas Colectivas<\/strong>\u00a0y forma parte de un movimiento creativo con gran potencial de crecimiento y visibilidad.<\/p>\n<h3><b>Preguntas frecuentes<\/b><\/h3>\n<p><strong>1. \u00bfPuedo aplicar como individuo?<\/strong><\/p>\n<p>No. Las solicitudes deben presentarse por equipos de al menos\u00a0<b>2 miembros<\/b>. Al menos un miembro del equipo debe ser un desarrollador experimentado en Unity y otro miembro debe asumir el rol de Director Creativo.<\/p>\n<p><strong>2. \u00bfPueden los equipos incluir miembros de diferentes pa\u00edses?<\/strong><\/p>\n<p>IMMENSIVA da la bienvenida a equipos internacionales e interdisciplinarios. Los dos miembros principales deben estar basados en la misma ubicaci\u00f3n. Los miembros adicionales del equipo pueden estar en diferentes ubicaciones.<\/p>\n<p><strong>3. \u00bfTodos los miembros del equipo deben asistir a la residencia presencial en Barcelona?<\/strong><\/p>\n<p>S\u00ed. Al menos un representante por equipo debe asistir a la fase presencial, idealmente dos. La residencia presencial est\u00e1 limitada a aunque idealmente participe todo el equipo.<\/p>\n<p><strong>4. \u00bfQu\u00e9 nivel de experiencia t\u00e9cnica se requiere?<\/strong><\/p>\n<p>Los equipos deben incluir al menos un desarrollador de Unity y demostrar la capacidad de desarrollar un prototipo XR durante la residencia.<\/p>\n<p><strong>5. \u00bfExiste una contribuci\u00f3n financiera para los residentes?<\/strong><\/p>\n<p>Los residentes reciben dos dispositivos\u00a0<b>PICO<\/b>\u00a0durante la residencia. Deben devolverse al finalizar el proyecto. El proyecto ganador puede conservar los dispositivos. El programa cubre el coste del programa educativo, la mentor\u00eda, as\u00ed como los vuelos y el alojamiento para la residencia presencial.<\/p>\n<p><strong>6. \u00bfNecesito estar basado en Catalu\u00f1a para aplicar?<\/strong><\/p>\n<p>No. La residencia est\u00e1 abierta internacionalmente, aunque el programa tambi\u00e9n tiene como objetivo apoyar proyectos conectados con el ecosistema local.<\/p>\n<p><strong>7. \u00bfQui\u00e9n posee la propiedad intelectual de los proyectos?<\/strong><\/p>\n<p>Los autores conservan todos los derechos de propiedad intelectual de su trabajo. Sin embargo, el creador acepta una menci\u00f3n especial a Espronceda indicando que el proyecto fue desarrollado dentro del marco de la\u00a0<b>IMMENSIVA Residency<\/b>\u00a0(incluyendo logos).<\/p>\n<p><strong>8. \u00bfPueden los proyectos desarrollarse m\u00e1s all\u00e1 de la residencia?<\/strong><\/p>\n<p>S\u00ed. IMMENSIVA apoya la futura circulaci\u00f3n y posible reexhibici\u00f3n de los proyectos en espacios asociados e instituciones culturales.<\/p>\n<p><strong>9. \u00bfSe mostrar\u00e1n los proyectos al p\u00fablico?<\/strong><\/p>\n<p>S\u00ed. Los proyectos seleccionados se presentar\u00e1n durante el programa p\u00fablico y profesional de\u00a0<b>IMMENSIVA en noviembre de 2026<\/b>. Tambi\u00e9n est\u00e1 previsto presentarlos en otros lugares, tambi\u00e9n a nivel internacional.<\/p>\n<p><strong>Formulario de registro disponible\u00a0<a href=\"https:\/\/forms.gle\/NhbuztoaJGXBJa2R9\">aqu\u00ed<\/a><\/strong><\/p>\n<p>\u00bfTienes alguna pregunta?<br \/>\nEscr\u00edbenos a:\u00a0<b>info@espronceda.net<\/b><\/p>\n<p>Para m\u00e1s informaci\u00f3n:<a href=\"http:\/\/www.immensiva.com\/\">\u00a0www.immensiva.com<\/a><\/p>\n<\/div>\n<\/section>\n<\/div>\n<\/article>\n<\/div>\n","protected":false},"excerpt":{"rendered":"<p>&nbsp; &nbsp; IMMENSIVA es un proyecto de Lemongrass\/Espronceda y\u00a0es una plataforma internacional para artistas y creativos que trabajan con tecnolog\u00edas avanzadas como VR, AR, AI, sensores y muchos otros. Website: immensiva.com &nbsp; Residencia IMMENSIVA 2026 \u2013 Cartograf\u00edas Colectivas Fecha l\u00edmite de la convocatoria abierta:\u00a017 de abril de 2026 Notificaci\u00f3n a los participantes seleccionados:\u00a027 de abril de 2026 Periodo de residencia:\u00a0abril\u2013noviembre [&hellip;]<\/p>\n","protected":false},"author":1,"featured_media":0,"parent":5378,"menu_order":3,"comment_status":"closed","ping_status":"closed","template":"","meta":{"footnotes":""},"class_list":["post-10650","page","type-page","status-publish","hentry"],"_links":{"self":[{"href":"https:\/\/www.espronceda.net\/es\/wp-json\/wp\/v2\/pages\/10650","targetHints":{"allow":["GET"]}}],"collection":[{"href":"https:\/\/www.espronceda.net\/es\/wp-json\/wp\/v2\/pages"}],"about":[{"href":"https:\/\/www.espronceda.net\/es\/wp-json\/wp\/v2\/types\/page"}],"author":[{"embeddable":true,"href":"https:\/\/www.espronceda.net\/es\/wp-json\/wp\/v2\/users\/1"}],"replies":[{"embeddable":true,"href":"https:\/\/www.espronceda.net\/es\/wp-json\/wp\/v2\/comments?post=10650"}],"version-history":[{"count":10,"href":"https:\/\/www.espronceda.net\/es\/wp-json\/wp\/v2\/pages\/10650\/revisions"}],"predecessor-version":[{"id":30790,"href":"https:\/\/www.espronceda.net\/es\/wp-json\/wp\/v2\/pages\/10650\/revisions\/30790"}],"up":[{"embeddable":true,"href":"https:\/\/www.espronceda.net\/es\/wp-json\/wp\/v2\/pages\/5378"}],"wp:attachment":[{"href":"https:\/\/www.espronceda.net\/es\/wp-json\/wp\/v2\/media?parent=10650"}],"curies":[{"name":"wp","href":"https:\/\/api.w.org\/{rel}","templated":true}]}}