{"id":1093,"date":"2014-11-25T15:18:14","date_gmt":"2014-11-25T15:18:14","guid":{"rendered":"http:\/\/www.espronceda.net\/es\/?page_id=1093"},"modified":"2025-08-27T13:14:39","modified_gmt":"2025-08-27T11:14:39","slug":"about","status":"publish","type":"page","link":"https:\/\/www.espronceda.net\/es\/about\/","title":{"rendered":"About"},"content":{"rendered":"<div class=\"row\">\n\t<div class=\"wpb_content_element wpb_single_image noframe span8\">\n\t\t<div class=\"wpb_wrapper\"><figure class=\"clearfix\">\n\t\t\t<img loading=\"lazy\" decoding=\"async\" width=\"1024\" height=\"326\" src=\"https:\/\/www.espronceda.net\/wp-content\/uploads\/2014\/11\/about-1280x407-1024x326.jpg\" class=\"attachment-large size-large\" alt=\"\" srcset=\"https:\/\/www.espronceda.net\/wp-content\/uploads\/2014\/11\/about-1280x407-1024x326.jpg 1024w, https:\/\/www.espronceda.net\/wp-content\/uploads\/2014\/11\/about-1280x407-300x95.jpg 300w, https:\/\/www.espronceda.net\/wp-content\/uploads\/2014\/11\/about-1280x407-768x244.jpg 768w, https:\/\/www.espronceda.net\/wp-content\/uploads\/2014\/11\/about-1280x407.jpg 1280w\" sizes=\"auto, (max-width: 1024px) 100vw, 1024px\" title=\"about-1280x407\" \/><\/figure>\n\t\t<\/div> \n\t<\/div> <\/div>\n <div class=\"row\">\n\t<div class=\"wpb_content_element span8 wpb_text_column\">\n\t\t<div class=\"wpb_wrapper clearfix\">\n\t\t\t<div class=\"heading-wrap\"><h3 class=\"wpb_heading wpb_text_heading\">Espronceda<\/h3><\/div>\n\t\t\t\n<p><iframe loading=\"lazy\" title=\"Description of Espronceda - Institute of Art &amp; Culture\" width=\"1170\" height=\"658\" src=\"https:\/\/www.youtube.com\/embed\/O50Ppy6vTYU?feature=oembed\" frameborder=\"0\" allow=\"accelerometer; autoplay; clipboard-write; encrypted-media; gyroscope; picture-in-picture; web-share\" referrerpolicy=\"strict-origin-when-cross-origin\" allowfullscreen><\/iframe><\/p>\n\n\t\t<\/div> \n\t<\/div> <\/div>\n <div class=\"row\">\n\t<div class=\"wpb_content_element span8 wpb_text_column\">\n\t\t<div class=\"wpb_wrapper clearfix\">\n\t\t\t<div class=\"heading-wrap\"><h3 class=\"wpb_heading wpb_text_heading\">Espronceda<\/h3><\/div>\n\t\t\t\n<div dir=\"auto\">\n<div dir=\"auto\">\n<p>&nbsp;<\/p>\n<p><strong>LA ORGANIZACI\u00d3N<\/strong><\/p>\n<p>ESPRONCEDA &#8211; Instituto de Arte y Cultura, impulsado por Lemongrass Communications S.L., se fund\u00f3 en 2013 para crear una plataforma innovadora de investigaci\u00f3n art\u00edstica y cultural que pudiera producir impacto social y cambio social en la sociedad.<\/p>\n<p>El proyecto es una plataforma de investigaci\u00f3n y creaci\u00f3n para las artes contempor\u00e1neas y los nuevos medios, la ciencia, la educaci\u00f3n y la difusi\u00f3n cultural. Su misi\u00f3n es promover el pensamiento innovador y creativo a trav\u00e9s de la investigaci\u00f3n art\u00edstica y la innovaci\u00f3n, con el objetivo de dar forma a nuestra comprensi\u00f3n del mundo y enriquecer la calidad de vida con nuevas perspectivas hacia una transformaci\u00f3n m\u00e1s sostenible y responsable.<\/p>\n<p>La organizaci\u00f3n promueve programas de residencia e investigaci\u00f3n art\u00edstica tanto en el campo del arte de los nuevos medios como en el de la ciencia y el arte visual, ofreciendo un entorno multidisciplinar que estimula el di\u00e1logo entre el mundo del arte, las instituciones p\u00fablicas y las empresas.<\/p>\n<p>Espronceda se abre a la comunidad local e internacional ofreciendo diversos tipos de eventos e iniciativas como exposiciones de arte, talleres, conferencias y convocatorias abiertas dirigidas a analizar temas importantes de nuestra sociedad contempor\u00e1nea.<\/p>\n<p>La metodolog\u00eda se basa en un enfoque multidisciplinar e interdisciplinar que abarca las nuevas tecnolog\u00edas avanzadas, las artes visuales y esc\u00e9nicas y tiene como objetivo crear un nuevo imaginario ecosocial para la sociedad sin distinci\u00f3n de raza, g\u00e9nero y procedencia.<\/p>\n<p>Para nosotros, la investigaci\u00f3n art\u00edstica y la creatividad pueden ser motores de concienciaci\u00f3n y cambio, ayudando a las personas a imaginar nuevos futuros equilibrados y sostenibles.<\/p>\n<p>EncontrArte es una asociaci\u00f3n y solo los miembros de la asociaci\u00f3n pueden acceder a los eventos y actividades. Si quieres darte de alta como miembro, manda un correo a<strong>\u00a0<a rel=\"noopener\">info@espronceda.net<\/a><\/strong><\/p>\n<p>&nbsp;<\/p>\n<p><strong>PROGRAMS<\/strong><\/p>\n<p>ARTE Y CIENCIA DE LOS NUEVOS MEDIOS<\/p>\n<p>IMMENSIVA es una plataforma internacional creada por Espronceda para artistas y creativos que trabajan con tecnolog\u00edas avanzadas como VR, AR, AI, sensores, y muchas otras. El proyecto ha creado una colaboraci\u00f3n diferente con Universidades internacionales, Centros de Arte, Instituciones de I+D, Galer\u00edas Internacionales, Fundaciones y Festivales Digitales; con el fin de explorar, a trav\u00e9s de residencias art\u00edsticas, nuevos campos futuros de innovaci\u00f3n e investigar el potencial de la tecnolog\u00eda y la ciencia relacionados con temas importantes en nuestra sociedad. https:\/\/www.immensiva.com\/<\/p>\n<p>PREMIOS DE ARTES VISUALES<\/p>\n<p>A lo largo de los a\u00f1os Espronceda ha creado una red internacional, local y europea, y se ha convertido en socio de diferentes premios de arte. En concreto, cada premio ofrece a los artistas una beca de investigaci\u00f3n y producci\u00f3n y una exposici\u00f3n final. Los premios van acompa\u00f1ados de mesas redondas y visitas guiadas para inaugurar la exposici\u00f3n y mostrar la investigaci\u00f3n desarrollada tanto al p\u00fablico local como internacional. A continuaci\u00f3n figura una lista de algunos de nuestros premios: Premio Arte Laguna, Venecia, ARBA-ESA &#8211; Premio Espronceda, Swab &#8211; Premio Espronceda, Barcelona, Royal College of Art London &#8211; Premio Espronceda, Roma Universidad de Bellas Artes &#8211; Rufa, Roma, Premio Vera Brant, Brasil, Nectar-Espronceda ArtPrize&#8230; https:\/\/www.espronceda.net\/es\/art-prizes\/<\/p>\n<p>SOSTENIBILIDAD<\/p>\n<p>A trav\u00e9s de su trabajo a lo largo de los a\u00f1os, Espronceda se ha comprometido a promover el desarrollo sostenible, colaborando con instituciones art\u00edsticas, culturales y creativas de todo el mundo para explorar, investigar y difundir el arte como herramienta para el cambio social y medioambiental. Creemos que es necesario cambiar nuestro enfoque redefiniendo nuestra posici\u00f3n en el mundo, superando el actual modelo antropoc\u00e9ntrico y reescribiendo nuestro futuro de forma ecoc\u00e9ntrica y equilibrada. La investigaci\u00f3n art\u00edstica asume un importante papel educativo a la hora de concienciar, informar y educar a los ciudadanos sobre los problemas actuales, y ayudarles a imaginar soluciones creativas y alternativas eficaces para hacer frente a la actual crisis ecol\u00f3gica y sist\u00e9mica. Por este motivo, en los \u00faltimos a\u00f1os Espronceda ha organizado diferentes actividades como proyectos, exposiciones, seminarios, residencias de artistas y acciones de compromiso c\u00edvico que promueven el tema de la sostenibilidad en sus dimensiones ecol\u00f3gica y social.<\/p>\n<p>CAMBIO SOCIAL, EDUCACI\u00d3N<\/p>\n<p>En Espronceda creemos en la importancia del di\u00e1logo entre culturas, por ello, parte de nuestras actividades est\u00e1n dedicadas a la importancia del arte para el cambio social y sostenible y para la integraci\u00f3n e inclusi\u00f3n social. Con la colaboraci\u00f3n del Tercer Para\u00edso de Michelangelo Pistoletto y la coordinadora internacional de Kids Guernica, hemos colaborado en m\u00e1s de 100 talleres con m\u00e1s de 2000 j\u00f3venes y ni\u00f1os de todo el mundo. En particular, nuestros principales destinatarios son las escuelas y los ciudadanos locales de los pa\u00edses con los que colaboramos. El objetivo es implicarles, a trav\u00e9s del arte, y capacitarles para crear una comunidad sensible y activa que promueva la importancia de un cambio social y c\u00edvico positivo tanto a nivel local como internacional. https:\/\/www.espronceda.net\/social-change-education\/<\/p>\n<p>EXPOSICIONES DE ARTE<\/p>\n<p>El modelo organizativo de Espronceda ofrece no s\u00f3lo una residencia para artistas, sino tambi\u00e9n la organizaci\u00f3n de una exposici\u00f3n final para que los artistas puedan mostrar su trabajo de investigaci\u00f3n. Tambi\u00e9n organizamos exposiciones en colaboraci\u00f3n con nuestros socios, fuera de las residencias de artistas. Las exposiciones nos permiten abrirnos a la ciudad y posicionarnos en el panorama cultural y art\u00edstico internacional contempor\u00e1neo, mostrando la investigaci\u00f3n y los logros de los artistas participantes con el fin de promocionarlos.<\/p>\n<p>En los \u00faltimos a\u00f1os, hemos producido aproximadamente 130 exposiciones. https:\/\/www.espronceda.net\/events\/<\/p>\n<p>PROGRAMA DE RESIDENCIAS PARA ARTISTAS<\/p>\n<p>Las residencias para artistas incluyen tanto a artistas de algunos de los premios (mencionados anteriormente) como a artistas de las Convocatorias Abiertas que organiza Espronceda, que pueden estar relacionadas con proyectos europeos o nacionales y locales. Desde 2013 hasta la fecha se han acogido a unos 250 artistas, todos ellos con una beca de investigaci\u00f3n y producci\u00f3n. https:\/\/www.espronceda.net\/artists\/<\/p>\n<p>CONFERENCIAS, SIMPOSIOS y TALLERES<\/p>\n<p>El programa de actividades de Espronceda se caracteriza tambi\u00e9n por la celebraci\u00f3n de simposios y conferencias, a los que asisten expertos nacionales e internacionales en la materia con el objetivo de analizar diferentes temas relacionados con la relaci\u00f3n entre arte contempor\u00e1neo, cultura, educaci\u00f3n, sociedad, innovaci\u00f3n e investigaci\u00f3n.<\/p>\n<p>La organizaci\u00f3n tambi\u00e9n ofrece talleres para la comunidad barcelonesa e internacional, asegurando una fuerte relaci\u00f3n con nuestro p\u00fablico y haciendo de Espronceda un espacio educativo para todas las edades e intereses. Desde 2013 hasta 2020 nuestra organizaci\u00f3n ha organizado, en promedio, 60 eventos culturales, a trav\u00e9s de un enfoque interdisciplinario de temas sociales, de innovaci\u00f3n y art\u00edsticos. https:\/\/www.espronceda.net\/category\/workshops\/.<\/p>\n<p>&nbsp;<\/p>\n<\/div>\n<\/div>\n<p style=\"text-align: center;\"><a href=\"mailto:info@espronceda.net\">info@espronceda.net<\/a><\/p>\n\n\t\t<\/div> \n\t<\/div> <\/div>\n <div class=\"row\">\n\t<div class=\"wpb_content_element span8 wpb_text_column\">\n\t\t<div class=\"wpb_wrapper clearfix\">\n\t\t\t\n<p>&nbsp;<\/p>\n<p class=\"p1\" style=\"text-align: left; padding-left: 180px;\"><span class=\"s1\"><img loading=\"lazy\" decoding=\"async\" class=\"size-full wp-image-1697 alignleft\" src=\"\/wp-content\/uploads\/2016\/04\/josedeespronceda_result.jpg\" alt=\"josedeespronceda_result\" width=\"198\" height=\"241\" \/>\u00a0 \u00a0 \u00a0 \u00a0 <\/span><\/p>\n<p>\u00abI only want<br \/>\nfor wealth<br \/>\nthe beauty<br \/>\nwith no rival.\u00bb<\/p>\n<p><em>Jos\u00e9 de Espronceda<\/em><\/p>\n\n\t\t<\/div> \n\t<\/div> <\/div>\n <div class=\"row\">\n\t<div class=\"wpb_showcase_widget wpb_content_element span8\">\n\t\t<div class=\"wpb_wrapper showcase-wrap\">\n\t\t\t\t\n\t\t\t<!-- START about REVOLUTION SLIDER 6.7.18 --><p class=\"rs-p-wp-fix\"><\/p>\n\t\t\t<rs-module-wrap id=\"rev_slider_2_1_wrapper\" data-source=\"gallery\" style=\"visibility:hidden;background:transparent;padding:0;margin:0px auto;margin-top:0;margin-bottom:0;\">\n\t\t\t\t<rs-module id=\"rev_slider_2_1\" style=\"\" data-version=\"6.7.18\">\n\t\t\t\t\t<rs-slides style=\"overflow: hidden; position: absolute;\">\n\t\t\t\t\t\t<rs-slide style=\"position: absolute;\" data-key=\"rs-5\" data-title=\"Slide\" data-anim=\"adpr:false;\">\n\t\t\t\t\t\t\t<img decoding=\"async\" src=\"\/\/www.espronceda.net\/wp-content\/plugins\/revslider\/sr6\/assets\/assets\/dummy.png\" alt=\"\" title=\"About\" class=\"rev-slidebg tp-rs-img rs-lazyload\" data-lazyload=\"\/\/www.espronceda.net\/wp-content\/uploads\/2016\/04\/facilities.jpg\" data-no-retina>\n<!---->\t\t\t\t\t<\/rs-slide>\n\t\t\t\t\t\t<rs-slide style=\"position: absolute;\" data-key=\"rs-6\" data-title=\"Slide\" data-anim=\"adpr:false;\">\n\t\t\t\t\t\t\t<img decoding=\"async\" src=\"\/\/www.espronceda.net\/wp-content\/plugins\/revslider\/sr6\/assets\/assets\/dummy.png\" alt=\"\" title=\"About\" class=\"rev-slidebg tp-rs-img rs-lazyload\" data-lazyload=\"\/\/www.espronceda.net\/wp-content\/uploads\/2016\/04\/598773_101814166644402_2097692680_n.jpg\" data-no-retina>\n<!---->\t\t\t\t\t<\/rs-slide>\n\t\t\t\t\t\t<rs-slide style=\"position: absolute;\" data-key=\"rs-7\" data-title=\"Slide\" data-anim=\"adpr:false;\">\n\t\t\t\t\t\t\t<img decoding=\"async\" src=\"\/\/www.espronceda.net\/wp-content\/plugins\/revslider\/sr6\/assets\/assets\/dummy.png\" alt=\"\" title=\"About\" class=\"rev-slidebg tp-rs-img rs-lazyload\" data-lazyload=\"\/\/www.espronceda.net\/wp-content\/uploads\/2016\/04\/580163_101814449977707_431262854_n.jpg\" data-no-retina>\n<!---->\t\t\t\t\t<\/rs-slide>\n\t\t\t\t\t\t<rs-slide style=\"position: absolute;\" data-key=\"rs-8\" data-title=\"Slide\" data-anim=\"adpr:false;\">\n\t\t\t\t\t\t\t<img decoding=\"async\" src=\"\/\/www.espronceda.net\/wp-content\/plugins\/revslider\/sr6\/assets\/assets\/dummy.png\" alt=\"\" title=\"About\" class=\"rev-slidebg tp-rs-img rs-lazyload\" data-lazyload=\"\/\/www.espronceda.net\/wp-content\/uploads\/2016\/04\/546309_101814353311050_998918799_n-1.jpg\" data-no-retina>\n<!---->\t\t\t\t\t<\/rs-slide>\n\t\t\t\t\t\t<rs-slide style=\"position: absolute;\" data-key=\"rs-9\" data-title=\"Slide\" data-anim=\"adpr:false;\">\n\t\t\t\t\t\t\t<img decoding=\"async\" src=\"\/\/www.espronceda.net\/wp-content\/plugins\/revslider\/sr6\/assets\/assets\/dummy.png\" alt=\"\" title=\"About\" class=\"rev-slidebg tp-rs-img rs-lazyload\" data-lazyload=\"\/\/www.espronceda.net\/wp-content\/uploads\/2016\/04\/66546_101814133311072_437510587_n-1.jpg\" data-no-retina>\n<!---->\t\t\t\t\t<\/rs-slide>\n\t\t\t\t\t<\/rs-slides>\n\t\t\t\t<\/rs-module>\n\t\t\t\t<script>\n\t\t\t\t\tsetREVStartSize({c: 'rev_slider_2_1',rl:[1240,1024,778,480],el:[],gw:[1240],gh:[868],type:'standard',justify:'',layout:'fullwidth',mh:\"0\"});if (window.RS_MODULES!==undefined && window.RS_MODULES.modules!==undefined && window.RS_MODULES.modules[\"revslider21\"]!==undefined) {window.RS_MODULES.modules[\"revslider21\"].once = false;window.revapi2 = undefined;if (window.RS_MODULES.checkMinimal!==undefined) window.RS_MODULES.checkMinimal()}\n\t\t\t\t<\/script>\n\t\t\t<\/rs-module-wrap>\n\t\t\t<!-- END REVOLUTION SLIDER -->\n\n\t\t<\/div> \n\t<\/div> <\/div>\n <div class=\"blank_spacer span8 \" style=\"height:30px;\"><\/div>\n <div class=\"row\">\n\t<div class=\"wpb_content_element span8 wpb_text_column\">\n\t\t<div class=\"wpb_wrapper clearfix\">\n\t\t\t<div class=\"heading-wrap\"><h3 class=\"wpb_heading wpb_text_heading\">The space<\/h3><\/div>\n\t\t\t\n<p>The space features:<\/p>\n<p>\u2022 Painting studios &#8211; private and shared<\/p>\n<p>\u2022 Sculpture studio<\/p>\n<p>\u2022 Gallery space<\/p>\n<p>\u2022 Visual art studio<\/p>\n<p>\u2022 Sound studio<\/p>\n<p>\u2022 Multimedia studio<\/p>\n<p>\u2022 Yoga, dance &amp; mediation space<\/p>\n<p>\u2022 Modern kitchen facilities for up to 20 people<\/p>\n<p>\u2022 Accommodation for up to 5 artists (in a different space in the city center)<\/p>\n\n\t\t<\/div> \n\t<\/div> <\/div>\n <div class=\"row\">\n\t<div class=\"wpb_content_element span8 wpb_text_column\">\n\t\t<div class=\"wpb_wrapper clearfix\">\n\t\t\t<div class=\"heading-wrap\"><h3 class=\"wpb_heading wpb_text_heading\">Gallery<\/h3><\/div>\n\t\t\t\n<div class='gallery'><dl class='gallery-item'>\n\t\t\t<dt class='gallery-icon landscape'>\n\t\t\t\t<a class=\"view\" rel='gallery' href='https:\/\/www.espronceda.net\/wp-content\/uploads\/2014\/11\/about-1280x407.jpg'><img loading=\"lazy\" decoding=\"async\" width=\"150\" height=\"150\" src=\"https:\/\/www.espronceda.net\/wp-content\/uploads\/2014\/11\/about-1280x407-150x150.jpg\" class=\"attachment-thumbnail size-thumbnail\" alt=\"\" title=\"about-1280x407\" \/><\/a>\n\t\t\t<\/dt><\/dl>\n\t\t\t<br style='clear: both' \/>\n\t\t<\/div>\n\n\n\t\t<\/div> \n\t<\/div> <\/div>\n <div class=\"row\">\n\t<div class=\"wpb_content_element span8 wpb_text_column\">\n\t\t<div class=\"wpb_wrapper clearfix\">\n\t\t\t<div class=\"heading-wrap\"><h3 class=\"wpb_heading wpb_text_heading\">Espronceda - the beginning<\/h3><\/div>\n\t\t\t\n\n\n\t\t<\/div> \n\t<\/div> <\/div>\n\n","protected":false},"excerpt":{"rendered":"","protected":false},"author":1,"featured_media":0,"parent":0,"menu_order":0,"comment_status":"closed","ping_status":"closed","template":"","meta":{"footnotes":""},"class_list":["post-1093","page","type-page","status-publish","hentry"],"_links":{"self":[{"href":"https:\/\/www.espronceda.net\/es\/wp-json\/wp\/v2\/pages\/1093","targetHints":{"allow":["GET"]}}],"collection":[{"href":"https:\/\/www.espronceda.net\/es\/wp-json\/wp\/v2\/pages"}],"about":[{"href":"https:\/\/www.espronceda.net\/es\/wp-json\/wp\/v2\/types\/page"}],"author":[{"embeddable":true,"href":"https:\/\/www.espronceda.net\/es\/wp-json\/wp\/v2\/users\/1"}],"replies":[{"embeddable":true,"href":"https:\/\/www.espronceda.net\/es\/wp-json\/wp\/v2\/comments?post=1093"}],"version-history":[{"count":11,"href":"https:\/\/www.espronceda.net\/es\/wp-json\/wp\/v2\/pages\/1093\/revisions"}],"predecessor-version":[{"id":29294,"href":"https:\/\/www.espronceda.net\/es\/wp-json\/wp\/v2\/pages\/1093\/revisions\/29294"}],"wp:attachment":[{"href":"https:\/\/www.espronceda.net\/es\/wp-json\/wp\/v2\/media?parent=1093"}],"curies":[{"name":"wp","href":"https:\/\/api.w.org\/{rel}","templated":true}]}}