{"id":1098,"date":"2016-04-23T10:05:10","date_gmt":"2016-04-23T10:05:10","guid":{"rendered":"http:\/\/www.espronceda.net\/es\/?page_id=1098"},"modified":"2025-01-31T13:51:13","modified_gmt":"2025-01-31T12:51:13","slug":"comisarios-y-consejeros","status":"publish","type":"page","link":"https:\/\/www.espronceda.net\/es\/about\/comisarios-y-consejeros\/","title":{"rendered":"Comisarios y consejeros"},"content":{"rendered":"<div id=\"pgc-2820-0-1\" class=\"panel-grid-cell\">\n<div id=\"panel-2820-0-1-0\" class=\"so-panel widget widget_black-studio-tinymce widget_black_studio_tinymce panel-first-child panel-last-child\">\n<div class=\"textwidget\">\n<p>Trabajamos con varios curadores y asesores muy experimentados del mundo del arte para obtener la mayor y m\u00e1s valiosa contribuci\u00f3n posible.<\/p>\n<h2><\/h2>\n<\/div>\n<\/div>\n<\/div>\n<div id=\"pgc-2820-0-1\" class=\"panel-grid-cell\">\n<div id=\"panel-2820-0-1-0\" class=\"so-panel widget widget_black-studio-tinymce widget_black_studio_tinymce panel-first-child panel-last-child\">\n<div class=\"textwidget\">\n<h2><img loading=\"lazy\" decoding=\"async\" class=\"alignleft wp-image-5351 size-thumbnail\" src=\"https:\/\/www.espronceda.net\/wp-content\/uploads\/2016\/04\/Laura-Carnemolla-150x150.jpg\" alt=\"\" width=\"150\" height=\"150\" srcset=\"https:\/\/www.espronceda.net\/wp-content\/uploads\/2016\/04\/Laura-Carnemolla-150x150.jpg 150w, https:\/\/www.espronceda.net\/wp-content\/uploads\/2016\/04\/Laura-Carnemolla-300x300.jpg 300w, https:\/\/www.espronceda.net\/wp-content\/uploads\/2016\/04\/Laura-Carnemolla.jpg 342w\" sizes=\"auto, (max-width: 150px) 100vw, 150px\" \/><\/h2>\n<h2>Laura Carnemolla<\/h2>\n<h4>lauracarnemolla@libero.it<\/h4>\n<p>Comisaria de arte independente con sede en Roma, se gradu\u00f3 en 2005 en Conservaci\u00f3n del Patrimonio Cultural en la Universidad de Viterbo, hasta 2012 trabaj\u00f3 como asistente de c\u00e1mara o cargadora de c\u00e1mara, filmando pel\u00edculas, ficci\u00f3n, documentales, etc &#8230; En 2013 Laura gan\u00f3 una beca para asistir a un m\u00e1ster Licenciado en Gesti\u00f3n del Patrimonio Cultural en Link Campus University, en Roma. En 2015, en Torino, Laura asisti\u00f3 a NICE, un curso para curadores, produciendo y curando una exposici\u00f3n: Cross the border, en la feria de arte Paratissima. Desde esta experiencia tard\u00eda Laura comenz\u00f3 a trabajar como curadora independiente, siempre favoreciendo los problemas sociales.<\/p>\n<p>&nbsp;<\/p>\n<h2><img loading=\"lazy\" decoding=\"async\" class=\"alignleft wp-image-5353 size-thumbnail\" src=\"https:\/\/www.espronceda.net\/wp-content\/uploads\/2016\/04\/Screen-Shot-2017-10-31-at-13.25.34-150x150.jpg\" alt=\"\" width=\"150\" height=\"150\" srcset=\"https:\/\/www.espronceda.net\/wp-content\/uploads\/2016\/04\/Screen-Shot-2017-10-31-at-13.25.34-150x150.jpg 150w, https:\/\/www.espronceda.net\/wp-content\/uploads\/2016\/04\/Screen-Shot-2017-10-31-at-13.25.34-300x300.jpg 300w, https:\/\/www.espronceda.net\/wp-content\/uploads\/2016\/04\/Screen-Shot-2017-10-31-at-13.25.34.jpg 567w\" sizes=\"auto, (max-width: 150px) 100vw, 150px\" \/>Maribel Navarro<\/h2>\n<p class=\"p1\"><span class=\"s1\">Licenciada en Humanidades con un posgrado en Gesti\u00f3n Cultural por la Universitat Pompeu Fabra, de Barcelona, y formada en comisariado de arte por Sotheby\u2019s Institute of Art. Ha trabajado en empresas culturales privadas y en instituciones p\u00fablicas, en el campo de la gesti\u00f3n y organizaci\u00f3n de exposiciones de arte contempor\u00e1neo y en la edici\u00f3n de cat\u00e1logos y libros de arte. Desde el a\u00f1o 2016 colabora con Espronceda como comisaria de exposiciones de arte.<\/span><\/p>\n<p>&nbsp;<\/p>\n<\/div>\n<\/div>\n<p><img loading=\"lazy\" decoding=\"async\" class=\"alignleft size-thumbnail wp-image-11264\" src=\"https:\/\/www.espronceda.net\/wp-content\/uploads\/2019\/07\/Valentina-Casacchia-BW2-150x150.jpg\" alt=\"\" width=\"150\" height=\"150\" \/><\/p>\n<div id=\"panel-2820-0-1-0\" class=\"so-panel widget widget_black-studio-tinymce widget_black_studio_tinymce panel-first-child panel-last-child\">\n<div class=\"textwidget\">\n<h2>Valentina Casacchia<\/h2>\n<p>Valentina Casacchia es una historiadora del arte, comisaria y consultora de arte con sede en Mil\u00e1n. Trabaj\u00f3 en Par\u00eds y Nueva York para varias instituciones y colecciones de arte moderno y contempor\u00e1neo: el Museo Solomon R. Guggenheim, el Museo de Jersey City, el Show de la Armer\u00eda, la Colecci\u00f3n Maria de Beyrie, la Colecci\u00f3n Gregory Callimanopulos y el Arte Mutuo.<\/p>\n<\/div>\n<\/div>\n<\/div>\n<p>&nbsp;<\/p>\n<p>&nbsp;<\/p>\n<p><img loading=\"lazy\" decoding=\"async\" class=\"alignleft wp-image-11294 size-thumbnail\" src=\"https:\/\/www.espronceda.net\/wp-content\/uploads\/2019\/08\/tomeo_photo-e1564850397285-150x150.jpg\" alt=\"\" width=\"150\" height=\"150\" \/><\/p>\n<h2>Caterina Tomeo<\/h2>\n<p>CATERINA TOMEO (1972) es una historiadora del arte que combina la investigaci\u00f3n con un ojo cr\u00edtico y curatorial. Trabaja en el campo del arte contempor\u00e1neo con especial inter\u00e9s en la investigaci\u00f3n transdisciplinaria en el campo de las artes s\u00f3nicas y el arte medi\u00e1tico. Ella ense\u00f1a en RUFA &#8211; Universidad de Bellas Artes de Roma, donde tambi\u00e9n es la Coordinadora de la MAD en \u00abMultimedia Arts &amp; Design\u00bb. Es profesora en el M\u00e1ster en \u00abEconom\u00eda y Gesti\u00f3n del Arte y Patrimonio Cultural\u00bb de la Escuela de Negocios \u00abIl Sole 24 Ore\u00bb en Roma. Colabora con festivales internacionales que se centran en la m\u00fasica electr\u00f3nica y la cultura contempor\u00e1nea. Su libro, Sound art. Ascoltare \u00e8 come vedere, fue publicado por Castelvecchi en febrero de 2017. Su nuevo libro, Sonic Arts, ser\u00e1 publicado por Castelvecchi en septiembre de 2019.<\/p>\n<p>&nbsp;<\/p>\n<h2><img loading=\"lazy\" decoding=\"async\" class=\"size-thumbnail wp-image-11325 alignleft\" src=\"https:\/\/www.espronceda.net\/wp-content\/uploads\/2019\/08\/Olga-bio-150x150.jpg\" alt=\"\" width=\"150\" height=\"150\" \/>Olga Sureda<\/h2>\n<p>Comisaria independiente y gestora cultural con base en Barcelona. Licenciada en Bellas Artes por la Universitat de Barcelona (UB), finaliz\u00f3 sus estudios en la University of West England, Faculty of Arts, Media and Design, en Bristol, Inglaterra. En el a\u00f1o 2010, Olga obtuvo el M\u00e1ster en Gesti\u00f3n y Dise\u00f1o de Exposiciones en la Universidad Europea de Madrid (UEM). Olga Sureda ha estudiado comisariado en Nueva York, Salzburg y Berl\u00edn, d\u00f3nde trabaj\u00f3 como comisaria independiente. Forma parte del grupo de investigaci\u00f3n de la plataforma\u00a0<span class=\"gmail-MsoHyperlink\"><a href=\"http:\/\/www.globalartarchive.net\/\">Global Art Archive<\/a><\/span> y desde 2013 es coordinadora del seminario de formaci\u00f3n <i>ON MEDIATION_Teor\u00eda y Pr\u00e1cticas Curatoriales en el Arte Global<\/i>, organizado por el grupo de Investigaci\u00f3n Arte Globalizaci\u00f3n Interculturalidad (<span class=\"gmail-MsoHyperlink\"><a href=\"http:\/\/artglobalizationinterculturality.com\/es\/\">AGI<\/a><\/span>) de la UB. Sureda es la co-fundadora de\u00a0<span class=\"gmail-MsoHyperlink\"><a href=\"http:\/\/www.nectarconectar.com\/\">Nectar<\/a><\/span>, una organizaci\u00f3n cultural sin \u00e1nimo de lucro con un Programa de Residencia Art\u00edstica en el nordeste de Catalu\u00f1a, dentro del parque natural Les Guilleries.<\/p>\n<p>&nbsp;<\/p>\n<p><img loading=\"lazy\" decoding=\"async\" class=\"alignleft wp-image-11297 size-thumbnail\" src=\"https:\/\/www.espronceda.net\/wp-content\/uploads\/2019\/08\/Professional-Ilaria-150x150.jpeg\" alt=\"\" width=\"150\" height=\"150\" \/><\/p>\n<h2>Ilaria Termolino<\/h2>\n<p>Ilaria Termolino (Roma, 1988) cr\u00edtica de arte y comisar\u00eda de arte.<br \/>\nVive y trabaja en Barcelona. Es licenciada en Historia del Arte por la Universidad La Sapienza de Roma en 2014. Con su tesis se especializa en el arte bajo el franquismo manteniendo activas colaboraciones con los pocos artistas que siguen vivos.<br \/>\nSu trabajo de investigaci\u00f3n est\u00e1 marcado por una constante b\u00fasqueda de la herencia dejada por los grandes artistas del pasado en la actual generaci\u00f3n de artistas. Colabora con revistas de arte y acompa\u00f1a a grupos de turistas italianos a descubrir los rincones m\u00e1s ins\u00f3litos de la ciudad de Barcelona.<\/p>\n<p>&nbsp;<\/p>\n<p class=\"western\" lang=\"en-US\" align=\"justify\"><img loading=\"lazy\" decoding=\"async\" class=\"alignleft size-thumbnail wp-image-12112\" src=\"https:\/\/www.espronceda.net\/wp-content\/uploads\/2019\/10\/Roberta-Melasecca-150x150.jpg\" alt=\"\" width=\"150\" height=\"150\" srcset=\"https:\/\/www.espronceda.net\/wp-content\/uploads\/2019\/10\/Roberta-Melasecca-150x150.jpg 150w, https:\/\/www.espronceda.net\/wp-content\/uploads\/2019\/10\/Roberta-Melasecca-300x300.jpg 300w, https:\/\/www.espronceda.net\/wp-content\/uploads\/2019\/10\/Roberta-Melasecca-768x768.jpg 768w, https:\/\/www.espronceda.net\/wp-content\/uploads\/2019\/10\/Roberta-Melasecca-1024x1024.jpg 1024w, https:\/\/www.espronceda.net\/wp-content\/uploads\/2019\/10\/Roberta-Melasecca.jpg 1080w\" sizes=\"auto, (max-width: 150px) 100vw, 150px\" \/><\/p>\n<p class=\"western\" lang=\"en-US\"><strong><span style=\"color: #333333;\"><span style=\"font-family: Helvetica, serif;\"><span style=\"font-size: x-large;\"><span lang=\"it-IT\">Roberta Melasecca<\/span><\/span><\/span><\/span><\/strong><\/p>\n<p class=\"western\" lang=\"en-US\" align=\"justify\">Architetto, ha svolto attivit\u00e0 di libero profesionistas por 15 anni nel Settore del restauro y del rilievo architettonico. Nel 2012 INIZIA el attivit\u00e0 nella Comunicazione, Promozione art\u00edstica y curatela por el arte y la architettura, seguendo Progetti art\u00edstico ed editorial y. E &#8216;Stata por 5 anni arte director di Interno 14, spazio espositivo sito in Roma; nel 2015 funda la Agenzia Melasecca PressOffice promuovendo centinaia di muestre, eventi, premio in tutto il territorio nazionale. Dal 2.018 \u00e8 responsabile, arte manager y curator di Interno 14 next, progetto di mecenatismo interdisciplinare Diffuso che ha la obiettivo di colegas vario operatorio arte, generados una maglia diffusa che valichi le frontiere y connettere diversi \u00e1mbito disciplinario. E &#8216;responsabile di redazione della rivista www.presstletter.com. Dal 2.019 Interno 14 next hace Parte del progetto The Indipendent della Fondazione MAXXI.<\/p>\n<p lang=\"en-US\" align=\"justify\"><strong><span style=\"color: #333333;\"><span style=\"font-family: Helvetica, serif;\"><span style=\"font-size: x-large;\"><span lang=\"it-IT\"><img loading=\"lazy\" decoding=\"async\" class=\"size-thumbnail wp-image-12499 alignleft\" src=\"https:\/\/www.espronceda.net\/wp-content\/uploads\/2020\/01\/VerenaSiol20-150x150.jpg\" alt=\"\" width=\"150\" height=\"150\" \/>Verena Siol<\/span><\/span><\/span><\/span><\/strong><\/p>\n<p lang=\"en-US\" align=\"justify\">Verena Siol es una artista de Alemania. Vive y trabaja cerca de Berl\u00edn y en Morinesio, Italia. Graduado en Cer\u00e1mica en la Universidad Bauhaus de Weimar \/ Alemania. Sus obras se pueden encontrar en varias galer\u00edas nacionales e internacionales. Como profesora, ella transmite sus conocimientos en los cursos. Verena es socia y consultora de espronceda y responsable del desarrollo de los programas de actividades con nuestros socios europeos, as\u00ed como de las relaciones con los curadores.<\/p>\n<p lang=\"en-US\" align=\"justify\">\n<h2><img loading=\"lazy\" decoding=\"async\" class=\"wp-image-500 size-thumbnail alignleft\" src=\"\/wp-content\/uploads\/2016\/04\/elia-sabato1-150x150.jpg\" alt=\"elia-sabato\" width=\"150\" height=\"150\" \/>Elia Sabato<\/h2>\n<h4>elia@espronceda.net<\/h4>\n<p>Elia Sabato (Co-fundador) es un artista proveniente de Lecce, Italia; y co-fundador de Espronceda. Se mud\u00f3 a Barcelona para tener \u2013junto a Roma- otra base para su creatividad. Tambi\u00e9n dise\u00f1\u00f3 el estudio EncontrArte y coordina los asuntos art\u00edsticos de Espronceda.<\/p>\n<p>&nbsp;<\/p>\n<h2><span style=\"color: #353535;\"><span style=\"font-family: Arial, serif;\"><span lang=\"es-ES\"><b><img loading=\"lazy\" decoding=\"async\" class=\"size-thumbnail wp-image-12621 alignleft\" src=\"https:\/\/www.espronceda.net\/wp-content\/uploads\/2020\/01\/CAMILLE-BAKER-2-150x150.jpg\" alt=\"\" width=\"150\" height=\"150\" srcset=\"https:\/\/www.espronceda.net\/wp-content\/uploads\/2020\/01\/CAMILLE-BAKER-2-150x150.jpg 150w, https:\/\/www.espronceda.net\/wp-content\/uploads\/2020\/01\/CAMILLE-BAKER-2-300x300.jpg 300w, https:\/\/www.espronceda.net\/wp-content\/uploads\/2020\/01\/CAMILLE-BAKER-2.jpg 351w\" sizes=\"auto, (max-width: 150px) 100vw, 150px\" \/>Camille Baker<\/b><\/span><\/span><\/span><\/h2>\n<p>Camille Baker es una artista-int\u00e9rprete \/ investigadora \/ curadora dentro de varias formas de arte: actuaci\u00f3n participativa y arte interactivo, arte de medios m\u00f3viles, moda tecnol\u00f3gica \/ circuitos blandos \/ electr\u00f3nica de bricolaje, interfaces y entornos receptivos, y curaci\u00f3n de medios emergentes. Baker desarrolla m\u00e9todos y enfoques para explorar el cuerpo en contextos art\u00edsticos interactivos y de rendimiento, utilizando circuitos blandos \/ etextile, electr\u00f3nica port\u00e1til y medios m\u00f3viles. Su reciente libro New Directions in Mobile Media and Performance muestra enfoques interesantes y artistas en este espacio, as\u00ed como su propio trabajo. Ella es la investigadora principal de UCA para el ecosistema STARTS financiado por la UE (comienzos.eu) abril de 2019 a noviembre de 2021 e iniciadora fundadora del proyecto EU WEAR Sustain enero de 2017 a abril de 2019 (wearsustain.eu).<\/p>\n<p>&nbsp;<\/p>\n<h2><span style=\"font-family: Arial, serif;\"><span lang=\"es-ES\"><b><img loading=\"lazy\" decoding=\"async\" class=\"size-thumbnail wp-image-12624 alignleft\" src=\"https:\/\/www.espronceda.net\/wp-content\/uploads\/2020\/01\/Santeri-150x150.jpg\" alt=\"\" width=\"150\" height=\"150\" srcset=\"https:\/\/www.espronceda.net\/wp-content\/uploads\/2020\/01\/Santeri-150x150.jpg 150w, https:\/\/www.espronceda.net\/wp-content\/uploads\/2020\/01\/Santeri-300x300.jpg 300w, https:\/\/www.espronceda.net\/wp-content\/uploads\/2020\/01\/Santeri.jpg 425w\" sizes=\"auto, (max-width: 150px) 100vw, 150px\" \/>Santeri Suominen<\/b><\/span><\/span><\/h2>\n<p>Santeri Suominen es el actual Presidente de la Junta de FIVR &#8211; The Finnish VR Association. Actualmente trabaja como Curador de contenido y ecosistema XR en el Centro Helsinki XR. Ya se trate de arte, entretenimiento o aplicaciones de servicios p\u00fablicos, las compa\u00f1\u00edas XR de Finlandia y los artistas merecen la m\u00e1xima exposici\u00f3n nacional e internacional. Esto no solo da lugar a nuevas iniciativas, asociaciones, cooperaci\u00f3n y proyectos, sino que tambi\u00e9n genera conocimiento y comprensi\u00f3n sobre hacia d\u00f3nde nos llevan las tecnolog\u00edas VR y AR como individuos y sociedades. El papel de Santeri como XR Curator es llenar los vac\u00edos entre la tecnolog\u00eda, la sociedad y la experiencia personal para ayudar a comprender el papel que desempe\u00f1ar\u00e1n VR y AR en el futuro del trabajo, el arte y el aprendizaje \u00ab.<\/p>\n<p>&nbsp;<\/p>\n<h2 class=\"column\"><span style=\"font-family: Arial, serif;\"><span lang=\"en\"><strong><img loading=\"lazy\" decoding=\"async\" class=\"size-thumbnail wp-image-12627 alignleft\" src=\"https:\/\/www.espronceda.net\/wp-content\/uploads\/2020\/01\/Ulrich-Schrauth-4-150x150.jpg\" alt=\"\" width=\"150\" height=\"150\" srcset=\"https:\/\/www.espronceda.net\/wp-content\/uploads\/2020\/01\/Ulrich-Schrauth-4-150x150.jpg 150w, https:\/\/www.espronceda.net\/wp-content\/uploads\/2020\/01\/Ulrich-Schrauth-4-300x300.jpg 300w, https:\/\/www.espronceda.net\/wp-content\/uploads\/2020\/01\/Ulrich-Schrauth-4.jpg 676w\" sizes=\"auto, (max-width: 150px) 100vw, 150px\" \/>Ulrich Schrauth<\/strong><\/span><\/span><\/h2>\n<p>Ulrich Schrauth es el iniciador y director art\u00edstico de \u00abVRHAM! &#8211; Virtual Reality &amp; Arts Festival\u00bb en Hamburgo y tambi\u00e9n es responsable como director creativo de varios proyectos internacionales en el campo de los medios digitales. Trabaja regularmente como miembro del jurado, por ejemplo para Laval Virtual \/ Francia o VREFEST Roma \/ Italia. Schrauth es tambi\u00e9n un orador y presentador con un enfoque tem\u00e1tico en artes inmersivas, i.a. en SXSW Festival Austin \/ Texas, Festival de Cine de Cannes \/ Francia, European Jazz Conference Novara \/ Italia. Trabaj\u00f3 a nivel nacional e internacional en varios puestos, incluido como director art\u00edstico art\u00edstico del Teatro Thalia en Hamburgo, en el Festival de Sydney y como jefe de programaci\u00f3n para el festival internacional Theater der Welt 2017. Schrauth estudi\u00f3 artes esc\u00e9nicas en la Folkwang Hochschule en Essen y cultural. gesti\u00f3n en la Universidad de M\u00fasica y Teatro de Hamburgo.<\/p>\n","protected":false},"excerpt":{"rendered":"<p>Trabajamos con varios curadores y asesores muy experimentados del mundo del arte para obtener la mayor y m\u00e1s valiosa contribuci\u00f3n posible. Laura Carnemolla lauracarnemolla@libero.it Comisaria de arte independente con sede en Roma, se gradu\u00f3 en 2005 en Conservaci\u00f3n del Patrimonio Cultural en la Universidad de Viterbo, hasta 2012 trabaj\u00f3 como asistente de c\u00e1mara o cargadora de c\u00e1mara, filmando pel\u00edculas, ficci\u00f3n, [&hellip;]<\/p>\n","protected":false},"author":1,"featured_media":0,"parent":1093,"menu_order":0,"comment_status":"closed","ping_status":"closed","template":"","meta":{"footnotes":""},"class_list":["post-1098","page","type-page","status-publish","hentry"],"_links":{"self":[{"href":"https:\/\/www.espronceda.net\/es\/wp-json\/wp\/v2\/pages\/1098","targetHints":{"allow":["GET"]}}],"collection":[{"href":"https:\/\/www.espronceda.net\/es\/wp-json\/wp\/v2\/pages"}],"about":[{"href":"https:\/\/www.espronceda.net\/es\/wp-json\/wp\/v2\/types\/page"}],"author":[{"embeddable":true,"href":"https:\/\/www.espronceda.net\/es\/wp-json\/wp\/v2\/users\/1"}],"replies":[{"embeddable":true,"href":"https:\/\/www.espronceda.net\/es\/wp-json\/wp\/v2\/comments?post=1098"}],"version-history":[{"count":17,"href":"https:\/\/www.espronceda.net\/es\/wp-json\/wp\/v2\/pages\/1098\/revisions"}],"predecessor-version":[{"id":28435,"href":"https:\/\/www.espronceda.net\/es\/wp-json\/wp\/v2\/pages\/1098\/revisions\/28435"}],"up":[{"embeddable":true,"href":"https:\/\/www.espronceda.net\/es\/wp-json\/wp\/v2\/pages\/1093"}],"wp:attachment":[{"href":"https:\/\/www.espronceda.net\/es\/wp-json\/wp\/v2\/media?parent=1098"}],"curies":[{"name":"wp","href":"https:\/\/api.w.org\/{rel}","templated":true}]}}