{"id":1104,"date":"2016-04-23T10:15:19","date_gmt":"2016-04-23T10:15:19","guid":{"rendered":"http:\/\/www.espronceda.net\/es\/?page_id=1104"},"modified":"2025-01-08T18:13:10","modified_gmt":"2025-01-08T17:13:10","slug":"el-equipo","status":"publish","type":"page","link":"https:\/\/www.espronceda.net\/es\/about\/el-equipo\/","title":{"rendered":"El Equipo"},"content":{"rendered":"<div class=\"teammember\"><\/div>\n<div class=\"teammember\">\n<p><img loading=\"lazy\" decoding=\"async\" class=\"wp-image-497 size-thumbnail alignleft\" src=\"\/wp-content\/uploads\/2016\/04\/download1-150x150.png\" alt=\"\" width=\"150\" height=\"150\" \/><\/p>\n<div class=\"txtteammember\">\n<h2>Henrik Sprengel<\/h2>\n<h4>henrik@espronceda.net<\/h4>\n<p>Dr. Henrik Sprengel (Co-fundador), es un empresario en serie con experiencia convirtiendo ideas en negocios desde hace una d\u00e9cada. Establecido en Barcelona, se siente realmente europeo. Su convicci\u00f3n de que \u201cEARTH without art would be &#8216;EH'\u00bb le convierte en un ferviente creyente del arte y la cultura, tambi\u00e9n de la labor llevada a cabo en Espronceda.<\/p>\n<p>&nbsp;<\/p>\n<\/div>\n<\/div>\n<div class=\"teammember\">\n<p><img loading=\"lazy\" decoding=\"async\" class=\"wp-image-496 size-thumbnail alignleft\" src=\"\/wp-content\/uploads\/2016\/04\/holger_bw-150x150.png\" alt=\"\" width=\"150\" height=\"150\" \/><\/p>\n<div class=\"txtteammember\">\n<h2>Holger Sprengel<\/h2>\n<h4>holger@espronceda.net<\/h4>\n<p>El Dr. Holger Sprengel (cofundador) es un amante del arte. Tiene un MBA y un doctorado en derecho. Holger es Director General en Nurogames y Nuromedia y se siente atra\u00eddo por la idea de STARTS y cree que los artistas pueden desencadenar la innovaci\u00f3n. Con muchas empresas fundadas tanto en el sector digital como en el sector f\u00edsico, cree que el arte y la cultura es hacer de la tierra un lugar mejor. Asesora a Espronceda en varios aspectos.<\/p>\n<\/div>\n<\/div>\n<p>&nbsp;<\/p>\n<p><img loading=\"lazy\" decoding=\"async\" class=\"alignleft size-thumbnail wp-image-19231\" src=\"https:\/\/www.espronceda.net\/wp-content\/uploads\/2020\/10\/IMG-20170908-WA0005-bianco-e-nero-150x150.jpg\" alt=\"\" width=\"150\" height=\"150\" \/><\/p>\n<h2>Alessia Gervasone<\/h2>\n<h4>alessia@espronceda.net<\/h4>\n<p id=\"tw-target-text\" class=\"tw-data-text tw-text-large tw-ta\" dir=\"ltr\" data-placeholder=\"Translation\"><span class=\"Y2IQFc\" lang=\"ca\">Alessia Gervasone es gestora cultural, investigadora y curadora. El arte es su pasi\u00f3n como un maravilloso lenguaje global para crear, encontrar y expresar nuevas \u00e9ticas diferentes. Cree en el di\u00e1logo y la interconexi\u00f3n orientada a explorar nuevas fronteras art\u00edsticas y creativas a trav\u00e9s de diferentes medios. La sostenibilidad y los derechos humanos son los valores. Graduada cum laude en Comunicaci\u00f3n y Valorizaci\u00f3n del patrimonio art\u00edstico contempor\u00e1neo y con un curso de emprendimiento al sector de la industria cultural y creativa. Ha colaborado con diferentes museos, instituciones culturales y universitarias, trabajando siempre en la organizaci\u00f3n y la producci\u00f3n art\u00edstica. Fue profesora asistente a New Media Arte a la Academia de Belles Arts de Tur\u00edn y trabaj\u00f3 en un centro de investigaci\u00f3n dedicado a las nuevas tecnolog\u00edas, el cine y la educaci\u00f3n.<\/span><\/p>\n<p>&nbsp;<\/p>\n<div class=\"teammember\">\n<div class=\"txtteammember\">\n<h2 class=\"p1\"><span class=\"s1\"><img loading=\"lazy\" decoding=\"async\" class=\"alignleft wp-image-9315 size-thumbnail\" src=\"https:\/\/www.espronceda.net\/wp-content\/uploads\/2019\/01\/Maria-Mantzakou-150x150.jpg\" alt=\"\" width=\"150\" height=\"150\" srcset=\"https:\/\/www.espronceda.net\/wp-content\/uploads\/2019\/01\/Maria-Mantzakou-150x150.jpg 150w, https:\/\/www.espronceda.net\/wp-content\/uploads\/2019\/01\/Maria-Mantzakou-300x300.jpg 300w, https:\/\/www.espronceda.net\/wp-content\/uploads\/2019\/01\/Maria-Mantzakou-768x768.jpg 768w, https:\/\/www.espronceda.net\/wp-content\/uploads\/2019\/01\/Maria-Mantzakou.jpg 970w\" sizes=\"auto, (max-width: 150px) 100vw, 150px\" \/>Maria Mantzakou<\/span><\/h2>\n<h4 class=\"p1\"><span class=\"s1\">maria@espronceda.net<\/span><\/h4>\n<p class=\"p1\">(Project Manager) Despu\u00e9s de trabajar varios a\u00f1os como coordinadora de contenidos en proyectos virtuales y museol\u00f3gicos, actualmente coordina los proyectos art\u00edsticos de Espronceda Center for Art &amp; Culture. Liderando la selecci\u00f3n de artistas de residencia ofrece apoyo a las residencias y colabora tanto con personal y curadores, como preparando las exposiciones.<\/p>\n<p>&nbsp;<\/p>\n<\/div>\n<\/div>\n<div class=\"teammember\">\n<div class=\"txtteammember\">\n<h2 class=\"p1\"><span class=\"s1\"><img loading=\"lazy\" decoding=\"async\" class=\"size-thumbnail wp-image-5981 alignleft\" src=\"https:\/\/www.espronceda.net\/wp-content\/uploads\/2018\/02\/clara-150x150.jpg\" alt=\"\" width=\"150\" height=\"150\" srcset=\"https:\/\/www.espronceda.net\/wp-content\/uploads\/2018\/02\/clara-150x150.jpg 150w, https:\/\/www.espronceda.net\/wp-content\/uploads\/2018\/02\/clara-300x300.jpg 300w, https:\/\/www.espronceda.net\/wp-content\/uploads\/2018\/02\/clara-768x765.jpg 768w, https:\/\/www.espronceda.net\/wp-content\/uploads\/2018\/02\/clara.jpg 1015w\" sizes=\"auto, (max-width: 150px) 100vw, 150px\" \/>Clara Bellido<\/span><\/h2>\n<h4 class=\"p1\">c.bellido@lg-media.es<\/h4>\n<p>Clara Bellido (Gerente de relaciones p\u00fablicas). Como directora gerente de una agencia de relaciones p\u00fablicas (LemonGrass Communications), tiene una amplia experiencia en campa\u00f1as de comunicaci\u00f3n para clientes de diferentes sectores, a nivel local, nacional e internacional. Actualmente coordina la comunicaci\u00f3n y las relaciones p\u00fablicas de las exposiciones y eventos del Centro Espronceda de Arte y Cultura.<\/p>\n<p>&nbsp;<\/p>\n<\/div>\n<\/div>\n","protected":false},"excerpt":{"rendered":"<p>Henrik Sprengel henrik@espronceda.net Dr. Henrik Sprengel (Co-fundador), es un empresario en serie con experiencia convirtiendo ideas en negocios desde hace una d\u00e9cada. Establecido en Barcelona, se siente realmente europeo. Su convicci\u00f3n de que \u201cEARTH without art would be &#8216;EH&#8217;\u00bb le convierte en un ferviente creyente del arte y la cultura, tambi\u00e9n de la labor llevada a cabo en Espronceda. &nbsp; [&hellip;]<\/p>\n","protected":false},"author":1,"featured_media":0,"parent":1093,"menu_order":0,"comment_status":"closed","ping_status":"closed","template":"","meta":{"footnotes":""},"class_list":["post-1104","page","type-page","status-publish","hentry"],"_links":{"self":[{"href":"https:\/\/www.espronceda.net\/es\/wp-json\/wp\/v2\/pages\/1104","targetHints":{"allow":["GET"]}}],"collection":[{"href":"https:\/\/www.espronceda.net\/es\/wp-json\/wp\/v2\/pages"}],"about":[{"href":"https:\/\/www.espronceda.net\/es\/wp-json\/wp\/v2\/types\/page"}],"author":[{"embeddable":true,"href":"https:\/\/www.espronceda.net\/es\/wp-json\/wp\/v2\/users\/1"}],"replies":[{"embeddable":true,"href":"https:\/\/www.espronceda.net\/es\/wp-json\/wp\/v2\/comments?post=1104"}],"version-history":[{"count":39,"href":"https:\/\/www.espronceda.net\/es\/wp-json\/wp\/v2\/pages\/1104\/revisions"}],"predecessor-version":[{"id":28389,"href":"https:\/\/www.espronceda.net\/es\/wp-json\/wp\/v2\/pages\/1104\/revisions\/28389"}],"up":[{"embeddable":true,"href":"https:\/\/www.espronceda.net\/es\/wp-json\/wp\/v2\/pages\/1093"}],"wp:attachment":[{"href":"https:\/\/www.espronceda.net\/es\/wp-json\/wp\/v2\/media?parent=1104"}],"curies":[{"name":"wp","href":"https:\/\/api.w.org\/{rel}","templated":true}]}}