{"id":1106,"date":"2016-04-23T10:18:00","date_gmt":"2016-04-23T10:18:00","guid":{"rendered":"http:\/\/www.espronceda.net\/es\/?page_id=1106"},"modified":"2019-07-23T09:54:12","modified_gmt":"2019-07-23T07:54:12","slug":"actividades","status":"publish","type":"page","link":"https:\/\/www.espronceda.net\/es\/actividades\/","title":{"rendered":"Actividades"},"content":{"rendered":"<div class=\"row\">\n\t<div class=\"wpb_content_element span12 wpb_text_column\">\n\t\t<div class=\"wpb_wrapper clearfix\">\n\t\t\t\n<p style=\"text-align: justify;\">Espronceda es un hogar para el arte, la cultura, la creatividad y la educaci\u00f3n que ofrece diversas actividades. Aparte de acoger a artistas (temporales y permanentes), Espronceda dispone de una plataforma para el di\u00e1logo acerca del arte contempor\u00e1neo en un contexto internacional a trav\u00e9s del lanzamiento de un programa dual de residencias. La misi\u00f3n de este programa consiste en invitar a artistas internacionalmente reconocidos, comisarios y cr\u00edticos de arte a Barcelona para mostrar sus actividades.<\/p>\n<p><strong>Espronceda tambi\u00e9n ofrece un amplio programa de actividades culturales y educativas:<\/strong><br \/>\n<span style=\"line-height: 0.5;\"><ul class=\"sf-list list-add_bw\"><\/span><br \/>\n<li>Programa de residencias para artistas<\/li>\n<li>Programa para comisarios de arte<\/li>\n<li>Programa educativo<\/li>\n<li>Programa cultural<\/li>\n<li>Talleres y eventos de innovaci\u00f3n y R&#038;D<\/li>\n<li>Sala de cocina creativa<\/li>\n<li>Talleres<\/li>\n<li>Innovaci\u00f3n Tecnol\u00f3gica<\/li>\n<li>Innovaci\u00f3n social<\/li>\n<li>Redes internacionales<\/li>\n<\/ul>\n\n\t\t<\/div> \n\t<\/div> <\/div>\n\n","protected":false},"excerpt":{"rendered":"","protected":false},"author":1,"featured_media":0,"parent":0,"menu_order":0,"comment_status":"closed","ping_status":"closed","template":"","meta":{"footnotes":""},"class_list":["post-1106","page","type-page","status-publish","hentry"],"_links":{"self":[{"href":"https:\/\/www.espronceda.net\/es\/wp-json\/wp\/v2\/pages\/1106","targetHints":{"allow":["GET"]}}],"collection":[{"href":"https:\/\/www.espronceda.net\/es\/wp-json\/wp\/v2\/pages"}],"about":[{"href":"https:\/\/www.espronceda.net\/es\/wp-json\/wp\/v2\/types\/page"}],"author":[{"embeddable":true,"href":"https:\/\/www.espronceda.net\/es\/wp-json\/wp\/v2\/users\/1"}],"replies":[{"embeddable":true,"href":"https:\/\/www.espronceda.net\/es\/wp-json\/wp\/v2\/comments?post=1106"}],"version-history":[{"count":6,"href":"https:\/\/www.espronceda.net\/es\/wp-json\/wp\/v2\/pages\/1106\/revisions"}],"predecessor-version":[{"id":11225,"href":"https:\/\/www.espronceda.net\/es\/wp-json\/wp\/v2\/pages\/1106\/revisions\/11225"}],"wp:attachment":[{"href":"https:\/\/www.espronceda.net\/es\/wp-json\/wp\/v2\/media?parent=1106"}],"curies":[{"name":"wp","href":"https:\/\/api.w.org\/{rel}","templated":true}]}}