{"id":1112,"date":"2016-04-23T10:24:37","date_gmt":"2016-04-23T10:24:37","guid":{"rendered":"http:\/\/www.espronceda.net\/es\/?page_id=1112"},"modified":"2016-04-23T10:24:37","modified_gmt":"2016-04-23T10:24:37","slug":"programa-de-residencias-para-artistas","status":"publish","type":"page","link":"https:\/\/www.espronceda.net\/es\/la-residencia\/programa-de-residencias-para-artistas\/","title":{"rendered":"Programa de residencias para artistas"},"content":{"rendered":"<div class=\"row\">\n\t<div class=\"wpb_content_element span6 wpb_text_column\">\n\t\t<div class=\"wpb_wrapper clearfix\">\n\t\t\t<div class=\"heading-wrap\"><h3 class=\"wpb_heading wpb_text_heading\">Programa de residencias para artistas<\/h3><\/div>\n\t\t\t\n<p>El programa de residencias para artistas fue inaugurado en 2013. Dentro del marco del programa, Espronceda invita a artistas internacionalmente reconocidos y con mucho potencial a una experiencia creativa y cultural entre 2 y 12 semanas.<\/p>\n<p>El periodo de residencia culmina en una exposici\u00f3n\/show que muestra todo el trabajo elaborado durante el transcurso del programa. Adem\u00e1s, esta exposici\u00f3n permite al artista resumir toda su obra art\u00edstica en general y las actividades y experiencias obtenidas en Espronceda a trav\u00e9s una charla para el p\u00fablico. La exposici\u00f3n permanecer\u00e1 en el centro para ser visitado al menos durante dos semanas despu\u00e9s de la inauguraci\u00f3n.<\/p>\n<p>El programa incluye:<\/p>\n<p>\u2022 Estudios\/espacio de trabajo compartidos y privados.<\/p>\n<p>\u2022 Exposici\u00f3n final durante la \u00faltima semana del programa con una recepci\u00f3n de apertura.<\/p>\n<p>\u2022 Apoyo en el dise\u00f1o de las invitaciones.<\/p>\n<p>\u2022 Comunicados de prensa y promoci\u00f3n.<\/p>\n<p>\u2022 Invitaci\u00f3n a nuestra base de contactos electr\u00f3nicos.<\/p>\n<p>\u2022 Asesoramiento y soporte en ventas y precios.<\/p>\n<p>\u2022 Visibilidad internacional.<\/p>\n<p>\u2022 Apoyo en Social Media Marketing\/Comunicaci\u00f3n y Relaciones P\u00fablicas.<\/p>\n<p>\u2022 Uso del espacio multimedia.<\/p>\n<p>\u2022 Apoyo en la solicitud de becas antes y durante la estancia.<\/p>\n<p>\u2022 Contacto con el mercado internacional (galer\u00edas, coleccionistas, etc).<\/p>\n<p>\u2022 \u00a1Ser miembro de la comunidad y compartir el esp\u00edritu de Espronceda!<\/p>\n<p>N\u00famero m\u00e1ximo de residentes: 5 al mismo tiempo.<\/p>\n<p>Compa\u00f1eros son bienvenidos durante un periodo corto de la residencia.<\/p>\n\n\t\t<\/div> \n\t<\/div> <\/div>\n <div class=\"row\">\n\t<div class=\"wpb_accordion wpb_content_element span-twothirds not-column-inherit\" data-active=\"\">\n\t\t<div class=\"wpb_wrapper wpb_accordion_wrapper \">\n\t\t\t \n\t\t\t<div class=\"wpb_accordion_section group\">\n\t\t\t\t<h3><a href=\"#\">\u00bfQu\u00e9 buscamos?<\/a><\/h3>\n\t\t\t\t<div class=\"row-fluid\">\n\t\t\t\t <div class=\"row\">\n\t<div class=\"wpb_content_element span8 wpb_text_column\">\n\t\t<div class=\"wpb_wrapper clearfix\">\n\t\t\t\n<p>Queremos artistas con buenas vibraciones y participativos, con una actitud abierta hacia nuestra comunidad en Espronceda.<\/p>\n\n\t\t<\/div> \n\t<\/div> <\/div>\n \n\t\t\t\t<\/div>\n\t\t\t<\/div> \n \n\t\t\t<div class=\"wpb_accordion_section group\">\n\t\t\t\t<h3><a href=\"#\">Precios<\/a><\/h3>\n\t\t\t\t<div class=\"row-fluid\">\n\t\t\t\t <div class=\"row\">\n\t<div class=\"wpb_content_element span8 wpb_text_column\">\n\t\t<div class=\"wpb_wrapper clearfix\">\n\t\t\t\n<p>El precio total del programa de residencias es de 950\u20ac al mes, se incluye el alojamiento. La asociaci\u00f3n EncontrArte ofrecer\u00e1 el apoyo y la documentaci\u00f3n necesaria al candidato seleccionado para solicitar una beca o soporte financiero en sus pa\u00edses de origen durante el periodo de solicitud.<\/p>\n<p>Espronceda puede ayudar al artista con alojamiento durante la duraci\u00f3n del programa (habitaci\u00f3n individual privada con ba\u00f1o compartido) y cocina. Las instalaciones son de autoservicio.<\/p>\n<p>Los artistas pueden solicitar una beca en Espronceda.<\/p>\n\n\t\t<\/div> \n\t<\/div> <\/div>\n \n\t\t\t\t<\/div>\n\t\t\t<\/div> \n \n\t\t\t<div class=\"wpb_accordion_section group\">\n\t\t\t\t<h3><a href=\"#\">\u00bfQu\u00e9 ofrece el artista?<\/a><\/h3>\n\t\t\t\t<div class=\"row-fluid\">\n\t\t\t\t <div class=\"row\">\n\t<div class=\"wpb_content_element span8 wpb_text_column\">\n\t\t<div class=\"wpb_wrapper clearfix\">\n\t\t\t\n<p>Comisi\u00f3n de galer\u00eda y exposici\u00f3n por las ventas en o despu\u00e9s de la exhibici\u00f3n: 45% de comisi\u00f3n.<\/p>\n<p>Los artistas participantes deben ofrecer al centro una obra o pieza art\u00edstica producida durante la residencia. Espronceda cubre todos los costes materiales de producci\u00f3n.<\/p>\n\n\t\t<\/div> \n\t<\/div> <\/div>\n \n\t\t\t\t<\/div>\n\t\t\t<\/div> \n \n\t\t<\/div> \n\t<\/div> <\/div>\n\n","protected":false},"excerpt":{"rendered":"","protected":false},"author":1,"featured_media":0,"parent":1110,"menu_order":0,"comment_status":"closed","ping_status":"closed","template":"","meta":{"footnotes":""},"class_list":["post-1112","page","type-page","status-publish","hentry"],"_links":{"self":[{"href":"https:\/\/www.espronceda.net\/es\/wp-json\/wp\/v2\/pages\/1112","targetHints":{"allow":["GET"]}}],"collection":[{"href":"https:\/\/www.espronceda.net\/es\/wp-json\/wp\/v2\/pages"}],"about":[{"href":"https:\/\/www.espronceda.net\/es\/wp-json\/wp\/v2\/types\/page"}],"author":[{"embeddable":true,"href":"https:\/\/www.espronceda.net\/es\/wp-json\/wp\/v2\/users\/1"}],"replies":[{"embeddable":true,"href":"https:\/\/www.espronceda.net\/es\/wp-json\/wp\/v2\/comments?post=1112"}],"version-history":[{"count":1,"href":"https:\/\/www.espronceda.net\/es\/wp-json\/wp\/v2\/pages\/1112\/revisions"}],"predecessor-version":[{"id":1113,"href":"https:\/\/www.espronceda.net\/es\/wp-json\/wp\/v2\/pages\/1112\/revisions\/1113"}],"up":[{"embeddable":true,"href":"https:\/\/www.espronceda.net\/es\/wp-json\/wp\/v2\/pages\/1110"}],"wp:attachment":[{"href":"https:\/\/www.espronceda.net\/es\/wp-json\/wp\/v2\/media?parent=1112"}],"curies":[{"name":"wp","href":"https:\/\/api.w.org\/{rel}","templated":true}]}}