{"id":1114,"date":"2016-04-23T10:25:35","date_gmt":"2016-04-23T10:25:35","guid":{"rendered":"http:\/\/www.espronceda.net\/es\/?page_id=1114"},"modified":"2016-04-23T10:25:35","modified_gmt":"2016-04-23T10:25:35","slug":"programa-de-residencias-para-comisarios-de-arte","status":"publish","type":"page","link":"https:\/\/www.espronceda.net\/es\/la-residencia\/programa-de-residencias-para-comisarios-de-arte\/","title":{"rendered":"Programa de residencias para comisarios de arte"},"content":{"rendered":"<div class=\"row\">\n\t<div class=\"wpb_content_element span9 wpb_text_column\">\n\t\t<div class=\"wpb_wrapper clearfix\">\n\t\t\t<div class=\"heading-wrap\"><h3 class=\"wpb_heading wpb_text_heading\">Programa de residencias para comisarios de arte<\/h3><\/div>\n\t\t\t\n<p>El programa de residencias para comisarios se inici\u00f3 en 2015. Dentro del marco del programa, Espronceda invita a internacionalmente reconocidos comisarios de arte a organizar talleres, charlas, exposiciones y eventos que propongan un tema especial y culturalmente relevante. El objetivo de este programa es explorar y reflexionar sobre ideas y conceptos introducidos por profesionales del sector art\u00edstico, tambi\u00e9n para crear un ambiente v\u00edvido para el discurso intelectual. El programa CIR es flexible en cuanto a la permanencia y estructura, y est\u00e1 especialmente adaptado para las necesidades y objetivos del comisario.<\/p>\n\n\t\t<\/div> \n\t<\/div> <\/div>\n\n","protected":false},"excerpt":{"rendered":"","protected":false},"author":1,"featured_media":0,"parent":1110,"menu_order":0,"comment_status":"closed","ping_status":"closed","template":"","meta":{"footnotes":""},"class_list":["post-1114","page","type-page","status-publish","hentry"],"_links":{"self":[{"href":"https:\/\/www.espronceda.net\/es\/wp-json\/wp\/v2\/pages\/1114","targetHints":{"allow":["GET"]}}],"collection":[{"href":"https:\/\/www.espronceda.net\/es\/wp-json\/wp\/v2\/pages"}],"about":[{"href":"https:\/\/www.espronceda.net\/es\/wp-json\/wp\/v2\/types\/page"}],"author":[{"embeddable":true,"href":"https:\/\/www.espronceda.net\/es\/wp-json\/wp\/v2\/users\/1"}],"replies":[{"embeddable":true,"href":"https:\/\/www.espronceda.net\/es\/wp-json\/wp\/v2\/comments?post=1114"}],"version-history":[{"count":1,"href":"https:\/\/www.espronceda.net\/es\/wp-json\/wp\/v2\/pages\/1114\/revisions"}],"predecessor-version":[{"id":1115,"href":"https:\/\/www.espronceda.net\/es\/wp-json\/wp\/v2\/pages\/1114\/revisions\/1115"}],"up":[{"embeddable":true,"href":"https:\/\/www.espronceda.net\/es\/wp-json\/wp\/v2\/pages\/1110"}],"wp:attachment":[{"href":"https:\/\/www.espronceda.net\/es\/wp-json\/wp\/v2\/media?parent=1114"}],"curies":[{"name":"wp","href":"https:\/\/api.w.org\/{rel}","templated":true}]}}