{"id":11254,"date":"2019-04-16T12:16:39","date_gmt":"2019-04-16T10:16:39","guid":{"rendered":"http:\/\/www.espronceda.net\/proyectos\/vr-art-academy\/"},"modified":"2019-07-24T11:39:56","modified_gmt":"2019-07-24T09:39:56","slug":"vram-academy","status":"publish","type":"page","link":"https:\/\/www.espronceda.net\/es\/proyectos\/vram-academy\/","title":{"rendered":"VRAM Academy"},"content":{"rendered":"<p><strong><a href=\"http:\/\/www.vram-academy.com\/\">vram-academy.com<\/a><\/strong><\/p>\n<p><img loading=\"lazy\" decoding=\"async\" class=\"size-large wp-image-11238 aligncenter\" src=\"https:\/\/www.espronceda.net\/wp-content\/uploads\/2019\/07\/VRAM-Academy-1-1024x317.jpg\" alt=\"\" width=\"1024\" height=\"317\" srcset=\"https:\/\/www.espronceda.net\/wp-content\/uploads\/2019\/07\/VRAM-Academy-1-1024x317.jpg 1024w, https:\/\/www.espronceda.net\/wp-content\/uploads\/2019\/07\/VRAM-Academy-1-300x93.jpg 300w, https:\/\/www.espronceda.net\/wp-content\/uploads\/2019\/07\/VRAM-Academy-1-768x238.jpg 768w, https:\/\/www.espronceda.net\/wp-content\/uploads\/2019\/07\/VRAM-Academy-1-1280x396.jpg 1280w\" sizes=\"auto, (max-width: 1024px) 100vw, 1024px\" \/><\/p>\n<p>Espronceda inici\u00f3 en 2019 la Academia VRAM. El prop\u00f3sito es instruir a los artistas sobre c\u00f3mo ampliar su visi\u00f3n creativa a trav\u00e9s de VR \/ AR \/ MR Art, y proporcionarles la tecnolog\u00eda y aconsejarles c\u00f3mo usarla.<\/p>\n","protected":false},"excerpt":{"rendered":"<p>vram-academy.com Espronceda inici\u00f3 en 2019 la Academia VRAM. El prop\u00f3sito es instruir a los artistas sobre c\u00f3mo ampliar su visi\u00f3n creativa a trav\u00e9s de VR \/ AR \/ MR Art, y proporcionarles la tecnolog\u00eda y aconsejarles c\u00f3mo usarla.<\/p>\n","protected":false},"author":1,"featured_media":0,"parent":5378,"menu_order":0,"comment_status":"closed","ping_status":"closed","template":"","meta":{"footnotes":""},"class_list":["post-11254","page","type-page","status-publish","hentry"],"_links":{"self":[{"href":"https:\/\/www.espronceda.net\/es\/wp-json\/wp\/v2\/pages\/11254","targetHints":{"allow":["GET"]}}],"collection":[{"href":"https:\/\/www.espronceda.net\/es\/wp-json\/wp\/v2\/pages"}],"about":[{"href":"https:\/\/www.espronceda.net\/es\/wp-json\/wp\/v2\/types\/page"}],"author":[{"embeddable":true,"href":"https:\/\/www.espronceda.net\/es\/wp-json\/wp\/v2\/users\/1"}],"replies":[{"embeddable":true,"href":"https:\/\/www.espronceda.net\/es\/wp-json\/wp\/v2\/comments?post=11254"}],"version-history":[{"count":2,"href":"https:\/\/www.espronceda.net\/es\/wp-json\/wp\/v2\/pages\/11254\/revisions"}],"predecessor-version":[{"id":11257,"href":"https:\/\/www.espronceda.net\/es\/wp-json\/wp\/v2\/pages\/11254\/revisions\/11257"}],"up":[{"embeddable":true,"href":"https:\/\/www.espronceda.net\/es\/wp-json\/wp\/v2\/pages\/5378"}],"wp:attachment":[{"href":"https:\/\/www.espronceda.net\/es\/wp-json\/wp\/v2\/media?parent=11254"}],"curies":[{"name":"wp","href":"https:\/\/api.w.org\/{rel}","templated":true}]}}