{"id":12803,"date":"2020-03-05T21:35:14","date_gmt":"2020-03-05T20:35:14","guid":{"rendered":"https:\/\/www.espronceda.net\/im-ok-by-mr-zen\/"},"modified":"2020-05-04T20:14:18","modified_gmt":"2020-05-04T18:14:18","slug":"im-ok-by-mr-zen","status":"publish","type":"page","link":"https:\/\/www.espronceda.net\/es\/im-ok-by-mr-zen\/","title":{"rendered":"I\u2019m ok, by Mr. Zen"},"content":{"rendered":"<p><img loading=\"lazy\" decoding=\"async\" class=\"alignnone size-large wp-image-12797\" src=\"https:\/\/www.espronceda.net\/wp-content\/uploads\/2020\/02\/Mr-Zen-flyer-1024x459.jpg\" alt=\"\" width=\"1024\" height=\"459\" srcset=\"https:\/\/www.espronceda.net\/wp-content\/uploads\/2020\/02\/Mr-Zen-flyer-1024x459.jpg 1024w, https:\/\/www.espronceda.net\/wp-content\/uploads\/2020\/02\/Mr-Zen-flyer-300x135.jpg 300w, https:\/\/www.espronceda.net\/wp-content\/uploads\/2020\/02\/Mr-Zen-flyer-768x344.jpg 768w, https:\/\/www.espronceda.net\/wp-content\/uploads\/2020\/02\/Mr-Zen-flyer-1280x574.jpg 1280w, https:\/\/www.espronceda.net\/wp-content\/uploads\/2020\/02\/Mr-Zen-flyer.jpg 1713w\" sizes=\"auto, (max-width: 1024px) 100vw, 1024px\" \/><\/p>\n<p class=\"p1\"><span class=\"s1\">La palabra clave es \u201cLa aceptaci\u00f3n\u201d. La aceptaci\u00f3n es la mejor manera de ser feliz. Todos descubrimos la meta de la vida como felicidad. Y tratamos de hacer todo lo posible para alcanzar la meta, pero olvidamos que la mejor manera de alcanzarla es mediante la aceptaci\u00f3n de las cosas positivas y negativas que surgen en nuestras vidas.<\/span><\/p>\n<p class=\"p1\"><span class=\"s1\">\u00a0\u00a0\u00a0\u00a0\u00a0\u00a0Si somos aceptables para todo lo que pueda sucederle a nuestras vidas, la felicidad permanece en nuestras mentes. Es razonable que cosas positivas le sucedan a nuestras vidas y de la misma manera, cosas negativas tambi\u00e9n le pueden pasar a nuestras vidas.<\/span><\/p>\n<p class=\"p1\"><span class=\"s1\"> Entonces la felicidad puede suceder tanto durante el viaje como en el destino de la vida si estamos abiertos a la aceptaci\u00f3n.<\/span><\/p>\n<p class=\"p1\"><span class=\"s1\">\u00a0\u00a0\u00a0\u00a0\u00a0\u00a0No es diferente con las obras de arte. Cuando creamos obras de arte puede haber una respuesta inmediata a ellos. Esta retroalimentaci\u00f3n puede ser tanto positiva como negativa, cada una posiblemente impactar\u00e1 nuestras mentes. Entonces esto es lo que tiene que ser aceptado.<\/span><\/p>\n<p class=\"p1\"><span class=\"s1\"> Ser\u00eda un problema en nuestras mentes si pensamos que solo las cosas buenas (buenos comentarios) suceder\u00e1n y las cosas malas no suceder\u00e1n.<\/span><\/p>\n<p class=\"p1\"><span class=\"s1\">\u00a0\u00a0\u00a0\u00a0\u00a0\u201cLa obra de arte\u201d es el punto de ser visible para recibir las preguntas, ideas, comentarios, etc., por lo que puede ser un buen creador (buen trabajador) cuando puede aceptar cualquier cosa que suceda.<\/span><\/p>\n<p class=\"p1\"><span class=\"s1\"> \u201cEstoy bien\u201d es la serie que transmite el concepto de \u201cACEPTACI\u00d3N\u201d. Y la aceptaci\u00f3n es la felicidad<\/span><span class=\"s2\">.<\/span><\/p>\n<p><a href=\"https:\/\/www.facebook.com\/events\/2219250028381315\/\">Evento en Facebook.<\/a><\/p>\n<p><a href=\"https:\/\/www.espronceda.net\/?portfolio=mr-zen\">Sobre el artista<\/a><\/p>\n<p><iframe loading=\"lazy\" width=\"1170\" height=\"658\" src=\"https:\/\/www.youtube.com\/embed\/14rvjc5Rmuw?feature=oembed\" frameborder=\"0\" allow=\"accelerometer; autoplay; encrypted-media; gyroscope; picture-in-picture\" allowfullscreen><\/iframe><\/p>\n<div id=\"gtx-trans\" style=\"position: absolute; left: -11px; top: 511.642px;\">\n<div class=\"gtx-trans-icon\"><\/div>\n<\/div>\n","protected":false},"excerpt":{"rendered":"<p>La palabra clave es \u201cLa aceptaci\u00f3n\u201d. La aceptaci\u00f3n es la mejor manera de ser feliz. Todos descubrimos la meta de la vida como felicidad. Y tratamos de hacer todo lo posible para alcanzar la meta, pero olvidamos que la mejor manera de alcanzarla es mediante la aceptaci\u00f3n de las cosas positivas y negativas que surgen en nuestras vidas. \u00a0\u00a0\u00a0\u00a0\u00a0\u00a0Si somos [&hellip;]<\/p>\n","protected":false},"author":1,"featured_media":0,"parent":0,"menu_order":0,"comment_status":"closed","ping_status":"closed","template":"","meta":{"footnotes":""},"class_list":["post-12803","page","type-page","status-publish","hentry"],"_links":{"self":[{"href":"https:\/\/www.espronceda.net\/es\/wp-json\/wp\/v2\/pages\/12803","targetHints":{"allow":["GET"]}}],"collection":[{"href":"https:\/\/www.espronceda.net\/es\/wp-json\/wp\/v2\/pages"}],"about":[{"href":"https:\/\/www.espronceda.net\/es\/wp-json\/wp\/v2\/types\/page"}],"author":[{"embeddable":true,"href":"https:\/\/www.espronceda.net\/es\/wp-json\/wp\/v2\/users\/1"}],"replies":[{"embeddable":true,"href":"https:\/\/www.espronceda.net\/es\/wp-json\/wp\/v2\/comments?post=12803"}],"version-history":[{"count":5,"href":"https:\/\/www.espronceda.net\/es\/wp-json\/wp\/v2\/pages\/12803\/revisions"}],"predecessor-version":[{"id":17407,"href":"https:\/\/www.espronceda.net\/es\/wp-json\/wp\/v2\/pages\/12803\/revisions\/17407"}],"wp:attachment":[{"href":"https:\/\/www.espronceda.net\/es\/wp-json\/wp\/v2\/media?parent=12803"}],"curies":[{"name":"wp","href":"https:\/\/api.w.org\/{rel}","templated":true}]}}