{"id":13035,"date":"2020-03-06T17:53:09","date_gmt":"2020-03-06T16:53:09","guid":{"rendered":"https:\/\/www.espronceda.net\/proyectos\/vr-ai-residency\/"},"modified":"2020-03-06T17:54:17","modified_gmt":"2020-03-06T16:54:17","slug":"vr-ai-residency","status":"publish","type":"page","link":"https:\/\/www.espronceda.net\/es\/proyectos\/vr-ai-residency\/","title":{"rendered":"VR\/AI Residency"},"content":{"rendered":"<div class=\"\">\n<h2><strong>Residencia de artista VR \/ AI<\/strong><\/h2>\n<p>Una vez al a\u00f1o, Espronceda otorga el premio IMMENSIVA a artistas seleccionados que est\u00e1n invitados a una residencia de 2 a 4 semanas en Barcelona para crear arte con tecnolog\u00edas de vanguardia, como VR, AI, AR y m\u00e1s.<br \/>\nLa selecci\u00f3n la realiza un jurado internacional. Los artistas se presentan a trav\u00e9s de una convocatoria abierta o son propuestos por los asesores \/ curadores de Espronceda e Immensiva.<\/p>\n<p>En la residencia de artistas VR \/ AI, hasta 12 artistas trabajar\u00e1n y colaborar\u00e1n juntos para crear nuevas obras de arte en un entorno colaborativo.<br \/>\nEl equipo de Immensiva y Espronceda apoya en gran medida a los artistas con todas las posibilidades. Tambi\u00e9n nos conectaremos con el ecosistema local y regional e invitaremos a oradores, asesores y curadores de alto nivel durante la residencia para ofrecer una experiencia sobresaliente y sostenible.<\/p>\n<p>Las obras de arte creadas (as\u00ed como las obras de arte potencialmente individuales) se presentar\u00e1n en un evento de clausura y posterior exposici\u00f3n, abierto al p\u00fablico.<\/p>\n<p>En febrero de 2020, tuvo lugar la primera residencia de artistas de VR \/ AI.<br \/>\n\u00a1Y Espronceda se enorgullece de que la primera edici\u00f3n haya sido la residencia de realidad virtual m\u00e1s grande del mundo hasta ahora!<\/p>\n<p><strong><a href=\"http:\/\/www.immensiva.com\/activites\/\">immensiva.com\/activites<\/a><\/strong><\/p>\n<\/div>\n","protected":false},"excerpt":{"rendered":"<p>Residencia de artista VR \/ AI Una vez al a\u00f1o, Espronceda otorga el premio IMMENSIVA a artistas seleccionados que est\u00e1n invitados a una residencia de 2 a 4 semanas en Barcelona para crear arte con tecnolog\u00edas de vanguardia, como VR, AI, AR y m\u00e1s. La selecci\u00f3n la realiza un jurado internacional. Los artistas se presentan a trav\u00e9s de una convocatoria [&hellip;]<\/p>\n","protected":false},"author":1,"featured_media":0,"parent":5378,"menu_order":0,"comment_status":"closed","ping_status":"closed","template":"","meta":{"footnotes":""},"class_list":["post-13035","page","type-page","status-publish","hentry"],"_links":{"self":[{"href":"https:\/\/www.espronceda.net\/es\/wp-json\/wp\/v2\/pages\/13035","targetHints":{"allow":["GET"]}}],"collection":[{"href":"https:\/\/www.espronceda.net\/es\/wp-json\/wp\/v2\/pages"}],"about":[{"href":"https:\/\/www.espronceda.net\/es\/wp-json\/wp\/v2\/types\/page"}],"author":[{"embeddable":true,"href":"https:\/\/www.espronceda.net\/es\/wp-json\/wp\/v2\/users\/1"}],"replies":[{"embeddable":true,"href":"https:\/\/www.espronceda.net\/es\/wp-json\/wp\/v2\/comments?post=13035"}],"version-history":[{"count":1,"href":"https:\/\/www.espronceda.net\/es\/wp-json\/wp\/v2\/pages\/13035\/revisions"}],"predecessor-version":[{"id":13036,"href":"https:\/\/www.espronceda.net\/es\/wp-json\/wp\/v2\/pages\/13035\/revisions\/13036"}],"up":[{"embeddable":true,"href":"https:\/\/www.espronceda.net\/es\/wp-json\/wp\/v2\/pages\/5378"}],"wp:attachment":[{"href":"https:\/\/www.espronceda.net\/es\/wp-json\/wp\/v2\/media?parent=13035"}],"curies":[{"name":"wp","href":"https:\/\/api.w.org\/{rel}","templated":true}]}}