{"id":16618,"date":"2020-04-14T19:39:31","date_gmt":"2020-04-14T17:39:31","guid":{"rendered":"https:\/\/www.espronceda.net\/espronceda-prize\/"},"modified":"2020-05-15T14:24:57","modified_gmt":"2020-05-15T12:24:57","slug":"espronceda-prize","status":"publish","type":"page","link":"https:\/\/www.espronceda.net\/es\/art-prizes\/espronceda-prize\/","title":{"rendered":"Espronceda Premio"},"content":{"rendered":"<h3>Espronceda Premio<\/h3>\n<p>Seleccionamos artistas de todo el mundo a trav\u00e9s de nuestro proceso de convocatoria abierta. Participan en una residencia de 5 semanas que culmina en una exposici\u00f3n individual en nuestra galer\u00eda.<\/p>\n<p><strong>Ganadores:<\/strong><\/p>\n<p><em><strong>2018 _________________________________________________________________<\/strong><\/em><\/p>\n<p><img loading=\"lazy\" decoding=\"async\" class=\"size-medium wp-image-7316 alignnone\" src=\"https:\/\/www.espronceda.net\/wp-content\/uploads\/2018\/08\/V2A8676-300x200.jpg\" alt=\"\" width=\"300\" height=\"200\" srcset=\"https:\/\/www.espronceda.net\/wp-content\/uploads\/2018\/08\/V2A8676-300x200.jpg 300w, https:\/\/www.espronceda.net\/wp-content\/uploads\/2018\/08\/V2A8676-768x512.jpg 768w, https:\/\/www.espronceda.net\/wp-content\/uploads\/2018\/08\/V2A8676-1024x682.jpg 1024w, https:\/\/www.espronceda.net\/wp-content\/uploads\/2018\/08\/V2A8676-1280x853.jpg 1280w, https:\/\/www.espronceda.net\/wp-content\/uploads\/2018\/08\/V2A8676.jpg 1400w\" sizes=\"auto, (max-width: 300px) 100vw, 300px\" \/><\/p>\n<p><a href=\"https:\/\/www.espronceda.net\/?portfolio=kaoru-shibuta\">Kaoru Shibtua<\/a>,\u00a0\u00e9l desarroll\u00f3 la exposici\u00f3n <a href=\"https:\/\/www.espronceda.net\/earth-concerto-no-4-mediterranean-by-kaoru-shibuta-09-08-20h\/\">Earth concerto no 4 Mediterranean<\/a><\/p>\n<p><img loading=\"lazy\" decoding=\"async\" class=\"wp-image-7472 size-medium alignnone\" src=\"https:\/\/www.espronceda.net\/wp-content\/uploads\/2018\/09\/V2A3188-300x200.jpg\" alt=\"\" width=\"300\" height=\"200\" srcset=\"https:\/\/www.espronceda.net\/wp-content\/uploads\/2018\/09\/V2A3188-300x200.jpg 300w, https:\/\/www.espronceda.net\/wp-content\/uploads\/2018\/09\/V2A3188-768x512.jpg 768w, https:\/\/www.espronceda.net\/wp-content\/uploads\/2018\/09\/V2A3188-1024x683.jpg 1024w, https:\/\/www.espronceda.net\/wp-content\/uploads\/2018\/09\/V2A3188.jpg 1200w\" sizes=\"auto, (max-width: 300px) 100vw, 300px\" \/><\/p>\n<p><a href=\"https:\/\/www.espronceda.net\/?portfolio=georg-pinteritsch\">Georg Pinterisch<\/a>,\u00a0\u00e9l desarroll\u00f3 la exposici\u00f3n <a href=\"https:\/\/www.espronceda.net\/tell-my-wife-to-eat-my-corpse-and-when-shes-done-eating-my-corpse-youll-eat-her-by-georg-pinteritsch\/\">Tell my wife to eat my corpse and when she&#8217;s done eating my corpse you&#8217;ll eat her<\/a><\/p>\n<p><em><strong>2020 _________________________________________________________________<\/strong><\/em><\/p>\n<p><img loading=\"lazy\" decoding=\"async\" class=\"size-medium wp-image-14272 alignnone\" src=\"https:\/\/www.espronceda.net\/wp-content\/uploads\/2020\/03\/V2A9877-1-300x200.jpg\" alt=\"\" width=\"300\" height=\"200\" srcset=\"https:\/\/www.espronceda.net\/wp-content\/uploads\/2020\/03\/V2A9877-1-300x200.jpg 300w, https:\/\/www.espronceda.net\/wp-content\/uploads\/2020\/03\/V2A9877-1-768x512.jpg 768w, https:\/\/www.espronceda.net\/wp-content\/uploads\/2020\/03\/V2A9877-1-1024x683.jpg 1024w, https:\/\/www.espronceda.net\/wp-content\/uploads\/2020\/03\/V2A9877-1-1280x853.jpg 1280w\" sizes=\"auto, (max-width: 300px) 100vw, 300px\" \/><\/p>\n<p><a href=\"https:\/\/www.espronceda.net\/?portfolio=andrea-siervo\">Andrea Siervo<\/a>,\u00a0ella desarroll\u00f3 la exposici\u00f3n <a href=\"https:\/\/www.espronceda.net\/reconfiguraciones-by-andrea-siervo\/\">Reconfiguraciones<\/a><\/p>\n<p><img loading=\"lazy\" decoding=\"async\" class=\"size-medium wp-image-16948 alignnone\" src=\"https:\/\/www.espronceda.net\/wp-content\/uploads\/2020\/04\/Mackowski_Ann_Asturies-in-Blue-210x300.jpeg\" alt=\"\" width=\"210\" height=\"300\" srcset=\"https:\/\/www.espronceda.net\/wp-content\/uploads\/2020\/04\/Mackowski_Ann_Asturies-in-Blue-210x300.jpeg 210w, https:\/\/www.espronceda.net\/wp-content\/uploads\/2020\/04\/Mackowski_Ann_Asturies-in-Blue.jpeg 449w\" sizes=\"auto, (max-width: 210px) 100vw, 210px\" \/><\/p>\n<p><a href=\"https:\/\/www.espronceda.net\/?portfolio=ann-mackowski\">Ann Mackowski<\/a>, ella desarroll\u00f3 la exposici\u00f3n <a href=\"https:\/\/www.espronceda.net\/entangled-by-ann-mackowski\/\">Entangled<\/a><\/p>\n","protected":false},"excerpt":{"rendered":"<p>Espronceda Premio Seleccionamos artistas de todo el mundo a trav\u00e9s de nuestro proceso de convocatoria abierta. Participan en una residencia de 5 semanas que culmina en una exposici\u00f3n individual en nuestra galer\u00eda. Ganadores: 2018 _________________________________________________________________ Kaoru Shibtua,\u00a0\u00e9l desarroll\u00f3 la exposici\u00f3n Earth concerto no 4 Mediterranean Georg Pinterisch,\u00a0\u00e9l desarroll\u00f3 la exposici\u00f3n Tell my wife to eat my corpse and when she&#8217;s [&hellip;]<\/p>\n","protected":false},"author":1,"featured_media":0,"parent":16604,"menu_order":0,"comment_status":"closed","ping_status":"closed","template":"","meta":{"footnotes":""},"class_list":["post-16618","page","type-page","status-publish","hentry"],"_links":{"self":[{"href":"https:\/\/www.espronceda.net\/es\/wp-json\/wp\/v2\/pages\/16618","targetHints":{"allow":["GET"]}}],"collection":[{"href":"https:\/\/www.espronceda.net\/es\/wp-json\/wp\/v2\/pages"}],"about":[{"href":"https:\/\/www.espronceda.net\/es\/wp-json\/wp\/v2\/types\/page"}],"author":[{"embeddable":true,"href":"https:\/\/www.espronceda.net\/es\/wp-json\/wp\/v2\/users\/1"}],"replies":[{"embeddable":true,"href":"https:\/\/www.espronceda.net\/es\/wp-json\/wp\/v2\/comments?post=16618"}],"version-history":[{"count":6,"href":"https:\/\/www.espronceda.net\/es\/wp-json\/wp\/v2\/pages\/16618\/revisions"}],"predecessor-version":[{"id":17600,"href":"https:\/\/www.espronceda.net\/es\/wp-json\/wp\/v2\/pages\/16618\/revisions\/17600"}],"up":[{"embeddable":true,"href":"https:\/\/www.espronceda.net\/es\/wp-json\/wp\/v2\/pages\/16604"}],"wp:attachment":[{"href":"https:\/\/www.espronceda.net\/es\/wp-json\/wp\/v2\/media?parent=16618"}],"curies":[{"name":"wp","href":"https:\/\/api.w.org\/{rel}","templated":true}]}}