{"id":16629,"date":"2020-04-14T19:45:54","date_gmt":"2020-04-14T17:45:54","guid":{"rendered":"https:\/\/www.espronceda.net\/swab-art-fair\/"},"modified":"2020-09-17T16:19:41","modified_gmt":"2020-09-17T14:19:41","slug":"swab","status":"publish","type":"page","link":"https:\/\/www.espronceda.net\/es\/art-prizes\/swab\/","title":{"rendered":"Swab"},"content":{"rendered":"<h3><img loading=\"lazy\" decoding=\"async\" class=\"alignleft wp-image-18698 size-medium\" src=\"https:\/\/www.espronceda.net\/wp-content\/uploads\/2020\/09\/Logo-Final-Swab-Barcelona_Black--300x300.jpg\" alt=\"\" width=\"300\" height=\"300\" srcset=\"https:\/\/www.espronceda.net\/wp-content\/uploads\/2020\/09\/Logo-Final-Swab-Barcelona_Black--300x300.jpg 300w, https:\/\/www.espronceda.net\/wp-content\/uploads\/2020\/09\/Logo-Final-Swab-Barcelona_Black--150x150.jpg 150w, https:\/\/www.espronceda.net\/wp-content\/uploads\/2020\/09\/Logo-Final-Swab-Barcelona_Black-.jpg 596w\" sizes=\"auto, (max-width: 300px) 100vw, 300px\" \/>Swab<\/h3>\n<p>Torunda<\/p>\n<p>En cada edici\u00f3n, SWAB Barcelona premia a sus participantes por su contribuci\u00f3n al talento emergente y al arte contempor\u00e1neo. Este 2020, a pesar de que la feria tendr\u00e1 lugar de forma virtual, seguir\u00e1 otorgando el premio de residencia Espronceda con una estancia art\u00edstica en sus instalaciones de Barcelona; el DKV al mejor artista espa\u00f1ol, el MANGO al mejor artista emergente y el dibujo de la Colecci\u00f3n Diezy7, cuya obra premiada es seleccionada por un jurado formado por comisarios y cr\u00edticos de arte contempor\u00e1neo. M\u00e1s informaci\u00f3n sobre SWAB aqu\u00ed.<\/p>\n<p>Los ganadores de ESPRONCEDA \/ SWAB 1st EDITION AWARD 2020 son:<\/p>\n<div dir=\"ltr\" data-setdir=\"false\"><b>Andr\u00e9s Weissman. <\/b><a href=\"https:\/\/www.gachiprieto.com\/\">Gachi Prieto Gallery Argentina<\/a><\/div>\n<div dir=\"ltr\" data-setdir=\"false\"><b>Gillian King. <\/b><a href=\"https:\/\/www.galerienicolasrobert.com\/\">Galerie Nicolas Robert Canada<\/a><\/div>\n<div dir=\"ltr\" data-setdir=\"false\"><\/div>\n<div dir=\"ltr\" data-setdir=\"false\"><img loading=\"lazy\" decoding=\"async\" class=\"size-full wp-image-18699 alignnone\" src=\"https:\/\/www.espronceda.net\/wp-content\/uploads\/2020\/09\/winners-Swab-Espronceda-Prize.jpg\" alt=\"\" width=\"650\" height=\"488\" srcset=\"https:\/\/www.espronceda.net\/wp-content\/uploads\/2020\/09\/winners-Swab-Espronceda-Prize.jpg 650w, https:\/\/www.espronceda.net\/wp-content\/uploads\/2020\/09\/winners-Swab-Espronceda-Prize-300x225.jpg 300w, https:\/\/www.espronceda.net\/wp-content\/uploads\/2020\/09\/winners-Swab-Espronceda-Prize-94x70.jpg 94w, https:\/\/www.espronceda.net\/wp-content\/uploads\/2020\/09\/winners-Swab-Espronceda-Prize-600x450.jpg 600w\" sizes=\"auto, (max-width: 650px) 100vw, 650px\" \/><\/div>\n<div dir=\"ltr\" data-setdir=\"false\">\n<div dir=\"ltr\" style=\"padding-left: 320px;\" data-setdir=\"false\">\n<p><strong>Miembros del jurado de la 1a edici\u00f3n:<\/strong> Savina Tarsitano, Holger Sprengel, Henrik Sprengel, Maribel Navarro Cortes y Joan Abell\u00f3<\/p>\n<p>Para la <strong>2a edici\u00f3n<\/strong> nos complace anunciar un nuevo <strong>miembro del jurado<\/strong>: Milo de Pietro Desmond<\/p>\n<\/div>\n<\/div>\n","protected":false},"excerpt":{"rendered":"<p>Swab Torunda En cada edici\u00f3n, SWAB Barcelona premia a sus participantes por su contribuci\u00f3n al talento emergente y al arte contempor\u00e1neo. Este 2020, a pesar de que la feria tendr\u00e1 lugar de forma virtual, seguir\u00e1 otorgando el premio de residencia Espronceda con una estancia art\u00edstica en sus instalaciones de Barcelona; el DKV al mejor artista espa\u00f1ol, el MANGO al mejor [&hellip;]<\/p>\n","protected":false},"author":1,"featured_media":0,"parent":16604,"menu_order":0,"comment_status":"closed","ping_status":"closed","template":"","meta":{"footnotes":""},"class_list":["post-16629","page","type-page","status-publish","hentry"],"_links":{"self":[{"href":"https:\/\/www.espronceda.net\/es\/wp-json\/wp\/v2\/pages\/16629","targetHints":{"allow":["GET"]}}],"collection":[{"href":"https:\/\/www.espronceda.net\/es\/wp-json\/wp\/v2\/pages"}],"about":[{"href":"https:\/\/www.espronceda.net\/es\/wp-json\/wp\/v2\/types\/page"}],"author":[{"embeddable":true,"href":"https:\/\/www.espronceda.net\/es\/wp-json\/wp\/v2\/users\/1"}],"replies":[{"embeddable":true,"href":"https:\/\/www.espronceda.net\/es\/wp-json\/wp\/v2\/comments?post=16629"}],"version-history":[{"count":8,"href":"https:\/\/www.espronceda.net\/es\/wp-json\/wp\/v2\/pages\/16629\/revisions"}],"predecessor-version":[{"id":18739,"href":"https:\/\/www.espronceda.net\/es\/wp-json\/wp\/v2\/pages\/16629\/revisions\/18739"}],"up":[{"embeddable":true,"href":"https:\/\/www.espronceda.net\/es\/wp-json\/wp\/v2\/pages\/16604"}],"wp:attachment":[{"href":"https:\/\/www.espronceda.net\/es\/wp-json\/wp\/v2\/media?parent=16629"}],"curies":[{"name":"wp","href":"https:\/\/api.w.org\/{rel}","templated":true}]}}