{"id":16631,"date":"2020-04-14T19:44:33","date_gmt":"2020-04-14T17:44:33","guid":{"rendered":"https:\/\/www.espronceda.net\/arte-laguna\/"},"modified":"2020-05-15T14:52:57","modified_gmt":"2020-05-15T12:52:57","slug":"arte-laguna","status":"publish","type":"page","link":"https:\/\/www.espronceda.net\/es\/art-prizes\/arte-laguna\/","title":{"rendered":"Arte Laguna"},"content":{"rendered":"<h3>Arte Laguna<\/h3>\n<p><a href=\"https:\/\/www.artelagunaprize.com\/\">El Premio Arte Laguna<\/a>, la competencia m\u00e1s influyente del mundo para artistas y dise\u00f1adores emergentes, exhibe y promueve talentos creativos.<br \/>\nCon catorce a\u00f1os de historia, el Premio Arte Laguna brinda la oportunidad de unirse a la enorme red de colaboraciones en todo el mundo, exhibir en la impresionante ubicaci\u00f3n del Arsenale de Venecia, ganar premios en efectivo por un monto total de 40,000 euros y mucho m\u00e1s.<\/p>\n<p>Cada a\u00f1o, uno de los ganadores de Arte Laguna es seleccionado para nuestro programa Artist in Residence.<\/p>\n<p>Jurado: Savina Tarsitano y Holger Sprengel<\/p>\n<p><strong>Ganadores:<\/strong><\/p>\n<p><em>2017\u00a0____________________________________________________________________<\/em><\/p>\n<p><img loading=\"lazy\" decoding=\"async\" class=\"size-medium wp-image-5074 alignnone\" src=\"https:\/\/www.espronceda.net\/wp-content\/uploads\/2017\/08\/MG_3349-300x200.jpg\" alt=\"\" width=\"300\" height=\"200\" srcset=\"https:\/\/www.espronceda.net\/wp-content\/uploads\/2017\/08\/MG_3349-300x200.jpg 300w, https:\/\/www.espronceda.net\/wp-content\/uploads\/2017\/08\/MG_3349-768x512.jpg 768w, https:\/\/www.espronceda.net\/wp-content\/uploads\/2017\/08\/MG_3349-1024x683.jpg 1024w, https:\/\/www.espronceda.net\/wp-content\/uploads\/2017\/08\/MG_3349-1280x853.jpg 1280w, https:\/\/www.espronceda.net\/wp-content\/uploads\/2017\/08\/MG_3349.jpg 1800w\" sizes=\"auto, (max-width: 300px) 100vw, 300px\" \/><\/p>\n<p><a href=\"https:\/\/www.espronceda.net\/?portfolio=sanja-milenkovic\">Sanja Milencovic<\/a>. ella desarroll\u00f3 la exposici\u00f3n\u00a0<a href=\"https:\/\/www.espronceda.net\/exhibit-real-life-sanja-milenkovic-sept-6th-19h30\/\">Real Life<\/a>,\u00a0comisariada por Savina Tarsitano.<\/p>\n<p><em>2018\u00a0____________________________________________________________________<\/em><\/p>\n<p><a href=\"https:\/\/www.espronceda.net\/?portfolio=dalia-baassiri\"><img loading=\"lazy\" decoding=\"async\" class=\"wp-image-16955 size-medium alignnone\" src=\"https:\/\/www.espronceda.net\/wp-content\/uploads\/2020\/04\/V2A2175-300x200.jpg\" alt=\"\" width=\"300\" height=\"200\" srcset=\"https:\/\/www.espronceda.net\/wp-content\/uploads\/2020\/04\/V2A2175-300x200.jpg 300w, https:\/\/www.espronceda.net\/wp-content\/uploads\/2020\/04\/V2A2175-768x512.jpg 768w, https:\/\/www.espronceda.net\/wp-content\/uploads\/2020\/04\/V2A2175-1024x683.jpg 1024w, https:\/\/www.espronceda.net\/wp-content\/uploads\/2020\/04\/V2A2175-1280x853.jpg 1280w, https:\/\/www.espronceda.net\/wp-content\/uploads\/2020\/04\/V2A2175.jpg 1800w\" sizes=\"auto, (max-width: 300px) 100vw, 300px\" \/><\/a><\/p>\n<p><a href=\"https:\/\/www.espronceda.net\/?portfolio=dalia-baassiri\">Dalia Baassiri<\/a>, ella desarroll\u00f3 la exposici\u00f3n <a href=\"https:\/\/www.espronceda.net\/vesuvius-by-dalia-baassiri-05-09-19h30\/\">Vesuvius<\/a>,\u00a0comisariada por Savina Tarsitano y Maribel Navarro Cortes.<\/p>\n<p><em>2019\u00a0____________________________________________________________________<\/em><\/p>\n<p><img loading=\"lazy\" decoding=\"async\" class=\"size-medium wp-image-11390 alignnone\" src=\"https:\/\/www.espronceda.net\/wp-content\/uploads\/2019\/08\/V2A6897-300x200.jpg\" alt=\"\" width=\"300\" height=\"200\" srcset=\"https:\/\/www.espronceda.net\/wp-content\/uploads\/2019\/08\/V2A6897-300x200.jpg 300w, https:\/\/www.espronceda.net\/wp-content\/uploads\/2019\/08\/V2A6897-768x512.jpg 768w, https:\/\/www.espronceda.net\/wp-content\/uploads\/2019\/08\/V2A6897-1024x683.jpg 1024w, https:\/\/www.espronceda.net\/wp-content\/uploads\/2019\/08\/V2A6897-1280x853.jpg 1280w, https:\/\/www.espronceda.net\/wp-content\/uploads\/2019\/08\/V2A6897.jpg 1800w\" sizes=\"auto, (max-width: 300px) 100vw, 300px\" \/><\/p>\n<p><a href=\"https:\/\/www.espronceda.net\/?portfolio=clara-lotta-dittmer\">Clara Lotta Dittmer<\/a>, ella desarroll\u00f3 la exposici\u00f3n <a href=\"https:\/\/www.espronceda.net\/people-by-clara-lotter-dittmer-27-08-19-19h\/\">People<\/a><\/p>\n","protected":false},"excerpt":{"rendered":"<p>Arte Laguna El Premio Arte Laguna, la competencia m\u00e1s influyente del mundo para artistas y dise\u00f1adores emergentes, exhibe y promueve talentos creativos. Con catorce a\u00f1os de historia, el Premio Arte Laguna brinda la oportunidad de unirse a la enorme red de colaboraciones en todo el mundo, exhibir en la impresionante ubicaci\u00f3n del Arsenale de Venecia, ganar premios en efectivo por [&hellip;]<\/p>\n","protected":false},"author":1,"featured_media":0,"parent":16604,"menu_order":0,"comment_status":"closed","ping_status":"closed","template":"","meta":{"footnotes":""},"class_list":["post-16631","page","type-page","status-publish","hentry"],"_links":{"self":[{"href":"https:\/\/www.espronceda.net\/es\/wp-json\/wp\/v2\/pages\/16631","targetHints":{"allow":["GET"]}}],"collection":[{"href":"https:\/\/www.espronceda.net\/es\/wp-json\/wp\/v2\/pages"}],"about":[{"href":"https:\/\/www.espronceda.net\/es\/wp-json\/wp\/v2\/types\/page"}],"author":[{"embeddable":true,"href":"https:\/\/www.espronceda.net\/es\/wp-json\/wp\/v2\/users\/1"}],"replies":[{"embeddable":true,"href":"https:\/\/www.espronceda.net\/es\/wp-json\/wp\/v2\/comments?post=16631"}],"version-history":[{"count":7,"href":"https:\/\/www.espronceda.net\/es\/wp-json\/wp\/v2\/pages\/16631\/revisions"}],"predecessor-version":[{"id":17615,"href":"https:\/\/www.espronceda.net\/es\/wp-json\/wp\/v2\/pages\/16631\/revisions\/17615"}],"up":[{"embeddable":true,"href":"https:\/\/www.espronceda.net\/es\/wp-json\/wp\/v2\/pages\/16604"}],"wp:attachment":[{"href":"https:\/\/www.espronceda.net\/es\/wp-json\/wp\/v2\/media?parent=16631"}],"curies":[{"name":"wp","href":"https:\/\/api.w.org\/{rel}","templated":true}]}}