{"id":16641,"date":"2020-04-14T19:49:48","date_gmt":"2020-04-14T17:49:48","guid":{"rendered":"https:\/\/www.espronceda.net\/immensiva-vr-ai-prize\/"},"modified":"2020-05-15T15:12:15","modified_gmt":"2020-05-15T13:12:15","slug":"immensiva-vr-ai-prize","status":"publish","type":"page","link":"https:\/\/www.espronceda.net\/es\/art-prizes\/immensiva-vr-ai-prize\/","title":{"rendered":"IMMENSIVA VR\/AI Prize"},"content":{"rendered":"<div class=\"\"><b class=\"\"><span class=\"\" style=\"font-size: large;\">IMMENSIVA VR\/AI Prize<\/span><\/b><\/div>\n<p>El Instituto de Arte y Cultura de Espronceda est\u00e1 seleccionando artistas para participar en su primera residencia dedicada a la investigaci\u00f3n y desarrollo de proyectos art\u00edsticos de VR \/ AR e Inteligencia Artificial.<\/p>\n<p>La solicitud de la convocatoria abierta fue seleccionada por un jurado internacional independiente y por comisarios de Espronceda.<\/p>\n<p>En 2020 se realiz\u00f3 la primera edici\u00f3n, que consisti\u00f3 en 11 artistas de todo el mundo:<\/p>\n<div>\n<div class='gallery'><dl class='gallery-item'>\n\t\t\t<dt class='gallery-icon landscape'>\n\t\t\t\t<a class=\"view\" rel='gallery' href='https:\/\/www.espronceda.net\/wp-content\/uploads\/2020\/04\/V2A8018.jpg'><img loading=\"lazy\" decoding=\"async\" width=\"150\" height=\"150\" src=\"https:\/\/www.espronceda.net\/wp-content\/uploads\/2020\/04\/V2A8018-150x150.jpg\" class=\"attachment-thumbnail size-thumbnail\" alt=\"\" title=\"_V2A8018\" \/><\/a>\n\t\t\t<\/dt><\/dl><dl class='gallery-item'>\n\t\t\t<dt class='gallery-icon landscape'>\n\t\t\t\t<a class=\"view\" rel='gallery' href='https:\/\/www.espronceda.net\/wp-content\/uploads\/2020\/04\/V2A8037.jpg'><img loading=\"lazy\" decoding=\"async\" width=\"150\" height=\"150\" src=\"https:\/\/www.espronceda.net\/wp-content\/uploads\/2020\/04\/V2A8037-150x150.jpg\" class=\"attachment-thumbnail size-thumbnail\" alt=\"\" title=\"_V2A8037\" \/><\/a>\n\t\t\t<\/dt><\/dl><dl class='gallery-item'>\n\t\t\t<dt class='gallery-icon landscape'>\n\t\t\t\t<a class=\"view\" rel='gallery' href='https:\/\/www.espronceda.net\/wp-content\/uploads\/2020\/04\/V2A8049.jpg'><img loading=\"lazy\" decoding=\"async\" width=\"150\" height=\"150\" src=\"https:\/\/www.espronceda.net\/wp-content\/uploads\/2020\/04\/V2A8049-150x150.jpg\" class=\"attachment-thumbnail size-thumbnail\" alt=\"\" title=\"_V2A8049\" \/><\/a>\n\t\t\t<\/dt><\/dl><br style=\"clear: both\" \/><dl class='gallery-item'>\n\t\t\t<dt class='gallery-icon landscape'>\n\t\t\t\t<a class=\"view\" rel='gallery' href='https:\/\/www.espronceda.net\/wp-content\/uploads\/2020\/04\/V2A8093.jpg'><img loading=\"lazy\" decoding=\"async\" width=\"150\" height=\"150\" src=\"https:\/\/www.espronceda.net\/wp-content\/uploads\/2020\/04\/V2A8093-150x150.jpg\" class=\"attachment-thumbnail size-thumbnail\" alt=\"\" title=\"_V2A8093\" \/><\/a>\n\t\t\t<\/dt><\/dl><dl class='gallery-item'>\n\t\t\t<dt class='gallery-icon landscape'>\n\t\t\t\t<a class=\"view\" rel='gallery' href='https:\/\/www.espronceda.net\/wp-content\/uploads\/2020\/04\/V2A8112.jpg'><img loading=\"lazy\" decoding=\"async\" width=\"150\" height=\"150\" src=\"https:\/\/www.espronceda.net\/wp-content\/uploads\/2020\/04\/V2A8112-150x150.jpg\" class=\"attachment-thumbnail size-thumbnail\" alt=\"\" title=\"_V2A8112\" \/><\/a>\n\t\t\t<\/dt><\/dl><dl class='gallery-item'>\n\t\t\t<dt class='gallery-icon landscape'>\n\t\t\t\t<a class=\"view\" rel='gallery' href='https:\/\/www.espronceda.net\/wp-content\/uploads\/2020\/04\/V2A8135.jpg'><img loading=\"lazy\" decoding=\"async\" width=\"150\" height=\"150\" src=\"https:\/\/www.espronceda.net\/wp-content\/uploads\/2020\/04\/V2A8135-150x150.jpg\" class=\"attachment-thumbnail size-thumbnail\" alt=\"\" title=\"_V2A8135\" \/><\/a>\n\t\t\t<\/dt><\/dl><br style=\"clear: both\" \/><dl class='gallery-item'>\n\t\t\t<dt class='gallery-icon landscape'>\n\t\t\t\t<a class=\"view\" rel='gallery' href='https:\/\/www.espronceda.net\/wp-content\/uploads\/2020\/04\/V2A8147.jpg'><img loading=\"lazy\" decoding=\"async\" width=\"150\" height=\"150\" src=\"https:\/\/www.espronceda.net\/wp-content\/uploads\/2020\/04\/V2A8147-150x150.jpg\" class=\"attachment-thumbnail size-thumbnail\" alt=\"\" title=\"_V2A8147\" \/><\/a>\n\t\t\t<\/dt><\/dl><dl class='gallery-item'>\n\t\t\t<dt class='gallery-icon landscape'>\n\t\t\t\t<a class=\"view\" rel='gallery' href='https:\/\/www.espronceda.net\/wp-content\/uploads\/2020\/04\/V2A8153.jpg'><img loading=\"lazy\" decoding=\"async\" width=\"150\" height=\"150\" src=\"https:\/\/www.espronceda.net\/wp-content\/uploads\/2020\/04\/V2A8153-150x150.jpg\" class=\"attachment-thumbnail size-thumbnail\" alt=\"\" title=\"_V2A8153\" \/><\/a>\n\t\t\t<\/dt><\/dl><dl class='gallery-item'>\n\t\t\t<dt class='gallery-icon landscape'>\n\t\t\t\t<a class=\"view\" rel='gallery' href='https:\/\/www.espronceda.net\/wp-content\/uploads\/2020\/04\/V2A8168.jpg'><img loading=\"lazy\" decoding=\"async\" width=\"150\" height=\"150\" src=\"https:\/\/www.espronceda.net\/wp-content\/uploads\/2020\/04\/V2A8168-150x150.jpg\" class=\"attachment-thumbnail size-thumbnail\" alt=\"\" title=\"_V2A8168\" \/><\/a>\n\t\t\t<\/dt><\/dl><br style=\"clear: both\" \/>\n\t\t<\/div>\n\n<\/div>\n<p><strong><a href=\"http:\/\/www.immensiva.com\/\">Immensiva VR\/AI Residence Show<\/a><\/strong> de <a href=\"http:\/\/www.immensiva.com\/artists\/\">Cenk G\u00fczelis, Chiara Passa, Shivani Hassard, Mohsen Hazrati, Joan Soler-Adillon, Lauren Moffatt, Josecarlos Florez, Uwe Brunner, Clarice Hilton, Bettina Katja Lange and Kris Pilcher<\/a><\/p>\n<div class=\"\"><\/div>\n","protected":false},"excerpt":{"rendered":"<p>IMMENSIVA VR\/AI Prize El Instituto de Arte y Cultura de Espronceda est\u00e1 seleccionando artistas para participar en su primera residencia dedicada a la investigaci\u00f3n y desarrollo de proyectos art\u00edsticos de VR \/ AR e Inteligencia Artificial. La solicitud de la convocatoria abierta fue seleccionada por un jurado internacional independiente y por comisarios de Espronceda. En 2020 se realiz\u00f3 la primera [&hellip;]<\/p>\n","protected":false},"author":1,"featured_media":0,"parent":16604,"menu_order":0,"comment_status":"closed","ping_status":"closed","template":"","meta":{"footnotes":""},"class_list":["post-16641","page","type-page","status-publish","hentry"],"_links":{"self":[{"href":"https:\/\/www.espronceda.net\/es\/wp-json\/wp\/v2\/pages\/16641","targetHints":{"allow":["GET"]}}],"collection":[{"href":"https:\/\/www.espronceda.net\/es\/wp-json\/wp\/v2\/pages"}],"about":[{"href":"https:\/\/www.espronceda.net\/es\/wp-json\/wp\/v2\/types\/page"}],"author":[{"embeddable":true,"href":"https:\/\/www.espronceda.net\/es\/wp-json\/wp\/v2\/users\/1"}],"replies":[{"embeddable":true,"href":"https:\/\/www.espronceda.net\/es\/wp-json\/wp\/v2\/comments?post=16641"}],"version-history":[{"count":5,"href":"https:\/\/www.espronceda.net\/es\/wp-json\/wp\/v2\/pages\/16641\/revisions"}],"predecessor-version":[{"id":17627,"href":"https:\/\/www.espronceda.net\/es\/wp-json\/wp\/v2\/pages\/16641\/revisions\/17627"}],"up":[{"embeddable":true,"href":"https:\/\/www.espronceda.net\/es\/wp-json\/wp\/v2\/pages\/16604"}],"wp:attachment":[{"href":"https:\/\/www.espronceda.net\/es\/wp-json\/wp\/v2\/media?parent=16641"}],"curies":[{"name":"wp","href":"https:\/\/api.w.org\/{rel}","templated":true}]}}