{"id":16651,"date":"2020-04-14T19:52:37","date_gmt":"2020-04-14T17:52:37","guid":{"rendered":"https:\/\/www.espronceda.net\/second-edition-of-vera-brant-prize\/"},"modified":"2020-05-15T15:17:19","modified_gmt":"2020-05-15T13:17:19","slug":"second-edition-of-vera-brant-prize","status":"publish","type":"page","link":"https:\/\/www.espronceda.net\/es\/art-prizes\/second-edition-of-vera-brant-prize\/","title":{"rendered":"Second edition of Vera Brant Prize"},"content":{"rendered":"<h3>La segunda edici\u00f3n de Vera Brant Prize<\/h3>\n<p>En asociaci\u00f3n con Curadoria Projetos Culturais y la <a href=\"https:\/\/www.facebook.com\/PremioVeraBrant\/\">Segunda Edici\u00f3n del Premio Vera Brant<\/a>, en Brasilia (Brasil).<\/p>\n<p>El Premio Vera Brant surgi\u00f3 en 2016 y fue dise\u00f1ado no solo para descubrir nuevos talentos en el campo del arte contempor\u00e1neo, sino tambi\u00e9n para resaltar y alentar la producci\u00f3n de obras de excelencia realizadas por artistas del Distrito Federal [de Brasil] y sus alrededores.<\/p>\n<p><em>2019 _________________________________________________________________________<\/em><\/p>\n<p><img loading=\"lazy\" decoding=\"async\" class=\"size-medium wp-image-10402 alignnone\" src=\"https:\/\/www.espronceda.net\/wp-content\/uploads\/2019\/03\/V2A0789-300x200.jpg\" alt=\"\" width=\"300\" height=\"200\" srcset=\"https:\/\/www.espronceda.net\/wp-content\/uploads\/2019\/03\/V2A0789-300x200.jpg 300w, https:\/\/www.espronceda.net\/wp-content\/uploads\/2019\/03\/V2A0789-768x512.jpg 768w, https:\/\/www.espronceda.net\/wp-content\/uploads\/2019\/03\/V2A0789-1024x682.jpg 1024w, https:\/\/www.espronceda.net\/wp-content\/uploads\/2019\/03\/V2A0789-1280x853.jpg 1280w, https:\/\/www.espronceda.net\/wp-content\/uploads\/2019\/03\/V2A0789.jpg 1400w\" sizes=\"auto, (max-width: 300px) 100vw, 300px\" \/><\/p>\n<p><a href=\"https:\/\/www.espronceda.net\/?portfolio=cecilia-lima-2\">Cecilia Lima,<\/a>\u00a0ella desarroll\u00f3 la exposici\u00f3n <a href=\"https:\/\/www.espronceda.net\/arquitecturas-cambiantes-by-cecilia-lima-04-04-19h\/\">Arquiteturas Cambiantes<\/a><\/p>\n","protected":false},"excerpt":{"rendered":"<p>La segunda edici\u00f3n de Vera Brant Prize En asociaci\u00f3n con Curadoria Projetos Culturais y la Segunda Edici\u00f3n del Premio Vera Brant, en Brasilia (Brasil). El Premio Vera Brant surgi\u00f3 en 2016 y fue dise\u00f1ado no solo para descubrir nuevos talentos en el campo del arte contempor\u00e1neo, sino tambi\u00e9n para resaltar y alentar la producci\u00f3n de obras de excelencia realizadas por [&hellip;]<\/p>\n","protected":false},"author":1,"featured_media":0,"parent":16604,"menu_order":0,"comment_status":"closed","ping_status":"closed","template":"","meta":{"footnotes":""},"class_list":["post-16651","page","type-page","status-publish","hentry"],"_links":{"self":[{"href":"https:\/\/www.espronceda.net\/es\/wp-json\/wp\/v2\/pages\/16651","targetHints":{"allow":["GET"]}}],"collection":[{"href":"https:\/\/www.espronceda.net\/es\/wp-json\/wp\/v2\/pages"}],"about":[{"href":"https:\/\/www.espronceda.net\/es\/wp-json\/wp\/v2\/types\/page"}],"author":[{"embeddable":true,"href":"https:\/\/www.espronceda.net\/es\/wp-json\/wp\/v2\/users\/1"}],"replies":[{"embeddable":true,"href":"https:\/\/www.espronceda.net\/es\/wp-json\/wp\/v2\/comments?post=16651"}],"version-history":[{"count":6,"href":"https:\/\/www.espronceda.net\/es\/wp-json\/wp\/v2\/pages\/16651\/revisions"}],"predecessor-version":[{"id":17632,"href":"https:\/\/www.espronceda.net\/es\/wp-json\/wp\/v2\/pages\/16651\/revisions\/17632"}],"up":[{"embeddable":true,"href":"https:\/\/www.espronceda.net\/es\/wp-json\/wp\/v2\/pages\/16604"}],"wp:attachment":[{"href":"https:\/\/www.espronceda.net\/es\/wp-json\/wp\/v2\/media?parent=16651"}],"curies":[{"name":"wp","href":"https:\/\/api.w.org\/{rel}","templated":true}]}}