{"id":17201,"date":"2020-04-23T17:53:02","date_gmt":"2020-04-23T15:53:02","guid":{"rendered":"https:\/\/www.espronceda.net\/rufa\/"},"modified":"2020-05-15T15:00:17","modified_gmt":"2020-05-15T13:00:17","slug":"rufa","status":"publish","type":"page","link":"https:\/\/www.espronceda.net\/es\/art-prizes\/rufa\/","title":{"rendered":"RUFA"},"content":{"rendered":"<p><a href=\"https:\/\/www.unirufa.it\/en\/2015\/11\/03\/rufa-partner-espronceda\/\">RUFA-Rome University of Fine Arts<\/a> ha establecido una asociaci\u00f3n constructiva con Espronceda, el centro de Barcelona dedicado a la innovaci\u00f3n y el arte contempor\u00e1neo. Para los estudiantes, esta oportunidad ser\u00e1 un presagio de oportunidades interesantes para involucrarse en los proyectos que comenzar\u00e1n durante el a\u00f1o. Fundada en 2013, Espronceda es un espacio multifuncional dedicado a artistas y creativos. De hecho, ofrece una gama de servicios que van desde el lugar de la exposici\u00f3n hasta la comunicaci\u00f3n, hasta la residencia para artistas y curadores. Tambi\u00e9n promueve artistas internacionales, tanto emergentes como establecidos, apoy\u00e1ndolos en el desarrollo de sus obras y su creatividad, para difundir su inspiraci\u00f3n m\u00e1s all\u00e1 de su permanencia f\u00edsica en el espacio. Espronceda ha transformado los antiguos espacios industriales en un crisol de vanguardia para la cultura y el arte, y fomenta la conexi\u00f3n con la comunidad local y la creaci\u00f3n de una red global entre artistas, empresas, instituciones culturales y art\u00edsticas para una sociedad de cambio a trav\u00e9s del arte.<\/p>\n<div dir=\"ltr\" data-setdir=\"false\"><span style=\"font-family: Source Sans Pro, -apple-system, BlinkMacSystemFont, Segoe UI, Roboto, Helvetica Neue, Arial, sans-serif, Apple Color Emoji, Segoe UI Emoji, Segoe UI Symbol;\">Jurados: Savina Tarsitano, Holger Sprengle, Rufa University of Fine Arts<\/span><\/div>\n<div dir=\"ltr\" data-setdir=\"false\"><\/div>\n<div dir=\"ltr\" data-setdir=\"false\"><em>2016<\/em>\u00a0____________________________________________________________________<\/div>\n<div dir=\"ltr\" data-setdir=\"false\"><\/div>\n<p><img loading=\"lazy\" decoding=\"async\" class=\"size-medium wp-image-17515 aligncenter\" src=\"https:\/\/www.espronceda.net\/wp-content\/uploads\/2020\/05\/DSC_0138-300x200.jpg\" alt=\"\" width=\"300\" height=\"200\" srcset=\"https:\/\/www.espronceda.net\/wp-content\/uploads\/2020\/05\/DSC_0138-300x200.jpg 300w, https:\/\/www.espronceda.net\/wp-content\/uploads\/2020\/05\/DSC_0138-1024x683.jpg 1024w, https:\/\/www.espronceda.net\/wp-content\/uploads\/2020\/05\/DSC_0138-768x512.jpg 768w, https:\/\/www.espronceda.net\/wp-content\/uploads\/2020\/05\/DSC_0138-1536x1024.jpg 1536w, https:\/\/www.espronceda.net\/wp-content\/uploads\/2020\/05\/DSC_0138-2048x1365.jpg 2048w, https:\/\/www.espronceda.net\/wp-content\/uploads\/2020\/05\/DSC_0138-1280x853.jpg 1280w\" sizes=\"auto, (max-width: 300px) 100vw, 300px\" \/><\/p>\n<div dir=\"ltr\" data-setdir=\"false\"><span style=\"font-family: Source Sans Pro, -apple-system, BlinkMacSystemFont, Segoe UI, Roboto, Helvetica Neue, Arial, sans-serif, Apple Color Emoji, Segoe UI Emoji, Segoe UI Symbol;\"><a href=\"https:\/\/www.espronceda.net\/vernissage-spending-time-barcelona-christophe-constantin\/\"><b>Spending Time in Barcelona<\/b><\/a>\u00a0de\u00a0<a href=\"https:\/\/www.espronceda.net\/?portfolio=christophe-constantin\">Christophe Costantin<\/a> comisariada por Savina Tarsitano.<\/span><\/div>\n<div dir=\"ltr\" data-setdir=\"false\"><\/div>\n<div dir=\"ltr\" data-setdir=\"false\"><\/div>\n<div dir=\"ltr\" data-setdir=\"false\"><\/div>\n<div dir=\"ltr\" data-setdir=\"false\"><\/div>\n<div dir=\"ltr\" data-setdir=\"false\"><em>2017<\/em>\u00a0____________________________________________________________________<\/div>\n<div dir=\"ltr\" data-setdir=\"false\"><\/div>\n<div dir=\"ltr\" data-setdir=\"false\"><a href=\"https:\/\/www.espronceda.net\/real-life-sanja-milenkovic-zhuang-xueying-tuesday-6th-september-19h\/\"><b><img loading=\"lazy\" decoding=\"async\" class=\"size-medium wp-image-5071 alignnone\" src=\"https:\/\/www.espronceda.net\/wp-content\/uploads\/2017\/08\/MG_3341-300x200.jpg\" alt=\"\" width=\"300\" height=\"200\" srcset=\"https:\/\/www.espronceda.net\/wp-content\/uploads\/2017\/08\/MG_3341-300x200.jpg 300w, https:\/\/www.espronceda.net\/wp-content\/uploads\/2017\/08\/MG_3341-768x512.jpg 768w, https:\/\/www.espronceda.net\/wp-content\/uploads\/2017\/08\/MG_3341-1024x683.jpg 1024w, https:\/\/www.espronceda.net\/wp-content\/uploads\/2017\/08\/MG_3341-1280x853.jpg 1280w, https:\/\/www.espronceda.net\/wp-content\/uploads\/2017\/08\/MG_3341.jpg 1800w\" sizes=\"auto, (max-width: 300px) 100vw, 300px\" \/><\/b><\/a><\/div>\n<div dir=\"ltr\" data-setdir=\"false\"><\/div>\n<div dir=\"ltr\" data-setdir=\"false\"><\/div>\n<div dir=\"ltr\" data-setdir=\"false\"><a href=\"https:\/\/www.espronceda.net\/real-life-sanja-milenkovic-zhuang-xueying-tuesday-6th-september-19h\/\"><b>Real Life<\/b><\/a>\u00a0de\u00a0<a href=\"https:\/\/www.espronceda.net\/?portfolio=zhuang-xueying-2\">Zhuang Xueying<\/a> comisariada por Savina Tarsitano and Nicola Martino<\/div>\n","protected":false},"excerpt":{"rendered":"<p>RUFA-Rome University of Fine Arts ha establecido una asociaci\u00f3n constructiva con Espronceda, el centro de Barcelona dedicado a la innovaci\u00f3n y el arte contempor\u00e1neo. Para los estudiantes, esta oportunidad ser\u00e1 un presagio de oportunidades interesantes para involucrarse en los proyectos que comenzar\u00e1n durante el a\u00f1o. Fundada en 2013, Espronceda es un espacio multifuncional dedicado a artistas y creativos. De hecho, [&hellip;]<\/p>\n","protected":false},"author":1,"featured_media":0,"parent":16604,"menu_order":0,"comment_status":"closed","ping_status":"closed","template":"","meta":{"footnotes":""},"class_list":["post-17201","page","type-page","status-publish","hentry"],"_links":{"self":[{"href":"https:\/\/www.espronceda.net\/es\/wp-json\/wp\/v2\/pages\/17201","targetHints":{"allow":["GET"]}}],"collection":[{"href":"https:\/\/www.espronceda.net\/es\/wp-json\/wp\/v2\/pages"}],"about":[{"href":"https:\/\/www.espronceda.net\/es\/wp-json\/wp\/v2\/types\/page"}],"author":[{"embeddable":true,"href":"https:\/\/www.espronceda.net\/es\/wp-json\/wp\/v2\/users\/1"}],"replies":[{"embeddable":true,"href":"https:\/\/www.espronceda.net\/es\/wp-json\/wp\/v2\/comments?post=17201"}],"version-history":[{"count":6,"href":"https:\/\/www.espronceda.net\/es\/wp-json\/wp\/v2\/pages\/17201\/revisions"}],"predecessor-version":[{"id":17620,"href":"https:\/\/www.espronceda.net\/es\/wp-json\/wp\/v2\/pages\/17201\/revisions\/17620"}],"up":[{"embeddable":true,"href":"https:\/\/www.espronceda.net\/es\/wp-json\/wp\/v2\/pages\/16604"}],"wp:attachment":[{"href":"https:\/\/www.espronceda.net\/es\/wp-json\/wp\/v2\/media?parent=17201"}],"curies":[{"name":"wp","href":"https:\/\/api.w.org\/{rel}","templated":true}]}}