{"id":18098,"date":"2020-07-07T09:47:04","date_gmt":"2020-07-07T07:47:04","guid":{"rendered":"https:\/\/www.espronceda.net\/?page_id=18098"},"modified":"2021-01-25T18:29:13","modified_gmt":"2021-01-25T17:29:13","slug":"18098-2","status":"publish","type":"page","link":"https:\/\/www.espronceda.net\/es\/18098-2\/","title":{"rendered":"Cambio Social y Educaci\u00f3n"},"content":{"rendered":"\r\n\r\n\r\n<p>En Espronceda creemos en la importancia del di\u00e1logo entre cultura, arte y educaci\u00f3n. Parte de nuestras actividades est\u00e1 dedicada a la importancia del arte para un cambio social y sostenible, para la integraci\u00f3n e inclusi\u00f3n social y para la educaci\u00f3n. Estas colaboraciones tuvieron lugar a nivel europeo e internacional, pero tambi\u00e9n a nivel local mientras se organizaban mesas redondas y seminarios.<\/p>\r\n\r\n\r\n\r\n<p>Entre nuestras principales colaboraciones se encuentran: el proyecto internacional de ni\u00f1os por la paz <a href=\"http:\/\/kids-guernica.blogspot.com\/\">Kids-Guernica<\/a> Inspirado en la obra de Pablo Picasso y el <a href=\"http:\/\/terzoparadiso.org\/en\/\">Third Paradise of Michelangelo Pistoletto and Cittadellarte<\/a>. Ambos proyectos est\u00e1n bajo la responsabilidad de la artista Savina Tarsitano, Embajadora de Third Paradise y coordinadora de Kids-Guernica. En 2019, Espronceda tambi\u00e9n inici\u00f3 una cooperaci\u00f3n con el proyecto japon\u00e9s <a href=\"https:\/\/www.p3578.org\/\">P3578<\/a>. A nivel local en Barcelona, Espronceda comenz\u00f3 una colaboraci\u00f3n con: <a href=\"https:\/\/lichenis.com\/\">Lichen<\/a>\u00a0es un Laboratorio de Innovaci\u00f3n Social que implementa procesos abiertos de participaci\u00f3n y mediaci\u00f3n ciudadana para crear soluciones innovadoras, inclusivas y comprometidas para enfrentar los grandes desaf\u00edos de la actualidad.<\/p>\r\n\r\n\r\n\r\n\r\n\r\n<p><em>Entre las principales colaboraciones en todo el mundo hay:<\/em><\/p>\r\n<p>En <strong>Barcelona<\/strong> para celebrar el 5\u00ba aniversario de la colaboraci\u00f3n entre Kids-Guernica y Third Paradise y el webinar Art for Change and Peace:<\/p>\r\n<p><iframe loading=\"lazy\" title=\"Art for Change and Peace: Berfore, during and after Coronavirus\" width=\"1170\" height=\"658\" src=\"https:\/\/www.youtube.com\/embed\/vtnPOGfyrjQ?feature=oembed\" frameborder=\"0\" allow=\"accelerometer; autoplay; clipboard-write; encrypted-media; gyroscope; picture-in-picture\" allowfullscreen><\/iframe><\/p>\r\n<p>En <strong>Jap\u00f3n<\/strong> en colaboraci\u00f3n con Kids-Guernica y debates en diferentes ciudades japonesas: <a href=\"http:\/\/journal.cittadellarte.it\/rebirth-terzo-paradiso\/kids-guernica-un-viaggio-intorno-al-mondo-lanciare-messaggi-pace\">\u00abKids&#8217; Guernica, a trip around the world to send messages of peace<\/a> <img loading=\"lazy\" decoding=\"async\" class=\"wp-image-18018 size-full aligncenter\" src=\"https:\/\/www.espronceda.net\/wp-content\/uploads\/2020\/06\/Kids-Guernica-and-Third-Paradise.jpg\" alt=\"\" width=\"1000\" height=\"750\" srcset=\"https:\/\/www.espronceda.net\/wp-content\/uploads\/2020\/06\/Kids-Guernica-and-Third-Paradise.jpg 1000w, https:\/\/www.espronceda.net\/wp-content\/uploads\/2020\/06\/Kids-Guernica-and-Third-Paradise-300x225.jpg 300w, https:\/\/www.espronceda.net\/wp-content\/uploads\/2020\/06\/Kids-Guernica-and-Third-Paradise-768x576.jpg 768w, https:\/\/www.espronceda.net\/wp-content\/uploads\/2020\/06\/Kids-Guernica-and-Third-Paradise-94x70.jpg 94w, https:\/\/www.espronceda.net\/wp-content\/uploads\/2020\/06\/Kids-Guernica-and-Third-Paradise-600x450.jpg 600w, https:\/\/www.espronceda.net\/wp-content\/uploads\/2020\/06\/Kids-Guernica-and-Third-Paradise-900x675.jpg 900w\" sizes=\"auto, (max-width: 1000px) 100vw, 1000px\" \/><\/p>\r\n<p style=\"text-align: right;\"><em>Foto: Museo de la Cultura de Nagasaki, Jap\u00f3n<\/em><\/p>\r\n\r\n\r\n\r\n<p>En <strong>Cuba<\/strong>, una colaboraci\u00f3n con <a href=\"http:\/\/www.tercerparaisocuba.org\/\">Third Paradise Embassy<\/a> de La Habana y <a href=\"https:\/\/www.encatc.org\/en\/events\/detail\/kids-guernica\/\">ENCATC<\/a>.<\/p>\r\n\r\n\r\n\r\n<figure class=\"wp-block-gallery columns-1 is-cropped wp-block-gallery-1 is-layout-flex wp-block-gallery-is-layout-flex\">\r\n<figure><img loading=\"lazy\" decoding=\"async\" width=\"1024\" height=\"690\" class=\"wp-image-17962 aligncenter\" src=\"https:\/\/www.espronceda.net\/wp-content\/uploads\/2020\/06\/Terzo-Paradiso-Cuba-Screen-Shot-2020-06-16-at-18.59.23-1024x690.png\" alt=\"\" data-id=\"17962\" data-full-url=\"https:\/\/www.espronceda.net\/wp-content\/uploads\/2020\/06\/Terzo-Paradiso-Cuba-Screen-Shot-2020-06-16-at-18.59.23.png\" data-link=\"https:\/\/www.espronceda.net\/?attachment_id=17962\" srcset=\"https:\/\/www.espronceda.net\/wp-content\/uploads\/2020\/06\/Terzo-Paradiso-Cuba-Screen-Shot-2020-06-16-at-18.59.23-1024x690.png 1024w, https:\/\/www.espronceda.net\/wp-content\/uploads\/2020\/06\/Terzo-Paradiso-Cuba-Screen-Shot-2020-06-16-at-18.59.23-300x202.png 300w, https:\/\/www.espronceda.net\/wp-content\/uploads\/2020\/06\/Terzo-Paradiso-Cuba-Screen-Shot-2020-06-16-at-18.59.23-768x517.png 768w, https:\/\/www.espronceda.net\/wp-content\/uploads\/2020\/06\/Terzo-Paradiso-Cuba-Screen-Shot-2020-06-16-at-18.59.23-1536x1035.png 1536w, https:\/\/www.espronceda.net\/wp-content\/uploads\/2020\/06\/Terzo-Paradiso-Cuba-Screen-Shot-2020-06-16-at-18.59.23-1280x862.png 1280w, https:\/\/www.espronceda.net\/wp-content\/uploads\/2020\/06\/Terzo-Paradiso-Cuba-Screen-Shot-2020-06-16-at-18.59.23.png 1654w\" sizes=\"auto, (max-width: 1024px) 100vw, 1024px\" \/><\/figure>\r\n<\/figure>\r\n\r\n\r\n\r\n<p>En <strong>Calabria<\/strong>, Lamezia Terme en el taller <a href=\"http:\/\/terzoparadiso.org\/en\/attivita\/arte-ed-educazione-la-scuola-per-il-cambiamento-lamezia-terme\">\u201cArt and Education for a better school\u201d<\/a>, en colaboraci\u00f3n con Third Paradise and Kids-Guernica: https:\/\/www.youtube.com\/watch?v=orivm8rAyl4<\/p>\r\n\r\n\r\n\r\n<p>En <strong>Calabria<\/strong> en la ciudad de Soveria Mannelli para el <a href=\"http:\/\/www.ottoetrenta.it\/cultura-e-spettacolo\/anniversario-hiroshima-e-nagasaki-parte-da-soveria-mannelli-il-festival-della-pace\/\">Peace Festival in the occasion of the Atomic Bomb of Nagasaki and Hiroshima.<\/a><\/p>\r\n\r\n\r\n\r\n\r\n\r\n<p><em>Entre las principales mesas redondas est\u00e1n:<\/em> <strong><a href=\"https:\/\/www.espronceda.net\/roundtable-role-art-social-responsible-change-society-set-12-19h\/\">The role of art for a social and responsible change in society<\/a>. 12\/09\/2017<\/strong> <strong><a href=\"https:\/\/www.espronceda.net\/roundtable-the-best-practice-in-art-and-education-06-03-19h\/\">The Best Practice in Art and Education<\/a>. 06\/03\/2019<\/strong><\/p>\r\n\r\n\r\n\r\n<figure class=\"wp-block-image size-large\"><img loading=\"lazy\" decoding=\"async\" width=\"1024\" height=\"683\" class=\"wp-image-17956 aligncenter\" src=\"https:\/\/www.espronceda.net\/wp-content\/uploads\/2020\/06\/mesa-redonda-best-practice-art-and-education-V2A5673-1024x683.jpg\" alt=\"\" srcset=\"https:\/\/www.espronceda.net\/wp-content\/uploads\/2020\/06\/mesa-redonda-best-practice-art-and-education-V2A5673-1024x683.jpg 1024w, https:\/\/www.espronceda.net\/wp-content\/uploads\/2020\/06\/mesa-redonda-best-practice-art-and-education-V2A5673-300x200.jpg 300w, https:\/\/www.espronceda.net\/wp-content\/uploads\/2020\/06\/mesa-redonda-best-practice-art-and-education-V2A5673-768x512.jpg 768w, https:\/\/www.espronceda.net\/wp-content\/uploads\/2020\/06\/mesa-redonda-best-practice-art-and-education-V2A5673-1536x1024.jpg 1536w, https:\/\/www.espronceda.net\/wp-content\/uploads\/2020\/06\/mesa-redonda-best-practice-art-and-education-V2A5673-1280x853.jpg 1280w, https:\/\/www.espronceda.net\/wp-content\/uploads\/2020\/06\/mesa-redonda-best-practice-art-and-education-V2A5673.jpg 1800w\" sizes=\"auto, (max-width: 1024px) 100vw, 1024px\" \/><\/figure>\r\n\r\n\r\n\r\n<p><strong><a href=\"https:\/\/www.encatc.org\/en\/events\/detail\/roundtable-create-think-transform\/\">Roundtable Create, Think, Transform<\/a>.\u00a0<\/strong><strong>28.08.2018<\/strong><\/p>\r\n\r\n\r\n\r\n\r\n\r\n\r\n\r\n<figure class=\"wp-block-image size-large\"><img loading=\"lazy\" decoding=\"async\" width=\"1024\" height=\"683\" class=\"wp-image-17953\" src=\"https:\/\/www.espronceda.net\/wp-content\/uploads\/2020\/06\/mesa-redonda-Cuba-OA6A7083-1024x683.jpg\" alt=\"\" srcset=\"https:\/\/www.espronceda.net\/wp-content\/uploads\/2020\/06\/mesa-redonda-Cuba-OA6A7083-1024x683.jpg 1024w, https:\/\/www.espronceda.net\/wp-content\/uploads\/2020\/06\/mesa-redonda-Cuba-OA6A7083-300x200.jpg 300w, https:\/\/www.espronceda.net\/wp-content\/uploads\/2020\/06\/mesa-redonda-Cuba-OA6A7083-768x512.jpg 768w, https:\/\/www.espronceda.net\/wp-content\/uploads\/2020\/06\/mesa-redonda-Cuba-OA6A7083.jpg 1200w\" sizes=\"auto, (max-width: 1024px) 100vw, 1024px\" \/><\/figure>\r\n<p>&nbsp;<\/p>\r\n<div>\r\n<div class=\"\" dir=\"ltr\">\r\n<div class=\"\"><em><span class=\"\">Para contactar: Savina Tarsitano, Embajadora de Third Paradise y Coordinadora internacional de Kids-Guernica<\/span><\/em><\/div>\r\n<\/div>\r\n<\/div>\r\n","protected":false},"excerpt":{"rendered":"<p>En Espronceda creemos en la importancia del di\u00e1logo entre cultura, arte y educaci\u00f3n. Parte de nuestras actividades est\u00e1 dedicada a la importancia del arte para un cambio social y sostenible, para la integraci\u00f3n e inclusi\u00f3n social y para la educaci\u00f3n. Estas colaboraciones tuvieron lugar a nivel europeo e internacional, pero tambi\u00e9n a nivel local mientras se organizaban mesas redondas y [&hellip;]<\/p>\n","protected":false},"author":1,"featured_media":0,"parent":0,"menu_order":0,"comment_status":"closed","ping_status":"closed","template":"","meta":{"footnotes":""},"class_list":["post-18098","page","type-page","status-publish","hentry"],"_links":{"self":[{"href":"https:\/\/www.espronceda.net\/es\/wp-json\/wp\/v2\/pages\/18098","targetHints":{"allow":["GET"]}}],"collection":[{"href":"https:\/\/www.espronceda.net\/es\/wp-json\/wp\/v2\/pages"}],"about":[{"href":"https:\/\/www.espronceda.net\/es\/wp-json\/wp\/v2\/types\/page"}],"author":[{"embeddable":true,"href":"https:\/\/www.espronceda.net\/es\/wp-json\/wp\/v2\/users\/1"}],"replies":[{"embeddable":true,"href":"https:\/\/www.espronceda.net\/es\/wp-json\/wp\/v2\/comments?post=18098"}],"version-history":[{"count":4,"href":"https:\/\/www.espronceda.net\/es\/wp-json\/wp\/v2\/pages\/18098\/revisions"}],"predecessor-version":[{"id":19763,"href":"https:\/\/www.espronceda.net\/es\/wp-json\/wp\/v2\/pages\/18098\/revisions\/19763"}],"wp:attachment":[{"href":"https:\/\/www.espronceda.net\/es\/wp-json\/wp\/v2\/media?parent=18098"}],"curies":[{"name":"wp","href":"https:\/\/api.w.org\/{rel}","templated":true}]}}