{"id":19470,"date":"2020-12-14T17:47:25","date_gmt":"2020-12-14T16:47:25","guid":{"rendered":"https:\/\/www.espronceda.net\/?page_id=19470"},"modified":"2020-12-14T17:51:26","modified_gmt":"2020-12-14T16:51:26","slug":"ai4future","status":"publish","type":"page","link":"https:\/\/www.espronceda.net\/es\/proyectos\/ai4future\/","title":{"rendered":"AI4FUTURE"},"content":{"rendered":"<h3><img loading=\"lazy\" decoding=\"async\" class=\"alignleft size-full wp-image-19455\" src=\"https:\/\/www.espronceda.net\/wp-content\/uploads\/2020\/12\/logo_esteso_verticale_VerdeArancio-1.png\" sizes=\"auto, (max-width: 1654px) 100vw, 1654px\" srcset=\"https:\/\/www.espronceda.net\/wp-content\/uploads\/2020\/12\/logo_esteso_verticale_VerdeArancio-1.png 1654w, https:\/\/www.espronceda.net\/wp-content\/uploads\/2020\/12\/logo_esteso_verticale_VerdeArancio-1-300x127.png 300w, https:\/\/www.espronceda.net\/wp-content\/uploads\/2020\/12\/logo_esteso_verticale_VerdeArancio-1-1024x433.png 1024w, https:\/\/www.espronceda.net\/wp-content\/uploads\/2020\/12\/logo_esteso_verticale_VerdeArancio-1-768x325.png 768w, https:\/\/www.espronceda.net\/wp-content\/uploads\/2020\/12\/logo_esteso_verticale_VerdeArancio-1-1536x649.png 1536w, https:\/\/www.espronceda.net\/wp-content\/uploads\/2020\/12\/logo_esteso_verticale_VerdeArancio-1-1280x541.png 1280w\" alt=\"\" width=\"1654\" height=\"699\" \/><\/h3>\n<p>AI4Future es un proyecto de Europa Creativa que involucra a tres pa\u00edses europeos diferentes: Italia, Espa\u00f1a y Holanda. Su objetivo es mejorar la comprensi\u00f3n y la difusi\u00f3n de A.I. tecnolog\u00edas relacionadas para la participaci\u00f3n activa y creativa de j\u00f3venes activistas en la escena cultural europea, permiti\u00e9ndoles trabajar con artistas para la creaci\u00f3n conjunta de una nueva ciudad.<\/p>\n<p>AI4Future es un proyecto de Europa Creativa que involucra a tres pa\u00edses europeos diferentes: Italia, Espa\u00f1a y Holanda. Su objetivo es mejorar la comprensi\u00f3n y la difusi\u00f3n de A.I. tecnolog\u00edas relacionadas para la participaci\u00f3n activa y creativa de j\u00f3venes activistas en la escena cultural europea, permiti\u00e9ndoles trabajar con artistas para la creaci\u00f3n conjunta de una nueva conciencia comunitaria urbana.<\/p>\n<p>El A.I. El enfoque permite el acceso y la interpretaci\u00f3n de los datos para comprender mejor c\u00f3mo funcionan estas nuevas tecnolog\u00edas y descubrir nuevos aspectos de los mecanismos de la sociedad comunitaria. Las nuevas generaciones tendr\u00e1n un papel fundamental en este cambio a medida que vayan madurando y creciendo en el avance de la revoluci\u00f3n tecnol\u00f3gica.<\/p>\n<p>El tema principal de colaboraci\u00f3n entre j\u00f3venes activistas y artistas ser\u00e1 la \u201cmovilidad\u201d, considerado en diferentes significados y diferentes interpretaciones desarrolladas gracias al di\u00e1logo entre los socios. Los significados de movilidad que surgieron son: movilidad mental, fatiga pand\u00e9mica; movilidad social, econ\u00f3mica y pol\u00edtica; movilidad virtual e interactiva, en la que A.I. no es solo una herramienta. Los j\u00f3venes activistas, artistas y legisladores tendr\u00e1n la oportunidad de lidiar con reuniones internacionales, talleres y residencias de artistas.<\/p>\n","protected":false},"excerpt":{"rendered":"<p>AI4Future es un proyecto de Europa Creativa que involucra a tres pa\u00edses europeos diferentes: Italia, Espa\u00f1a y Holanda. Su objetivo es mejorar la comprensi\u00f3n y la difusi\u00f3n de A.I. tecnolog\u00edas relacionadas para la participaci\u00f3n activa y creativa de j\u00f3venes activistas en la escena cultural europea, permiti\u00e9ndoles trabajar con artistas para la creaci\u00f3n conjunta de una nueva ciudad. AI4Future es un [&hellip;]<\/p>\n","protected":false},"author":1,"featured_media":0,"parent":5378,"menu_order":1,"comment_status":"closed","ping_status":"closed","template":"","meta":{"footnotes":""},"class_list":["post-19470","page","type-page","status-publish","hentry"],"_links":{"self":[{"href":"https:\/\/www.espronceda.net\/es\/wp-json\/wp\/v2\/pages\/19470","targetHints":{"allow":["GET"]}}],"collection":[{"href":"https:\/\/www.espronceda.net\/es\/wp-json\/wp\/v2\/pages"}],"about":[{"href":"https:\/\/www.espronceda.net\/es\/wp-json\/wp\/v2\/types\/page"}],"author":[{"embeddable":true,"href":"https:\/\/www.espronceda.net\/es\/wp-json\/wp\/v2\/users\/1"}],"replies":[{"embeddable":true,"href":"https:\/\/www.espronceda.net\/es\/wp-json\/wp\/v2\/comments?post=19470"}],"version-history":[{"count":2,"href":"https:\/\/www.espronceda.net\/es\/wp-json\/wp\/v2\/pages\/19470\/revisions"}],"predecessor-version":[{"id":19476,"href":"https:\/\/www.espronceda.net\/es\/wp-json\/wp\/v2\/pages\/19470\/revisions\/19476"}],"up":[{"embeddable":true,"href":"https:\/\/www.espronceda.net\/es\/wp-json\/wp\/v2\/pages\/5378"}],"wp:attachment":[{"href":"https:\/\/www.espronceda.net\/es\/wp-json\/wp\/v2\/media?parent=19470"}],"curies":[{"name":"wp","href":"https:\/\/api.w.org\/{rel}","templated":true}]}}