{"id":19968,"date":"2021-03-02T13:14:04","date_gmt":"2021-03-02T12:14:04","guid":{"rendered":"https:\/\/www.espronceda.net\/?page_id=19968"},"modified":"2021-03-02T13:14:04","modified_gmt":"2021-03-02T12:14:04","slug":"sustentabilidad","status":"publish","type":"page","link":"https:\/\/www.espronceda.net\/es\/sustentabilidad\/","title":{"rendered":"Sustentabilidad"},"content":{"rendered":"<p>A trav\u00e9s de su trabajo a lo largo de los a\u00f1os, Espronceda se ha comprometido a promover el desarrollo sostenible, es decir, satisfacer las necesidades de las generaciones actuales sin comprometer la capacidad de las generaciones futuras para satisfacer sus propias necesidades, tal como se define en el informe \u00abNuestro futuro com\u00fan\u00bb de 1987, un hito para un desarrollo justo y equitativo en armon\u00eda con nuestro planeta. Desde 2015, siguiendo las l\u00edneas de la Agenda 2030, Espronceda viene impulsando activamente los 17 Objetivos de Desarrollo Sostenible de Naciones Unidas colaborando con instituciones art\u00edsticas, culturales y creativas de todo el mundo para explorar, investigar y difundir el arte como herramienta de cambio social y ambiental. .<\/p>\n<p>Creemos que es necesario cambiar nuestro enfoque redefiniendo nuestra posici\u00f3n en el mundo, para superar el modelo antropoc\u00e9ntrico actual y reescribir nuestro futuro de una manera ecoc\u00e9ntrica y equilibrada. Para nosotros, la investigaci\u00f3n art\u00edstica asume un importante papel educativo en la sensibilizaci\u00f3n, informaci\u00f3n y educaci\u00f3n de la ciudadan\u00eda sobre temas de actualidad, ayud\u00e1ndoles a imaginar soluciones creativas y alternativas efectivas para afrontar la actual crisis ecol\u00f3gica y sist\u00e9mica. El arte puede ayudarnos a comprender la verdadera naturaleza relacional de todos los ecosistemas sociales y ambientales del mundo, y puede sensibilizar a la comunidad global para acciones m\u00e1s conscientes, estimulando la imaginaci\u00f3n para construir futuros positivos en armon\u00eda con todo el Planeta.<\/p>\n<p>Siguiendo esta filosof\u00eda, Espronceda, en muchas de sus actividades, conecta el arte con los tres pilares de la sostenibilidad &#8211; equidad, medio ambiente y econom\u00eda &#8211; a trav\u00e9s de proyectos de investigaci\u00f3n art\u00edstica, exposiciones, seminarios, residencias de artistas y acciones de compromiso c\u00edvico en tres ejes principales:<\/p>\n<h2><\/h2>\n<h2>Arte para la ecolog\u00eda<\/h2>\n<p><a href=\"https:\/\/www.espronceda.net\/el-mar-la-mer\/\">el mar \/ la mer<\/a> by\u00a0Nathalie Rey curated by Olga Sureda<\/p>\n<p><a href=\"https:\/\/www.espronceda.net\/anthropocenic-naturgemalde-by-marta-de-los-pajaros-13-12-19h30\/\">Anthropocenic Naturgem\u00e4lde<\/a> by Marta de los Pajaros<\/p>\n<p class=\"LC20lb DKV0Md\"><a href=\"https:\/\/www.espronceda.net\/veronica-vazquez\/\">T\u00e9chne H.H<\/a> by Ver\u00f3nica V\u00e1zquez<\/p>\n<p><a href=\"https:\/\/www.espronceda.net\/opening-lives-beneath-bianca-kennedy-felix-kraus\/\">The Lives Beneath<\/a> by Bianca Kennedy and Felix Kraus<\/p>\n<p><a href=\"https:\/\/www.espronceda.net\/opening-siderealhuman-architectures-anastasia-kosmadaki-emile-pierret-tuesday-20th-june-19h30\/\">Sidereal\/Human Architectures<\/a> by Anastasia Kosmadaki &amp; Emile Pierret<\/p>\n<p><a href=\"https:\/\/www.espronceda.net\/huella-by-nil-nebot\/\">Huella<\/a> by Nil Nebot<\/p>\n<p>&nbsp;<\/p>\n<h2>Arte y ciencia<\/h2>\n<p><a href=\"https:\/\/www.espronceda.net\/opening-artcosmos-light-honor-international-year-light-established-unesco\/\">ArtCosmos:\u00a0Light<\/a> \u2013 en honor al A\u00f1o Internacional de la Luz establecido por la UNESCO<\/p>\n<p><a href=\"https:\/\/www.espronceda.net\/projects\/act-utopia-lab\/\">Act Utopia Lab<\/a><\/p>\n<p>&nbsp;<\/p>\n<h2><\/h2>\n<h2>Arte y Sociedad<\/h2>\n<p>&nbsp;<\/p>\n<p>&nbsp;<\/p>\n<p>&nbsp;<\/p>\n<p>&nbsp;<\/p>\n<p>&nbsp;<\/p>\n<p>&nbsp;<\/p>\n<p>&nbsp;<\/p>\n<p>&nbsp;<\/p>\n<p><em>\u00abEl arte tiene una misi\u00f3n hist\u00f3rica que se puede ver principalmente en su capacidad de reorientar cr\u00edticamente la experiencia humana\u00bb<\/em><br \/>\n<em>(Pietro Montani, Bioest\u00e9tica. Sentido com\u00fan, t\u00e9cnica y arte en la era de la globalizaci\u00f3n, Carocci, Roma: 2014. p. 82)<\/em><\/p>\n","protected":false},"excerpt":{"rendered":"<p>A trav\u00e9s de su trabajo a lo largo de los a\u00f1os, Espronceda se ha comprometido a promover el desarrollo sostenible, es decir, satisfacer las necesidades de las generaciones actuales sin comprometer la capacidad de las generaciones futuras para satisfacer sus propias necesidades, tal como se define en el informe \u00abNuestro futuro com\u00fan\u00bb de 1987, un hito para un desarrollo justo [&hellip;]<\/p>\n","protected":false},"author":1,"featured_media":0,"parent":0,"menu_order":0,"comment_status":"closed","ping_status":"closed","template":"","meta":{"footnotes":""},"class_list":["post-19968","page","type-page","status-publish","hentry"],"_links":{"self":[{"href":"https:\/\/www.espronceda.net\/es\/wp-json\/wp\/v2\/pages\/19968","targetHints":{"allow":["GET"]}}],"collection":[{"href":"https:\/\/www.espronceda.net\/es\/wp-json\/wp\/v2\/pages"}],"about":[{"href":"https:\/\/www.espronceda.net\/es\/wp-json\/wp\/v2\/types\/page"}],"author":[{"embeddable":true,"href":"https:\/\/www.espronceda.net\/es\/wp-json\/wp\/v2\/users\/1"}],"replies":[{"embeddable":true,"href":"https:\/\/www.espronceda.net\/es\/wp-json\/wp\/v2\/comments?post=19968"}],"version-history":[{"count":1,"href":"https:\/\/www.espronceda.net\/es\/wp-json\/wp\/v2\/pages\/19968\/revisions"}],"predecessor-version":[{"id":19969,"href":"https:\/\/www.espronceda.net\/es\/wp-json\/wp\/v2\/pages\/19968\/revisions\/19969"}],"wp:attachment":[{"href":"https:\/\/www.espronceda.net\/es\/wp-json\/wp\/v2\/media?parent=19968"}],"curies":[{"name":"wp","href":"https:\/\/api.w.org\/{rel}","templated":true}]}}