{"id":21353,"date":"2021-09-18T12:51:59","date_gmt":"2021-09-18T10:51:59","guid":{"rendered":"https:\/\/www.espronceda.net\/?page_id=21353"},"modified":"2023-04-08T02:09:04","modified_gmt":"2023-04-08T00:09:04","slug":"b-mural-prize","status":"publish","type":"page","link":"https:\/\/www.espronceda.net\/es\/b-mural-prize\/","title":{"rendered":"B-Mural Prize"},"content":{"rendered":"<p><img loading=\"lazy\" decoding=\"async\" class=\"wp-image-21354 aligncenter\" src=\"https:\/\/www.espronceda.net\/wp-content\/uploads\/2021\/09\/Flowers-Shadow-Sm.jpeg\" alt=\"\" width=\"345\" height=\"409\" srcset=\"https:\/\/www.espronceda.net\/wp-content\/uploads\/2021\/09\/Flowers-Shadow-Sm.jpeg 658w, https:\/\/www.espronceda.net\/wp-content\/uploads\/2021\/09\/Flowers-Shadow-Sm-253x300.jpeg 253w\" sizes=\"auto, (max-width: 345px) 100vw, 345px\" \/><\/p>\n<p>&nbsp;<\/p>\n<p>&nbsp;<\/p>\n<p>B-MURALS colabora con el Instituto de Arte y Cultura ESPRONCEDA, para acoger, apoyar y presentar una rica variedad de artistas de todo el mundo. Entre el 20 de septiembre y el 23 de octubre de 2021 acoger\u00e1n a la artista Emily Jo Eldridge como parte del programa MICRO-RESIDENCIA en B-MURALS.<\/p>\n<p>&nbsp;<\/p>\n<p>Acerca del programa de MICRO-RESIDENCIAS en B-MURALS<\/p>\n<p>Situado en Nau Bostik, un complejo industrial reconvertido en un floreciente centro cultural, B-MURALS apoya a los artistas que dialogan con el espacio p\u00fablico. B-MURALS ofrece un espacio con capacidad para acoger a 2 artistas para realizar trabajos de estudio. Estas MICRO-RESIDENCIAS se centran en proyectos a corto y medio plazo (entre 2 y 6 meses, prorrogables).<\/p>\n<p>&nbsp;<\/p>\n<p><b>El Artista<\/b><\/p>\n<p><b><img loading=\"lazy\" decoding=\"async\" class=\"alignleft wp-image-21357\" src=\"https:\/\/www.espronceda.net\/wp-content\/uploads\/2021\/09\/Emily_Eldridge_Photo1-1024x768.jpeg\" alt=\"\" width=\"463\" height=\"347\" srcset=\"https:\/\/www.espronceda.net\/wp-content\/uploads\/2021\/09\/Emily_Eldridge_Photo1-1024x768.jpeg 1024w, https:\/\/www.espronceda.net\/wp-content\/uploads\/2021\/09\/Emily_Eldridge_Photo1-300x225.jpeg 300w, https:\/\/www.espronceda.net\/wp-content\/uploads\/2021\/09\/Emily_Eldridge_Photo1-768x576.jpeg 768w, https:\/\/www.espronceda.net\/wp-content\/uploads\/2021\/09\/Emily_Eldridge_Photo1-94x70.jpeg 94w, https:\/\/www.espronceda.net\/wp-content\/uploads\/2021\/09\/Emily_Eldridge_Photo1-600x450.jpeg 600w, https:\/\/www.espronceda.net\/wp-content\/uploads\/2021\/09\/Emily_Eldridge_Photo1-900x675.jpeg 900w, https:\/\/www.espronceda.net\/wp-content\/uploads\/2021\/09\/Emily_Eldridge_Photo1-1280x960.jpeg 1280w, https:\/\/www.espronceda.net\/wp-content\/uploads\/2021\/09\/Emily_Eldridge_Photo1.jpeg 1417w\" sizes=\"auto, (max-width: 463px) 100vw, 463px\" \/><\/b><\/p>\n<p>El trabajo de Emily Jo Eldridge abarca una gran variedad de medios, desde murales hasta arte callejero, ilustraci\u00f3n editorial, dise\u00f1o gr\u00e1fico, carteles de ne\u00f3n y mucho m\u00e1s. Durante su estancia en B-MURALS planea profundizar en su proceso creativo y crear un cuerpo de trabajo que gira en torno a su propia exploraci\u00f3n continua de la figura femenina, los aspectos de su vida cotidiana, sus pensamientos, historias, rompecorazones, desventuras de Tinder, amistades, modas, pasiones, sue\u00f1os y mucho m\u00e1s.<\/p>\n<p>&nbsp;<\/p>\n<p>&nbsp;<\/p>\n<p>&nbsp;<\/p>\n<p>&nbsp;<\/p>\n<p>&nbsp;<\/p>\n<p>&nbsp;<\/p>\n<p>&nbsp;<\/p>\n<p>&nbsp;<\/p>\n<p><img loading=\"lazy\" decoding=\"async\" class=\"alignleft size-large wp-image-21360\" src=\"https:\/\/www.espronceda.net\/wp-content\/uploads\/2021\/09\/Paisaje-1-768x1024.jpeg\" alt=\"\" width=\"768\" height=\"1024\" srcset=\"https:\/\/www.espronceda.net\/wp-content\/uploads\/2021\/09\/Paisaje-1-768x1024.jpeg 768w, https:\/\/www.espronceda.net\/wp-content\/uploads\/2021\/09\/Paisaje-1-225x300.jpeg 225w, https:\/\/www.espronceda.net\/wp-content\/uploads\/2021\/09\/Paisaje-1-1152x1536.jpeg 1152w, https:\/\/www.espronceda.net\/wp-content\/uploads\/2021\/09\/Paisaje-1-1536x2048.jpeg 1536w, https:\/\/www.espronceda.net\/wp-content\/uploads\/2021\/09\/Paisaje-1-1280x1707.jpeg 1280w, https:\/\/www.espronceda.net\/wp-content\/uploads\/2021\/09\/Paisaje-1-scaled.jpeg 1920w\" sizes=\"auto, (max-width: 768px) 100vw, 768px\" \/> <img loading=\"lazy\" decoding=\"async\" class=\"alignleft size-large wp-image-21363\" src=\"https:\/\/www.espronceda.net\/wp-content\/uploads\/2021\/09\/Torstrasse-Final-3-768x1024.jpeg\" alt=\"\" width=\"768\" height=\"1024\" srcset=\"https:\/\/www.espronceda.net\/wp-content\/uploads\/2021\/09\/Torstrasse-Final-3-768x1024.jpeg 768w, https:\/\/www.espronceda.net\/wp-content\/uploads\/2021\/09\/Torstrasse-Final-3-225x300.jpeg 225w, https:\/\/www.espronceda.net\/wp-content\/uploads\/2021\/09\/Torstrasse-Final-3-1152x1536.jpeg 1152w, https:\/\/www.espronceda.net\/wp-content\/uploads\/2021\/09\/Torstrasse-Final-3-1536x2048.jpeg 1536w, https:\/\/www.espronceda.net\/wp-content\/uploads\/2021\/09\/Torstrasse-Final-3-1280x1706.jpeg 1280w, https:\/\/www.espronceda.net\/wp-content\/uploads\/2021\/09\/Torstrasse-Final-3-scaled.jpeg 1920w\" sizes=\"auto, (max-width: 768px) 100vw, 768px\" \/> <img loading=\"lazy\" decoding=\"async\" class=\"alignleft size-large wp-image-21366\" src=\"https:\/\/www.espronceda.net\/wp-content\/uploads\/2021\/09\/Eberswalder-Final-5-813x1024.jpeg\" alt=\"\" width=\"813\" height=\"1024\" srcset=\"https:\/\/www.espronceda.net\/wp-content\/uploads\/2021\/09\/Eberswalder-Final-5-813x1024.jpeg 813w, https:\/\/www.espronceda.net\/wp-content\/uploads\/2021\/09\/Eberswalder-Final-5-238x300.jpeg 238w, https:\/\/www.espronceda.net\/wp-content\/uploads\/2021\/09\/Eberswalder-Final-5-768x967.jpeg 768w, https:\/\/www.espronceda.net\/wp-content\/uploads\/2021\/09\/Eberswalder-Final-5-1220x1536.jpeg 1220w, https:\/\/www.espronceda.net\/wp-content\/uploads\/2021\/09\/Eberswalder-Final-5-1627x2048.jpeg 1627w, https:\/\/www.espronceda.net\/wp-content\/uploads\/2021\/09\/Eberswalder-Final-5-1280x1611.jpeg 1280w, https:\/\/www.espronceda.net\/wp-content\/uploads\/2021\/09\/Eberswalder-Final-5-scaled.jpeg 2034w\" sizes=\"auto, (max-width: 813px) 100vw, 813px\" \/><\/p>\n<p>&nbsp;<\/p>\n<p>&nbsp;<\/p>\n","protected":false},"excerpt":{"rendered":"<p>&nbsp; &nbsp; B-MURALS colabora con el Instituto de Arte y Cultura ESPRONCEDA, para acoger, apoyar y presentar una rica variedad de artistas de todo el mundo. Entre el 20 de septiembre y el 23 de octubre de 2021 acoger\u00e1n a la artista Emily Jo Eldridge como parte del programa MICRO-RESIDENCIA en B-MURALS. &nbsp; Acerca del programa de MICRO-RESIDENCIAS en B-MURALS [&hellip;]<\/p>\n","protected":false},"author":1,"featured_media":0,"parent":0,"menu_order":0,"comment_status":"closed","ping_status":"closed","template":"","meta":{"footnotes":""},"class_list":["post-21353","page","type-page","status-publish","hentry"],"_links":{"self":[{"href":"https:\/\/www.espronceda.net\/es\/wp-json\/wp\/v2\/pages\/21353","targetHints":{"allow":["GET"]}}],"collection":[{"href":"https:\/\/www.espronceda.net\/es\/wp-json\/wp\/v2\/pages"}],"about":[{"href":"https:\/\/www.espronceda.net\/es\/wp-json\/wp\/v2\/types\/page"}],"author":[{"embeddable":true,"href":"https:\/\/www.espronceda.net\/es\/wp-json\/wp\/v2\/users\/1"}],"replies":[{"embeddable":true,"href":"https:\/\/www.espronceda.net\/es\/wp-json\/wp\/v2\/comments?post=21353"}],"version-history":[{"count":3,"href":"https:\/\/www.espronceda.net\/es\/wp-json\/wp\/v2\/pages\/21353\/revisions"}],"predecessor-version":[{"id":25354,"href":"https:\/\/www.espronceda.net\/es\/wp-json\/wp\/v2\/pages\/21353\/revisions\/25354"}],"wp:attachment":[{"href":"https:\/\/www.espronceda.net\/es\/wp-json\/wp\/v2\/media?parent=21353"}],"curies":[{"name":"wp","href":"https:\/\/api.w.org\/{rel}","templated":true}]}}