{"id":21733,"date":"2021-10-29T13:42:11","date_gmt":"2021-10-29T11:42:11","guid":{"rendered":"https:\/\/www.espronceda.net\/?page_id=21733"},"modified":"2023-04-08T01:51:20","modified_gmt":"2023-04-07T23:51:20","slug":"drap-art","status":"publish","type":"page","link":"https:\/\/www.espronceda.net\/es\/drap-art\/","title":{"rendered":"Drap-Art"},"content":{"rendered":"<div><img loading=\"lazy\" decoding=\"async\" class=\"aligncenter size-medium wp-image-21719\" src=\"https:\/\/www.espronceda.net\/wp-content\/uploads\/2021\/10\/DrapArt21_RGB_Logo_regular-1-300x252.png\" alt=\"\" width=\"300\" height=\"252\" srcset=\"https:\/\/www.espronceda.net\/wp-content\/uploads\/2021\/10\/DrapArt21_RGB_Logo_regular-1-300x252.png 300w, https:\/\/www.espronceda.net\/wp-content\/uploads\/2021\/10\/DrapArt21_RGB_Logo_regular-1-1024x861.png 1024w, https:\/\/www.espronceda.net\/wp-content\/uploads\/2021\/10\/DrapArt21_RGB_Logo_regular-1-768x646.png 768w, https:\/\/www.espronceda.net\/wp-content\/uploads\/2021\/10\/DrapArt21_RGB_Logo_regular-1-1536x1292.png 1536w, https:\/\/www.espronceda.net\/wp-content\/uploads\/2021\/10\/DrapArt21_RGB_Logo_regular-1-2048x1722.png 2048w, https:\/\/www.espronceda.net\/wp-content\/uploads\/2021\/10\/DrapArt21_RGB_Logo_regular-1-1280x1076.png 1280w\" sizes=\"auto, (max-width: 300px) 100vw, 300px\" \/><\/div>\n<div><\/div>\n<div>El Festival Internacional de Arte Sostenible de Catalu\u00f1a celebra su 25\u00aa edici\u00f3n y nos complace anunciar nuestra colaboraci\u00f3n con Drap-art en este proyecto con un programa muy especial dentro del \u00e1mbito del arte sostenible, con pioneros del arte contempor\u00e1neo y figuras destacadas del arte urbano, aparte de \u00a0una gran selecci\u00f3n de artistas contempor\u00e1neos y proyectos emergentes.<\/div>\n<div><\/div>\n<div><\/div>\n<div><b>Del 18 de noviembre al 21 de diciembre de 2021<\/b>\u00a0el centro de Barcelona ser\u00e1 inundado por muestras y exposiciones de artistas pioneros del arte ambiental como Michelangelo Pistoletto, y tambi\u00e9n se contar\u00e1 con los comisarios Savina Tarsitano y Saverio Teruzzi para el Rebirth Day, co-organizado con Cittadellarte \u2013 Fundaci\u00f3n Pistoletto.<\/div>\n<div><\/div>\n<div><\/div>\n<div>\u00a0Un recorrido cultural por el barrio G\u00f2tic de Barcelona con exposiciones de obras de arte urbano y contempor\u00e1neo, muestra las infinitas posibilidades del reciclaje creativo y el uso de objetos trouv\u00e9s para reflexionar sobre la relaci\u00f3n entre arte y sostenibilidad y el potencial del \u00a0arte como herramienta de transformaci\u00f3n social.<\/div>\n<div><\/div>\n<div><\/div>\n<div>Drap-Art ha crecido y se ha enriquecido gracias a la participaci\u00f3n de Fousion Gallery, el Real C\u00edrculo Art\u00edstico, Villa del Arte Galleries, el Centro de Artesan\u00eda de Catalu\u00f1a y la Sala Peligro, as\u00ed como la Facultad de Bellas Artes de la Universidad \u00a0de Barcelona. \u00a0Es esperanzador ver el gran n\u00famero de artistas, colectivos y organizaciones que Drap-Art aglutina en todo el mundo y nos se\u00f1ala un nuevo camino.<\/div>\n<div><\/div>\n<div><\/div>\n","protected":false},"excerpt":{"rendered":"<p>El Festival Internacional de Arte Sostenible de Catalu\u00f1a celebra su 25\u00aa edici\u00f3n y nos complace anunciar nuestra colaboraci\u00f3n con Drap-art en este proyecto con un programa muy especial dentro del \u00e1mbito del arte sostenible, con pioneros del arte contempor\u00e1neo y figuras destacadas del arte urbano, aparte de \u00a0una gran selecci\u00f3n de artistas contempor\u00e1neos y proyectos emergentes. Del 18 de noviembre [&hellip;]<\/p>\n","protected":false},"author":1,"featured_media":0,"parent":0,"menu_order":0,"comment_status":"closed","ping_status":"closed","template":"","meta":{"footnotes":""},"class_list":["post-21733","page","type-page","status-publish","hentry"],"_links":{"self":[{"href":"https:\/\/www.espronceda.net\/es\/wp-json\/wp\/v2\/pages\/21733","targetHints":{"allow":["GET"]}}],"collection":[{"href":"https:\/\/www.espronceda.net\/es\/wp-json\/wp\/v2\/pages"}],"about":[{"href":"https:\/\/www.espronceda.net\/es\/wp-json\/wp\/v2\/types\/page"}],"author":[{"embeddable":true,"href":"https:\/\/www.espronceda.net\/es\/wp-json\/wp\/v2\/users\/1"}],"replies":[{"embeddable":true,"href":"https:\/\/www.espronceda.net\/es\/wp-json\/wp\/v2\/comments?post=21733"}],"version-history":[{"count":1,"href":"https:\/\/www.espronceda.net\/es\/wp-json\/wp\/v2\/pages\/21733\/revisions"}],"predecessor-version":[{"id":21734,"href":"https:\/\/www.espronceda.net\/es\/wp-json\/wp\/v2\/pages\/21733\/revisions\/21734"}],"wp:attachment":[{"href":"https:\/\/www.espronceda.net\/es\/wp-json\/wp\/v2\/media?parent=21733"}],"curies":[{"name":"wp","href":"https:\/\/api.w.org\/{rel}","templated":true}]}}