{"id":21758,"date":"2021-10-29T14:39:15","date_gmt":"2021-10-29T12:39:15","guid":{"rendered":"https:\/\/www.espronceda.net\/?page_id=21758"},"modified":"2022-01-13T13:53:27","modified_gmt":"2022-01-13T12:53:27","slug":"the-salon-of-espronceda","status":"publish","type":"page","link":"https:\/\/www.espronceda.net\/es\/the-salon-of-espronceda\/","title":{"rendered":"The Salon of Espronceda"},"content":{"rendered":"<p><img loading=\"lazy\" decoding=\"async\" class=\"aligncenter wp-image-20399\" src=\"https:\/\/www.espronceda.net\/wp-content\/uploads\/2021\/04\/Copy-of-The-Salon-of-Espronceda--1024x577.png\" alt=\"\" width=\"800\" height=\"451\" srcset=\"https:\/\/www.espronceda.net\/wp-content\/uploads\/2021\/04\/Copy-of-The-Salon-of-Espronceda--1024x577.png 1024w, https:\/\/www.espronceda.net\/wp-content\/uploads\/2021\/04\/Copy-of-The-Salon-of-Espronceda--300x169.png 300w, https:\/\/www.espronceda.net\/wp-content\/uploads\/2021\/04\/Copy-of-The-Salon-of-Espronceda--768x433.png 768w, https:\/\/www.espronceda.net\/wp-content\/uploads\/2021\/04\/Copy-of-The-Salon-of-Espronceda--1536x865.png 1536w, https:\/\/www.espronceda.net\/wp-content\/uploads\/2021\/04\/Copy-of-The-Salon-of-Espronceda--1280x720.png 1280w, https:\/\/www.espronceda.net\/wp-content\/uploads\/2021\/04\/Copy-of-The-Salon-of-Espronceda-.png 1640w\" sizes=\"auto, (max-width: 800px) 100vw, 800px\" \/><\/p>\n<p>&nbsp;<\/p>\n<p>El proyecto Sal\u00f3n de Espronceda &#8211; Charla con Invitado Especial surge de la necesidad de conectar personas en los campos del arte, la cultura, la literatura, la educaci\u00f3n, la ciencia, la pol\u00edtica, en un per\u00edodo dif\u00edcil de movimiento, de movimiento. La pandemia y Covid nos ha llevado a una profunda reflexi\u00f3n sobre c\u00f3mo estar juntos aunque sea distante, sobre c\u00f3mo seguir dialogando juntos aunque sea distante. De ah\u00ed la idea de crear el sal\u00f3n Espronceda, un rinc\u00f3n dedicado cada vez a un Invitado Especial, para dialogar juntos sobre arte, cultura, pol\u00edtica, econom\u00eda y m\u00e1s, siempre en conexi\u00f3n con el arte. La muestra est\u00e1 abierta a j\u00f3venes y expertos con a\u00f1os de experiencia para comparar tambi\u00e9n las diferentes generaciones, explorando juntos diferentes temas desde diferentes puntos de vista.<\/p>\n<p>El objetivo principal es tambi\u00e9n conectar a la comunidad local con la comunidad internacional con una visi\u00f3n de la mejor pr\u00e1ctica de arte contempor\u00e1neo en el mundo a trav\u00e9s de culturas y pa\u00edses. El Sal\u00f3n tambi\u00e9n estar\u00e1 dedicado a la presentaci\u00f3n de libros, m\u00fasica, un momento literario que combina con la belleza de las artes visuales. De esta manera, tratamos de conectar personas y pa\u00edses, al tratar diferentes temas, y tal vez creando nuevas colaboraciones o networking.<\/p>\n<p>Los diferentes Invitados Especiales ser\u00e1n artistas, comisarios, gestores culturales, escritores, poetas, de diferentes pa\u00edses, diferentes edades e instituciones. Una sesi\u00f3n estar\u00e1 dedicada a la generaci\u00f3n joven con sus pr\u00f3ximos nuevos proyectos en diferentes campos y de nuestros socios y colaboradores. El proyecto se organizar\u00e1 de forma h\u00edbrida, desde virtual y presencial en Barcelona en ESPRONCEDA &#8211; Instituto de Arte y Cultura. Los temas cubrir\u00e1n: cambio social, diplomacia cultural, el papel del artista, residencia art\u00edstica, poes\u00eda y literatura, educaci\u00f3n, sustentabilidad, ciencia, justicia social, educaci\u00f3n y m\u00e1s.<\/p>\n<p>El Sal\u00f3n de Espronceda ha recibido el Sello ENCATC (Red Europea de Pol\u00edtica y Gesti\u00f3n Cultural)<\/p>\n<p>&nbsp;<\/p>\n<p>Responsable y creadora del proyecto Savina Tarsitano, artista y cofundadora de Espronceda.<\/p>\n<h1><\/h1>\n<h3><a href=\"https:\/\/www.espronceda.net\/urban-art-and-society-presentation-of-b-murales-espronceda-art-prize\/\"><img loading=\"lazy\" decoding=\"async\" class=\"wp-image-22159 size-medium alignleft\" src=\"https:\/\/www.espronceda.net\/wp-content\/uploads\/2022\/01\/269602769_2085610248264774_9173566753699408662_n-300x169.jpg\" alt=\"\" width=\"300\" height=\"169\" srcset=\"https:\/\/www.espronceda.net\/wp-content\/uploads\/2022\/01\/269602769_2085610248264774_9173566753699408662_n-300x169.jpg 300w, https:\/\/www.espronceda.net\/wp-content\/uploads\/2022\/01\/269602769_2085610248264774_9173566753699408662_n-1024x577.jpg 1024w, https:\/\/www.espronceda.net\/wp-content\/uploads\/2022\/01\/269602769_2085610248264774_9173566753699408662_n-768x433.jpg 768w, https:\/\/www.espronceda.net\/wp-content\/uploads\/2022\/01\/269602769_2085610248264774_9173566753699408662_n-1536x865.jpg 1536w, https:\/\/www.espronceda.net\/wp-content\/uploads\/2022\/01\/269602769_2085610248264774_9173566753699408662_n-1280x720.jpg 1280w, https:\/\/www.espronceda.net\/wp-content\/uploads\/2022\/01\/269602769_2085610248264774_9173566753699408662_n.jpg 1640w\" sizes=\"auto, (max-width: 300px) 100vw, 300px\" \/><\/a><a href=\"https:\/\/www.espronceda.net\/urban-art-and-society-presentation-of-b-murales-espronceda-art-prize\/\"><img loading=\"lazy\" decoding=\"async\" class=\"wp-image-22156 size-medium alignleft\" src=\"https:\/\/www.espronceda.net\/wp-content\/uploads\/2022\/01\/WhatsApp-Image-2021-12-20-at-3.38.25-PM-300x169.jpeg\" alt=\"\" width=\"300\" height=\"169\" srcset=\"https:\/\/www.espronceda.net\/wp-content\/uploads\/2022\/01\/WhatsApp-Image-2021-12-20-at-3.38.25-PM-300x169.jpeg 300w, https:\/\/www.espronceda.net\/wp-content\/uploads\/2022\/01\/WhatsApp-Image-2021-12-20-at-3.38.25-PM-1024x577.jpeg 1024w, https:\/\/www.espronceda.net\/wp-content\/uploads\/2022\/01\/WhatsApp-Image-2021-12-20-at-3.38.25-PM-768x432.jpeg 768w, https:\/\/www.espronceda.net\/wp-content\/uploads\/2022\/01\/WhatsApp-Image-2021-12-20-at-3.38.25-PM-1536x865.jpeg 1536w, https:\/\/www.espronceda.net\/wp-content\/uploads\/2022\/01\/WhatsApp-Image-2021-12-20-at-3.38.25-PM-1280x720.jpeg 1280w, https:\/\/www.espronceda.net\/wp-content\/uploads\/2022\/01\/WhatsApp-Image-2021-12-20-at-3.38.25-PM.jpeg 1600w\" sizes=\"auto, (max-width: 300px) 100vw, 300px\" \/><\/a><\/h3>\n<h3>Episode 6 &#8211; Drapart Festival International de Arte Sostenible de Cataluna<\/h3>\n<div class=\"kvgmc6g5 cxmmr5t8 oygrvhab hcukyx3x c1et5uql\">Hoy en el Sal\u00f3n de Espronceda 6\u00ba Episodio, Savina Tarsitano estar\u00e1 conversando con dos invitados diferentes. En el tema de Arte y Sostenibilidad, recibir\u00e1 a Marlena Scalise, fundadora de Riscarti. Adem\u00e1s, celebrando el momento en el que participamos en el Drap art festival, Savina conversa con Tanja Grass, fundadora de DrapArt Festival, en una charla que no te puedes perder.<\/div>\n<h3><\/h3>\n<p>&nbsp;<\/p>\n<h3><a href=\"https:\/\/www.espronceda.net\/urban-art-and-society-presentation-of-b-murales-espronceda-art-prize\/\"><img loading=\"lazy\" decoding=\"async\" class=\"wp-image-22074 size-medium alignleft\" src=\"https:\/\/www.espronceda.net\/wp-content\/uploads\/2021\/12\/WhatsApp-Image-2021-12-11-at-1.40.50-PM-300x169.jpeg\" alt=\"\" width=\"300\" height=\"169\" srcset=\"https:\/\/www.espronceda.net\/wp-content\/uploads\/2021\/12\/WhatsApp-Image-2021-12-11-at-1.40.50-PM-300x169.jpeg 300w, https:\/\/www.espronceda.net\/wp-content\/uploads\/2021\/12\/WhatsApp-Image-2021-12-11-at-1.40.50-PM-1024x577.jpeg 1024w, https:\/\/www.espronceda.net\/wp-content\/uploads\/2021\/12\/WhatsApp-Image-2021-12-11-at-1.40.50-PM-768x432.jpeg 768w, https:\/\/www.espronceda.net\/wp-content\/uploads\/2021\/12\/WhatsApp-Image-2021-12-11-at-1.40.50-PM-1536x865.jpeg 1536w, https:\/\/www.espronceda.net\/wp-content\/uploads\/2021\/12\/WhatsApp-Image-2021-12-11-at-1.40.50-PM-1280x720.jpeg 1280w, https:\/\/www.espronceda.net\/wp-content\/uploads\/2021\/12\/WhatsApp-Image-2021-12-11-at-1.40.50-PM.jpeg 1600w\" sizes=\"auto, (max-width: 300px) 100vw, 300px\" \/><\/a><a href=\"https:\/\/www.espronceda.net\/episode-5-guernica-remakings-connecting-through-making\/\">Episode 5 &#8211; Guernica Remakings, connecting through making<\/a><\/h3>\n<h4>La Dra. Nicola Ashmore ha trabajado en la Universidad de Brighton en el Reino Unido desde 2007. Su investigaci\u00f3n postdoctoral ha cambiado la comprensi\u00f3n del valor del Guernica de Pablo Picasso a trav\u00e9s de la investigaci\u00f3n de su traducci\u00f3n colectiva a trav\u00e9s de una serie de reelaboraciones internacionales del siglo XXI. La importancia internacional de esta investigaci\u00f3n ha sido reconocida a trav\u00e9s de tres premios del Consejo de Investigaci\u00f3n de Artes y Humanidades del Reino Unido, Global Challenges Research Fund.<\/h4>\n<h1><\/h1>\n<p>&nbsp;<\/p>\n<p>&nbsp;<\/p>\n<h3><a href=\"https:\/\/www.espronceda.net\/episode-1-the-salon-of-espronceda-talk-with-a-special-guest\/\"><img loading=\"lazy\" decoding=\"async\" class=\"wp-image-21751 size-medium alignleft\" src=\"https:\/\/www.espronceda.net\/wp-content\/uploads\/2021\/10\/Copy-of-The-Salon-of-Espronceda-1-1-300x169.png\" alt=\"\" width=\"300\" height=\"169\" srcset=\"https:\/\/www.espronceda.net\/wp-content\/uploads\/2021\/10\/Copy-of-The-Salon-of-Espronceda-1-1-300x169.png 300w, https:\/\/www.espronceda.net\/wp-content\/uploads\/2021\/10\/Copy-of-The-Salon-of-Espronceda-1-1-1024x577.png 1024w, https:\/\/www.espronceda.net\/wp-content\/uploads\/2021\/10\/Copy-of-The-Salon-of-Espronceda-1-1-768x433.png 768w, https:\/\/www.espronceda.net\/wp-content\/uploads\/2021\/10\/Copy-of-The-Salon-of-Espronceda-1-1-1536x865.png 1536w, https:\/\/www.espronceda.net\/wp-content\/uploads\/2021\/10\/Copy-of-The-Salon-of-Espronceda-1-1-1280x720.png 1280w, https:\/\/www.espronceda.net\/wp-content\/uploads\/2021\/10\/Copy-of-The-Salon-of-Espronceda-1-1.png 1640w\" sizes=\"auto, (max-width: 300px) 100vw, 300px\" \/><\/a><a href=\"https:\/\/www.espronceda.net\/webminar-towards-contemporary-art-for-sustainable-villages\/\">Episode 4 &#8211; \u00a0<span class=\"JsGRdQ\">Transforming communities through urban art<\/span><\/a><\/h3>\n<h4 class=\"_04xlpA direction-ltr align-start para-style-body\">La charla versar\u00e1 sobre la importancia de la colaboraci\u00f3n creativa, tanto para el artista como para las galer\u00edas contempor\u00e1neas, y c\u00f3mo se incluye el arte urbano en este escenario. Tambi\u00e9n comentando la importancia de las residencias art\u00edsticas para el desarrollo de los artistas y los cambios post-covid.<\/h4>\n<p>&nbsp;<\/p>\n<h1><\/h1>\n<p>&nbsp;<\/p>\n<p>&nbsp;<\/p>\n<h3><a href=\"https:\/\/www.espronceda.net\/episode-1-the-salon-of-espronceda-talk-with-a-special-guest\/\"><img loading=\"lazy\" decoding=\"async\" class=\"alignleft wp-image-20777 size-medium\" src=\"https:\/\/www.espronceda.net\/wp-content\/uploads\/2021\/06\/Towards-Contemporary-Art-for-Sustainable-Villages-212x300.png\" alt=\"\" width=\"212\" height=\"300\" srcset=\"https:\/\/www.espronceda.net\/wp-content\/uploads\/2021\/06\/Towards-Contemporary-Art-for-Sustainable-Villages-212x300.png 212w, https:\/\/www.espronceda.net\/wp-content\/uploads\/2021\/06\/Towards-Contemporary-Art-for-Sustainable-Villages-724x1024.png 724w, https:\/\/www.espronceda.net\/wp-content\/uploads\/2021\/06\/Towards-Contemporary-Art-for-Sustainable-Villages-768x1086.png 768w, https:\/\/www.espronceda.net\/wp-content\/uploads\/2021\/06\/Towards-Contemporary-Art-for-Sustainable-Villages-1086x1536.png 1086w, https:\/\/www.espronceda.net\/wp-content\/uploads\/2021\/06\/Towards-Contemporary-Art-for-Sustainable-Villages-1448x2048.png 1448w, https:\/\/www.espronceda.net\/wp-content\/uploads\/2021\/06\/Towards-Contemporary-Art-for-Sustainable-Villages-1280x1811.png 1280w, https:\/\/www.espronceda.net\/wp-content\/uploads\/2021\/06\/Towards-Contemporary-Art-for-Sustainable-Villages.png 1587w\" sizes=\"auto, (max-width: 212px) 100vw, 212px\" \/><\/a><a href=\"https:\/\/www.espronceda.net\/webminar-towards-contemporary-art-for-sustainable-villages\/\">Episode 3 &#8211; <em>Towards contemporary Art for Sustainable Villages\u00a0<\/em><\/a><\/h3>\n<h4 class=\"_04xlpA direction-ltr align-start para-style-body\">Los artistas de Asia y Europa se unieron para reflexionar y explorar las mejores soluciones sostenibles y creativas para los pueblos y la poblaci\u00f3n con una investigaci\u00f3n comparativa en pueblos de Europa y Asia. Los fundadores del proyecto investigar\u00e1n sobre el impacto del arte contempor\u00e1neo en el desarrollo sostenible de los pueblos y sobre el papel de los artistas en el proceso de cambio, el di\u00e1logo con la comunidad local para encontrar soluciones creativas y sostenibles.<\/h4>\n<p>&nbsp;<\/p>\n<h1><\/h1>\n<p>&nbsp;<\/p>\n<p>&nbsp;<\/p>\n<h3><a href=\"https:\/\/www.espronceda.net\/episode-1-the-salon-of-espronceda-talk-with-a-special-guest\/\"><img loading=\"lazy\" decoding=\"async\" class=\"alignleft wp-image-20783 size-medium\" src=\"https:\/\/www.espronceda.net\/wp-content\/uploads\/2021\/06\/Copy-of-Copy-of-The-Salon-of-Espronceda--300x300.png\" alt=\"\" width=\"300\" height=\"300\" srcset=\"https:\/\/www.espronceda.net\/wp-content\/uploads\/2021\/06\/Copy-of-Copy-of-The-Salon-of-Espronceda--300x300.png 300w, https:\/\/www.espronceda.net\/wp-content\/uploads\/2021\/06\/Copy-of-Copy-of-The-Salon-of-Espronceda--1024x1024.png 1024w, https:\/\/www.espronceda.net\/wp-content\/uploads\/2021\/06\/Copy-of-Copy-of-The-Salon-of-Espronceda--150x150.png 150w, https:\/\/www.espronceda.net\/wp-content\/uploads\/2021\/06\/Copy-of-Copy-of-The-Salon-of-Espronceda--768x768.png 768w, https:\/\/www.espronceda.net\/wp-content\/uploads\/2021\/06\/Copy-of-Copy-of-The-Salon-of-Espronceda-.png 1080w\" sizes=\"auto, (max-width: 300px) 100vw, 300px\" \/><\/a><a href=\"https:\/\/www.espronceda.net\/episode-2-the-salon-of-espronceda-talk-with-a-special-guest\/\">Episode 2 &#8211; <em>The Salon of Espronceda \u2013Talk with a Special Guest<\/em><\/a><\/h3>\n<h4>con Sachiko Iwase &#8211; Directora de galer\u00eda en nca | arte contempor\u00e1neo nichido, Tokio y galerie nichido Taipei y Kazuya Sakamoto -artista \/ pintor<\/h4>\n<p>&nbsp;<\/p>\n<p>&nbsp;<\/p>\n<p>&nbsp;<\/p>\n<p>&nbsp;<\/p>\n<p>&nbsp;<\/p>\n<p>&nbsp;<\/p>\n<p>&nbsp;<\/p>\n<h3><a href=\"https:\/\/www.espronceda.net\/episode-1-the-salon-of-espronceda-talk-with-a-special-guest\/\"><img loading=\"lazy\" decoding=\"async\" class=\"wp-image-20619 size-medium alignleft\" src=\"https:\/\/www.espronceda.net\/wp-content\/uploads\/2021\/05\/Copy-of-Copy-of-The-Salon-of-Espronceda--300x300.png\" alt=\"\" width=\"300\" height=\"300\" srcset=\"https:\/\/www.espronceda.net\/wp-content\/uploads\/2021\/05\/Copy-of-Copy-of-The-Salon-of-Espronceda--300x300.png 300w, https:\/\/www.espronceda.net\/wp-content\/uploads\/2021\/05\/Copy-of-Copy-of-The-Salon-of-Espronceda--1024x1024.png 1024w, https:\/\/www.espronceda.net\/wp-content\/uploads\/2021\/05\/Copy-of-Copy-of-The-Salon-of-Espronceda--150x150.png 150w, https:\/\/www.espronceda.net\/wp-content\/uploads\/2021\/05\/Copy-of-Copy-of-The-Salon-of-Espronceda--768x768.png 768w, https:\/\/www.espronceda.net\/wp-content\/uploads\/2021\/05\/Copy-of-Copy-of-The-Salon-of-Espronceda-.png 1080w\" sizes=\"auto, (max-width: 300px) 100vw, 300px\" \/><\/a><\/h3>\n<h3><a href=\"https:\/\/www.espronceda.net\/episode-1-the-salon-of-espronceda-talk-with-a-special-guest\/\">Episode 1 &#8211; <em>The Salon of Espronceda \u2013Talk with a Special Guest<\/em><\/a><\/h3>\n<h4>con los empresarios culturales franceses Alexandra Christev y Vladimir de Vaumas &#8211; fundadores de Artists In Residence Television &#8211; AIRTV<\/h4>\n<p>&nbsp;<\/p>\n<p>&nbsp;<\/p>\n<p>&nbsp;<\/p>\n<p>&nbsp;<\/p>\n<p>&nbsp;<\/p>\n","protected":false},"excerpt":{"rendered":"<p>&nbsp; El proyecto Sal\u00f3n de Espronceda &#8211; Charla con Invitado Especial surge de la necesidad de conectar personas en los campos del arte, la cultura, la literatura, la educaci\u00f3n, la ciencia, la pol\u00edtica, en un per\u00edodo dif\u00edcil de movimiento, de movimiento. La pandemia y Covid nos ha llevado a una profunda reflexi\u00f3n sobre c\u00f3mo estar juntos aunque sea distante, sobre [&hellip;]<\/p>\n","protected":false},"author":1,"featured_media":0,"parent":0,"menu_order":0,"comment_status":"closed","ping_status":"closed","template":"","meta":{"footnotes":""},"class_list":["post-21758","page","type-page","status-publish","hentry"],"_links":{"self":[{"href":"https:\/\/www.espronceda.net\/es\/wp-json\/wp\/v2\/pages\/21758","targetHints":{"allow":["GET"]}}],"collection":[{"href":"https:\/\/www.espronceda.net\/es\/wp-json\/wp\/v2\/pages"}],"about":[{"href":"https:\/\/www.espronceda.net\/es\/wp-json\/wp\/v2\/types\/page"}],"author":[{"embeddable":true,"href":"https:\/\/www.espronceda.net\/es\/wp-json\/wp\/v2\/users\/1"}],"replies":[{"embeddable":true,"href":"https:\/\/www.espronceda.net\/es\/wp-json\/wp\/v2\/comments?post=21758"}],"version-history":[{"count":5,"href":"https:\/\/www.espronceda.net\/es\/wp-json\/wp\/v2\/pages\/21758\/revisions"}],"predecessor-version":[{"id":22167,"href":"https:\/\/www.espronceda.net\/es\/wp-json\/wp\/v2\/pages\/21758\/revisions\/22167"}],"wp:attachment":[{"href":"https:\/\/www.espronceda.net\/es\/wp-json\/wp\/v2\/media?parent=21758"}],"curies":[{"name":"wp","href":"https:\/\/api.w.org\/{rel}","templated":true}]}}