{"id":21775,"date":"2021-10-29T15:03:41","date_gmt":"2021-10-29T13:03:41","guid":{"rendered":"https:\/\/www.espronceda.net\/?page_id=21775"},"modified":"2021-10-29T15:03:41","modified_gmt":"2021-10-29T13:03:41","slug":"alterduo","status":"publish","type":"page","link":"https:\/\/www.espronceda.net\/es\/proyectos\/alterduo\/","title":{"rendered":"Alterd\u00fao"},"content":{"rendered":"<p><img loading=\"lazy\" decoding=\"async\" class=\" wp-image-21771 alignleft\" src=\"https:\/\/www.espronceda.net\/wp-content\/uploads\/2021\/10\/Alterduo_Arianna-Esposito_Marco-Tondello-1-300x197.jpg\" alt=\"\" width=\"436\" height=\"286\" srcset=\"https:\/\/www.espronceda.net\/wp-content\/uploads\/2021\/10\/Alterduo_Arianna-Esposito_Marco-Tondello-1-300x197.jpg 300w, https:\/\/www.espronceda.net\/wp-content\/uploads\/2021\/10\/Alterduo_Arianna-Esposito_Marco-Tondello-1-1024x674.jpg 1024w, https:\/\/www.espronceda.net\/wp-content\/uploads\/2021\/10\/Alterduo_Arianna-Esposito_Marco-Tondello-1-768x506.jpg 768w, https:\/\/www.espronceda.net\/wp-content\/uploads\/2021\/10\/Alterduo_Arianna-Esposito_Marco-Tondello-1-1536x1011.jpg 1536w, https:\/\/www.espronceda.net\/wp-content\/uploads\/2021\/10\/Alterduo_Arianna-Esposito_Marco-Tondello-1-2048x1348.jpg 2048w, https:\/\/www.espronceda.net\/wp-content\/uploads\/2021\/10\/Alterduo_Arianna-Esposito_Marco-Tondello-1-1280x843.jpg 1280w\" sizes=\"auto, (max-width: 436px) 100vw, 436px\" \/><\/p>\n<p><strong>Alterd\u00fao<\/strong> es un proyecto de comisariado ideado por Arianna Esposito y Marco Tondello.<br \/>\nSus proyectos e investigaciones surgen del cuestionamiento de realidades actuales,<br \/>\nprestando especial inter\u00e9s en aquellas emergentes y marginales, con el fin de construir<br \/>\nredes y espacios de intersubjetividad entre cultura y comunidad.<br \/>\nAmbos comparten el inter\u00e9s en las pr\u00e1cticas art\u00edsticas contempor\u00e1neas y digitales,<br \/>\nestableciendo su trabajo a partir de dos ejes principales: el di\u00e1logo y el proceso. El di\u00e1logo<br \/>\ncomo dispositivo de cuidado y pulsi\u00f3n hacia experiencias colaborativas no hegem\u00f3nicas, y<br \/>\nel proceso en cuanto acci\u00f3n constante donde dar origen a otros posibles comienzos.<br \/>\nComo d\u00fao, han comisariado la exposici\u00f3n #internetflags de Irma Marco en la galer\u00eda Espai<br \/>\nSouvenir, han colaborado con L\u2019Estruch de Sabadell en Dissonants, cicle de performance i<br \/>\ntecnologia y, presentar\u00e1n Entra\u00f1as: Carne de mi carne de Mar\u00eda Alcaide en el programa<br \/>\n1+1+1&#8230; del Loop Festival 2021.<\/p>\n","protected":false},"excerpt":{"rendered":"<p>Alterd\u00fao es un proyecto de comisariado ideado por Arianna Esposito y Marco Tondello. Sus proyectos e investigaciones surgen del cuestionamiento de realidades actuales, prestando especial inter\u00e9s en aquellas emergentes y marginales, con el fin de construir redes y espacios de intersubjetividad entre cultura y comunidad. Ambos comparten el inter\u00e9s en las pr\u00e1cticas art\u00edsticas contempor\u00e1neas y digitales, estableciendo su trabajo a [&hellip;]<\/p>\n","protected":false},"author":1,"featured_media":0,"parent":5378,"menu_order":0,"comment_status":"closed","ping_status":"closed","template":"","meta":{"footnotes":""},"class_list":["post-21775","page","type-page","status-publish","hentry"],"_links":{"self":[{"href":"https:\/\/www.espronceda.net\/es\/wp-json\/wp\/v2\/pages\/21775","targetHints":{"allow":["GET"]}}],"collection":[{"href":"https:\/\/www.espronceda.net\/es\/wp-json\/wp\/v2\/pages"}],"about":[{"href":"https:\/\/www.espronceda.net\/es\/wp-json\/wp\/v2\/types\/page"}],"author":[{"embeddable":true,"href":"https:\/\/www.espronceda.net\/es\/wp-json\/wp\/v2\/users\/1"}],"replies":[{"embeddable":true,"href":"https:\/\/www.espronceda.net\/es\/wp-json\/wp\/v2\/comments?post=21775"}],"version-history":[{"count":1,"href":"https:\/\/www.espronceda.net\/es\/wp-json\/wp\/v2\/pages\/21775\/revisions"}],"predecessor-version":[{"id":21776,"href":"https:\/\/www.espronceda.net\/es\/wp-json\/wp\/v2\/pages\/21775\/revisions\/21776"}],"up":[{"embeddable":true,"href":"https:\/\/www.espronceda.net\/es\/wp-json\/wp\/v2\/pages\/5378"}],"wp:attachment":[{"href":"https:\/\/www.espronceda.net\/es\/wp-json\/wp\/v2\/media?parent=21775"}],"curies":[{"name":"wp","href":"https:\/\/api.w.org\/{rel}","templated":true}]}}