{"id":22170,"date":"2022-01-13T13:58:35","date_gmt":"2022-01-13T12:58:35","guid":{"rendered":"https:\/\/www.espronceda.net\/?page_id=22170"},"modified":"2022-01-13T13:58:35","modified_gmt":"2022-01-13T12:58:35","slug":"cambio-social-y-educacion","status":"publish","type":"page","link":"https:\/\/www.espronceda.net\/es\/cambio-social-y-educacion\/","title":{"rendered":"Cambio social y educaci\u00f3n"},"content":{"rendered":"<p>En Espronceda creemos en la importancia del di\u00e1logo entre cultura, arte y educaci\u00f3n. Parte de nuestras actividades est\u00e1 dedicada a la importancia del arte para un cambio social y sostenible, para la integraci\u00f3n e inclusi\u00f3n social, y para la educaci\u00f3n. Estas colaboraciones tuvieron lugar a nivel europeo e internacional, pero tambi\u00e9n a nivel local organizando mesas redondas y seminarios.<\/p>\n<p>Entre nuestras principales colaboraciones se encuentran: el proyecto internacional de ni\u00f1os por la paz Kids-Guernica inspirado en la obra de Pablo Picasso y el Tercer Para\u00edso de Michelangelo Pistoletto y Cittadellarte. Ambos proyectos est\u00e1n a cargo de la artista Savina Tarsitano, embajadora de Third Paradise y coordinadora de Kids-Guernica. En 2019 Espronceda inici\u00f3 tambi\u00e9n una cooperaci\u00f3n con el proyecto japon\u00e9s P3578.<\/p>\n<p>&nbsp;<\/p>\n<div>\n<h3><strong><a href=\"https:\/\/www.espronceda.net\/19264\/\"><img loading=\"lazy\" decoding=\"async\" class=\"alignleft wp-image-20523 size-medium\" src=\"https:\/\/www.espronceda.net\/wp-content\/uploads\/2021\/04\/IMG_4207-300x168.jpg\" alt=\"\" width=\"300\" height=\"168\" srcset=\"https:\/\/www.espronceda.net\/wp-content\/uploads\/2021\/04\/IMG_4207-300x168.jpg 300w, https:\/\/www.espronceda.net\/wp-content\/uploads\/2021\/04\/IMG_4207-1024x575.jpg 1024w, https:\/\/www.espronceda.net\/wp-content\/uploads\/2021\/04\/IMG_4207-768x431.jpg 768w, https:\/\/www.espronceda.net\/wp-content\/uploads\/2021\/04\/IMG_4207-1536x862.jpg 1536w, https:\/\/www.espronceda.net\/wp-content\/uploads\/2021\/04\/IMG_4207-2048x1150.jpg 2048w, https:\/\/www.espronceda.net\/wp-content\/uploads\/2021\/04\/IMG_4207-450x250.jpg 450w, https:\/\/www.espronceda.net\/wp-content\/uploads\/2021\/04\/IMG_4207-1280x720.jpg 1280w\" sizes=\"auto, (max-width: 300px) 100vw, 300px\" \/><\/a><\/strong><\/h3>\n<h2><a href=\"https:\/\/www.espronceda.net\/workshop-temporary-states-zeitgeber-exhibition\/\">Taller: Temporary states \u2013 zeitgeber exhibition<\/a><\/h2>\n<div class=\"kvgmc6g5 cxmmr5t8 oygrvhab hcukyx3x c1et5uql\">\n<p>En este taller, la artista visual y educadora de arte alemana Jessica von Helmolt propone una actividad dirigida a familias interesadas en experimentar con impresiones moment\u00e1neas dentro de un entorno espec\u00edfico. A trav\u00e9s de diferentes sentidos, los participantes jugar\u00e1n con la percepci\u00f3n de agentes externos como la luz, la m\u00fasica, los ritmos, las fragancias, los sabores y las texturas. Las experiencias realizadas con estas influencias se traducir\u00e1n en collages de gran diversidad crom\u00e1tica y formal.<\/p>\n<\/div>\n<\/div>\n<p>&nbsp;<\/p>\n<p>&nbsp;<\/p>\n<div>\n<h3><strong>Art For Social Change Towa<a href=\"https:\/\/www.espronceda.net\/19264\/\"><img loading=\"lazy\" decoding=\"async\" class=\"alignleft wp-image-19259 size-medium\" src=\"https:\/\/www.espronceda.net\/wp-content\/uploads\/2020\/11\/123879484_1756032607889208_8757244768435871242_o-300x157.jpg\" sizes=\"auto, (max-width: 300px) 100vw, 300px\" srcset=\"https:\/\/www.espronceda.net\/wp-content\/uploads\/2020\/11\/123879484_1756032607889208_8757244768435871242_o-300x157.jpg 300w, https:\/\/www.espronceda.net\/wp-content\/uploads\/2020\/11\/123879484_1756032607889208_8757244768435871242_o-1024x536.jpg 1024w, https:\/\/www.espronceda.net\/wp-content\/uploads\/2020\/11\/123879484_1756032607889208_8757244768435871242_o-768x402.jpg 768w, https:\/\/www.espronceda.net\/wp-content\/uploads\/2020\/11\/123879484_1756032607889208_8757244768435871242_o-1536x803.jpg 1536w, https:\/\/www.espronceda.net\/wp-content\/uploads\/2020\/11\/123879484_1756032607889208_8757244768435871242_o-1280x669.jpg 1280w, https:\/\/www.espronceda.net\/wp-content\/uploads\/2020\/11\/123879484_1756032607889208_8757244768435871242_o.jpg 2048w\" alt=\"\" width=\"300\" height=\"157\" \/><\/a>rds the Art of Demopraxia \u2013 LOOP CityScreen BCN 2020<\/strong><\/h3>\n<div class=\"kvgmc6g5 cxmmr5t8 oygrvhab hcukyx3x c1et5uql\"><\/div>\n<div>Con motivo del Festival Loop CityScreen BCN 2020, este a\u00f1o en Espronceda nos gustar\u00eda presentar una exposici\u00f3n de proyectos basada en el proyecto Tercer Para\u00edso\/Renacimiento de Michelangelo Pistoletto y Cittadellarte, basado en la importancia del arte para el cambio social.<\/div>\n<\/div>\n<p>&nbsp;<\/p>\n<p>&nbsp;<\/p>\n<p>&nbsp;<\/p>\n<div>\n<h2><a href=\"https:\/\/www.espronceda.net\/18173\/\"><img loading=\"lazy\" decoding=\"async\" class=\"alignleft wp-image-18174 size-medium\" src=\"https:\/\/www.espronceda.net\/wp-content\/uploads\/2020\/07\/WEBINAR-FB-EVENT-300x157.jpg\" alt=\"\" width=\"300\" height=\"157\" srcset=\"https:\/\/www.espronceda.net\/wp-content\/uploads\/2020\/07\/WEBINAR-FB-EVENT-300x157.jpg 300w, https:\/\/www.espronceda.net\/wp-content\/uploads\/2020\/07\/WEBINAR-FB-EVENT-1024x537.jpg 1024w, https:\/\/www.espronceda.net\/wp-content\/uploads\/2020\/07\/WEBINAR-FB-EVENT-768x403.jpg 768w, https:\/\/www.espronceda.net\/wp-content\/uploads\/2020\/07\/WEBINAR-FB-EVENT-1536x805.jpg 1536w, https:\/\/www.espronceda.net\/wp-content\/uploads\/2020\/07\/WEBINAR-FB-EVENT-2048x1074.jpg 2048w, https:\/\/www.espronceda.net\/wp-content\/uploads\/2020\/07\/WEBINAR-FB-EVENT-1280x671.jpg 1280w\" sizes=\"auto, (max-width: 300px) 100vw, 300px\" \/><\/a><a href=\"https:\/\/www.espronceda.net\/18173\/\">Kids Guernica &amp; Third Paradise : Art for Change and Peace<\/a><\/h2>\n<p>Con motivo de la inauguraci\u00f3n de la exposici\u00f3n de Kids-Guernica y el Proyecto Internacional Paz, Espronceda se complace en presentar el Webinar de Arte: Arte para el Cambio y la Paz: Antes, Durante y Despu\u00e9s del Coronavirus<\/p>\n<\/div>\n<p>&nbsp;<\/p>\n<p>&nbsp;<\/p>\n<p>&nbsp;<\/p>\n<div>\n<h2><a href=\"https:\/\/www.youtube.com\/watch?v=R0xZQQFpE98&amp;t=1942s\"><img loading=\"lazy\" decoding=\"async\" class=\"alignleft wp-image-20316 size-medium\" src=\"https:\/\/www.espronceda.net\/wp-content\/uploads\/2021\/04\/117143660_1668622963296840_3720583847505821928_n-300x157.jpg\" alt=\"\" width=\"300\" height=\"157\" srcset=\"https:\/\/www.espronceda.net\/wp-content\/uploads\/2021\/04\/117143660_1668622963296840_3720583847505821928_n-300x157.jpg 300w, https:\/\/www.espronceda.net\/wp-content\/uploads\/2021\/04\/117143660_1668622963296840_3720583847505821928_n-1024x537.jpg 1024w, https:\/\/www.espronceda.net\/wp-content\/uploads\/2021\/04\/117143660_1668622963296840_3720583847505821928_n-768x402.jpg 768w, https:\/\/www.espronceda.net\/wp-content\/uploads\/2021\/04\/117143660_1668622963296840_3720583847505821928_n-1536x805.jpg 1536w, https:\/\/www.espronceda.net\/wp-content\/uploads\/2021\/04\/117143660_1668622963296840_3720583847505821928_n-1280x671.jpg 1280w, https:\/\/www.espronceda.net\/wp-content\/uploads\/2021\/04\/117143660_1668622963296840_3720583847505821928_n.jpg 2048w\" sizes=\"auto, (max-width: 300px) 100vw, 300px\" \/><\/a><a href=\"https:\/\/www.youtube.com\/watch?v=R0xZQQFpE98&amp;t=1942s\">Kids&#8217; Guernica Connection<\/a><\/h2>\n<p>Con motivo del aniversario de los bombardeos de Hiroshima y Nagasaki, un recordatorio para la Paz Mundial. Los representantes mostrar\u00e1n las exposiciones inaugurales en Nagasaki e Hiroshima y un recorrido r\u00e1pido por la exposici\u00f3n expuesta en Espronceda.<\/p>\n<\/div>\n<p>&nbsp;<\/p>\n<p>&nbsp;<\/p>\n<p>&nbsp;<\/p>\n<div>\n<h2><a href=\"https:\/\/www.youtube.com\/watch?v=BF23S2826K4\"><img loading=\"lazy\" decoding=\"async\" class=\"alignleft wp-image-20319 size-medium\" src=\"https:\/\/www.espronceda.net\/wp-content\/uploads\/2021\/04\/116878352_1668694806622989_5017295371231887576_n-300x157.jpg\" alt=\"\" width=\"300\" height=\"157\" srcset=\"https:\/\/www.espronceda.net\/wp-content\/uploads\/2021\/04\/116878352_1668694806622989_5017295371231887576_n-300x157.jpg 300w, https:\/\/www.espronceda.net\/wp-content\/uploads\/2021\/04\/116878352_1668694806622989_5017295371231887576_n-1024x537.jpg 1024w, https:\/\/www.espronceda.net\/wp-content\/uploads\/2021\/04\/116878352_1668694806622989_5017295371231887576_n-768x402.jpg 768w, https:\/\/www.espronceda.net\/wp-content\/uploads\/2021\/04\/116878352_1668694806622989_5017295371231887576_n-1536x805.jpg 1536w, https:\/\/www.espronceda.net\/wp-content\/uploads\/2021\/04\/116878352_1668694806622989_5017295371231887576_n-1280x671.jpg 1280w, https:\/\/www.espronceda.net\/wp-content\/uploads\/2021\/04\/116878352_1668694806622989_5017295371231887576_n.jpg 2048w\" sizes=\"auto, (max-width: 300px) 100vw, 300px\" \/><\/a><a href=\"https:\/\/www.youtube.com\/watch?v=BF23S2826K4\">Hearts for the Earth : Peace and Solidarity<\/a><\/h2>\n<p>\u201cHearts for the Earth\u201d es un nuevo proyecto de arte participante para conectar a las personas en el mundo. El proyecto ha sido ideado y comisariado por Savina Tarsitano y Takuya Kaneda. El objetivo principal del proyecto es aumentar la Solidaridad y la Paz en el mundo con una simple pero fuerte palabra \u00abAmor\u00bb.<\/p>\n<\/div>\n<p>&nbsp;<\/p>\n<p>&nbsp;<\/p>\n<p>&nbsp;<\/p>\n<h2><a href=\"https:\/\/www.espronceda.net\/roundtable-the-best-practice-in-art-and-education-06-03-19h\/\"><img loading=\"lazy\" decoding=\"async\" class=\"alignleft wp-image-16304 size-medium\" src=\"https:\/\/www.espronceda.net\/wp-content\/uploads\/2020\/04\/52881269_1233251643500643_6764142830534262784_o-300x169.jpg\" alt=\"\" width=\"300\" height=\"169\" srcset=\"https:\/\/www.espronceda.net\/wp-content\/uploads\/2020\/04\/52881269_1233251643500643_6764142830534262784_o-300x169.jpg 300w, https:\/\/www.espronceda.net\/wp-content\/uploads\/2020\/04\/52881269_1233251643500643_6764142830534262784_o-768x432.jpg 768w, https:\/\/www.espronceda.net\/wp-content\/uploads\/2020\/04\/52881269_1233251643500643_6764142830534262784_o-1024x576.jpg 1024w, https:\/\/www.espronceda.net\/wp-content\/uploads\/2020\/04\/52881269_1233251643500643_6764142830534262784_o-1280x720.jpg 1280w, https:\/\/www.espronceda.net\/wp-content\/uploads\/2020\/04\/52881269_1233251643500643_6764142830534262784_o.jpg 1366w\" sizes=\"auto, (max-width: 300px) 100vw, 300px\" \/><\/a><a href=\"https:\/\/www.espronceda.net\/roundtable-the-best-practice-in-art-and-education-06-03-19h\/\">Roundtable \u201cThe Best Practice in Art and Education\u201d<\/a><\/h2>\n<p>Con motivo de la inauguraci\u00f3n de la exposici\u00f3n de Kids-Guernica y el Proyecto Internacional Paz, Espronceda se complace en presentar el Webinar de Arte: Arte para el Cambio y la Paz: Antes, Durante y Despu\u00e9s del Coronavirus<\/p>\n<p>&nbsp;<\/p>\n<p>&nbsp;<\/p>\n<p>&nbsp;<\/p>\n<h3><a href=\"https:\/\/www.espronceda.net\/art-i-educacio-crea-amb-nens-i-families\/\"><img loading=\"lazy\" decoding=\"async\" class=\"alignleft wp-image-20322 size-medium\" src=\"https:\/\/www.espronceda.net\/wp-content\/uploads\/2021\/04\/Nin\u0303os-12-09-flyer-1024x517-1-300x151.jpg\" alt=\"\" width=\"300\" height=\"151\" srcset=\"https:\/\/www.espronceda.net\/wp-content\/uploads\/2021\/04\/Nin\u0303os-12-09-flyer-1024x517-1-300x151.jpg 300w, https:\/\/www.espronceda.net\/wp-content\/uploads\/2021\/04\/Nin\u0303os-12-09-flyer-1024x517-1-768x388.jpg 768w, https:\/\/www.espronceda.net\/wp-content\/uploads\/2021\/04\/Nin\u0303os-12-09-flyer-1024x517-1.jpg 1024w\" sizes=\"auto, (max-width: 300px) 100vw, 300px\" \/><\/a><\/h3>\n<h2><a href=\"https:\/\/www.espronceda.net\/art-i-educacio-crea-amb-nens-i-families\/\">Art and Education: create with kids and families<\/a><\/h2>\n<p><em>A workshop for children between 5 and 9 years old led by the artist Savina Tarsitano and application of methods from the\u00a0<a href=\"https:\/\/tutti-frutti.be\/qui-sommes-nous\/\">Tutti Frutti School of Languages for Children<\/a>, Brussels.<\/em><\/p>\n<p>&nbsp;<\/p>\n<p>&nbsp;<\/p>\n<p>&nbsp;<\/p>\n<h2><a href=\"https:\/\/www.espronceda.net\/roundtable-the-best-practice-in-art-and-education-06-03-19h\/\"><img loading=\"lazy\" decoding=\"async\" class=\"alignleft wp-image-20328 size-medium\" src=\"https:\/\/www.espronceda.net\/wp-content\/uploads\/2021\/04\/mesa-redonda-24-mayo-2018-INVITACION-1024x724-2-300x212.jpg\" alt=\"\" width=\"300\" height=\"212\" srcset=\"https:\/\/www.espronceda.net\/wp-content\/uploads\/2021\/04\/mesa-redonda-24-mayo-2018-INVITACION-1024x724-2-300x212.jpg 300w, https:\/\/www.espronceda.net\/wp-content\/uploads\/2021\/04\/mesa-redonda-24-mayo-2018-INVITACION-1024x724-2-768x543.jpg 768w, https:\/\/www.espronceda.net\/wp-content\/uploads\/2021\/04\/mesa-redonda-24-mayo-2018-INVITACION-1024x724-2.jpg 1024w\" sizes=\"auto, (max-width: 300px) 100vw, 300px\" \/><\/a><a href=\"https:\/\/www.espronceda.net\/mesa-redonda-crear-pensar-transformar-24-05-18h30-21h\/\">Roundtable\u00a0 &#8211; Crear, Pensar, Transformar<\/a><\/h2>\n<p>La Mesa Redonda propone el aprendizaje mutuo entre los participantes, un pretexto para distinguir entre todos, \u00e1mbitos donde la cultura y la sociedad sugieren pr\u00e1cticas de cuestionamiento, nuevos desaf\u00edos y experiencias que crean conocimiento.<\/p>\n<p>&nbsp;<\/p>\n<p>&nbsp;<\/p>\n<p>&nbsp;<\/p>\n<p>&nbsp;<\/p>\n<h2><a href=\"https:\/\/www.espronceda.net\/roundtable-the-best-practice-in-art-and-education-06-03-19h\/\"><img loading=\"lazy\" decoding=\"async\" class=\"alignleft wp-image-20331 size-medium\" src=\"https:\/\/www.espronceda.net\/wp-content\/uploads\/2021\/04\/Entrepreneurs-Organization-1024x293-1-300x86.jpg\" alt=\"\" width=\"300\" height=\"86\" srcset=\"https:\/\/www.espronceda.net\/wp-content\/uploads\/2021\/04\/Entrepreneurs-Organization-1024x293-1-300x86.jpg 300w, https:\/\/www.espronceda.net\/wp-content\/uploads\/2021\/04\/Entrepreneurs-Organization-1024x293-1-768x220.jpg 768w, https:\/\/www.espronceda.net\/wp-content\/uploads\/2021\/04\/Entrepreneurs-Organization-1024x293-1.jpg 1024w\" sizes=\"auto, (max-width: 300px) 100vw, 300px\" \/><\/a><a href=\"https:\/\/www.espronceda.net\/artistic-journey-observe-create-artist-eo\/\">Artistic journey\u00a0 &#8211; Observe, Create, Be An Artist with EO<\/a><\/h2>\n<p style=\"padding-left: 40px;\">\u00bfQue es arte?<br \/>\n\u00bfCu\u00e1l es el proceso del arte?<br \/>\n\u00bfC\u00f3mo crean los artistas?<br \/>\n\u00bfPuede cualquier cosa ser considerada arte?<\/p>\n<p style=\"padding-left: 40px;\">\n<p>&nbsp;<\/p>\n<h2><a href=\"https:\/\/www.espronceda.net\/la-relacion-entre-arte-performance-y-lenguaje-corporal-roundtable-08-02-19h\/\"><img loading=\"lazy\" decoding=\"async\" class=\"alignleft wp-image-20337 size-medium\" src=\"https:\/\/www.espronceda.net\/wp-content\/uploads\/2021\/04\/Mesa-redonda-Febrero-2019-300x152.jpg\" alt=\"\" width=\"300\" height=\"152\" srcset=\"https:\/\/www.espronceda.net\/wp-content\/uploads\/2021\/04\/Mesa-redonda-Febrero-2019-300x152.jpg 300w, https:\/\/www.espronceda.net\/wp-content\/uploads\/2021\/04\/Mesa-redonda-Febrero-2019-1024x517.jpg 1024w, https:\/\/www.espronceda.net\/wp-content\/uploads\/2021\/04\/Mesa-redonda-Febrero-2019-768x388.jpg 768w, https:\/\/www.espronceda.net\/wp-content\/uploads\/2021\/04\/Mesa-redonda-Febrero-2019-1536x776.jpg 1536w, https:\/\/www.espronceda.net\/wp-content\/uploads\/2021\/04\/Mesa-redonda-Febrero-2019-1280x647.jpg 1280w, https:\/\/www.espronceda.net\/wp-content\/uploads\/2021\/04\/Mesa-redonda-Febrero-2019.jpg 1754w\" sizes=\"auto, (max-width: 300px) 100vw, 300px\" \/><\/a><a href=\"https:\/\/www.espronceda.net\/la-relacion-entre-arte-performance-y-lenguaje-corporal-roundtable-08-02-19h\/\">La relaci\u00f3n entre el arte, la performance y el lenguaje corporalThe relationship between art, performance and body language<\/a><\/h2>\n<p>\u00bfPodemos entonces considerar la performance como parte de las artes visuales, como un elemento contempor\u00e1neo nuevo e innovador? Si existe esta nueva e innovadora relaci\u00f3n, \u00bfcu\u00e1les son los l\u00edmites, las fronteras entre las artes visuales, el lenguaje del cuerpo y la performance? \u00bfY cu\u00e1les son los cambios realizados en los \u00faltimos a\u00f1os? En esta perspectiva, \u00bfqu\u00e9 sucede tambi\u00e9n en el campo de la educaci\u00f3n? \u00bfCu\u00e1l es el nuevo rol de las instituciones acad\u00e9micas? \u00bfExiste una contaminaci\u00f3n m\u00e1s fuerte, interdisciplinaria entre los departamentos de arte?<\/p>\n<p>&nbsp;<\/p>\n<h2><\/h2>\n<h2><a href=\"https:\/\/www.espronceda.net\/opening-happy-culture-hours-encatc\/\"><img loading=\"lazy\" decoding=\"async\" class=\"alignleft wp-image-20340 size-medium\" src=\"https:\/\/www.espronceda.net\/wp-content\/uploads\/2021\/04\/image001-300x132.jpg\" alt=\"\" width=\"300\" height=\"132\" srcset=\"https:\/\/www.espronceda.net\/wp-content\/uploads\/2021\/04\/image001-300x132.jpg 300w, https:\/\/www.espronceda.net\/wp-content\/uploads\/2021\/04\/image001.jpg 682w\" sizes=\"auto, (max-width: 300px) 100vw, 300px\" \/><\/a><\/h2>\n<h2><a href=\"https:\/\/www.espronceda.net\/opening-happy-culture-hours-encatc\/\">Happy Culture Hours by ENCATC<\/a><\/h2>\n<p><em><b>Happy Culture Hours\u00a0<\/b>is an<b>\u00a0<\/b>initiative of\u00a0<strong>ENCATC<\/strong>\u00a0launched in early 2013, in partnership with the\u00a0<strong>Creative Europe Desks Wallonie-Bruxelles and Vlaanderen<\/strong>, the\u00a0<strong>Cultural Happy Hours<\/strong> aim to catalyse international partnerships, cross sectorial exchanges, collaborations and knowledge transfers among networks and organisations acting in the field of arts and culture based in Brussels, strengthen the Belgian artistic and cultural scene and its European projects by enlarging their audience, connect with a variety of stakeholders based in Brussels through culture; and create innovative partnerships among cultural, business and education sectors.<\/em><\/p>\n<p>&nbsp;<\/p>\n<p>&nbsp;<\/p>\n<p>&nbsp;<\/p>\n<h2><a href=\"https:\/\/www.espronceda.net\/roundtable-role-art-social-responsible-change-society-set-12-19h\/\"><img loading=\"lazy\" decoding=\"async\" class=\"alignleft wp-image-20343 size-medium\" src=\"https:\/\/www.espronceda.net\/wp-content\/uploads\/2021\/04\/mesa-redonda-12-sept-2017-1024x724-1-300x212.jpg\" alt=\"\" width=\"300\" height=\"212\" srcset=\"https:\/\/www.espronceda.net\/wp-content\/uploads\/2021\/04\/mesa-redonda-12-sept-2017-1024x724-1-300x212.jpg 300w, https:\/\/www.espronceda.net\/wp-content\/uploads\/2021\/04\/mesa-redonda-12-sept-2017-1024x724-1-768x543.jpg 768w, https:\/\/www.espronceda.net\/wp-content\/uploads\/2021\/04\/mesa-redonda-12-sept-2017-1024x724-1.jpg 1024w\" sizes=\"auto, (max-width: 300px) 100vw, 300px\" \/><\/a><\/h2>\n<h2><a href=\"https:\/\/www.espronceda.net\/roundtable-role-art-social-responsible-change-society-set-12-19h\/\">El papel del arte para un cambio social y responsable en la sociedadThe role of art for a social and responsible change in society<\/a><\/h2>\n<p>Este debate pretende subrayar la importancia del papel del arte para un cambio responsable en la sociedad. En particular, se analiza el proyecto Renacimiento\/Tercer para\u00edso de Michelangelo Pistoletto y Cittadellarte en relaci\u00f3n con el proyecto infantil internacional Kids\u2019-Guernica inspirado en la obra de Pablo Picasso por un mundo en paz. C\u00f3mo hoy en d\u00eda es importante crear cooperaci\u00f3n entre el mundo econ\u00f3mico, pol\u00edtico y social, para crear y elaborar nuevas soluciones para un mundo mejor.<\/p>\n<p>&nbsp;<\/p>\n<p>&nbsp;<\/p>\n<h2><\/h2>\n<h2><a href=\"https:\/\/www.espronceda.net\/rebirth\/\"><br \/>\n<img loading=\"lazy\" decoding=\"async\" class=\"alignleft wp-image-20334 size-medium\" src=\"https:\/\/www.espronceda.net\/wp-content\/uploads\/2021\/04\/PastedGraphic-2-229x300.jpg\" alt=\"\" width=\"229\" height=\"300\" srcset=\"https:\/\/www.espronceda.net\/wp-content\/uploads\/2021\/04\/PastedGraphic-2-229x300.jpg 229w, https:\/\/www.espronceda.net\/wp-content\/uploads\/2021\/04\/PastedGraphic-2.jpg 640w\" sizes=\"auto, (max-width: 229px) 100vw, 229px\" \/><\/a><a href=\"https:\/\/www.espronceda.net\/rebirth\/\">Arte y Educaci\u00f3n por Istituto Comprensivo Perri-PitagoraArt &amp; Education by Istituto Comprensivo Perri-Pitagora<\/a><\/h2>\n<p>Con motivo del 20 cumplea\u00f1os del proyecto internacional Kids-Gernica, donde los ni\u00f1os traen<br \/>\npaz en el mundo inspir\u00e1ndose en la obra de Pablo Picasso, y en el proyecto renacimiento art\u00edstico\/tercer Paraiso del artista italiano Michealngelo Pistoletto y Cittadellarte.<\/p>\n<p>En esta ocasi\u00f3n estuvo presente una delegaci\u00f3n de los miembros japoneses y fundadores de Kids.Guernica,<br \/>\nas\u00ed como la escuela de idiomas Bruxelles Tutti Frutti, para discutir sobre la importancia de los temas como la responsabilidad social, el ambiente, el trabajo, la solidaridad, la cooperaci\u00f3n y otros.<\/p>\n<p>&nbsp;<\/p>\n<p>&nbsp;<\/p>\n<p>&nbsp;<\/p>\n<p>&nbsp;<\/p>\n<p>&nbsp;<\/p>\n<p>&nbsp;<\/p>\n<p>&nbsp;<\/p>\n<p>&nbsp;<\/p>\n<p>&nbsp;<\/p>\n<p>&nbsp;<\/p>\n<p>&nbsp;<\/p>\n<p>&nbsp;<\/p>\n<p>&nbsp;<\/p>\n<p>&nbsp;<\/p>\n<p>&nbsp;<\/p>\n<p>&nbsp;<\/p>\n<p>&nbsp;<\/p>\n<div>\n<h3><\/h3>\n<\/div>\n","protected":false},"excerpt":{"rendered":"<p>En Espronceda creemos en la importancia del di\u00e1logo entre cultura, arte y educaci\u00f3n. Parte de nuestras actividades est\u00e1 dedicada a la importancia del arte para un cambio social y sostenible, para la integraci\u00f3n e inclusi\u00f3n social, y para la educaci\u00f3n. Estas colaboraciones tuvieron lugar a nivel europeo e internacional, pero tambi\u00e9n a nivel local organizando mesas redondas y seminarios. Entre [&hellip;]<\/p>\n","protected":false},"author":1,"featured_media":0,"parent":0,"menu_order":0,"comment_status":"closed","ping_status":"closed","template":"","meta":{"footnotes":""},"class_list":["post-22170","page","type-page","status-publish","hentry"],"_links":{"self":[{"href":"https:\/\/www.espronceda.net\/es\/wp-json\/wp\/v2\/pages\/22170","targetHints":{"allow":["GET"]}}],"collection":[{"href":"https:\/\/www.espronceda.net\/es\/wp-json\/wp\/v2\/pages"}],"about":[{"href":"https:\/\/www.espronceda.net\/es\/wp-json\/wp\/v2\/types\/page"}],"author":[{"embeddable":true,"href":"https:\/\/www.espronceda.net\/es\/wp-json\/wp\/v2\/users\/1"}],"replies":[{"embeddable":true,"href":"https:\/\/www.espronceda.net\/es\/wp-json\/wp\/v2\/comments?post=22170"}],"version-history":[{"count":1,"href":"https:\/\/www.espronceda.net\/es\/wp-json\/wp\/v2\/pages\/22170\/revisions"}],"predecessor-version":[{"id":22171,"href":"https:\/\/www.espronceda.net\/es\/wp-json\/wp\/v2\/pages\/22170\/revisions\/22171"}],"wp:attachment":[{"href":"https:\/\/www.espronceda.net\/es\/wp-json\/wp\/v2\/media?parent=22170"}],"curies":[{"name":"wp","href":"https:\/\/api.w.org\/{rel}","templated":true}]}}