{"id":22275,"date":"2022-02-04T11:20:22","date_gmt":"2022-02-04T10:20:22","guid":{"rendered":"https:\/\/www.espronceda.net\/?page_id=22275"},"modified":"2022-02-11T14:13:30","modified_gmt":"2022-02-11T13:13:30","slug":"visulizacion-virtual-de-emociones-reales-2","status":"publish","type":"page","link":"https:\/\/www.espronceda.net\/es\/proyectos\/visulizacion-virtual-de-emociones-reales-2\/","title":{"rendered":"VISULIZACI\u00d2N VIRTUAL DE EMOCIONES REALES"},"content":{"rendered":"<p><img loading=\"lazy\" decoding=\"async\" class=\"aligncenter wp-image-21723 size-large\" src=\"https:\/\/www.espronceda.net\/wp-content\/uploads\/2021\/10\/1-1024x576.png\" alt=\"\" width=\"1024\" height=\"576\" srcset=\"https:\/\/www.espronceda.net\/wp-content\/uploads\/2021\/10\/1-1024x576.png 1024w, https:\/\/www.espronceda.net\/wp-content\/uploads\/2021\/10\/1-300x169.png 300w, https:\/\/www.espronceda.net\/wp-content\/uploads\/2021\/10\/1-768x432.png 768w, https:\/\/www.espronceda.net\/wp-content\/uploads\/2021\/10\/1-1536x864.png 1536w, https:\/\/www.espronceda.net\/wp-content\/uploads\/2021\/10\/1-1280x720.png 1280w, https:\/\/www.espronceda.net\/wp-content\/uploads\/2021\/10\/1.png 1920w\" sizes=\"auto, (max-width: 1024px) 100vw, 1024px\" \/><\/p>\n<p>&nbsp;<\/p>\n<h1 style=\"text-align: center;\">VISULIZACI\u00d2N VIRTUAL DE EMOCIONES REALES<\/h1>\n<p>Visulizaci\u00f2n virtual de emociones reales es un proyecto colaborativo y educativo de arte y realidad virtual que investiga el impacto emocional del aislamiento, especialmente en los j\u00f3venes, con el objetivo de hacer frente a los efectos de la crisis sanitaria experimentada durante el 2020. El proyecto mira, a trav\u00e9s de un caso de estudio, a testar y validar una metodolog\u00eda innovadora de educaci\u00f3n no formal involucrando j\u00f3venes que ser\u00e1n acompa\u00f1ados a expresar sus emociones en obras de arte virtual gracias a talleres de co- creaci\u00f3n y experimentaci\u00f3n, realidad virtual y storytelling.<\/p>\n<p>Los talleres incorporan sea sesiones de concientizaci\u00f3n sobre las emociones y sensaciones causada por el aislamiento sea una parte m\u00e1s te\u00f3rica con ejemplos art\u00edsticos sobre arte interactivo y realidad virtual. Le seguir\u00e1n sesiones de co-creaci\u00f3n y experimentaci\u00f3n utiliz\u00e1ndolo como m\u00e9todo que impulsa la capacidad de las personas implicadas para ser creativas. De hecho, se caracteriza por las herramientas y metodolog\u00edas que apoyan la generaci\u00f3n de ideas. El proceso se centrar\u00e1 en descubrir e identificar las emociones, tanto personales como colectivas, sentidas durante el pasado per\u00edodo de cierre y las emociones sentidas en el momento presente.<\/p>\n<p>Al mismo tiempo, a trav\u00e9s de un itinerario educativo participativo, se ofrecer\u00e1 al participante los fundamentos de t\u00e9cnicas audiovisuales y de realidad virtual para incentivar a los participantes a expresarse y a crear obras art\u00edsticas virtual que sean capaz de expresar, a trav\u00e9s de im\u00e1genes creativas, el estado emocional de los j\u00f3venes involucrado en el proyecto. El proyecto quiere ofrecer las herramientas para expresarse de forma creativa y, al mismo tiempo, se propone proporcionarles m\u00e9todos de colaboraci\u00f3n que ayuden a otros j\u00f3venes a lidiar con estados y episodios de solicitud.<\/p>\n<p>Los proyectos art\u00edsticos se presentar\u00e1n a los ciudadanos durante una exposici\u00f3n en los espacios de Espronceda. El aprendizaje y el cambio comportamental de los participantes ser\u00e1 evaluado a trav\u00e9s de cuestionarios y video entrevistas semi estructuradas, al fin de desarrollar una \u201cgu\u00eda de pr\u00e1cticas\u201d explicativa de la metodolog\u00eda que se pondr\u00e1 a disposici\u00f3n por otros agentes y equipamientos educativos de Barcelona.<\/p>\n<p>El partenariado del proyecto Visulizaci\u00f2n virtual de emociones reales es compuesto de quatros entidades cultural del territorio de Barcelona:<\/p>\n<p>Espronceda (<a href=\"http:\/\/www.espronceda.net\">www.espronceda.net<\/a>)<br \/>\nPlan Comunitari Navas (<a href=\"http:\/\/www.placomunitarinavas.org\">www.placomunitarinavas.org<\/a>)<br \/>\nBeAnotherLab (<a href=\"http:\/\/www.beanotherlab.org\">www.beanotherlab.org<\/a>)<br \/>\nLichen Innovaci\u00f3 Social (<a href=\"http:\/\/www.lichenis.com\">www.lichenis.com<\/a>)<\/p>\n<p>Este proyecto ha contado con el apoyo de las Becas \u00abPremios Barcelona 2020\u00bb del Ayuntamiento de Barcelona<\/p>\n<p><img loading=\"lazy\" decoding=\"async\" class=\"aligncenter size-large wp-image-21726\" src=\"https:\/\/www.espronceda.net\/wp-content\/uploads\/2021\/10\/2-1024x576.png\" alt=\"\" width=\"1024\" height=\"576\" srcset=\"https:\/\/www.espronceda.net\/wp-content\/uploads\/2021\/10\/2-1024x576.png 1024w, https:\/\/www.espronceda.net\/wp-content\/uploads\/2021\/10\/2-300x169.png 300w, https:\/\/www.espronceda.net\/wp-content\/uploads\/2021\/10\/2-768x432.png 768w, https:\/\/www.espronceda.net\/wp-content\/uploads\/2021\/10\/2-1536x864.png 1536w, https:\/\/www.espronceda.net\/wp-content\/uploads\/2021\/10\/2-1280x720.png 1280w, https:\/\/www.espronceda.net\/wp-content\/uploads\/2021\/10\/2.png 1920w\" sizes=\"auto, (max-width: 1024px) 100vw, 1024px\" \/><\/p>\n<p style=\"text-align: center;\">[supsystic-gallery id=15]\n","protected":false},"excerpt":{"rendered":"<p>&nbsp; VISULIZACI\u00d2N VIRTUAL DE EMOCIONES REALES Visulizaci\u00f2n virtual de emociones reales es un proyecto colaborativo y educativo de arte y realidad virtual que investiga el impacto emocional del aislamiento, especialmente en los j\u00f3venes, con el objetivo de hacer frente a los efectos de la crisis sanitaria experimentada durante el 2020. El proyecto mira, a trav\u00e9s de un caso de estudio, [&hellip;]<\/p>\n","protected":false},"author":1,"featured_media":0,"parent":5378,"menu_order":0,"comment_status":"closed","ping_status":"closed","template":"","meta":{"footnotes":""},"class_list":["post-22275","page","type-page","status-publish","hentry"],"_links":{"self":[{"href":"https:\/\/www.espronceda.net\/es\/wp-json\/wp\/v2\/pages\/22275","targetHints":{"allow":["GET"]}}],"collection":[{"href":"https:\/\/www.espronceda.net\/es\/wp-json\/wp\/v2\/pages"}],"about":[{"href":"https:\/\/www.espronceda.net\/es\/wp-json\/wp\/v2\/types\/page"}],"author":[{"embeddable":true,"href":"https:\/\/www.espronceda.net\/es\/wp-json\/wp\/v2\/users\/1"}],"replies":[{"embeddable":true,"href":"https:\/\/www.espronceda.net\/es\/wp-json\/wp\/v2\/comments?post=22275"}],"version-history":[{"count":3,"href":"https:\/\/www.espronceda.net\/es\/wp-json\/wp\/v2\/pages\/22275\/revisions"}],"predecessor-version":[{"id":22319,"href":"https:\/\/www.espronceda.net\/es\/wp-json\/wp\/v2\/pages\/22275\/revisions\/22319"}],"up":[{"embeddable":true,"href":"https:\/\/www.espronceda.net\/es\/wp-json\/wp\/v2\/pages\/5378"}],"wp:attachment":[{"href":"https:\/\/www.espronceda.net\/es\/wp-json\/wp\/v2\/media?parent=22275"}],"curies":[{"name":"wp","href":"https:\/\/api.w.org\/{rel}","templated":true}]}}