{"id":22483,"date":"2022-04-20T17:56:27","date_gmt":"2022-04-20T15:56:27","guid":{"rendered":"https:\/\/www.espronceda.net\/?page_id=22483"},"modified":"2025-10-13T16:35:46","modified_gmt":"2025-10-13T14:35:46","slug":"new-european-bauhaus","status":"publish","type":"page","link":"https:\/\/www.espronceda.net\/es\/new-european-bauhaus\/","title":{"rendered":"New European Bauhaus"},"content":{"rendered":"<p><a href=\"https:\/\/www.espronceda.net\/wp-content\/uploads\/2022\/04\/NEB_logo_EUflag.png\"><img loading=\"lazy\" decoding=\"async\" class=\"wp-image-22609 size-large aligncenter\" src=\"https:\/\/www.espronceda.net\/wp-content\/uploads\/2022\/04\/NEB_logo_EUflag-1024x287.png\" alt=\"\" width=\"1024\" height=\"287\" srcset=\"https:\/\/www.espronceda.net\/wp-content\/uploads\/2022\/04\/NEB_logo_EUflag-1024x287.png 1024w, https:\/\/www.espronceda.net\/wp-content\/uploads\/2022\/04\/NEB_logo_EUflag-300x84.png 300w, https:\/\/www.espronceda.net\/wp-content\/uploads\/2022\/04\/NEB_logo_EUflag-768x215.png 768w, https:\/\/www.espronceda.net\/wp-content\/uploads\/2022\/04\/NEB_logo_EUflag-1536x431.png 1536w, https:\/\/www.espronceda.net\/wp-content\/uploads\/2022\/04\/NEB_logo_EUflag-2048x575.png 2048w, https:\/\/www.espronceda.net\/wp-content\/uploads\/2022\/04\/NEB_logo_EUflag-1280x359.png 1280w\" sizes=\"auto, (max-width: 1024px) 100vw, 1024px\" \/><\/a><\/p>\n<p>&nbsp;<\/p>\n<p>&nbsp;<\/p>\n<h2><strong>ESPRONCEDA: socio del New European Bauhaus<\/strong><\/h2>\n<p><span style=\"font-weight: 400;\">ESPRONCEDA se convirti\u00f3 en <\/span><strong>socio oficial de la iniciativa New European Bauhaus<\/strong><span style=\"font-weight: 400;\"> en 2021, siendo una de las primeras organizaciones en Europa en unirse.<\/span><span style=\"font-weight: 400;\"><br \/>\n<\/span><span style=\"font-weight: 400;\">Como socio, ESPRONCEDA se enorgullece de contribuir al desarrollo de la iniciativa, <\/span><strong>conectando sus ideas y resultados con nuestro contexto local y red global<\/strong><span style=\"font-weight: 400;\">, al mismo tiempo que representa y amplifica activamente las voces de nuestros colaboradores dentro de la comunidad NEB.<\/span><\/p>\n<div class=\"p-rich_text_section\">\n<h3><strong>\u00bfQu\u00e9 es el New European Bauhaus?<\/strong><\/h3>\n<p>El <strong>New European Bauhaus (NEB) <\/strong>es una iniciativa creativa e interdisciplinaria lanzada por la\u00a0<strong>Comisi\u00f3n Europea<\/strong>. Su objetivo es dar forma a un futuro sostenible, inclusivo y bello, fusionando dise\u00f1o, cultura, inclusi\u00f3n social e innovaci\u00f3n con los principios del\u00a0<strong>Green Deal Europeo.<\/strong> La iniciativa promueve la colaboraci\u00f3n entre sectores para crear espacios, productos y soluciones que reflejen la armon\u00eda entre las personas, el medio ambiente y la tecnolog\u00eda.<br \/>\nEl NEB busca una combinaci\u00f3n \u00fanica de est\u00e9tica y funcionalidad para abordar retos globales como el cambio clim\u00e1tico, el desarrollo urbano y la desigualdad social. Fomentando el di\u00e1logo entre profesionales, ciudadanos y responsables pol\u00edticos, asegura que estas transformaciones est\u00e9n centradas en las personas y respetuosas con el medio ambiente.<\/p>\n<h3><strong>ESPRONCEDA y el New European Bauhaus<\/strong><\/h3>\n<p><strong>ESPRONCEDA, Institute of Art &amp; Culture<\/strong>, es uno de los socios oficiales del\u00a0<strong>New European Bauhaus<\/strong>. Como centro innovador de arte contempor\u00e1neo, cultura e investigaci\u00f3n, ESPRONCEDA se alinea activamente con la misi\u00f3n del NEB de reimaginar una Europa sostenible e inclusiva.<br \/>\n<strong>NEB &amp; Inclusi\u00f3n\u00a0<\/strong>es la materializaci\u00f3n de esta visi\u00f3n en el \u00e1mbito local, con proyecci\u00f3n internacional. Situando las artes como eje central, el programa busca imaginar y construir nuevos horizontes sociales. A trav\u00e9s de esta iniciativa, ESPRONCEDA promueve la creatividad, la colaboraci\u00f3n y la innovaci\u00f3n para enfrentar los desaf\u00edos contempor\u00e1neos.<\/p>\n<h3><b data-stringify-type=\"bold\">Iniciativas NEB &amp; Inclusi\u00f3n<\/b><\/h3>\n<p><strong>2022\u20132024<\/strong><br \/>\n<strong>2022 \u2013 Simposio NEB LAB<\/strong><br \/>\nEl programa comenz\u00f3 con la organizaci\u00f3n del\u00a0<b data-stringify-type=\"bold\">Simposio NEB LAB<\/b>, centrado en estrategias para la creaci\u00f3n de ecosistemas culturales sostenibles. Este evento internacional reuni\u00f3 instituciones, artistas y gestores culturales para reflexionar sobre el papel de la cultura en la transici\u00f3n ecol\u00f3gica y social. El simposio se estructur\u00f3 en presentaciones institucionales, mesas de debate y talleres colaborativos, generando propuestas para futuras acciones dentro del marco del NEB.<br \/>\n<strong>2023 \u2013 Arte digital, sostenibilidad e inclusi\u00f3n<\/strong><br \/>\nDurante 2023, el programa se consolid\u00f3 en el \u00e1mbito de las nuevas tecnolog\u00edas aplicadas al arte. Se impulsaron residencias art\u00edsticas vinculadas a la realidad virtual, el arte inmersivo, la blockchain y la Web3. ESPRONCEDA particip\u00f3 en eventos internacionales como\u00a0<b data-stringify-type=\"bold\">Ars Electronica<\/b>\u00a0(Austria), el\u00a0<b data-stringify-type=\"bold\">NEB Festival<\/b>\u00a0(Bruselas) y el\u00a0<b data-stringify-type=\"bold\">MEET Center<\/b>\u00a0(Mil\u00e1n). Adem\u00e1s, se promovieron comunidades creativas digitales, priorizando la inclusi\u00f3n social y la econom\u00eda circular en todas las acciones.<br \/>\n<strong>2024 \u2013 Descentralizaci\u00f3n, participaci\u00f3n y nuevas narrativas<\/strong><br \/>\nEn 2024, el foco se centr\u00f3 en la descentralizaci\u00f3n del acceso a la cultura y la participaci\u00f3n de colectivos tradicionalmente marginados. Algunas de las acciones m\u00e1s destacadas fueron:<\/p>\n<\/div>\n<ul class=\"p-rich_text_list p-rich_text_list__bullet p-rich_text_list--nested\" data-stringify-type=\"unordered-list\" data-list-tree=\"true\" data-indent=\"0\" data-border=\"0\">\n<li data-stringify-indent=\"0\" data-stringify-border=\"0\"><strong>RISE UP \u2013 Voices of Community:<\/strong> Residencia que impuls\u00f3 la co-creaci\u00f3n entre artistas y comunidades perif\u00e9ricas.<\/li>\n<li data-stringify-indent=\"0\" data-stringify-border=\"0\"><strong>KEILI:<\/strong> Presentaci\u00f3n en el festival\u00a0<b data-stringify-type=\"bold\">S\u00f3nar<\/b>, explorando la identidad digital a trav\u00e9s de tecnolog\u00edas inmersivas.<\/li>\n<li data-stringify-indent=\"0\" data-stringify-border=\"0\"><strong>IMMENSIVA (Barcelona\/Londres):<\/strong> Programa con actividades sobre inteligencia artificial, el metaverso y las realidades extendidas.<\/li>\n<li data-stringify-indent=\"0\" data-stringify-border=\"0\"><strong>Hackathon Metavers Navas:<\/strong> Espacio de innovaci\u00f3n art\u00edstica interdisciplinaria que conect\u00f3 creatividad, inclusi\u00f3n y tecnolog\u00eda en el barrio de Navas.<\/li>\n<\/ul>\n<div class=\"p-rich_text_section\">\n<h3><strong>NEB 2025: Construyendo Futuros Juntos<\/strong><\/h3>\n<p><span style=\"font-weight: 400;\">La edici\u00f3n 2025 de NEB &amp; Inclusi\u00f3n aborda tres \u00e1reas tem\u00e1ticas principales:<\/span><\/p>\n<p><span style=\"font-weight: 400;\"><strong>Igualdad de G\u00e9nero y Diversidad<\/strong>, <strong>Conciencia Ambiental<\/strong> y <strong>Acceso Inclusivo a la Creaci\u00f3n Art\u00edstica<\/strong>.<\/span><\/p>\n<h4><strong>\u00a0 \u00a0 \u00a0 1. Igualdad de g\u00e9nero y diversidad<\/strong><\/h4>\n<ul>\n<li style=\"font-weight: 400;\" aria-level=\"1\"><strong>LeShagh \u2013 Women \u2013 Live \u2013 Freedom \u2013 and Beyond<\/strong><span style=\"font-weight: 400;\"> (3\u20136 abril 2025): exposici\u00f3n individual de la artista iran\u00ed LeShagh, que celebra la resiliencia y el autocuidado de las mujeres como actos de resistencia y liberaci\u00f3n. <strong>M\u00e1s informaci\u00f3n<a href=\"https:\/\/www.espronceda.net\/es\/le-shagh-women-live-freedom-and-beyond\/\"> aqu\u00ed<\/a>.<\/strong><\/span>&nbsp;<\/li>\n<li style=\"font-weight: 400;\" aria-level=\"1\"><b>Espronceda NEB Prize 2025<\/b><span style=\"font-weight: 400;\"> (5 junio 2025): residencia y exposici\u00f3n del artista emergente catal\u00e1n Luka Zubicaray (<\/span><i><span style=\"font-weight: 400;\">\u201cIn transit\u201d<\/span><\/i><span style=\"font-weight: 400;\">), que explora la identidad, el conflicto y la ambig\u00fcedad. <strong>M\u00e1s informaci\u00f3n <a href=\"https:\/\/www.espronceda.net\/es\/in-transit-exposicion-inaugural-de-luka-zubicaray-ganador-del-premio-neb-2025\/\">aqu\u00ed<\/a>.<\/strong><\/span>&nbsp;<\/li>\n<li style=\"font-weight: 400;\" aria-level=\"1\"><b>What is Gender?<\/b><span style=\"font-weight: 400;\"> (16\u201325 octubre 2025): exposici\u00f3n internacional y convocatoria abierta que presenta artistas locales y globales que abordan la <\/span><b>diversidad de g\u00e9nero, la identidad y los derechos humanos<\/b><span style=\"font-weight: 400;\">. <strong>M\u00e1s informaci\u00f3n <a href=\"https:\/\/www.espronceda.net\/es\/what-is-gender-exposicion-colectiva\/\">aqu\u00ed<\/a>.<\/strong><\/span>&nbsp;<\/li>\n<\/ul>\n<h4><b>\u00a0 \u00a0 \u00a0 2. Conciencia medioambiental y sostenibilidad<\/b><\/h4>\n<ul>\n<li style=\"font-weight: 400;\" aria-level=\"1\"><b>ECHO Workshops<\/b><span style=\"font-weight: 400;\"> (24\u201328 marzo 2025): laboratorio intensivo para <\/span>12 artistas catalanes que exploran el cambio clim\u00e1tico, la sostenibilidad y la ecolog\u00eda en el arte<span style=\"font-weight: 400;\">, culminando en una exposici\u00f3n p\u00fablica en mayo. <strong>M\u00e1s informaci\u00f3n <a href=\"https:\/\/www.espronceda.net\/es\/echo-academy-barcelona-campaign-design-sprint-week-una-semana-de-creatividad-y-compromiso\/\">aqu\u00ed<\/a>.<\/strong><\/span><\/li>\n<li style=\"font-weight: 400;\" aria-level=\"1\"><b>E-ART Residency \u2013 \u201cUpcycling Found Objects\u201d<\/b><span style=\"font-weight: 400;\"> (julio\u2013septiembre 2025): residencia con <\/span>nueve artistas locales<span style=\"font-weight: 400;\"> que combinan arte y artesan\u00eda centrados en el <\/span>reciclaje y la reutilizaci\u00f3n creativa de materiales<span style=\"font-weight: 400;\">. <strong>M\u00e1s informaci\u00f3n <a href=\"https:\/\/www.espronceda.net\/es\/we-stay-with-the-trouble-nueve-ensamblajes-con-naturalezas-invisibles\/\">aqu\u00ed<\/a>.<\/strong><\/span><\/li>\n<li style=\"font-weight: 400;\" aria-level=\"1\"><b>RISE-UP Vall d\u2019Aran<\/b><span style=\"font-weight: 400;\"> (2 de agosto 2025): exposici\u00f3n itinerante para <\/span>apoyar lenguas en peligro de extinci\u00f3n<span style=\"font-weight: 400;\">, con foco en el aran\u00e9s. Incluye al artista local <\/span>Ricard Novell<span style=\"font-weight: 400;\"> y colaboraciones internacionales. <strong>M\u00e1s informaci\u00f3n <a href=\"https:\/\/www.espronceda.net\/es\/rise-up-en-les-una-celebracion-de-la-danza-el-arte-la-lengua-y-la-comunidad-what-exposicion-itinerante-rise-up-%c2%b7-parada-3\/\">aqu\u00ed<\/a>.<\/strong><\/span><\/li>\n<li style=\"font-weight: 400;\" aria-level=\"1\"><b>Residencia de Filip Wierzbicki-Nowak<\/b><span style=\"font-weight: 400;\"> (septiembre 2025): artista polaco que desarrolla un <\/span>proyecto espec\u00edfico sobre ecolog\u00eda, memoria y entorno urbano<span style=\"font-weight: 400;\">, finalizando con una presentaci\u00f3n p\u00fablica el <\/span>9 de septiembre<span style=\"font-weight: 400;\">. <strong>M\u00e1s informaci\u00f3n <a href=\"https:\/\/www.espronceda.net\/es\/stored-for-a-while-exposicion-individual-de-filip-wierzbicki-nowak\/\">aqu\u00ed<\/a>.<\/strong><\/span><\/li>\n<li style=\"font-weight: 400;\" aria-level=\"1\"><b>Exposici\u00f3n de la artista Alexia Briones<\/b><span style=\"font-weight: 400;\"> (13 de noviembre de 2025) Su obra encarna la conciencia ecol\u00f3gica, utilizando elementos naturales para celebrar la imperfecci\u00f3n y la transitoriedad.<\/span>&nbsp;<\/li>\n<\/ul>\n<h4><b>\u00a0 \u00a0 \u00a0 3. Acceso inclusivo a la creaci\u00f3n art\u00edstica<\/b><\/h4>\n<ul>\n<li style=\"font-weight: 400;\" aria-level=\"1\"><b>PMP \u2013 Semana de talleres y residencia art\u00edstica <\/b><span style=\"font-weight: 400;\">(10\u201314 marzo 2025): formaci\u00f3n en <\/span>comunicaci\u00f3n digital y alfabetizaci\u00f3n medi\u00e1tica para artistas internacionales, adem\u00e1s de una residencia con Tianjun Li e Ivana Tkal\u010di\u0107, explorando los v\u00ednculos entre tecnolog\u00eda, ecolog\u00eda y arte. <strong>M\u00e1s informaci\u00f3n <a href=\"https:\/\/www.espronceda.net\/es\/la-semana-de-talleres-pmp-en-barcelona-esta-a-la-vuelta-de-la-esquina\/\">aqu\u00ed<\/a>.<\/strong>&nbsp;<\/li>\n<li style=\"font-weight: 400;\" aria-level=\"1\"><b>CraftLab \u2013 Collaborative VR &amp; Craft<\/b><span style=\"font-weight: 400;\"> (14 abril 2025): taller que conecta <\/span>artesanos tradicionales y artistas digitales<span style=\"font-weight: 400;\"> para experimentar con la <\/span>realidad virtual<span style=\"font-weight: 400;\"> como herramienta de creaci\u00f3n <\/span>intercultural e intergeneracional<span style=\"font-weight: 400;\">. <strong>M\u00e1s informaci\u00f3n <a href=\"https:\/\/www.espronceda.net\/es\/14-04-2024-creando-el-futuro-fusionando-tradicion-e-innovacion-con-abi-fantastic-angel-munoz-y-daniel-gonzalez\/\">aqu\u00ed<\/a><\/strong>.<\/span>&nbsp;<\/li>\n<li style=\"font-weight: 400;\" aria-level=\"1\"><b>Graffiti workshop <\/b><span style=\"font-weight: 400;\">\u00a0(julio 2025): festival comunitario de <\/span>arte urbano que transforma los muros de ESPRONCEDA en un lienzo colectivo<span style=\"font-weight: 400;\">, con talleres y participaci\u00f3n vecinal.\u00a0<\/span>&nbsp;<\/li>\n<li style=\"font-weight: 400;\" aria-level=\"1\"><b>Collaboration Station \u2013 2\u00aa edici\u00f3n<\/b><span style=\"font-weight: 400;\"> (27 de julio,2025): plataforma expositiva que fomenta la <\/span>co-creaci\u00f3n entre artistas y grupos sociales, con una fuerte implicaci\u00f3n comunitaria en Navas y Sant Andreu. <strong>M\u00e1s informaci\u00f3n <a href=\"https:\/\/www.espronceda.net\/es\/collaboration-station\/\">aqu\u00ed<\/a>.<\/strong>&nbsp;<\/li>\n<li style=\"font-weight: 400;\" aria-level=\"1\"><b>Congreso ENCATC 2025<\/b><span style=\"font-weight: 400;\"> (15\u201317 septiembre 2025): ESPRONCEDA acoge parte del principal congreso internacional de <\/span>gesti\u00f3n cultural, con una jornada tem\u00e1tica sobre co-creaci\u00f3n e impacto social. <strong>M\u00e1s informaci\u00f3n <a href=\"https:\/\/www.espronceda.net\/es\/congreso-encatc-2025-el-futuro-es-cultural-politica-practica-y-educacion\/\">aqu\u00ed<\/a>.<\/strong>&nbsp;<\/li>\n<li style=\"font-weight: 400;\" aria-level=\"1\"><b>Craft Academies &amp; Movement<\/b><span style=\"font-weight: 400;\"> (septiembre\u2013octubre 2025): parte de la <\/span>plataforma Craftwork 4.0 ALL, en la que ESPRONCEDA env\u00eda artistas catalanes a Suecia y acoge el proyecto \u201cCraft Movement\u201d en Barcelona, produciendo una obra colectiva con 20 participantes. <strong>M\u00e1s informaci\u00f3n <a href=\"https:\/\/www.espronceda.net\/es\/craft-happening-en-barcelona-paisajes-mecanicos-modulares-exploracion-del-ritmo-el-sonido-y-la-materia\/\">aqu\u00ed<\/a>.<\/strong>&nbsp;<\/li>\n<li><strong>SensAI Hack Barcelona<\/strong> <span style=\"font-weight: 400;\">(16-18 de noviembre de 2025): Durante la Unity Unite Week 2025, ESPRONCEDA colabora con SensAI Hack Barcelona, \u200b\u200bun hackaton de tres d\u00edas que re\u00fane a m\u00e1s de 120 creadores internacionales de XR, IA y tecnolog\u00eda inmersiva. El evento conecta a los mejores desarrolladores, investigadores y artistas que exploran el futuro de las experiencias interactivas..<\/span><span style=\"font-weight: 400;\"><br \/>\n<\/span><\/li>\n<\/ul>\n<h3><b data-stringify-type=\"bold\"><\/b><strong>\u00danete a nosotros para dar forma al futuro<\/strong><\/h3>\n<p>La colaboraci\u00f3n de <strong>ESPRONCEDA con la Nueva Bauhaus Europea<\/strong> subraya su compromiso de aprovechar el poder del arte y la cultura para construir un ma\u00f1ana mejor. Junto con la NEB, ESPRONCEDA busca inspirar un cambio positivo fomentando la creatividad, la innovaci\u00f3n y la sostenibilidad. Descubre m\u00e1s sobre el papel de ESPRONCEDA en la Nueva Bauhaus Europea y sus iniciativas en curso <span style=\"color: #0000ff;\"><strong><a style=\"color: #0000ff;\" href=\"https:\/\/new-european-bauhaus.europa.eu\/community-core-new-european-bauhaus\/official-neb-partners_en\">aqu\u00ed<\/a>.<\/strong><\/span><\/p>\n<\/div>\n","protected":false},"excerpt":{"rendered":"<p>&nbsp; &nbsp; ESPRONCEDA: socio del New European Bauhaus ESPRONCEDA se convirti\u00f3 en socio oficial de la iniciativa New European Bauhaus en 2021, siendo una de las primeras organizaciones en Europa en unirse. Como socio, ESPRONCEDA se enorgullece de contribuir al desarrollo de la iniciativa, conectando sus ideas y resultados con nuestro contexto local y red global, al mismo tiempo que [&hellip;]<\/p>\n","protected":false},"author":1,"featured_media":22468,"parent":0,"menu_order":0,"comment_status":"closed","ping_status":"closed","template":"","meta":{"footnotes":""},"class_list":["post-22483","page","type-page","status-publish","has-post-thumbnail","hentry"],"_links":{"self":[{"href":"https:\/\/www.espronceda.net\/es\/wp-json\/wp\/v2\/pages\/22483","targetHints":{"allow":["GET"]}}],"collection":[{"href":"https:\/\/www.espronceda.net\/es\/wp-json\/wp\/v2\/pages"}],"about":[{"href":"https:\/\/www.espronceda.net\/es\/wp-json\/wp\/v2\/types\/page"}],"author":[{"embeddable":true,"href":"https:\/\/www.espronceda.net\/es\/wp-json\/wp\/v2\/users\/1"}],"replies":[{"embeddable":true,"href":"https:\/\/www.espronceda.net\/es\/wp-json\/wp\/v2\/comments?post=22483"}],"version-history":[{"count":26,"href":"https:\/\/www.espronceda.net\/es\/wp-json\/wp\/v2\/pages\/22483\/revisions"}],"predecessor-version":[{"id":29565,"href":"https:\/\/www.espronceda.net\/es\/wp-json\/wp\/v2\/pages\/22483\/revisions\/29565"}],"wp:featuredmedia":[{"embeddable":true,"href":"https:\/\/www.espronceda.net\/es\/wp-json\/wp\/v2\/media\/22468"}],"wp:attachment":[{"href":"https:\/\/www.espronceda.net\/es\/wp-json\/wp\/v2\/media?parent=22483"}],"curies":[{"name":"wp","href":"https:\/\/api.w.org\/{rel}","templated":true}]}}