{"id":23073,"date":"2022-07-11T18:21:24","date_gmt":"2022-07-11T16:21:24","guid":{"rendered":"https:\/\/www.espronceda.net\/?page_id=23073"},"modified":"2023-04-08T01:18:37","modified_gmt":"2023-04-07T23:18:37","slug":"23073-2","status":"publish","type":"page","link":"https:\/\/www.espronceda.net\/es\/23073-2\/","title":{"rendered":""},"content":{"rendered":"<h2 class=\"wsite-content-title\"><span style=\"font-size: x-large;\"><a href=\"http:\/\/onmediationplatform.com\/en\/\" target=\"_blank\" rel=\"noopener\"><span style=\"color: #2a2a2a;\">Premio de Arte en colaboraci\u00f3n con Nectar Conectar &amp; On Mediation<\/span><\/a><\/span><\/h2>\n<div class=\"paragraph\"><span style=\"color: #2a2a2a;\">Situado en medio de la naturaleza y rodeado de bosques infinitos, Nectar, en colaboraci\u00f3n con Espronceda &#8211; Instituto de Arte y Cultura y On Mediation_Platform on Curatorship and Research, presenta su programa de residencias art\u00edsticas que ofrece una experiencia de vida y trabajo basada en la comunidad para artistas emergentes locales e internacionales. Comienza con una residencia art\u00edstica disfrutando de un entorno rural y termina con una exposici\u00f3n final en el Instituto de Arte y Cultura de Espronceda.<\/span><strong><span style=\"color: #2a2a2a;\"><br \/>\n\u200b<\/span><\/strong><\/div>\n<p class=\"wsite-content-title\"><span style=\"font-size: x-large;\"><span style=\"color: #2a2a2a;\">Rural \/ Urban0<\/span><strong><span style=\"color: #2a2a2a;\"><br \/>\n<\/span><\/strong><span style=\"color: #2a2a2a;\">\u200b<\/span><\/span>Se\u00f1alando la cuesti\u00f3n de c\u00f3mo el arte y la cultura pueden utilizarse como elemento para crear sinergias rural-urbanas, se invita a los artistas residentes a explorar y contribuir a este maridaje.<br \/>\nEn estos tiempos de incertidumbre, el reencuentro entre la ciudad y el campo puede ser la clave de la transici\u00f3n de la sociedad hacia un futuro m\u00e1s sostenible.<\/p>\n<p>La culminaci\u00f3n de la residencia es una exposici\u00f3n en el espacio expositivo Espronceda, uno de los centros de arte contempor\u00e1neo m\u00e1s innovadores de Barcelona, donde los artistas presentan sus obras en el marco del Festival Art Nou.<br \/>\nLos artistas tendr\u00e1n la oportunidad de presentar su trabajo en un evento de Open Studio y reunirse junto a invitados y agentes culturales de la escena art\u00edstica local, propiciando un espacio de conversaci\u00f3n y feed-back.<\/p>\n<p><em><strong>El Jurado est\u00e1 compuesto por:<\/strong><\/em><br \/>\nTai Lomas &amp; Olga Sureda, cofundadores de Nectar<br \/>\nSavina Tarsitano, Holger y Henrik Sprengel, cofundadores de Espronceda &#8211; Instituto de Arte y Cultura<br \/>\nAnna M\u00aa Guasch, codirectora de On Mediation<\/p>\n<p class=\"wsite-content-title\">\u200b<\/p>\n<p><img loading=\"lazy\" decoding=\"async\" class=\"aligncenter size-large wp-image-20878\" src=\"https:\/\/www.espronceda.net\/wp-content\/uploads\/2021\/07\/WhatsApp-Image-2021-07-12-at-10.09.34-AM-1024x677.jpeg\" alt=\"\" width=\"1024\" height=\"677\" srcset=\"https:\/\/www.espronceda.net\/wp-content\/uploads\/2021\/07\/WhatsApp-Image-2021-07-12-at-10.09.34-AM-1024x677.jpeg 1024w, https:\/\/www.espronceda.net\/wp-content\/uploads\/2021\/07\/WhatsApp-Image-2021-07-12-at-10.09.34-AM-300x198.jpeg 300w, https:\/\/www.espronceda.net\/wp-content\/uploads\/2021\/07\/WhatsApp-Image-2021-07-12-at-10.09.34-AM-768x508.jpeg 768w, https:\/\/www.espronceda.net\/wp-content\/uploads\/2021\/07\/WhatsApp-Image-2021-07-12-at-10.09.34-AM-1536x1016.jpeg 1536w, https:\/\/www.espronceda.net\/wp-content\/uploads\/2021\/07\/WhatsApp-Image-2021-07-12-at-10.09.34-AM-1280x846.jpeg 1280w, https:\/\/www.espronceda.net\/wp-content\/uploads\/2021\/07\/WhatsApp-Image-2021-07-12-at-10.09.34-AM.jpeg 1600w\" sizes=\"auto, (max-width: 1024px) 100vw, 1024px\" \/><\/p>\n<p><img loading=\"lazy\" decoding=\"async\" class=\"aligncenter size-large wp-image-22979\" src=\"https:\/\/www.espronceda.net\/wp-content\/uploads\/2022\/07\/FLYER2-1024x581.jpg\" alt=\"\" width=\"1024\" height=\"581\" srcset=\"https:\/\/www.espronceda.net\/wp-content\/uploads\/2022\/07\/FLYER2-1024x581.jpg 1024w, https:\/\/www.espronceda.net\/wp-content\/uploads\/2022\/07\/FLYER2-300x170.jpg 300w, https:\/\/www.espronceda.net\/wp-content\/uploads\/2022\/07\/FLYER2-768x435.jpg 768w, https:\/\/www.espronceda.net\/wp-content\/uploads\/2022\/07\/FLYER2.jpg 1270w\" sizes=\"auto, (max-width: 1024px) 100vw, 1024px\" \/><\/p>\n<p>&nbsp;<\/p>\n<h2><\/h2>\n<h2 style=\"text-align: center;\">Nectar 2022<\/h2>\n<div class='gallery'><dl class='gallery-item'>\n\t\t\t<dt class='gallery-icon landscape'>\n\t\t\t\t<a class=\"view\" rel='gallery' href='https:\/\/www.espronceda.net\/es\/23073-2\/35-11-2\/'><img loading=\"lazy\" decoding=\"async\" width=\"150\" height=\"150\" src=\"https:\/\/www.espronceda.net\/wp-content\/uploads\/2022\/07\/35-150x150.jpg\" class=\"attachment-thumbnail size-thumbnail\" alt=\"\" title=\"35\" \/><\/a>\n\t\t\t<\/dt><\/dl><dl class='gallery-item'>\n\t\t\t<dt class='gallery-icon landscape'>\n\t\t\t\t<a class=\"view\" rel='gallery' href='https:\/\/www.espronceda.net\/es\/23073-2\/34-6-2\/'><img loading=\"lazy\" decoding=\"async\" width=\"150\" height=\"150\" src=\"https:\/\/www.espronceda.net\/wp-content\/uploads\/2022\/07\/34-150x150.jpg\" class=\"attachment-thumbnail size-thumbnail\" alt=\"\" title=\"34\" \/><\/a>\n\t\t\t<\/dt><\/dl><dl class='gallery-item'>\n\t\t\t<dt class='gallery-icon landscape'>\n\t\t\t\t<a class=\"view\" rel='gallery' href='https:\/\/www.espronceda.net\/es\/23073-2\/33-9-2\/'><img loading=\"lazy\" decoding=\"async\" width=\"150\" height=\"150\" src=\"https:\/\/www.espronceda.net\/wp-content\/uploads\/2022\/07\/33-150x150.jpg\" class=\"attachment-thumbnail size-thumbnail\" alt=\"\" title=\"33\" \/><\/a>\n\t\t\t<\/dt><\/dl><br style=\"clear: both\" \/><dl class='gallery-item'>\n\t\t\t<dt class='gallery-icon landscape'>\n\t\t\t\t<a class=\"view\" rel='gallery' href='https:\/\/www.espronceda.net\/es\/23073-2\/32-9-2\/'><img loading=\"lazy\" decoding=\"async\" width=\"150\" height=\"150\" src=\"https:\/\/www.espronceda.net\/wp-content\/uploads\/2022\/07\/32-150x150.jpg\" class=\"attachment-thumbnail size-thumbnail\" alt=\"\" title=\"32\" \/><\/a>\n\t\t\t<\/dt><\/dl><dl class='gallery-item'>\n\t\t\t<dt class='gallery-icon landscape'>\n\t\t\t\t<a class=\"view\" rel='gallery' href='https:\/\/www.espronceda.net\/es\/23073-2\/31-10-2\/'><img loading=\"lazy\" decoding=\"async\" width=\"150\" height=\"150\" src=\"https:\/\/www.espronceda.net\/wp-content\/uploads\/2022\/07\/31-150x150.jpg\" class=\"attachment-thumbnail size-thumbnail\" alt=\"\" title=\"31\" \/><\/a>\n\t\t\t<\/dt><\/dl><dl class='gallery-item'>\n\t\t\t<dt class='gallery-icon portrait'>\n\t\t\t\t<a class=\"view\" rel='gallery' href='https:\/\/www.espronceda.net\/es\/23073-2\/30-10-2\/'><img loading=\"lazy\" decoding=\"async\" width=\"150\" height=\"150\" src=\"https:\/\/www.espronceda.net\/wp-content\/uploads\/2022\/07\/30-150x150.jpg\" class=\"attachment-thumbnail size-thumbnail\" alt=\"\" title=\"30\" \/><\/a>\n\t\t\t<\/dt><\/dl><br style=\"clear: both\" \/><dl class='gallery-item'>\n\t\t\t<dt class='gallery-icon landscape'>\n\t\t\t\t<a class=\"view\" rel='gallery' href='https:\/\/www.espronceda.net\/es\/23073-2\/28-7-2\/'><img loading=\"lazy\" decoding=\"async\" width=\"150\" height=\"150\" src=\"https:\/\/www.espronceda.net\/wp-content\/uploads\/2022\/07\/28-150x150.jpg\" class=\"attachment-thumbnail size-thumbnail\" alt=\"\" title=\"28\" \/><\/a>\n\t\t\t<\/dt><\/dl><dl class='gallery-item'>\n\t\t\t<dt class='gallery-icon landscape'>\n\t\t\t\t<a class=\"view\" rel='gallery' href='https:\/\/www.espronceda.net\/es\/23073-2\/27-9-2\/'><img loading=\"lazy\" decoding=\"async\" width=\"150\" height=\"150\" src=\"https:\/\/www.espronceda.net\/wp-content\/uploads\/2022\/07\/27-150x150.jpg\" class=\"attachment-thumbnail size-thumbnail\" alt=\"\" title=\"27\" \/><\/a>\n\t\t\t<\/dt><\/dl><dl class='gallery-item'>\n\t\t\t<dt class='gallery-icon landscape'>\n\t\t\t\t<a class=\"view\" rel='gallery' href='https:\/\/www.espronceda.net\/es\/23073-2\/26-11-2\/'><img loading=\"lazy\" decoding=\"async\" width=\"150\" height=\"150\" src=\"https:\/\/www.espronceda.net\/wp-content\/uploads\/2022\/07\/26-150x150.jpg\" class=\"attachment-thumbnail size-thumbnail\" alt=\"\" title=\"26\" \/><\/a>\n\t\t\t<\/dt><\/dl><br style=\"clear: both\" \/><dl class='gallery-item'>\n\t\t\t<dt class='gallery-icon landscape'>\n\t\t\t\t<a class=\"view\" rel='gallery' href='https:\/\/www.espronceda.net\/es\/23073-2\/25-13\/'><img loading=\"lazy\" decoding=\"async\" width=\"150\" height=\"150\" src=\"https:\/\/www.espronceda.net\/wp-content\/uploads\/2022\/07\/25-150x150.jpg\" class=\"attachment-thumbnail size-thumbnail\" alt=\"\" title=\"25\" \/><\/a>\n\t\t\t<\/dt><\/dl><dl class='gallery-item'>\n\t\t\t<dt class='gallery-icon landscape'>\n\t\t\t\t<a class=\"view\" rel='gallery' href='https:\/\/www.espronceda.net\/es\/23073-2\/22-14\/'><img loading=\"lazy\" decoding=\"async\" width=\"150\" height=\"150\" src=\"https:\/\/www.espronceda.net\/wp-content\/uploads\/2022\/07\/22-150x150.jpg\" class=\"attachment-thumbnail size-thumbnail\" alt=\"\" title=\"22\" \/><\/a>\n\t\t\t<\/dt><\/dl>\n\t\t\t<br style='clear: both' \/>\n\t\t<\/div>\n\n<h2 style=\"text-align: center;\">Nectar 2021<\/h2>\n<div class=\"paragraph\">\n<div class='gallery'><dl class='gallery-item'>\n\t\t\t<dt class='gallery-icon landscape'>\n\t\t\t\t<a class=\"view\" rel='gallery' href='https:\/\/www.espronceda.net\/es\/img-20210703-wa0039-2\/'><img loading=\"lazy\" decoding=\"async\" width=\"150\" height=\"150\" src=\"https:\/\/www.espronceda.net\/wp-content\/uploads\/2021\/07\/IMG-20210703-WA0039-150x150.jpg\" class=\"attachment-thumbnail size-thumbnail\" alt=\"\" title=\"IMG-20210703-WA0039\" \/><\/a>\n\t\t\t<\/dt><\/dl><dl class='gallery-item'>\n\t\t\t<dt class='gallery-icon landscape'>\n\t\t\t\t<a class=\"view\" rel='gallery' href='https:\/\/www.espronceda.net\/es\/?attachment_id=20852'><img loading=\"lazy\" decoding=\"async\" width=\"150\" height=\"150\" src=\"https:\/\/www.espronceda.net\/wp-content\/uploads\/2021\/07\/pf-150x150.jpg\" class=\"attachment-thumbnail size-thumbnail\" alt=\"\" title=\"pf\" \/><\/a>\n\t\t\t<\/dt><\/dl>\n\t\t\t<br style='clear: both' \/>\n\t\t<\/div>\n\n<div class='gallery'><dl class='gallery-item'>\n\t\t\t<dt class='gallery-icon landscape'>\n\t\t\t\t<a class=\"view\" rel='gallery' href='https:\/\/www.espronceda.net\/es\/23073-2\/img_6058-2\/'><img loading=\"lazy\" decoding=\"async\" width=\"150\" height=\"150\" src=\"https:\/\/www.espronceda.net\/wp-content\/uploads\/2022\/07\/IMG_6058-150x150.jpg\" class=\"attachment-thumbnail size-thumbnail\" alt=\"\" title=\"IMG_6058\" \/><\/a>\n\t\t\t<\/dt><\/dl><dl class='gallery-item'>\n\t\t\t<dt class='gallery-icon landscape'>\n\t\t\t\t<a class=\"view\" rel='gallery' href='https:\/\/www.espronceda.net\/es\/23073-2\/img_6244-2\/'><img loading=\"lazy\" decoding=\"async\" width=\"150\" height=\"150\" src=\"https:\/\/www.espronceda.net\/wp-content\/uploads\/2022\/07\/IMG_6244-150x150.jpg\" class=\"attachment-thumbnail size-thumbnail\" alt=\"\" title=\"IMG_6244\" \/><\/a>\n\t\t\t<\/dt><\/dl><dl class='gallery-item'>\n\t\t\t<dt class='gallery-icon landscape'>\n\t\t\t\t<a class=\"view\" rel='gallery' href='https:\/\/www.espronceda.net\/es\/23073-2\/img_5959-2\/'><img loading=\"lazy\" decoding=\"async\" width=\"150\" height=\"150\" src=\"https:\/\/www.espronceda.net\/wp-content\/uploads\/2022\/07\/IMG_5959-150x150.jpg\" class=\"attachment-thumbnail size-thumbnail\" alt=\"\" title=\"IMG_5959\" \/><\/a>\n\t\t\t<\/dt><\/dl><br style=\"clear: both\" \/><dl class='gallery-item'>\n\t\t\t<dt class='gallery-icon landscape'>\n\t\t\t\t<a class=\"view\" rel='gallery' href='https:\/\/www.espronceda.net\/es\/23073-2\/img_5958-2\/'><img loading=\"lazy\" decoding=\"async\" width=\"150\" height=\"150\" src=\"https:\/\/www.espronceda.net\/wp-content\/uploads\/2022\/07\/IMG_5958-150x150.jpg\" class=\"attachment-thumbnail size-thumbnail\" alt=\"\" title=\"IMG_5958\" \/><\/a>\n\t\t\t<\/dt><\/dl><dl class='gallery-item'>\n\t\t\t<dt class='gallery-icon landscape'>\n\t\t\t\t<a class=\"view\" rel='gallery' href='https:\/\/www.espronceda.net\/es\/23073-2\/img_5904-2\/'><img loading=\"lazy\" decoding=\"async\" width=\"150\" height=\"150\" src=\"https:\/\/www.espronceda.net\/wp-content\/uploads\/2022\/07\/IMG_5904-150x150.jpg\" class=\"attachment-thumbnail size-thumbnail\" alt=\"\" title=\"IMG_5904\" \/><\/a>\n\t\t\t<\/dt><\/dl><dl class='gallery-item'>\n\t\t\t<dt class='gallery-icon landscape'>\n\t\t\t\t<a class=\"view\" rel='gallery' href='https:\/\/www.espronceda.net\/es\/23073-2\/_mg_9701-2\/'><img loading=\"lazy\" decoding=\"async\" width=\"150\" height=\"150\" src=\"https:\/\/www.espronceda.net\/wp-content\/uploads\/2022\/07\/MG_9701-150x150.jpg\" class=\"attachment-thumbnail size-thumbnail\" alt=\"\" title=\"_MG_9701\" \/><\/a>\n\t\t\t<\/dt><\/dl><br style=\"clear: both\" \/><dl class='gallery-item'>\n\t\t\t<dt class='gallery-icon portrait'>\n\t\t\t\t<a class=\"view\" rel='gallery' href='https:\/\/www.espronceda.net\/es\/23073-2\/_mg_9687-2\/'><img loading=\"lazy\" decoding=\"async\" width=\"150\" height=\"150\" src=\"https:\/\/www.espronceda.net\/wp-content\/uploads\/2022\/07\/MG_9687-150x150.jpg\" class=\"attachment-thumbnail size-thumbnail\" alt=\"\" title=\"_MG_9687\" \/><\/a>\n\t\t\t<\/dt><\/dl><dl class='gallery-item'>\n\t\t\t<dt class='gallery-icon landscape'>\n\t\t\t\t<a class=\"view\" rel='gallery' href='https:\/\/www.espronceda.net\/es\/23073-2\/_mg_9683-2\/'><img loading=\"lazy\" decoding=\"async\" width=\"150\" height=\"150\" src=\"https:\/\/www.espronceda.net\/wp-content\/uploads\/2022\/07\/MG_9683-150x150.jpg\" class=\"attachment-thumbnail size-thumbnail\" alt=\"\" title=\"_MG_9683\" \/><\/a>\n\t\t\t<\/dt><\/dl><dl class='gallery-item'>\n\t\t\t<dt class='gallery-icon landscape'>\n\t\t\t\t<a class=\"view\" rel='gallery' href='https:\/\/www.espronceda.net\/es\/23073-2\/_mg_9669-2\/'><img loading=\"lazy\" decoding=\"async\" width=\"150\" height=\"150\" src=\"https:\/\/www.espronceda.net\/wp-content\/uploads\/2022\/07\/MG_9669-150x150.jpg\" class=\"attachment-thumbnail size-thumbnail\" alt=\"\" title=\"_MG_9669\" \/><\/a>\n\t\t\t<\/dt><\/dl><br style=\"clear: both\" \/>\n\t\t<\/div>\n\n<p>&nbsp;<\/p>\n<\/div>\n","protected":false},"excerpt":{"rendered":"<p>Premio de Arte en colaboraci\u00f3n con Nectar Conectar &amp; On Mediation Situado en medio de la naturaleza y rodeado de bosques infinitos, Nectar, en colaboraci\u00f3n con Espronceda &#8211; Instituto de Arte y Cultura y On Mediation_Platform on Curatorship and Research, presenta su programa de residencias art\u00edsticas que ofrece una experiencia de vida y trabajo basada en la comunidad para artistas [&hellip;]<\/p>\n","protected":false},"author":1,"featured_media":0,"parent":0,"menu_order":0,"comment_status":"closed","ping_status":"closed","template":"","meta":{"footnotes":""},"class_list":["post-23073","page","type-page","status-publish","hentry"],"_links":{"self":[{"href":"https:\/\/www.espronceda.net\/es\/wp-json\/wp\/v2\/pages\/23073","targetHints":{"allow":["GET"]}}],"collection":[{"href":"https:\/\/www.espronceda.net\/es\/wp-json\/wp\/v2\/pages"}],"about":[{"href":"https:\/\/www.espronceda.net\/es\/wp-json\/wp\/v2\/types\/page"}],"author":[{"embeddable":true,"href":"https:\/\/www.espronceda.net\/es\/wp-json\/wp\/v2\/users\/1"}],"replies":[{"embeddable":true,"href":"https:\/\/www.espronceda.net\/es\/wp-json\/wp\/v2\/comments?post=23073"}],"version-history":[{"count":4,"href":"https:\/\/www.espronceda.net\/es\/wp-json\/wp\/v2\/pages\/23073\/revisions"}],"predecessor-version":[{"id":25324,"href":"https:\/\/www.espronceda.net\/es\/wp-json\/wp\/v2\/pages\/23073\/revisions\/25324"}],"wp:attachment":[{"href":"https:\/\/www.espronceda.net\/es\/wp-json\/wp\/v2\/media?parent=23073"}],"curies":[{"name":"wp","href":"https:\/\/api.w.org\/{rel}","templated":true}]}}