{"id":23105,"date":"2022-07-12T11:38:19","date_gmt":"2022-07-12T09:38:19","guid":{"rendered":"https:\/\/www.espronceda.net\/?page_id=23105"},"modified":"2022-07-13T15:53:09","modified_gmt":"2022-07-13T13:53:09","slug":"luminic-festival","status":"publish","type":"page","link":"https:\/\/www.espronceda.net\/es\/luminic-festival\/","title":{"rendered":"The Light of the Stones &#8211; parte del Luminic Festival"},"content":{"rendered":"<p>Nos complace formar parte del Festival Luminic, con la exposici\u00f3n Las luces de las piedras de Savina Tarsitano y Dinu Flamand.<\/p>\n<p>Un proyecto interdisciplinario, resultado del encuentro entre la artista italiana Savina Tarsitano y el poeta rumano Dinu Flam\u00e2nd, es un di\u00e1logo intercultural sobre la existencia del ser humano, la relaci\u00f3n con la naturaleza, la importancia del lugar y la memoria traducida a trav\u00e9s de las fotograf\u00edas.<br \/>\nLa colaboraci\u00f3n de los dos artistas dio lugar a la publicaci\u00f3n del libro Ombre e Falesie en 2018, mezclando imagen y poes\u00eda.<\/p>\n<p>Desde entonces su colaboraci\u00f3n ha continuado con la publicaci\u00f3n de 7 vol\u00famenes de antolog\u00eda po\u00e9tica en diferentes idiomas (catal\u00e1n, hebreo, ingl\u00e9s, italiano, alem\u00e1n, rumano, etc.). La exposici\u00f3n se ha presentado en diferentes pa\u00edses europeos y en todo el mundo con circuitos de arte contempor\u00e1neo. El proyecto destaca la importancia de la naturaleza, la identidad, el patrimonio cultural, a trav\u00e9s de un lenguaje interdisciplinar que incluye la poes\u00eda, la fotograf\u00eda y, en el \u00faltimo periodo, la m\u00fasica con el maestro Marco Misciagna. Las fotos expuestas fueron tomadas en diferentes pa\u00edses del mundo con diferentes residencias art\u00edsticas, desde Groenlandia, Mauricio, Cuba, Martinica, Calabria, Alemania, entre lugares abandonados y monumentos en restauraci\u00f3n.<\/p>\n<p>El proyecto cuenta con el patrocinio del Parlamento Europeo de la Cultura y la Fundaci\u00f3n Bogliasco de Nueva York, donde los dos artistas se conocieron durante su residencia en 2005. En septiembre la exposici\u00f3n se ha presentado en el Centres des Arts Ecolint de Ginebra, Suiza, con motivo del proyecto de Michelangelo Pistoletto \u00abArt for Social Impact\u00bb.<\/p>\n<p>LUM\u00cdNIC es el festival de fotograf\u00eda de Sant Cugat del Vall\u00e8s, que desde 2019 promueve la fotograf\u00eda de autor. LUM\u00cdNIC inunda Sant Cugat del Vall\u00e8s, convirti\u00e9ndolo en un punto de encuentro para los amantes de la fotograf\u00eda. Irrumpe en la ciudad para estudiar la fotograf\u00eda, generando nuevos espacios de conocimiento y reflexi\u00f3n, con un car\u00e1cter inclusivo y participativo.\u00a0\u00a0En una semana de apertura y dos meses de funcionamiento, se desarrollar\u00e1 un completo programa de exposiciones, charlas, talleres y mesas redondas. A partir de un nuevo hilo conductor cada a\u00f1o, los visitantes podr\u00e1n disfrutar de autores consagrados y emergentes, tanto nacionales como internacionales. LUM\u00cdNIC es una plataforma que trabaja durante todo el a\u00f1o, generando sinergias con otros agentes culturales para la promoci\u00f3n de la fotograf\u00eda.<\/p>\n<p>&nbsp;<\/p>\n<p style=\"text-align: center;\"><a href=\"https:\/\/drive.google.com\/drive\/u\/0\/folders\/1wMlXQf6A3U3VdzjTcV16vSlWTt_vM-ku\">las luces de las piedras &#8211; cat\u00e1logo<\/a><\/p>\n<p><img loading=\"lazy\" decoding=\"async\" class=\"aligncenter size-thumbnail wp-image-23241\" src=\"https:\/\/www.espronceda.net\/wp-content\/uploads\/2022\/07\/IMG_0409-150x150.jpg\" alt=\"\" width=\"150\" height=\"150\" \/><\/p>\n<p><img loading=\"lazy\" decoding=\"async\" class=\"aligncenter size-thumbnail wp-image-23238\" src=\"https:\/\/www.espronceda.net\/wp-content\/uploads\/2022\/07\/IMG_0400-150x150.jpg\" alt=\"\" width=\"150\" height=\"150\" \/><\/p>\n<p><img loading=\"lazy\" decoding=\"async\" class=\"aligncenter size-thumbnail wp-image-23235\" src=\"https:\/\/www.espronceda.net\/wp-content\/uploads\/2022\/07\/IMG_0396-150x150.jpg\" alt=\"\" width=\"150\" height=\"150\" \/><\/p>\n<p><img loading=\"lazy\" decoding=\"async\" class=\"aligncenter size-thumbnail wp-image-23232\" src=\"https:\/\/www.espronceda.net\/wp-content\/uploads\/2022\/07\/IMG_0395-150x150.jpg\" alt=\"\" width=\"150\" height=\"150\" \/><\/p>\n<p><img loading=\"lazy\" decoding=\"async\" class=\"aligncenter size-thumbnail wp-image-23229\" src=\"https:\/\/www.espronceda.net\/wp-content\/uploads\/2022\/07\/IMG_0385-150x150.jpg\" alt=\"\" width=\"150\" height=\"150\" \/><\/p>\n<p><img loading=\"lazy\" decoding=\"async\" class=\"aligncenter size-thumbnail wp-image-23226\" src=\"https:\/\/www.espronceda.net\/wp-content\/uploads\/2022\/07\/IMG_0376-150x150.jpg\" alt=\"\" width=\"150\" height=\"150\" \/><\/p>\n<p><img loading=\"lazy\" decoding=\"async\" class=\"aligncenter size-thumbnail wp-image-23223\" src=\"https:\/\/www.espronceda.net\/wp-content\/uploads\/2022\/07\/IMG_0359-150x150.jpg\" alt=\"\" width=\"150\" height=\"150\" \/><\/p>\n<p><img loading=\"lazy\" decoding=\"async\" class=\"aligncenter size-thumbnail wp-image-23220\" src=\"https:\/\/www.espronceda.net\/wp-content\/uploads\/2022\/07\/IMG_0355-150x150.jpg\" alt=\"\" width=\"150\" height=\"150\" \/><\/p>\n<p><img loading=\"lazy\" decoding=\"async\" class=\"aligncenter size-thumbnail wp-image-23217\" src=\"https:\/\/www.espronceda.net\/wp-content\/uploads\/2022\/07\/IMG_0343-150x150.jpg\" alt=\"\" width=\"150\" height=\"150\" \/><\/p>\n","protected":false},"excerpt":{"rendered":"<p>Nos complace formar parte del Festival Luminic, con la exposici\u00f3n Las luces de las piedras de Savina Tarsitano y Dinu Flamand. Un proyecto interdisciplinario, resultado del encuentro entre la artista italiana Savina Tarsitano y el poeta rumano Dinu Flam\u00e2nd, es un di\u00e1logo intercultural sobre la existencia del ser humano, la relaci\u00f3n con la naturaleza, la importancia del lugar y la [&hellip;]<\/p>\n","protected":false},"author":1,"featured_media":0,"parent":0,"menu_order":0,"comment_status":"closed","ping_status":"closed","template":"","meta":{"footnotes":""},"class_list":["post-23105","page","type-page","status-publish","hentry"],"_links":{"self":[{"href":"https:\/\/www.espronceda.net\/es\/wp-json\/wp\/v2\/pages\/23105","targetHints":{"allow":["GET"]}}],"collection":[{"href":"https:\/\/www.espronceda.net\/es\/wp-json\/wp\/v2\/pages"}],"about":[{"href":"https:\/\/www.espronceda.net\/es\/wp-json\/wp\/v2\/types\/page"}],"author":[{"embeddable":true,"href":"https:\/\/www.espronceda.net\/es\/wp-json\/wp\/v2\/users\/1"}],"replies":[{"embeddable":true,"href":"https:\/\/www.espronceda.net\/es\/wp-json\/wp\/v2\/comments?post=23105"}],"version-history":[{"count":3,"href":"https:\/\/www.espronceda.net\/es\/wp-json\/wp\/v2\/pages\/23105\/revisions"}],"predecessor-version":[{"id":23244,"href":"https:\/\/www.espronceda.net\/es\/wp-json\/wp\/v2\/pages\/23105\/revisions\/23244"}],"wp:attachment":[{"href":"https:\/\/www.espronceda.net\/es\/wp-json\/wp\/v2\/media?parent=23105"}],"curies":[{"name":"wp","href":"https:\/\/api.w.org\/{rel}","templated":true}]}}