{"id":24777,"date":"2022-10-24T05:31:36","date_gmt":"2022-10-24T03:31:36","guid":{"rendered":"https:\/\/www.espronceda.net\/theatre-in-palm\/"},"modified":"2023-03-28T18:22:32","modified_gmt":"2023-03-28T16:22:32","slug":"theatre-in-palm","status":"publish","type":"page","link":"https:\/\/www.espronceda.net\/es\/theatre-in-palm\/","title":{"rendered":"Theatre in Palm"},"content":{"rendered":"<h2><strong>European Theatre platform for supporting emerging artists cooperation and resilience<\/strong><\/h2>\n<h2><\/h2>\n<p><a href=\"https:\/\/www.espronceda.net\/wp-content\/uploads\/2022\/10\/309414786_106929872186819_7787533919427759275_n.jpeg\"><img loading=\"lazy\" decoding=\"async\" class=\"aligncenter size-medium wp-image-24095\" src=\"https:\/\/www.espronceda.net\/wp-content\/uploads\/2022\/10\/309414786_106929872186819_7787533919427759275_n-300x300.jpeg\" alt=\"\" width=\"300\" height=\"300\" srcset=\"https:\/\/www.espronceda.net\/wp-content\/uploads\/2022\/10\/309414786_106929872186819_7787533919427759275_n-300x300.jpeg 300w, https:\/\/www.espronceda.net\/wp-content\/uploads\/2022\/10\/309414786_106929872186819_7787533919427759275_n-150x150.jpeg 150w, https:\/\/www.espronceda.net\/wp-content\/uploads\/2022\/10\/309414786_106929872186819_7787533919427759275_n-768x768.jpeg 768w, https:\/\/www.espronceda.net\/wp-content\/uploads\/2022\/10\/309414786_106929872186819_7787533919427759275_n.jpeg 1000w\" sizes=\"auto, (max-width: 300px) 100vw, 300px\" \/><\/a><\/p>\n<p><strong>\u00a0<\/strong><\/p>\n<p><strong>EU CALL<\/strong><\/p>\n<p class=\"p1\">Theatre in Palm se lleva a cabo sobre la base de Europa Creativa, Subprograma Plataformas Europeas para la promoci\u00f3n de artistas emergentes (CREA-CULT-2021- PLAT) y contribuye plenamente a los objetivos establecidos en el Programa.<\/p>\n<p><strong>TIMELINE<\/strong><\/p>\n<p>2022 \u2013 2025<\/p>\n<p>&nbsp;<\/p>\n<p><strong>PROJECT SUMMARY<\/strong><\/p>\n<p>La Plataforma Europea de Teatro para apoyar la cooperaci\u00f3n y la resiliencia de los artistas emergentes (Theatre in Palm) act\u00faa como incubadora de nuevas voces que pasan de la p\u00e1gina al escenario, haciendo especial hincapi\u00e9 en su desarrollo profesional y en la mejora de su cooperaci\u00f3n con artistas y organizaciones art\u00edsticas de otros pa\u00edses de la plataforma. La plataforma involucrar\u00e1 en sus actividades a unos 3.504 artistas emergentes, de los cuales 384 recibir\u00e1n apoyo financiero o institucional para co-crear, educar y desarrollar sus habilidades y promover su trabajo. Teatro en Palma se lleva a cabo sobre la base de Europa Creativa, Subprograma Plataformas Europeas para la promoci\u00f3n de artistas emergentes (CREA-CULT-2021- PLAT) y contribuye plenamente a los objetivos establecidos en el Programa. En concreto, pretende aumentar la visibilidad y la circulaci\u00f3n de artistas y obras emergentes europeos fuera de sus propias fronteras, en Europa y fuera de ella. Tambi\u00e9n pretende aumentar el acceso y la participaci\u00f3n en eventos y actividades culturales, as\u00ed como el compromiso y el desarrollo del p\u00fablico. El proyecto tambi\u00e9n est\u00e1 dise\u00f1ado para contribuir a la aplicaci\u00f3n de las prioridades pol\u00edticas de la UE en el \u00e1mbito de la cultura. En este sentido, la circulaci\u00f3n de artistas y obras puede contribuir a la activaci\u00f3n de espacios p\u00fablicos culturales nuevos y\/o m\u00e1s sostenibles. La Plataforma puede definirse como un escaparate\/plataforma trampol\u00edn compuesta por una organizaci\u00f3n coordinadora y 11 organizaciones miembro con una estrategia editorial y de marca art\u00edstica com\u00fan. La Plataforma se define como una plataforma de co-creaci\u00f3n internacional e intercultural, creada entre 12 organizaciones de 12 pa\u00edses de la UE, y cuyo objetivo es apoyar a artistas emergentes e int\u00e9rpretes culturales a co-crear, cooperar y promover su trabajo, desarrollando una programaci\u00f3n europea com\u00fan de artistas no nacionales y formaciones.<\/p>\n<p>&nbsp;<\/p>\n<p><strong>PROJECT OBJECTIVES<\/strong><\/p>\n<ul>\n<li>Aumentar la visibilidad y la circulaci\u00f3n de los artistas y obras emergentes europeos fuera de sus fronteras<\/li>\n<li>Potenciar la cooperaci\u00f3n art\u00edstica y cultural a escala europea para apoyar la creaci\u00f3n de obras europeas y reforzar la dimensi\u00f3n econ\u00f3mica, social y exterior, as\u00ed como la innovaci\u00f3n y la movilidad en los sectores culturales y creativos de Europa.<\/li>\n<li>Apoyar nuevos modelos de creaci\u00f3n, presentaci\u00f3n y exposici\u00f3n, estrategia de exportaci\u00f3n y distribuci\u00f3n, y movilidad e intercambio<\/li>\n<li>Contribuir a aumentar la sostenibilidad y la concienciaci\u00f3n medioambiental de los sectores, demostrando capacidad para proponer y desarrollar pr\u00e1cticas que contribuyan a la Europa Verde<\/li>\n<li>Promover la igualdad de oportunidades, mejores condiciones de trabajo y una remuneraci\u00f3n justa<br \/>\nAumentar el acceso y la participaci\u00f3n en eventos y actividades culturales (desarrollo y compromiso del p\u00fablico)<\/li>\n<\/ul>\n<p>\u2018Theatre in Palm\u2019 reunir\u00e1 todos los esfuerzos de la Plataforma por dise\u00f1ar, producir y presentar al p\u00fablico lo que realmente significa la plataforma BRAND. Otras actividades, como \u00abEspacio emergente\u00bb, \u00abRepositorio\u00bb, \u00abCharlas de caf\u00e9\u00bb, \u00abAcademia\u00bb y \u00abMapa n\u00f3mada\u00bb, se centran en \u00e9sta, acentuando as\u00ed el impacto de dicha estrategia en el p\u00fablico europeo, con el fin de cumplir los objetivos espec\u00edficos de la subvenci\u00f3n del proyecto de la Plataforma. Adem\u00e1s, Theatre in Palm trabaja en la cooperaci\u00f3n art\u00edstica y cultural a nivel europeo para apoyar la creaci\u00f3n de obras europeas y reforzar la dimensi\u00f3n econ\u00f3mica, social y exterior, as\u00ed como la innovaci\u00f3n y la movilidad en los sectores culturales y creativos de Europa. En concreto, como parte del trabajo de la plataforma se apoyar\u00e1 la creaci\u00f3n de 126 obras de teatro \u00fanicas.<\/p>\n<p>&nbsp;<\/p>\n<p><a href=\"https:\/\/www.espronceda.net\/wp-content\/uploads\/2022\/11\/309455093_10228793537086531_1590366708570003231_n.jpeg\"><img loading=\"lazy\" decoding=\"async\" class=\"aligncenter size-full wp-image-24418\" src=\"https:\/\/www.espronceda.net\/wp-content\/uploads\/2022\/11\/309455093_10228793537086531_1590366708570003231_n.jpeg\" alt=\"\" width=\"1000\" height=\"517\" srcset=\"https:\/\/www.espronceda.net\/wp-content\/uploads\/2022\/11\/309455093_10228793537086531_1590366708570003231_n.jpeg 1000w, https:\/\/www.espronceda.net\/wp-content\/uploads\/2022\/11\/309455093_10228793537086531_1590366708570003231_n-300x155.jpeg 300w, https:\/\/www.espronceda.net\/wp-content\/uploads\/2022\/11\/309455093_10228793537086531_1590366708570003231_n-768x397.jpeg 768w\" sizes=\"auto, (max-width: 1000px) 100vw, 1000px\" \/><\/a><\/p>\n<p>&nbsp;<\/p>\n<p>&nbsp;<\/p>\n<p><strong>PARTNERS<\/strong><\/p>\n<p>TURKU UAS<\/p>\n<p>ETFI<\/p>\n<p><a href=\"http:\/\/www.espronceda.net\">ESPRONCEDA INSTITUTE OF ART &amp; CULTURE<\/a><\/p>\n<p><a href=\"https:\/\/oecongroup.com\/about-us\/\">OECON GROUP<\/a><\/p>\n<p><a href=\"https:\/\/www.cube.org.gr\/\">CUBE IKE<\/a><\/p>\n<p><a href=\"https:\/\/www.intercult.se\/en\/homepage\/\">INTERCULT PRODUCTIONS<\/a><\/p>\n<p><a href=\"https:\/\/jait.pt\/\">J\u00c1 INTERNATIONAL THEATRE<\/a><\/p>\n<p><a href=\"https:\/\/zidtheater.nl\/\">ZID THEATRE<\/a><\/p>\n<p><a href=\"https:\/\/www.thoc.org.cy\/\">CYPRUS THEATRE ORGANISATION<\/a><\/p>\n<p><a href=\"https:\/\/e-35.it\/it\/home\/\">FONDAZIONE E35<\/a><\/p>\n<p><a href=\"https:\/\/twitter.com\/Smashing_Times\">SMASHING TIMES INTERNATIONAL CENTRE<\/a><\/p>\n<p>&nbsp;<\/p>\n<p><strong>PROJECT CONTACTS<\/strong><\/p>\n<p><img loading=\"lazy\" decoding=\"async\" class=\"wp-image-22121 alignleft\" src=\"https:\/\/www.espronceda.net\/wp-content\/uploads\/2021\/12\/download.png\" sizes=\"auto, (max-width: 30px) 100vw, 30px\" srcset=\"https:\/\/www.espronceda.net\/wp-content\/uploads\/2021\/12\/download.png 225w, https:\/\/www.espronceda.net\/wp-content\/uploads\/2021\/12\/download-150x150.png 150w\" alt=\"\" width=\"30\" height=\"30\" \/><a href=\"https:\/\/www.facebook.com\/palproject2016\">@Theatreinpalm<\/a><\/p>\n<p>&nbsp;<\/p>\n<p>&nbsp;<\/p>\n<p>ESPRONCEDA CREDITS<\/p>\n<p>Project management and researcher:\u00a0<em>Alessia Gervasone<\/em><br \/>\nCommunication:\u00a0<em>Renata Procopio<\/em><\/p>\n<p>&nbsp;<\/p>\n<p><img loading=\"lazy\" decoding=\"async\" class=\"aligncenter size-medium wp-image-22100\" src=\"https:\/\/www.espronceda.net\/wp-content\/uploads\/2021\/12\/unnamed-300x66.png\" sizes=\"auto, (max-width: 300px) 100vw, 300px\" srcset=\"https:\/\/www.espronceda.net\/wp-content\/uploads\/2021\/12\/unnamed-300x66.png 300w, https:\/\/www.espronceda.net\/wp-content\/uploads\/2021\/12\/unnamed.png 512w\" alt=\"\" width=\"300\" height=\"66\" \/><\/p>\n<p>&nbsp;<\/p>\n<div class='gallery'><dl class='gallery-item'>\n\t\t\t<dt class='gallery-icon portrait'>\n\t\t\t\t<a class=\"view\" rel='gallery' href='https:\/\/www.espronceda.net\/es\/theatre-in-palm\/theatreinpalm_a3poster_digital_ver1-1-2\/'><img loading=\"lazy\" decoding=\"async\" width=\"150\" height=\"150\" src=\"https:\/\/www.espronceda.net\/wp-content\/uploads\/2023\/02\/TheatreinPalm_A3poster_digital_ver1-1-150x150.png\" class=\"attachment-thumbnail size-thumbnail\" alt=\"\" title=\"TheatreinPalm_A3poster_digital_ver1-1\" \/><\/a>\n\t\t\t<\/dt><\/dl><dl class='gallery-item'>\n\t\t\t<dt class='gallery-icon portrait'>\n\t\t\t\t<a class=\"view\" rel='gallery' href='https:\/\/www.espronceda.net\/es\/theatre-in-palm\/theatreinpalm_a3poster_digital_ver2-1-2\/'><img loading=\"lazy\" decoding=\"async\" width=\"150\" height=\"150\" src=\"https:\/\/www.espronceda.net\/wp-content\/uploads\/2023\/02\/TheatreinPalm_A3poster_digital_ver2-1-150x150.png\" class=\"attachment-thumbnail size-thumbnail\" alt=\"\" title=\"TheatreinPalm_A3poster_digital_ver2-1\" \/><\/a>\n\t\t\t<\/dt><\/dl><dl class='gallery-item'>\n\t\t\t<dt class='gallery-icon portrait'>\n\t\t\t\t<a class=\"view\" rel='gallery' href='https:\/\/www.espronceda.net\/es\/theatre-in-palm\/theatreinpalm_a3poster_digital_ver3-1-2\/'><img loading=\"lazy\" decoding=\"async\" width=\"150\" height=\"150\" src=\"https:\/\/www.espronceda.net\/wp-content\/uploads\/2023\/02\/TheatreinPalm_A3poster_digital_ver3-1-150x150.png\" class=\"attachment-thumbnail size-thumbnail\" alt=\"\" title=\"TheatreinPalm_A3poster_digital_ver3-1\" \/><\/a>\n\t\t\t<\/dt><\/dl><br style=\"clear: both\" \/><dl class='gallery-item'>\n\t\t\t<dt class='gallery-icon portrait'>\n\t\t\t\t<a class=\"view\" rel='gallery' href='https:\/\/www.espronceda.net\/es\/theatre-in-palm\/theatreinpalm_a3poster_digital_ver4-1-2\/'><img loading=\"lazy\" decoding=\"async\" width=\"150\" height=\"150\" src=\"https:\/\/www.espronceda.net\/wp-content\/uploads\/2023\/02\/TheatreinPalm_A3poster_digital_ver4-1-150x150.png\" class=\"attachment-thumbnail size-thumbnail\" alt=\"\" title=\"TheatreinPalm_A3poster_digital_ver4-1\" \/><\/a>\n\t\t\t<\/dt><\/dl><dl class='gallery-item'>\n\t\t\t<dt class='gallery-icon portrait'>\n\t\t\t\t<a class=\"view\" rel='gallery' href='https:\/\/www.espronceda.net\/es\/theatre-in-palm\/theatreinpalm_a3poster_digital_ver5-1-2\/'><img loading=\"lazy\" decoding=\"async\" width=\"150\" height=\"150\" src=\"https:\/\/www.espronceda.net\/wp-content\/uploads\/2023\/02\/TheatreinPalm_A3poster_digital_ver5-1-150x150.png\" class=\"attachment-thumbnail size-thumbnail\" alt=\"\" title=\"TheatreinPalm_A3poster_digital_ver5-1\" \/><\/a>\n\t\t\t<\/dt><\/dl><dl class='gallery-item'>\n\t\t\t<dt class='gallery-icon portrait'>\n\t\t\t\t<a class=\"view\" rel='gallery' href='https:\/\/www.espronceda.net\/es\/theatre-in-palm\/tip_brochure_a5_digital_ver-1-2\/'><img loading=\"lazy\" decoding=\"async\" width=\"150\" height=\"150\" src=\"https:\/\/www.espronceda.net\/wp-content\/uploads\/2023\/02\/TIP_brochure_A5_digital_ver-1-150x150.png\" class=\"attachment-thumbnail size-thumbnail\" alt=\"\" title=\"TIP_brochure_A5_digital_ver-1\" \/><\/a>\n\t\t\t<\/dt><\/dl><br style=\"clear: both\" \/><dl class='gallery-item'>\n\t\t\t<dt class='gallery-icon portrait'>\n\t\t\t\t<a class=\"view\" rel='gallery' href='https:\/\/www.espronceda.net\/es\/theatre-in-palm\/tip_brochure_a5_digital_ver-2-2\/'><img loading=\"lazy\" decoding=\"async\" width=\"150\" height=\"150\" src=\"https:\/\/www.espronceda.net\/wp-content\/uploads\/2023\/02\/TIP_brochure_A5_digital_ver-2-150x150.png\" class=\"attachment-thumbnail size-thumbnail\" alt=\"\" title=\"TIP_brochure_A5_digital_ver-2\" \/><\/a>\n\t\t\t<\/dt><\/dl><dl class='gallery-item'>\n\t\t\t<dt class='gallery-icon portrait'>\n\t\t\t\t<a class=\"view\" rel='gallery' href='https:\/\/www.espronceda.net\/es\/theatre-in-palm\/tip_brochure_a5_digital_ver-3-2\/'><img loading=\"lazy\" decoding=\"async\" width=\"150\" height=\"150\" src=\"https:\/\/www.espronceda.net\/wp-content\/uploads\/2023\/02\/TIP_brochure_A5_digital_ver-3-150x150.png\" class=\"attachment-thumbnail size-thumbnail\" alt=\"\" title=\"TIP_brochure_A5_digital_ver-3\" \/><\/a>\n\t\t\t<\/dt><\/dl><dl class='gallery-item'>\n\t\t\t<dt class='gallery-icon portrait'>\n\t\t\t\t<a class=\"view\" rel='gallery' href='https:\/\/www.espronceda.net\/es\/theatre-in-palm\/tip_brochure_a5_digital_ver-4-2\/'><img loading=\"lazy\" decoding=\"async\" width=\"150\" height=\"150\" src=\"https:\/\/www.espronceda.net\/wp-content\/uploads\/2023\/02\/TIP_brochure_A5_digital_ver-4-150x150.png\" class=\"attachment-thumbnail size-thumbnail\" alt=\"\" title=\"TIP_brochure_A5_digital_ver-4\" \/><\/a>\n\t\t\t<\/dt><\/dl><br style=\"clear: both\" \/>\n\t\t<\/div>\n\n<p>&nbsp;<\/p>\n<p style=\"text-align: center;\"><strong>First Digital Residency &#8211; 6th February 2023 at Espronceda<\/strong><\/p>\n<div class=\"x11i5rnm xat24cr x1mh8g0r x1vvkbs xdj266r x126k92a\"><\/div>\n<div class=\"x11i5rnm xat24cr x1mh8g0r x1vvkbs xtlvy1s x126k92a\">\n<div dir=\"auto\">\n<p>La primera residencia de Theatre in Palm finaliz\u00f3 con la participaci\u00f3n de 60 artistas y 12 pa\u00edses y socios diferentes de Europa.<br \/>\nFue un gran reto porque, con s\u00f3lo una semana de tiempo, parec\u00eda imposible crear una performance digital en l\u00ednea en colaboraci\u00f3n con Intercult (Suecia) y Fondazione E35 (Italia) sobre el tema del impacto medioambiental. Sin embargo, gracias a la gran creatividad y pasi\u00f3n de los artistas participantes y a la colaboraci\u00f3n con BeAnother Lab lo conseguimos, \u00a1y el resultado fue experimental y bastante singular!<\/p>\n<p>Queremos dar las gracias a todos los fant\u00e1sticos mentores y artistas que participaron en este programa experimental.<br \/>\nArtistas: Cris El\u00e9, Francesco Sinopoli, Arnau Guill\u00e9n Carulla, Christobal Joaquin, Marta Bessa, Maria Sola Estrada.<\/p>\n<\/div>\n<div dir=\"auto\"><\/div>\n<\/div>\n<div class='gallery'><dl class='gallery-item'>\n\t\t\t<dt class='gallery-icon landscape'>\n\t\t\t\t<a class=\"view\" rel='gallery' href='https:\/\/www.espronceda.net\/es\/theatre-in-palm\/img_20230206_160442-2\/'><img loading=\"lazy\" decoding=\"async\" width=\"150\" height=\"150\" src=\"https:\/\/www.espronceda.net\/wp-content\/uploads\/2023\/02\/IMG_20230206_160442-150x150.jpg\" class=\"attachment-thumbnail size-thumbnail\" alt=\"\" title=\"IMG_20230206_160442\" \/><\/a>\n\t\t\t<\/dt><\/dl><dl class='gallery-item'>\n\t\t\t<dt class='gallery-icon landscape'>\n\t\t\t\t<a class=\"view\" rel='gallery' href='https:\/\/www.espronceda.net\/es\/theatre-in-palm\/img_20230206_162518-2\/'><img loading=\"lazy\" decoding=\"async\" width=\"150\" height=\"150\" src=\"https:\/\/www.espronceda.net\/wp-content\/uploads\/2023\/02\/IMG_20230206_162518-150x150.jpg\" class=\"attachment-thumbnail size-thumbnail\" alt=\"\" title=\"IMG_20230206_162518\" \/><\/a>\n\t\t\t<\/dt><\/dl><dl class='gallery-item'>\n\t\t\t<dt class='gallery-icon landscape'>\n\t\t\t\t<a class=\"view\" rel='gallery' href='https:\/\/www.espronceda.net\/es\/theatre-in-palm\/img_20230207_183125-2\/'><img loading=\"lazy\" decoding=\"async\" width=\"150\" height=\"150\" src=\"https:\/\/www.espronceda.net\/wp-content\/uploads\/2023\/02\/IMG_20230207_183125-150x150.jpg\" class=\"attachment-thumbnail size-thumbnail\" alt=\"\" title=\"IMG_20230207_183125\" \/><\/a>\n\t\t\t<\/dt><\/dl><br style=\"clear: both\" \/><dl class='gallery-item'>\n\t\t\t<dt class='gallery-icon landscape'>\n\t\t\t\t<a class=\"view\" rel='gallery' href='https:\/\/www.espronceda.net\/es\/theatre-in-palm\/img_20230207_192900-2\/'><img loading=\"lazy\" decoding=\"async\" width=\"150\" height=\"150\" src=\"https:\/\/www.espronceda.net\/wp-content\/uploads\/2023\/02\/IMG_20230207_192900-150x150.jpg\" class=\"attachment-thumbnail size-thumbnail\" alt=\"\" title=\"IMG_20230207_192900\" \/><\/a>\n\t\t\t<\/dt><\/dl><dl class='gallery-item'>\n\t\t\t<dt class='gallery-icon landscape'>\n\t\t\t\t<a class=\"view\" rel='gallery' href='https:\/\/www.espronceda.net\/es\/theatre-in-palm\/whatsapp-image-2023-02-07-at-18-29-34-1-2\/'><img loading=\"lazy\" decoding=\"async\" width=\"150\" height=\"150\" src=\"https:\/\/www.espronceda.net\/wp-content\/uploads\/2023\/02\/WhatsApp-Image-2023-02-07-at-18.29.34-1-150x150.jpeg\" class=\"attachment-thumbnail size-thumbnail\" alt=\"\" title=\"WhatsApp Image 2023-02-07 at 18.29.34 (1)\" \/><\/a>\n\t\t\t<\/dt><\/dl><dl class='gallery-item'>\n\t\t\t<dt class='gallery-icon landscape'>\n\t\t\t\t<a class=\"view\" rel='gallery' href='https:\/\/www.espronceda.net\/es\/theatre-in-palm\/theatre-in-palm-2\/'><img loading=\"lazy\" decoding=\"async\" width=\"150\" height=\"150\" src=\"https:\/\/www.espronceda.net\/wp-content\/uploads\/2023\/02\/Theatre-in-Palm-150x150.png\" class=\"attachment-thumbnail size-thumbnail\" alt=\"\" title=\"Theatre in Palm\" \/><\/a>\n\t\t\t<\/dt><\/dl><br style=\"clear: both\" \/><dl class='gallery-item'>\n\t\t\t<dt class='gallery-icon landscape'>\n\t\t\t\t<a class=\"view\" rel='gallery' href='https:\/\/www.espronceda.net\/es\/theatre-in-palm\/img_9246-2\/'><img loading=\"lazy\" decoding=\"async\" width=\"150\" height=\"150\" src=\"https:\/\/www.espronceda.net\/wp-content\/uploads\/2023\/02\/IMG_9246-150x150.jpg\" class=\"attachment-thumbnail size-thumbnail\" alt=\"\" title=\"IMG_9246\" \/><\/a>\n\t\t\t<\/dt><\/dl><dl class='gallery-item'>\n\t\t\t<dt class='gallery-icon landscape'>\n\t\t\t\t<a class=\"view\" rel='gallery' href='https:\/\/www.espronceda.net\/es\/theatre-in-palm\/img_9230-2\/'><img loading=\"lazy\" decoding=\"async\" width=\"150\" height=\"150\" src=\"https:\/\/www.espronceda.net\/wp-content\/uploads\/2023\/02\/IMG_9230-150x150.jpg\" class=\"attachment-thumbnail size-thumbnail\" alt=\"\" title=\"IMG_9230\" \/><\/a>\n\t\t\t<\/dt><\/dl><dl class='gallery-item'>\n\t\t\t<dt class='gallery-icon landscape'>\n\t\t\t\t<a class=\"view\" rel='gallery' href='https:\/\/www.espronceda.net\/es\/theatre-in-palm\/img_9199-2\/'><img loading=\"lazy\" decoding=\"async\" width=\"150\" height=\"150\" src=\"https:\/\/www.espronceda.net\/wp-content\/uploads\/2023\/02\/IMG_9199-150x150.jpg\" class=\"attachment-thumbnail size-thumbnail\" alt=\"\" title=\"IMG_9199\" \/><\/a>\n\t\t\t<\/dt><\/dl><br style=\"clear: both\" \/><dl class='gallery-item'>\n\t\t\t<dt class='gallery-icon landscape'>\n\t\t\t\t<a class=\"view\" rel='gallery' href='https:\/\/www.espronceda.net\/es\/theatre-in-palm\/img_9187-2-2\/'><img loading=\"lazy\" decoding=\"async\" width=\"150\" height=\"150\" src=\"https:\/\/www.espronceda.net\/wp-content\/uploads\/2023\/02\/IMG_9187-150x150.jpg\" class=\"attachment-thumbnail size-thumbnail\" alt=\"\" title=\"IMG_9187\" \/><\/a>\n\t\t\t<\/dt><\/dl>\n\t\t\t<br style='clear: both' \/>\n\t\t<\/div>\n\n<p>&nbsp;<\/p>\n","protected":false},"excerpt":{"rendered":"<p>European Theatre platform for supporting emerging artists cooperation and resilience \u00a0 EU CALL Theatre in Palm se lleva a cabo sobre la base de Europa Creativa, Subprograma Plataformas Europeas para la promoci\u00f3n de artistas emergentes (CREA-CULT-2021- PLAT) y contribuye plenamente a los objetivos establecidos en el Programa. TIMELINE 2022 \u2013 2025 &nbsp; PROJECT SUMMARY La Plataforma Europea de Teatro para [&hellip;]<\/p>\n","protected":false},"author":1,"featured_media":0,"parent":0,"menu_order":0,"comment_status":"closed","ping_status":"closed","template":"","meta":{"footnotes":""},"class_list":["post-24777","page","type-page","status-publish","hentry"],"_links":{"self":[{"href":"https:\/\/www.espronceda.net\/es\/wp-json\/wp\/v2\/pages\/24777","targetHints":{"allow":["GET"]}}],"collection":[{"href":"https:\/\/www.espronceda.net\/es\/wp-json\/wp\/v2\/pages"}],"about":[{"href":"https:\/\/www.espronceda.net\/es\/wp-json\/wp\/v2\/types\/page"}],"author":[{"embeddable":true,"href":"https:\/\/www.espronceda.net\/es\/wp-json\/wp\/v2\/users\/1"}],"replies":[{"embeddable":true,"href":"https:\/\/www.espronceda.net\/es\/wp-json\/wp\/v2\/comments?post=24777"}],"version-history":[{"count":4,"href":"https:\/\/www.espronceda.net\/es\/wp-json\/wp\/v2\/pages\/24777\/revisions"}],"predecessor-version":[{"id":25298,"href":"https:\/\/www.espronceda.net\/es\/wp-json\/wp\/v2\/pages\/24777\/revisions\/25298"}],"wp:attachment":[{"href":"https:\/\/www.espronceda.net\/es\/wp-json\/wp\/v2\/media?parent=24777"}],"curies":[{"name":"wp","href":"https:\/\/api.w.org\/{rel}","templated":true}]}}