{"id":24903,"date":"2021-12-14T22:35:11","date_gmt":"2021-12-14T21:35:11","guid":{"rendered":"https:\/\/www.espronceda.net\/erasmus-eu-project\/"},"modified":"2023-03-28T17:59:36","modified_gmt":"2023-03-28T15:59:36","slug":"erasmus-eu-project","status":"publish","type":"page","link":"https:\/\/www.espronceda.net\/es\/erasmus-eu-project\/","title":{"rendered":"PALKONNECT"},"content":{"rendered":"<h2><\/h2>\n<p>&nbsp;<\/p>\n<p>&nbsp;<\/p>\n<p>&nbsp;<\/p>\n<h2 style=\"text-align: center;\"><span style=\"color: #000000;\"><strong>EMPOWERMENT OF SOCIAL INCLUSION GROUPS THROUGH CREATIVITY &amp; CULTURAL WORKS<\/strong><\/span><\/h2>\n<p>&nbsp;<\/p>\n<p><img loading=\"lazy\" decoding=\"async\" class=\"aligncenter size-medium wp-image-22090\" src=\"https:\/\/www.espronceda.net\/wp-content\/uploads\/2021\/12\/PalKonnect-logo-transparent-1-300x161.png\" alt=\"\" width=\"300\" height=\"161\" srcset=\"https:\/\/www.espronceda.net\/wp-content\/uploads\/2021\/12\/PalKonnect-logo-transparent-1-300x161.png 300w, https:\/\/www.espronceda.net\/wp-content\/uploads\/2021\/12\/PalKonnect-logo-transparent-1-768x412.png 768w, https:\/\/www.espronceda.net\/wp-content\/uploads\/2021\/12\/PalKonnect-logo-transparent-1.png 931w\" sizes=\"auto, (max-width: 300px) 100vw, 300px\" \/><\/p>\n<p><strong>\u00a0<\/strong><\/p>\n<p><span style=\"color: #3366ff;\"><strong>EU CALL<\/strong><\/span><\/p>\n<p class=\"p1\">PAL Konnekt &#8211; Empowerment of social inclusion groups through creativity and cultural works (2020-1-CZ01-KA227-ADU-094406), proyecto financiado en 2020 por la Comisi\u00f3n Europea y Erasmus+.<\/p>\n<p><span style=\"color: #3366ff;\"><strong>TIMELINE<\/strong><\/span><\/p>\n<p>2021 &#8211; 2023<\/p>\n<p>&nbsp;<\/p>\n<p><span style=\"color: #3366ff;\"><strong>PROJECT SUMMARY<\/strong><\/span><\/p>\n<p>El actual proyecto PALkonnect compromete a organizaciones culturales, art\u00edsticas y de investigaci\u00f3n a estimular la conciencia europea y capacitar a las personas de las generaciones actuales y futuras para respetar la inclusi\u00f3n y la diversidad y ser innovadores de \u00e9xito en su entorno local. El proyecto actual pretende apoyar a artistas de grupos de inclusi\u00f3n social para que presenten y promocionen sus obras de arte en circunstancias posteriores a COVID 19 e inspirar su cooperaci\u00f3n dentro de los pa\u00edses europeos. El proyecto pretende dotarles de las habilidades y competencias innovadoras necesarias para fomentar su creatividad y la creaci\u00f3n de nuevas obras de arte. Adem\u00e1s, el objetivo principal del proyecto es mejorar la promoci\u00f3n y popularidad de la informaci\u00f3n cultural e hist\u00f3rica sobre los grupos de inclusi\u00f3n social a los que va dirigido para aumentar el conocimiento p\u00fablico y el proceso de integraci\u00f3n. Compartir la historia personal y los hechos hist\u00f3ricos de cada grupo de inclusi\u00f3n apoyar\u00e1 el proceso de integraci\u00f3n y aumentar\u00e1 el conocimiento p\u00fablico.<\/p>\n<p><span style=\"color: #3366ff;\"><strong>PROJECT OBJECTIVES<\/strong><\/span><\/p>\n<ul>\n<li>Introducir y examinar la situaci\u00f3n de los artistas con antecedentes de inclusi\u00f3n social (inmigrantes, refugiados, roman\u00edes, discapacitados) en las nuevas circunstancias posteriores a COVID 19.<\/li>\n<li>Mejorar el desarrollo de habilidades art\u00edsticas y competencias que refuercen la creatividad, as\u00ed como impulsar la calidad, la innovaci\u00f3n y el reconocimiento del trabajo de los artistas.<\/li>\n<li>Dotar a los artistas de nuevas habilidades que contribuyan a su capacitaci\u00f3n social y a la utilizaci\u00f3n de los temas que forman parte del plan de formaci\u00f3n (Programa de Facilitaci\u00f3n para la integraci\u00f3n a trav\u00e9s de las artes).<\/li>\n<li>Evaluar y pilotar los conocimientos, habilidades y competencias adquiridos a trav\u00e9s del aprendizaje no formal de los m\u00f3dulos del plan de estudios.<\/li>\n<li>Acelerar la transformaci\u00f3n digital y el uso de herramientas digitales para elaborar productos creativos.<\/li>\n<li>Reforzar la cooperaci\u00f3n intersectorial e internacional centr\u00e1ndose en la creatividad y el empoderamiento art\u00edstico y fortaleciendo la cooperaci\u00f3n y la creaci\u00f3n de redes entre organizaciones de los siete pa\u00edses de la UE socios del proyecto.<\/li>\n<li>Proporcionar un plan de recuperaci\u00f3n para los artistas, utilizando una recuperaci\u00f3n m\u00e1s digital y resiliente.<\/li>\n<li>Dotar a los trabajadores culturales de habilidades para afrontar los retos de la equidad, la diversidad y la inclusi\u00f3n en el entorno de aprendizaje.<\/li>\n<\/ul>\n<p>Los resultados del proyecto podr\u00e1n aprovecharse en varios pa\u00edses de la UE. Los materiales de formaci\u00f3n describir\u00e1n una filosof\u00eda que puede aplicarse en diversos contextos, mientras que el proyecto tambi\u00e9n demostrar\u00e1 las maneras en que las actividades pueden localizarse para aumentar la integraci\u00f3n de los grupos de inclusi\u00f3n social y la profesionalidad de los artistas, promover la diversidad, reducir la marginaci\u00f3n y combatir el racismo, y fomentar la inclusi\u00f3n social. Se ha prestado especial atenci\u00f3n a las cuestiones ling\u00fc\u00edsticas, como las traducciones, ya que todo el proyecto pretende promover la diversidad.<\/p>\n<p><span style=\"color: #3366ff;\"><strong>PROJECT OUTPUT<\/strong><\/span><\/p>\n<ul>\n<li>Informe de investigaci\u00f3n elaborado para identificar y analizar las necesidades de los artistas, las competencias que faltan y las herramientas en el \u00e1mbito de la formaci\u00f3n de alumnos (artistas) y profesores (trabajadores culturales).<\/li>\n<li>Paquete de formaci\u00f3n de formadores, para ofrecer a los formadores una visi\u00f3n pr\u00e1ctica de la funci\u00f3n de formaci\u00f3n, mediante la demostraci\u00f3n de las mejores pr\u00e1cticas y las t\u00e9cnicas m\u00e1s recientes en metodolog\u00eda e impartici\u00f3n de formaci\u00f3n. El contenido del Paquete Train-the-trainer (Directrices para apoyar a los artistas en el post-COVID19 y Plan de Recuperaci\u00f3n).<\/li>\n<li>Acto de formaci\u00f3n conjunta del personal a corto plazo: Dirigido a artistas y trabajadores del arte con el fin de prepararlos para trabajar con los resultados intelectuales producidos por el proyecto.<\/li>\n<li>El programa de formaci\u00f3n de los alumnos consisti\u00f3 en el desarrollo de planes de estudios y materiales y su puesta a prueba pr\u00e1ctica a trav\u00e9s de seminarios web de formaci\u00f3n en l\u00ednea y eventos locales.<\/li>\n<li>Plataforma en l\u00ednea para albergar entornos virtuales de colaboraci\u00f3n \u00abDigital Open Art Studio\u00bb.<\/li>\n<\/ul>\n<p><span style=\"color: #3366ff;\"><strong>PARTNERS<\/strong><\/span><\/p>\n<table style=\"height: 310px;\" width=\"525\">\n<tbody>\n<tr>\n<td width=\"211\"><span style=\"color: #000000;\"><strong>PARTNER ORGANISATIONS<\/strong><\/span><\/td>\n<td width=\"128\"><span style=\"color: #000000;\"><strong>COUNTRY<\/strong><\/span><\/td>\n<\/tr>\n<tr>\n<td width=\"211\"><span style=\"color: #808080;\"><a style=\"color: #808080;\" href=\"http:\/\/www.rom-praha.cz\/\">ROM PRAHA<\/a><\/span><\/td>\n<td width=\"128\"><span style=\"color: #000000;\">Czech Republic<\/span><\/td>\n<\/tr>\n<tr>\n<td width=\"211\"><span style=\"color: #808080;\"><a style=\"color: #808080;\" href=\"https:\/\/www.oecon.gr\/en\/\">OECON<\/a><\/span><\/td>\n<td width=\"128\"><span style=\"color: #000000;\">Greece<\/span><\/td>\n<\/tr>\n<tr>\n<td width=\"211\"><span style=\"color: #808080;\">ESPRONCEDA<\/span><\/td>\n<td width=\"128\"><span style=\"color: #000000;\">Spain<\/span><\/td>\n<\/tr>\n<tr>\n<td width=\"211\"><span style=\"color: #808080;\"><a style=\"color: #808080;\" href=\"https:\/\/www.mondinsieme.org\/\">FONDAZIONE MONDINSIEME<\/a><\/span><\/td>\n<td width=\"128\"><span style=\"color: #000000;\">Italy<\/span><\/td>\n<\/tr>\n<tr>\n<td width=\"211\"><span style=\"color: #808080;\"><a style=\"color: #808080;\" href=\"https:\/\/omg.hr\/\">OPEN MEDIA GROUP<\/a><\/span><\/td>\n<td width=\"128\"><span style=\"color: #000000;\">Croatia<\/span><\/td>\n<\/tr>\n<tr>\n<td width=\"211\"><span style=\"color: #808080;\"><a style=\"color: #808080;\" href=\"https:\/\/amibrasov.ro\/?lang=en\">ASOCIATIA MERGI INAINTE<\/a><\/span><\/p>\n<p><span style=\"color: #808080;\"><a style=\"color: #808080;\" href=\"https:\/\/www.medborgarskolan.se\/\">MEDBORGARSKOLAN<\/a><\/span><\/td>\n<td width=\"128\"><span style=\"color: #000000;\">Romania<\/span><\/p>\n<p><span style=\"color: #000000;\">Sweden<\/span><\/td>\n<\/tr>\n<\/tbody>\n<\/table>\n<p>&nbsp;<\/p>\n<p><strong><span style=\"color: #3366ff;\">PROJECT CONTACTS<\/span><\/strong><\/p>\n<p><img loading=\"lazy\" decoding=\"async\" class=\"wp-image-22112 alignleft\" src=\"https:\/\/www.espronceda.net\/wp-content\/uploads\/2021\/12\/download.jpeg\" alt=\"\" width=\"28\" height=\"28\" srcset=\"https:\/\/www.espronceda.net\/wp-content\/uploads\/2021\/12\/download.jpeg 225w, https:\/\/www.espronceda.net\/wp-content\/uploads\/2021\/12\/download-150x150.jpeg 150w\" sizes=\"auto, (max-width: 28px) 100vw, 28px\" \/><\/p>\n<p><a href=\"https:\/\/instagram.com\/the_palkonnect?utm_medium=copy_link\">@the_palkonnect<\/a><\/p>\n<p><img loading=\"lazy\" decoding=\"async\" class=\"wp-image-22118 alignleft\" src=\"https:\/\/www.espronceda.net\/wp-content\/uploads\/2021\/12\/format-twitter-logo-transparent-11549680770lolovrdq8m-293x300.png\" alt=\"\" width=\"27\" height=\"28\" srcset=\"https:\/\/www.espronceda.net\/wp-content\/uploads\/2021\/12\/format-twitter-logo-transparent-11549680770lolovrdq8m-293x300.png 293w, https:\/\/www.espronceda.net\/wp-content\/uploads\/2021\/12\/format-twitter-logo-transparent-11549680770lolovrdq8m-150x150.png 150w, https:\/\/www.espronceda.net\/wp-content\/uploads\/2021\/12\/format-twitter-logo-transparent-11549680770lolovrdq8m-768x785.png 768w, https:\/\/www.espronceda.net\/wp-content\/uploads\/2021\/12\/format-twitter-logo-transparent-11549680770lolovrdq8m.png 840w\" sizes=\"auto, (max-width: 27px) 100vw, 27px\" \/><a href=\"https:\/\/twitter.com\/the_palkonnect?s=11\">@the_palkonnect<\/a><\/p>\n<p><img loading=\"lazy\" decoding=\"async\" class=\"wp-image-22121 alignleft\" src=\"https:\/\/www.espronceda.net\/wp-content\/uploads\/2021\/12\/download.png\" alt=\"\" width=\"30\" height=\"30\" srcset=\"https:\/\/www.espronceda.net\/wp-content\/uploads\/2021\/12\/download.png 225w, https:\/\/www.espronceda.net\/wp-content\/uploads\/2021\/12\/download-150x150.png 150w\" sizes=\"auto, (max-width: 30px) 100vw, 30px\" \/> <a href=\"https:\/\/www.facebook.com\/palproject2016\">@PALNetwork<\/a><\/p>\n<p><span style=\"color: #808080;\"><a style=\"color: #808080;\" href=\"http:\/\/www.palkonnect.eu\/\">www.palkonnect.eu<\/a><\/span><\/p>\n<p>&nbsp;<\/p>\n<p>&nbsp;<\/p>\n<p>&nbsp;<\/p>\n<p><span style=\"color: #008080;\">ESPRONCEDA CREDITS<\/span><\/p>\n<p>Direction: <em>Savina Tarsitano<\/em><br \/>\nProject management and researcher: <em>Alessia Gervasone<\/em><br \/>\nCommunication: <em>Renata Procopio<\/em><br \/>\nIntern researcher: <em>Olexandra Nysch<\/em><\/p>\n<p>&nbsp;<\/p>\n<p>&nbsp;<\/p>\n<p>&nbsp;<\/p>\n<p>&nbsp;<\/p>\n<p><img loading=\"lazy\" decoding=\"async\" class=\"aligncenter size-medium wp-image-22100\" src=\"https:\/\/www.espronceda.net\/wp-content\/uploads\/2021\/12\/unnamed-300x66.png\" alt=\"\" width=\"300\" height=\"66\" srcset=\"https:\/\/www.espronceda.net\/wp-content\/uploads\/2021\/12\/unnamed-300x66.png 300w, https:\/\/www.espronceda.net\/wp-content\/uploads\/2021\/12\/unnamed.png 512w\" sizes=\"auto, (max-width: 300px) 100vw, 300px\" \/><\/p>\n<p>&nbsp;<\/p>\n<p>&nbsp;<\/p>\n<p style=\"text-align: center;\"><a href=\"https:\/\/www.espronceda.net\/wp-content\/uploads\/2023\/02\/ESPRONCEDA-RECOVERY-PLAN-Short-version-5-1.pdf\">ESPRONCEDA &#8211; RECOVERY PLAN (Short version) (5) (1)<\/a><\/p>\n<p>&nbsp;<\/p>\n<p><img loading=\"lazy\" decoding=\"async\" class=\"alignnone size-thumbnail wp-image-24814\" src=\"https:\/\/www.espronceda.net\/wp-content\/uploads\/2023\/02\/ESPRONCEDA-RECOVERY-PLAN-Short-version-5-1-01-150x150.png\" alt=\"\" width=\"150\" height=\"150\" \/> <img loading=\"lazy\" decoding=\"async\" class=\"alignnone size-thumbnail wp-image-24953\" src=\"https:\/\/www.espronceda.net\/wp-content\/uploads\/2023\/02\/ESPRONCEDA-RECOVERY-PLAN-Short-version-5-1-46-150x150.png\" alt=\"\" width=\"150\" height=\"150\" \/> <img loading=\"lazy\" decoding=\"async\" class=\"alignnone size-thumbnail wp-image-24950\" src=\"https:\/\/www.espronceda.net\/wp-content\/uploads\/2023\/02\/ESPRONCEDA-RECOVERY-PLAN-Short-version-5-1-45-150x150.png\" alt=\"\" width=\"150\" height=\"150\" \/> <img loading=\"lazy\" decoding=\"async\" class=\"alignnone size-thumbnail wp-image-24947\" src=\"https:\/\/www.espronceda.net\/wp-content\/uploads\/2023\/02\/ESPRONCEDA-RECOVERY-PLAN-Short-version-5-1-44-150x150.png\" alt=\"\" width=\"150\" height=\"150\" \/> <img loading=\"lazy\" decoding=\"async\" class=\"alignnone size-thumbnail wp-image-24944\" src=\"https:\/\/www.espronceda.net\/wp-content\/uploads\/2023\/02\/ESPRONCEDA-RECOVERY-PLAN-Short-version-5-1-43-150x150.png\" alt=\"\" width=\"150\" height=\"150\" \/> <img loading=\"lazy\" decoding=\"async\" class=\"alignnone size-thumbnail wp-image-24941\" src=\"https:\/\/www.espronceda.net\/wp-content\/uploads\/2023\/02\/ESPRONCEDA-RECOVERY-PLAN-Short-version-5-1-42-150x150.png\" alt=\"\" width=\"150\" height=\"150\" \/> <img loading=\"lazy\" decoding=\"async\" class=\"alignnone size-thumbnail wp-image-24938\" src=\"https:\/\/www.espronceda.net\/wp-content\/uploads\/2023\/02\/ESPRONCEDA-RECOVERY-PLAN-Short-version-5-1-41-150x150.png\" alt=\"\" width=\"150\" height=\"150\" \/> <img loading=\"lazy\" decoding=\"async\" class=\"alignnone size-thumbnail wp-image-24935\" src=\"https:\/\/www.espronceda.net\/wp-content\/uploads\/2023\/02\/ESPRONCEDA-RECOVERY-PLAN-Short-version-5-1-40-150x150.png\" alt=\"\" width=\"150\" height=\"150\" \/> <img loading=\"lazy\" decoding=\"async\" class=\"alignnone size-thumbnail wp-image-24932\" src=\"https:\/\/www.espronceda.net\/wp-content\/uploads\/2023\/02\/ESPRONCEDA-RECOVERY-PLAN-Short-version-5-1-39-150x150.png\" alt=\"\" width=\"150\" height=\"150\" \/> <img loading=\"lazy\" decoding=\"async\" class=\"alignnone size-thumbnail wp-image-24929\" src=\"https:\/\/www.espronceda.net\/wp-content\/uploads\/2023\/02\/ESPRONCEDA-RECOVERY-PLAN-Short-version-5-1-38-150x150.png\" alt=\"\" width=\"150\" height=\"150\" \/> <img loading=\"lazy\" decoding=\"async\" class=\"alignnone size-thumbnail wp-image-24926\" src=\"https:\/\/www.espronceda.net\/wp-content\/uploads\/2023\/02\/ESPRONCEDA-RECOVERY-PLAN-Short-version-5-1-37-150x150.png\" alt=\"\" width=\"150\" height=\"150\" \/> <img loading=\"lazy\" decoding=\"async\" class=\"alignnone size-thumbnail wp-image-24923\" src=\"https:\/\/www.espronceda.net\/wp-content\/uploads\/2023\/02\/ESPRONCEDA-RECOVERY-PLAN-Short-version-5-1-36-150x150.png\" alt=\"\" width=\"150\" height=\"150\" \/> <img loading=\"lazy\" decoding=\"async\" class=\"alignnone size-thumbnail wp-image-24920\" src=\"https:\/\/www.espronceda.net\/wp-content\/uploads\/2023\/02\/ESPRONCEDA-RECOVERY-PLAN-Short-version-5-1-35-150x150.png\" alt=\"\" width=\"150\" height=\"150\" \/> <img loading=\"lazy\" decoding=\"async\" class=\"alignnone size-thumbnail wp-image-24917\" src=\"https:\/\/www.espronceda.net\/wp-content\/uploads\/2023\/02\/ESPRONCEDA-RECOVERY-PLAN-Short-version-5-1-34-150x150.png\" alt=\"\" width=\"150\" height=\"150\" \/> <img loading=\"lazy\" decoding=\"async\" class=\"alignnone size-thumbnail wp-image-24914\" src=\"https:\/\/www.espronceda.net\/wp-content\/uploads\/2023\/02\/ESPRONCEDA-RECOVERY-PLAN-Short-version-5-1-33-150x150.png\" alt=\"\" width=\"150\" height=\"150\" \/> <img loading=\"lazy\" decoding=\"async\" class=\"alignnone size-thumbnail wp-image-24911\" src=\"https:\/\/www.espronceda.net\/wp-content\/uploads\/2023\/02\/ESPRONCEDA-RECOVERY-PLAN-Short-version-5-1-32-150x150.png\" alt=\"\" width=\"150\" height=\"150\" \/> <img loading=\"lazy\" decoding=\"async\" class=\"alignnone size-thumbnail wp-image-24908\" src=\"https:\/\/www.espronceda.net\/wp-content\/uploads\/2023\/02\/ESPRONCEDA-RECOVERY-PLAN-Short-version-5-1-31-150x150.png\" alt=\"\" width=\"150\" height=\"150\" \/> <img loading=\"lazy\" decoding=\"async\" class=\"alignnone size-thumbnail wp-image-24905\" src=\"https:\/\/www.espronceda.net\/wp-content\/uploads\/2023\/02\/ESPRONCEDA-RECOVERY-PLAN-Short-version-5-1-30-150x150.png\" alt=\"\" width=\"150\" height=\"150\" \/> <img loading=\"lazy\" decoding=\"async\" class=\"alignnone size-thumbnail wp-image-24898\" src=\"https:\/\/www.espronceda.net\/wp-content\/uploads\/2023\/02\/ESPRONCEDA-RECOVERY-PLAN-Short-version-5-1-29-150x150.png\" alt=\"\" width=\"150\" height=\"150\" \/> <img loading=\"lazy\" decoding=\"async\" class=\"alignnone size-thumbnail wp-image-24895\" src=\"https:\/\/www.espronceda.net\/wp-content\/uploads\/2023\/02\/ESPRONCEDA-RECOVERY-PLAN-Short-version-5-1-28-150x150.png\" alt=\"\" width=\"150\" height=\"150\" \/> <img loading=\"lazy\" decoding=\"async\" class=\"alignnone size-thumbnail wp-image-24892\" src=\"https:\/\/www.espronceda.net\/wp-content\/uploads\/2023\/02\/ESPRONCEDA-RECOVERY-PLAN-Short-version-5-1-27-150x150.png\" alt=\"\" width=\"150\" height=\"150\" \/> <img loading=\"lazy\" decoding=\"async\" class=\"alignnone size-thumbnail wp-image-24889\" src=\"https:\/\/www.espronceda.net\/wp-content\/uploads\/2023\/02\/ESPRONCEDA-RECOVERY-PLAN-Short-version-5-1-26-150x150.png\" alt=\"\" width=\"150\" height=\"150\" \/> <img loading=\"lazy\" decoding=\"async\" class=\"alignnone size-thumbnail wp-image-24886\" src=\"https:\/\/www.espronceda.net\/wp-content\/uploads\/2023\/02\/ESPRONCEDA-RECOVERY-PLAN-Short-version-5-1-25-150x150.png\" alt=\"\" width=\"150\" height=\"150\" \/> <img loading=\"lazy\" decoding=\"async\" class=\"alignnone size-thumbnail wp-image-24883\" src=\"https:\/\/www.espronceda.net\/wp-content\/uploads\/2023\/02\/ESPRONCEDA-RECOVERY-PLAN-Short-version-5-1-24-150x150.png\" alt=\"\" width=\"150\" height=\"150\" \/> <img loading=\"lazy\" decoding=\"async\" class=\"alignnone size-thumbnail wp-image-24880\" src=\"https:\/\/www.espronceda.net\/wp-content\/uploads\/2023\/02\/ESPRONCEDA-RECOVERY-PLAN-Short-version-5-1-23-150x150.png\" alt=\"\" width=\"150\" height=\"150\" \/> <img loading=\"lazy\" decoding=\"async\" class=\"alignnone size-thumbnail wp-image-24877\" src=\"https:\/\/www.espronceda.net\/wp-content\/uploads\/2023\/02\/ESPRONCEDA-RECOVERY-PLAN-Short-version-5-1-22-150x150.png\" alt=\"\" width=\"150\" height=\"150\" \/> <img loading=\"lazy\" decoding=\"async\" class=\"alignnone size-thumbnail wp-image-24874\" src=\"https:\/\/www.espronceda.net\/wp-content\/uploads\/2023\/02\/ESPRONCEDA-RECOVERY-PLAN-Short-version-5-1-21-150x150.png\" alt=\"\" width=\"150\" height=\"150\" \/> <img loading=\"lazy\" decoding=\"async\" class=\"alignnone size-thumbnail wp-image-24871\" src=\"https:\/\/www.espronceda.net\/wp-content\/uploads\/2023\/02\/ESPRONCEDA-RECOVERY-PLAN-Short-version-5-1-20-150x150.png\" alt=\"\" width=\"150\" height=\"150\" \/> <img loading=\"lazy\" decoding=\"async\" class=\"alignnone size-thumbnail wp-image-24868\" src=\"https:\/\/www.espronceda.net\/wp-content\/uploads\/2023\/02\/ESPRONCEDA-RECOVERY-PLAN-Short-version-5-1-19-150x150.png\" alt=\"\" width=\"150\" height=\"150\" \/> <img loading=\"lazy\" decoding=\"async\" class=\"alignnone size-thumbnail wp-image-24865\" src=\"https:\/\/www.espronceda.net\/wp-content\/uploads\/2023\/02\/ESPRONCEDA-RECOVERY-PLAN-Short-version-5-1-18-150x150.png\" alt=\"\" width=\"150\" height=\"150\" \/> <img loading=\"lazy\" decoding=\"async\" class=\"alignnone size-thumbnail wp-image-24862\" src=\"https:\/\/www.espronceda.net\/wp-content\/uploads\/2023\/02\/ESPRONCEDA-RECOVERY-PLAN-Short-version-5-1-17-150x150.png\" alt=\"\" width=\"150\" height=\"150\" \/> <img loading=\"lazy\" decoding=\"async\" class=\"alignnone size-thumbnail wp-image-24859\" src=\"https:\/\/www.espronceda.net\/wp-content\/uploads\/2023\/02\/ESPRONCEDA-RECOVERY-PLAN-Short-version-5-1-16-150x150.png\" alt=\"\" width=\"150\" height=\"150\" \/> <img loading=\"lazy\" decoding=\"async\" class=\"alignnone size-thumbnail wp-image-24856\" src=\"https:\/\/www.espronceda.net\/wp-content\/uploads\/2023\/02\/ESPRONCEDA-RECOVERY-PLAN-Short-version-5-1-15-150x150.png\" alt=\"\" width=\"150\" height=\"150\" \/> <img loading=\"lazy\" decoding=\"async\" class=\"alignnone size-thumbnail wp-image-24853\" src=\"https:\/\/www.espronceda.net\/wp-content\/uploads\/2023\/02\/ESPRONCEDA-RECOVERY-PLAN-Short-version-5-1-14-150x150.png\" alt=\"\" width=\"150\" height=\"150\" \/> <img loading=\"lazy\" decoding=\"async\" class=\"alignnone size-thumbnail wp-image-24850\" src=\"https:\/\/www.espronceda.net\/wp-content\/uploads\/2023\/02\/ESPRONCEDA-RECOVERY-PLAN-Short-version-5-1-13-150x150.png\" alt=\"\" width=\"150\" height=\"150\" \/> <img loading=\"lazy\" decoding=\"async\" class=\"alignnone size-thumbnail wp-image-24847\" src=\"https:\/\/www.espronceda.net\/wp-content\/uploads\/2023\/02\/ESPRONCEDA-RECOVERY-PLAN-Short-version-5-1-12-150x150.png\" alt=\"\" width=\"150\" height=\"150\" \/> <img loading=\"lazy\" decoding=\"async\" class=\"alignnone size-thumbnail wp-image-24844\" src=\"https:\/\/www.espronceda.net\/wp-content\/uploads\/2023\/02\/ESPRONCEDA-RECOVERY-PLAN-Short-version-5-1-11-150x150.png\" alt=\"\" width=\"150\" height=\"150\" \/> <img loading=\"lazy\" decoding=\"async\" class=\"alignnone size-thumbnail wp-image-24841\" src=\"https:\/\/www.espronceda.net\/wp-content\/uploads\/2023\/02\/ESPRONCEDA-RECOVERY-PLAN-Short-version-5-1-10-150x150.png\" alt=\"\" width=\"150\" height=\"150\" \/> <img loading=\"lazy\" decoding=\"async\" class=\"alignnone size-thumbnail wp-image-24838\" src=\"https:\/\/www.espronceda.net\/wp-content\/uploads\/2023\/02\/ESPRONCEDA-RECOVERY-PLAN-Short-version-5-1-09-150x150.png\" alt=\"\" width=\"150\" height=\"150\" \/> <img loading=\"lazy\" decoding=\"async\" class=\"alignnone size-thumbnail wp-image-24835\" src=\"https:\/\/www.espronceda.net\/wp-content\/uploads\/2023\/02\/ESPRONCEDA-RECOVERY-PLAN-Short-version-5-1-08-150x150.png\" alt=\"\" width=\"150\" height=\"150\" \/> <img loading=\"lazy\" decoding=\"async\" class=\"alignnone size-thumbnail wp-image-24832\" src=\"https:\/\/www.espronceda.net\/wp-content\/uploads\/2023\/02\/ESPRONCEDA-RECOVERY-PLAN-Short-version-5-1-07-150x150.png\" alt=\"\" width=\"150\" height=\"150\" \/> <img loading=\"lazy\" decoding=\"async\" class=\"alignnone size-thumbnail wp-image-24829\" src=\"https:\/\/www.espronceda.net\/wp-content\/uploads\/2023\/02\/ESPRONCEDA-RECOVERY-PLAN-Short-version-5-1-06-150x150.png\" alt=\"\" width=\"150\" height=\"150\" \/> <img loading=\"lazy\" decoding=\"async\" class=\"alignnone size-thumbnail wp-image-24826\" src=\"https:\/\/www.espronceda.net\/wp-content\/uploads\/2023\/02\/ESPRONCEDA-RECOVERY-PLAN-Short-version-5-1-05-150x150.png\" alt=\"\" width=\"150\" height=\"150\" \/> <img loading=\"lazy\" decoding=\"async\" class=\"alignnone size-thumbnail wp-image-24823\" src=\"https:\/\/www.espronceda.net\/wp-content\/uploads\/2023\/02\/ESPRONCEDA-RECOVERY-PLAN-Short-version-5-1-04-150x150.png\" alt=\"\" width=\"150\" height=\"150\" \/> <img loading=\"lazy\" decoding=\"async\" class=\"alignnone size-thumbnail wp-image-24820\" src=\"https:\/\/www.espronceda.net\/wp-content\/uploads\/2023\/02\/ESPRONCEDA-RECOVERY-PLAN-Short-version-5-1-03-150x150.png\" alt=\"\" width=\"150\" height=\"150\" \/> <img loading=\"lazy\" decoding=\"async\" class=\"alignnone size-thumbnail wp-image-24817\" src=\"https:\/\/www.espronceda.net\/wp-content\/uploads\/2023\/02\/ESPRONCEDA-RECOVERY-PLAN-Short-version-5-1-02-150x150.png\" alt=\"\" width=\"150\" height=\"150\" \/><\/p>\n","protected":false},"excerpt":{"rendered":"<p>&nbsp; &nbsp; &nbsp; EMPOWERMENT OF SOCIAL INCLUSION GROUPS THROUGH CREATIVITY &amp; CULTURAL WORKS &nbsp; \u00a0 EU CALL PAL Konnekt &#8211; Empowerment of social inclusion groups through creativity and cultural works (2020-1-CZ01-KA227-ADU-094406), proyecto financiado en 2020 por la Comisi\u00f3n Europea y Erasmus+. TIMELINE 2021 &#8211; 2023 &nbsp; PROJECT SUMMARY El actual proyecto PALkonnect compromete a organizaciones culturales, art\u00edsticas y de investigaci\u00f3n [&hellip;]<\/p>\n","protected":false},"author":1,"featured_media":0,"parent":0,"menu_order":0,"comment_status":"closed","ping_status":"closed","template":"","meta":{"footnotes":""},"class_list":["post-24903","page","type-page","status-publish","hentry"],"_links":{"self":[{"href":"https:\/\/www.espronceda.net\/es\/wp-json\/wp\/v2\/pages\/24903","targetHints":{"allow":["GET"]}}],"collection":[{"href":"https:\/\/www.espronceda.net\/es\/wp-json\/wp\/v2\/pages"}],"about":[{"href":"https:\/\/www.espronceda.net\/es\/wp-json\/wp\/v2\/types\/page"}],"author":[{"embeddable":true,"href":"https:\/\/www.espronceda.net\/es\/wp-json\/wp\/v2\/users\/1"}],"replies":[{"embeddable":true,"href":"https:\/\/www.espronceda.net\/es\/wp-json\/wp\/v2\/comments?post=24903"}],"version-history":[{"count":3,"href":"https:\/\/www.espronceda.net\/es\/wp-json\/wp\/v2\/pages\/24903\/revisions"}],"predecessor-version":[{"id":25293,"href":"https:\/\/www.espronceda.net\/es\/wp-json\/wp\/v2\/pages\/24903\/revisions\/25293"}],"wp:attachment":[{"href":"https:\/\/www.espronceda.net\/es\/wp-json\/wp\/v2\/media?parent=24903"}],"curies":[{"name":"wp","href":"https:\/\/api.w.org\/{rel}","templated":true}]}}