{"id":24961,"date":"2022-08-29T03:02:08","date_gmt":"2022-08-29T01:02:08","guid":{"rendered":"https:\/\/www.espronceda.net\/westeam\/"},"modified":"2023-03-28T18:41:05","modified_gmt":"2023-03-28T16:41:05","slug":"westeam","status":"publish","type":"page","link":"https:\/\/www.espronceda.net\/es\/westeam\/","title":{"rendered":"WeSTEAM"},"content":{"rendered":"<h2><strong>WeSTEAM <b>&#8211; Empowering women in STEM through Art Thinking<\/b><\/strong><\/h2>\n<p>&nbsp;<\/p>\n<p>&nbsp;<\/p>\n<p><a href=\"https:\/\/www.espronceda.net\/wp-content\/uploads\/2022\/08\/WeSTEAM_Logo_Gradient_CMYK.jpg\"><img loading=\"lazy\" decoding=\"async\" class=\"aligncenter size-medium wp-image-23524\" src=\"https:\/\/www.espronceda.net\/wp-content\/uploads\/2022\/08\/WeSTEAM_Logo_Gradient_CMYK-300x69.jpg\" alt=\"\" width=\"300\" height=\"69\" srcset=\"https:\/\/www.espronceda.net\/wp-content\/uploads\/2022\/08\/WeSTEAM_Logo_Gradient_CMYK-300x69.jpg 300w, https:\/\/www.espronceda.net\/wp-content\/uploads\/2022\/08\/WeSTEAM_Logo_Gradient_CMYK-1024x235.jpg 1024w, https:\/\/www.espronceda.net\/wp-content\/uploads\/2022\/08\/WeSTEAM_Logo_Gradient_CMYK-768x177.jpg 768w, https:\/\/www.espronceda.net\/wp-content\/uploads\/2022\/08\/WeSTEAM_Logo_Gradient_CMYK-1536x353.jpg 1536w, https:\/\/www.espronceda.net\/wp-content\/uploads\/2022\/08\/WeSTEAM_Logo_Gradient_CMYK-2048x471.jpg 2048w, https:\/\/www.espronceda.net\/wp-content\/uploads\/2022\/08\/WeSTEAM_Logo_Gradient_CMYK-1280x294.jpg 1280w\" sizes=\"auto, (max-width: 300px) 100vw, 300px\" \/><\/a><\/p>\n<p>&nbsp;<\/p>\n<p><strong>TIMELINE<\/strong><\/p>\n<p>El proyecto tiene una duraci\u00f3n de 24 meses, hasta el 1 de enero de 2024.<\/p>\n<p>&nbsp;<\/p>\n<p><strong>PROJECT PARTNERS<\/strong><\/p>\n<p><a href=\"https:\/\/www.instagram.com\/arselectronica\"><span style=\"font-weight: 400;\">Ars Electronica<\/span><\/a><\/p>\n<p><a href=\"https:\/\/www.instagram.com\/cmeducations\"><span style=\"font-weight: 400;\">Changemaker Educations<\/span><\/a><\/p>\n<p><a href=\"https:\/\/www.instagram.com\/esproncedabcn\/\"><span style=\"font-weight: 400;\">Espronceda Institute of Art &amp; Culture<\/span><\/a><\/p>\n<p><a href=\"https:\/\/www.instagram.com\/luleatekniskauniversitet\/?hl=en\"><span style=\"font-weight: 400;\">Lule\u00e5 University of Technology<\/span><\/a><\/p>\n<p><a href=\"https:\/\/www.instagram.com\/explore\/locations\/504918212900173\/sineglossa-creative-ground?hl=en\"><span style=\"font-weight: 400;\">Sineglossa<\/span><\/a><\/p>\n<p>&nbsp;<\/p>\n<p><strong>PROJECT SUMMARY<\/strong><\/p>\n<p>Financiado por la Uni\u00f3n Europea en el marco de ERASMUS+, WeSTEAM fue iniciado por la Universidad Tecnol\u00f3gica de Lule\u00e5, Changemaker Educations, Sineglossa, Espronceda y Ars Electronica.<\/p>\n<p>A pesar de los grandes esfuerzos realizados por las pol\u00edticas y proyectos europeos, y por las pol\u00edticas y proyectos a nivel nacional y local, se estima que la tasa de participaci\u00f3n de las mujeres en comparaci\u00f3n con los hombres en las tecnolog\u00edas de la informaci\u00f3n y la comunicaci\u00f3n incluye una tasa muy inferior.<\/p>\n<p>El enfoque STEAM (Ciencia &#8211; Tecnolog\u00eda &#8211; Ingenier\u00eda &#8211; Arte &#8211; Matem\u00e1ticas) puede ser, por tanto, una estrategia clave para hacer que los cursos STEM resulten m\u00e1s atractivos para las mujeres.<\/p>\n<p>WeSTEAM tiene como objetivo desarrollar, probar y difundir una metodolog\u00eda basada en el enfoque STEAM para mejorar las habilidades de Art Thinking de las estudiantes comprometidas con carreras STEM con el fin de:<\/p>\n<ul>\n<li>Capacitar a las estudiantes de STEM para aumentar sus posibilidades de empleo en puestos de alto nivel en el mercado laboral de las TIC una vez que se grad\u00faen.<\/li>\n<li>Aumentar el atractivo de las carreras STEM para las mujeres.<\/li>\n<\/ul>\n<p>&nbsp;<\/p>\n<p><strong>PROJECT OBJECTIVES<\/strong><\/p>\n<p>Los objetivos espec\u00edficos del proyecto WeSTEAM son:<\/p>\n<ul>\n<li>Dise\u00f1ar y difundir un marco de referencia para evaluar la capacidad de Art Thinking de las estudiantes de STEM. Esto permitir\u00e1 a las estudiantes tomar conciencia de las habilidades que necesitan mejorar para complementar sus planes de estudio de acuerdo con un enfoque STEAM.<\/li>\n<li>Dise\u00f1ar y difundir una metodolog\u00eda de formaci\u00f3n que pueda ser utilizada por los profesores de STEM en sus actividades de ense\u00f1anza o por los propios estudiantes para mejorar, a trav\u00e9s de un conjunto de herramientas de formaci\u00f3n, su capacidad de Art Thinking.<\/li>\n<li>Dise\u00f1ar y difundir un juego educativo basado en RV para potenciar la capacidad de Art Thinking en mujeres estudiantes STEM de forma interactiva y atractiva.<\/li>\n<li>Crear un sistema de certificaci\u00f3n, en consonancia con los marcos de cualificaci\u00f3n nacionales y de la UE, para el reconocimiento y la certificaci\u00f3n de las capacidades de Art Thinking. Esto permitir\u00e1 a las mujeres estudiantes de STEM demostrar sus habilidades y comunicarlas cuando soliciten m\u00e1s formaci\u00f3n o puestos de trabajo en toda Europa.<\/li>\n<\/ul>\n<p>&nbsp;<\/p>\n<h3 style=\"text-align: left;\"><em><strong>Sobre el proyecto:\u00a0<a href=\"https:\/\/www.espronceda.net\/wp-content\/uploads\/2023\/02\/weSTEAM_skills_framework.pdf\">weSTEAM_skills_framework<\/a><\/strong><\/em><\/h3>\n<p>&nbsp;<\/p>\n<p><strong>ESPRONCEDA CREDITS<\/strong><\/p>\n<p>Project management and researcher: Alessia Gervasone<\/p>\n<p>Intern Researcher: Bianca L\u00f3pez<br \/>\nCommunication: Renata Proc\u00f3pio<\/p>\n<p>&nbsp;<\/p>\n<p>&nbsp;<\/p>\n<p>&nbsp;<\/p>\n<p><img loading=\"lazy\" decoding=\"async\" class=\"aligncenter size-medium wp-image-22100\" src=\"https:\/\/www.espronceda.net\/wp-content\/uploads\/2021\/12\/unnamed-300x66.png\" sizes=\"auto, (max-width: 300px) 100vw, 300px\" srcset=\"https:\/\/www.espronceda.net\/wp-content\/uploads\/2021\/12\/unnamed-300x66.png 300w, https:\/\/www.espronceda.net\/wp-content\/uploads\/2021\/12\/unnamed.png 512w\" alt=\"\" width=\"300\" height=\"66\" \/><\/p>\n<p>&nbsp;<\/p>\n<p>&nbsp;<\/p>\n","protected":false},"excerpt":{"rendered":"<p>WeSTEAM &#8211; Empowering women in STEM through Art Thinking &nbsp; &nbsp; &nbsp; TIMELINE El proyecto tiene una duraci\u00f3n de 24 meses, hasta el 1 de enero de 2024. &nbsp; PROJECT PARTNERS Ars Electronica Changemaker Educations Espronceda Institute of Art &amp; Culture Lule\u00e5 University of Technology Sineglossa &nbsp; PROJECT SUMMARY Financiado por la Uni\u00f3n Europea en el marco de ERASMUS+, WeSTEAM [&hellip;]<\/p>\n","protected":false},"author":1,"featured_media":0,"parent":0,"menu_order":0,"comment_status":"closed","ping_status":"closed","template":"","meta":{"footnotes":""},"class_list":["post-24961","page","type-page","status-publish","hentry"],"_links":{"self":[{"href":"https:\/\/www.espronceda.net\/es\/wp-json\/wp\/v2\/pages\/24961","targetHints":{"allow":["GET"]}}],"collection":[{"href":"https:\/\/www.espronceda.net\/es\/wp-json\/wp\/v2\/pages"}],"about":[{"href":"https:\/\/www.espronceda.net\/es\/wp-json\/wp\/v2\/types\/page"}],"author":[{"embeddable":true,"href":"https:\/\/www.espronceda.net\/es\/wp-json\/wp\/v2\/users\/1"}],"replies":[{"embeddable":true,"href":"https:\/\/www.espronceda.net\/es\/wp-json\/wp\/v2\/comments?post=24961"}],"version-history":[{"count":5,"href":"https:\/\/www.espronceda.net\/es\/wp-json\/wp\/v2\/pages\/24961\/revisions"}],"predecessor-version":[{"id":25305,"href":"https:\/\/www.espronceda.net\/es\/wp-json\/wp\/v2\/pages\/24961\/revisions\/25305"}],"wp:attachment":[{"href":"https:\/\/www.espronceda.net\/es\/wp-json\/wp\/v2\/media?parent=24961"}],"curies":[{"name":"wp","href":"https:\/\/api.w.org\/{rel}","templated":true}]}}