{"id":25229,"date":"2021-01-28T11:22:23","date_gmt":"2021-01-28T10:22:23","guid":{"rendered":"https:\/\/www.espronceda.net\/real-in-2\/"},"modified":"2023-03-28T17:27:17","modified_gmt":"2023-03-28T15:27:17","slug":"real-in-2","status":"publish","type":"page","link":"https:\/\/www.espronceda.net\/es\/real-in-2\/","title":{"rendered":"REAL IN"},"content":{"rendered":"<p><img loading=\"lazy\" decoding=\"async\" class=\"aligncenter wp-image-19767 size-large\" src=\"https:\/\/www.espronceda.net\/wp-content\/uploads\/2021\/01\/MEET_realin_concept1-1-1024x576.jpg\" alt=\"\" width=\"1024\" height=\"576\" srcset=\"https:\/\/www.espronceda.net\/wp-content\/uploads\/2021\/01\/MEET_realin_concept1-1-1024x576.jpg 1024w, https:\/\/www.espronceda.net\/wp-content\/uploads\/2021\/01\/MEET_realin_concept1-1-300x169.jpg 300w, https:\/\/www.espronceda.net\/wp-content\/uploads\/2021\/01\/MEET_realin_concept1-1-768x432.jpg 768w, https:\/\/www.espronceda.net\/wp-content\/uploads\/2021\/01\/MEET_realin_concept1-1-1536x864.jpg 1536w, https:\/\/www.espronceda.net\/wp-content\/uploads\/2021\/01\/MEET_realin_concept1-1-2048x1152.jpg 2048w, https:\/\/www.espronceda.net\/wp-content\/uploads\/2021\/01\/MEET_realin_concept1-1-1280x720.jpg 1280w\" sizes=\"auto, (max-width: 1024px) 100vw, 1024px\" \/><\/p>\n<div>\n<p>&nbsp;<\/p>\n<p>ESPRONCEDA &#8211; Institute of Art &amp; Culture, empieza el a\u00f1o 2021 con un nuevo proyecto europeo, REAL-IN, financiado por el programa Europa Creativa Media.<\/p>\n<section class=\"vc_row wpb_row vc_row-fluid liquid-row-shadowbox-6422e3f22f7b4\">\n<div class=\"ld-container container\">\n<div class=\"row ld-row\">\n<div class=\"wpb_column vc_column_container vc_col-sm-9 liquid-column-6422e3f230277\">\n<div class=\"vc_column-inner\">\n<div class=\"wpb_wrapper \">\n<div class=\"wpb_wrapper-inner\">\n<div class=\"wpb_text_column wpb_content_element \">\n<div class=\"wpb_wrapper\">\n<p><strong>EU CALL<br \/>\n<\/strong>Creative Europe<\/p>\n<p><strong>TIMELINE<br \/>\n<\/strong>2021 \u2013 2022<\/p>\n<p><strong>DESCRIPTION<\/strong><br \/>\nREAL-IN tiene como objetivo EXPLORAR la intersecci\u00f3n de los sectores cultural, audiovisual y creativo para propuestas inmersivas e interactivas, explotando tecnolog\u00edas de escaneado 3D combinadas con escenarios XR. Construiremos un PLAYGROUND para la creaci\u00f3n de prototipos de escenarios colectivos que impulsen nuevos enfoques participativos y experiencias de usuario innovadoras para las Industrias Creativas y Culturales y sus audiencias. REAL-IN activar\u00e1 sinergias multidisciplinares en un proceso de co-creaci\u00f3n entre creativos, programadores, industrias creativas, con el resultado de ROMPER SILOS entre sectores creativos.<\/p>\n<p><strong>PARTNERS<\/strong><br \/>\nREAL-IN es una alianza formada por 2 grandes festivales de la UE (La Manufacture\/artes esc\u00e9nicas en Avi\u00f1\u00f3n, VRHAM\/artes visuales y dise\u00f1o interactivo en Hamburgo), 2 instituciones culturales innovadoras en 2 grandes ciudades europeas y eventos de rango mundial en industrias creativas (MEET Digital Culture Center en Mil\u00e1n, Espronceda, Instituto de Arte y Cultura, en Barcelona), y una galardonada empresa de tecnolog\u00eda audiovisual Black Euphoria situada en uno de los principales centros audiovisuales europeos en Marsella.<\/p>\n<p><strong>WEBSITE<\/strong><br \/>\n<a href=\"http:\/\/real-in.eu\/\">http:\/\/real-in.eu\/<\/a><\/p>\n<\/div>\n<\/div>\n<\/div>\n<\/div>\n<\/div>\n<\/div>\n<\/div>\n<\/div>\n<\/section>\n<\/div>\n","protected":false},"excerpt":{"rendered":"<p>&nbsp; ESPRONCEDA &#8211; Institute of Art &amp; Culture, empieza el a\u00f1o 2021 con un nuevo proyecto europeo, REAL-IN, financiado por el programa Europa Creativa Media. EU CALL Creative Europe TIMELINE 2021 \u2013 2022 DESCRIPTION REAL-IN tiene como objetivo EXPLORAR la intersecci\u00f3n de los sectores cultural, audiovisual y creativo para propuestas inmersivas e interactivas, explotando tecnolog\u00edas de escaneado 3D combinadas con [&hellip;]<\/p>\n","protected":false},"author":1,"featured_media":0,"parent":0,"menu_order":0,"comment_status":"closed","ping_status":"closed","template":"","meta":{"footnotes":""},"class_list":["post-25229","page","type-page","status-publish","hentry"],"_links":{"self":[{"href":"https:\/\/www.espronceda.net\/es\/wp-json\/wp\/v2\/pages\/25229","targetHints":{"allow":["GET"]}}],"collection":[{"href":"https:\/\/www.espronceda.net\/es\/wp-json\/wp\/v2\/pages"}],"about":[{"href":"https:\/\/www.espronceda.net\/es\/wp-json\/wp\/v2\/types\/page"}],"author":[{"embeddable":true,"href":"https:\/\/www.espronceda.net\/es\/wp-json\/wp\/v2\/users\/1"}],"replies":[{"embeddable":true,"href":"https:\/\/www.espronceda.net\/es\/wp-json\/wp\/v2\/comments?post=25229"}],"version-history":[{"count":2,"href":"https:\/\/www.espronceda.net\/es\/wp-json\/wp\/v2\/pages\/25229\/revisions"}],"predecessor-version":[{"id":25234,"href":"https:\/\/www.espronceda.net\/es\/wp-json\/wp\/v2\/pages\/25229\/revisions\/25234"}],"wp:attachment":[{"href":"https:\/\/www.espronceda.net\/es\/wp-json\/wp\/v2\/media?parent=25229"}],"curies":[{"name":"wp","href":"https:\/\/api.w.org\/{rel}","templated":true}]}}