{"id":25285,"date":"2021-10-25T11:29:35","date_gmt":"2021-10-25T09:29:35","guid":{"rendered":"https:\/\/www.espronceda.net\/proyectos\/olea\/"},"modified":"2023-03-28T17:39:18","modified_gmt":"2023-03-28T15:39:18","slug":"olea","status":"publish","type":"page","link":"https:\/\/www.espronceda.net\/es\/proyectos\/olea\/","title":{"rendered":"OLEA"},"content":{"rendered":"<p><img loading=\"lazy\" decoding=\"async\" class=\"size-large wp-image-21293 aligncenter\" src=\"https:\/\/www.espronceda.net\/wp-content\/uploads\/2021\/09\/nota_prensa_OLEA_LAUNCHINGdsa-1024x1024.jpg\" alt=\"\" width=\"1024\" height=\"1024\" srcset=\"https:\/\/www.espronceda.net\/wp-content\/uploads\/2021\/09\/nota_prensa_OLEA_LAUNCHINGdsa-1024x1024.jpg 1024w, https:\/\/www.espronceda.net\/wp-content\/uploads\/2021\/09\/nota_prensa_OLEA_LAUNCHINGdsa-300x300.jpg 300w, https:\/\/www.espronceda.net\/wp-content\/uploads\/2021\/09\/nota_prensa_OLEA_LAUNCHINGdsa-150x150.jpg 150w, https:\/\/www.espronceda.net\/wp-content\/uploads\/2021\/09\/nota_prensa_OLEA_LAUNCHINGdsa-768x768.jpg 768w, https:\/\/www.espronceda.net\/wp-content\/uploads\/2021\/09\/nota_prensa_OLEA_LAUNCHINGdsa.jpg 1103w\" sizes=\"auto, (max-width: 1024px) 100vw, 1024px\" \/><\/p>\n<p>El proyecto OLEA propone un espacio de reflexi\u00f3n y acercamiento de especies, conceptos, econom\u00edas, sociedades y flujos de informaci\u00f3n que convergen en un mismo fluido.<br \/>\nEl aceite de oliva.<\/p>\n<p>Hist\u00f3ricamente relacionado con las deidades, la abundancia, la salud, la suavidad y el oro l\u00edquido, el aceite de oliva es el lugar perfecto para abrazar otras naturalezas. La alteraci\u00f3n gen\u00e9tica, su construcci\u00f3n artificial y la convivencia en espacios h\u00edbridos, configuran un nuevo ecosistema de pensamiento \u00e9tico, religioso, pol\u00edtico y social que, gracias a este proyecto, pretende vincularse molecularmente con las estructuras tecnopol\u00edticas, la criptograf\u00eda y los modelos descentralizados de pensamiento y econom\u00eda.<\/p>\n<p>OLEA es un fluido oleico en el que conviven las propiedades de este aceite con la s\u00edntesis molecular del c\u00f3digo que da vida a una criptomoneda en entornos blockchain.<\/p>\n<p>Esta hibridaci\u00f3n de espacios revela un nuevo lugar de entendimiento. Un nuevo futuro inesperado en la revoluci\u00f3n de las especies.<\/p>\n<p>&nbsp;<\/p>\n<p class=\"impact-text\"><strong>CONCEPT AND OBJECTIVES<\/strong><\/p>\n<p>&nbsp;<\/p>\n<p>Los objetivos principales del proyecto son la consecuci\u00f3n art\u00edstica de un aceite de oliva que sea tambi\u00e9n una criptodivisa en su esencia biol\u00f3gica a trav\u00e9s de la coexistencia de la mol\u00e9cula de ADN de esta moneda y las mol\u00e9culas del aceite. Tras la s\u00edntesis del ADN del c\u00f3digo que da vida al contrato inteligente en la blockchain alusiva a la moneda OLEA, el siguiente proceso es la consecuci\u00f3n en el laboratorio de la coexistencia org\u00e1nica de ambas mol\u00e9culas.<\/p>\n<p>Una vez conseguido este paso, comienzan una serie de producciones art\u00edsticas basadas en este hito, como instalaciones interactivas, gr\u00e1ficas, producciones audiovisuales y laboratorios.<br \/>\nA trav\u00e9s de este gesto simb\u00f3lico, cient\u00edfico, tecnol\u00f3gico y art\u00edstico, el proyecto propone la creaci\u00f3n de un elemento h\u00edbrido en los mundos de consumo.<br \/>\nUn nuevo l\u00edquido que puede entenderse de m\u00faltiples maneras y que, a su vez, necesita ser resignificado y redefinido. El l\u00edquido representa ahora las econom\u00edas descentralizadas en su propio ser, siendo un objeto de debate. Pero tambi\u00e9n puede seguir consumi\u00e9ndose, impregn\u00e1ndolo todo con su propia esencia, cosific\u00e1ndolo todo a su paso.<\/p>\n<p>Otro objetivo principal del proyecto es identificar otras posibles econom\u00edas basadas y localizadas en las materias primas que, gracias a esta conexi\u00f3n sin precedentes, ofrezcan nuevas v\u00edas de desarrollo social, cultural y econ\u00f3mico. Entre las difusas l\u00edneas del arte conceptual y el bioarte, el proyecto OLEA redefine los l\u00edmites de la inserci\u00f3n de lo digital en todos los rincones de la vida cotidiana y establece la tecnolog\u00eda y su relaci\u00f3n con la sociedad.<br \/>\nla vida cotidiana y establece la tecnolog\u00eda y su relaci\u00f3n con la creaci\u00f3n conceptual en el lugar del \u00absin l\u00edmite\u00bb. Moral y \u00e9ticamente discutible, la obra pretende abrir un espacio de investigaci\u00f3n y<br \/>\ndi\u00e1logo en torno a la \u00abrevoluci\u00f3n de las especies\u00bb y la escritura de un futuro incierto en la conjunci\u00f3n de lo org\u00e1nico, lo est\u00e1tico, lo digital, lo anal\u00f3gico, lo virtual, lo tangible y lo intangible, el bit, el \u00e1tomo, la materia, la antimateria, el amor, la guerra, la econom\u00eda, la cosificaci\u00f3n de la naturaleza y la transferencia de informaci\u00f3n. Al mismo tiempo, la producci\u00f3n es un desaf\u00edo etimol\u00f3gico ya planteado en la pr\u00e1ctica art\u00edstica y su relaci\u00f3n con el laboratorio cient\u00edfico.<\/p>\n<p>El proyecto se inserta as\u00ed en un lugar complejo entre el estudio del artista, los imaginarios especulativos, el laboratorio de biolog\u00eda y la cadena de producci\u00f3n de los medios de comunicaci\u00f3n de masas. Pretendiendo situarse en el centro del debate, OLEA pretende ser un epicentro de pensamiento en torno a las nuevas econom\u00edas descentralizadas y la pertenencia grupal a entornos locales digitales o pol\u00edticos. Establece fronteras colapsadas sobre los l\u00edmites del inconsciente colectivo y la noci\u00f3n de pol\u00edtica, moneda e identidad contempor\u00e1nea.<\/p>\n<p>Ahora, con OLEA, cualquier usuario del mundo puede formar parte de un nuevo ecosistema descentralizado en el que puede ser protagonista por el mero hecho de consumir este oro l\u00edquido. Como met\u00e1fora de la no abundancia y el control de existencias, las limitaciones de la naturaleza y sus recursos sobreexplotados juegan aqu\u00ed un importante papel conceptual en su relaci\u00f3n con lo digital, entendido siempre como ilimitado y replicable.<\/p>\n<p>Ahora la moneda de cambio se inserta en la naturaleza que una vez le dio origen bajo el concepto de trueque, actualizando la cadena de construcci\u00f3n del concepto hist\u00f3ricamente entendido de econom\u00eda. Como acto de libertad y empoderamiento ciudadano, OLEA trabaja desde la estructura b\u00e1sica de la cadena de montaje del consumo para inocular nuevos conceptos, ayud\u00e1ndonos a entender el potencial de la tecnolog\u00eda como motor de cambio social y ciudadano y en el arte como estrategia operativa para la producci\u00f3n de pensamiento y la promoci\u00f3n de ideales.<\/p>\n<p>&nbsp;<\/p>\n<p class=\"impact-text\"><strong>HISTORY<\/strong><\/p>\n<p>HDM GEN<\/p>\n<p>En 2020 el museo fundado por Solim\u00e1n L\u00f3pez, Harddiskmuseum se convirti\u00f3 en el primero de la historia en ser almacenado en ADN gracias a la colaboraci\u00f3n con la genetista Dina Zielinski, el laboratorio Twist Bioscience y el apoyo de Art Project Partner.<\/p>\n<p><img loading=\"lazy\" decoding=\"async\" class=\"alignleft wp-image-21686\" src=\"https:\/\/www.espronceda.net\/wp-content\/uploads\/2021\/10\/OLEA_SOLIMAN_LOPEZ_EN_PRO-1024x920.jpg\" alt=\"\" width=\"759\" height=\"682\" srcset=\"https:\/\/www.espronceda.net\/wp-content\/uploads\/2021\/10\/OLEA_SOLIMAN_LOPEZ_EN_PRO-1024x920.jpg 1024w, https:\/\/www.espronceda.net\/wp-content\/uploads\/2021\/10\/OLEA_SOLIMAN_LOPEZ_EN_PRO-300x269.jpg 300w, https:\/\/www.espronceda.net\/wp-content\/uploads\/2021\/10\/OLEA_SOLIMAN_LOPEZ_EN_PRO-768x690.jpg 768w, https:\/\/www.espronceda.net\/wp-content\/uploads\/2021\/10\/OLEA_SOLIMAN_LOPEZ_EN_PRO.jpg 1216w\" sizes=\"auto, (max-width: 759px) 100vw, 759px\" \/><\/p>\n<p>&nbsp;<\/p>\n<p>&nbsp;<\/p>\n<p class=\"impact-text\"><strong>TECHNICAL INFORMATION<\/strong><\/p>\n<p>PROCESS<br \/>\n1\u00ba Creation of a smart contract for a cryptocurrency based on the Ethereum<br \/>\nnetwork. The currency is called OLEA.<br \/>\n2\u00ba Compression of the folder containing the contract code in .zip format.<br \/>\n3\u00ba Encoding of the .zip file in ASCII code.<br \/>\n4\u00ba Encoding of the ASCII code into binary code.<br \/>\n5\u00ba Encoding of the binary code 1-0, 0-1, 0-0, 1-1 to quaternary code in A-GT-<br \/>\nC characters using Python-based code.<br \/>\n6\u00ba Synthesis of the DNA chain.<br \/>\n7\u00ba Sending to the laboratory.<br \/>\n8th Artificial production of the DNA molecule containing the sequence<br \/>\ncreated.<br \/>\n9\u00ba Storage in silica solution.<br \/>\n____________<br \/>\n10\u00ba Integration of silica into the oleic element.<\/p>\n<p class=\"impact-text\"><b>ETAPAS<\/b><\/p>\n<p>ETAPA 1<br \/>\nLAB<br \/>\nEntendido como un laboratorio abierto a la participaci\u00f3n, el proyecto se incrusta temporalmente en el espacio disponible para significar un entorno de pensamiento, cr\u00edtica<br \/>\ny producci\u00f3n ejecutiva de la idea. Invitando a profesionales, p\u00fablico y cr\u00edticos, el laboratorio se convierte en un lugar de encuentro multidisciplinar para hacer posible la idea, generar comunidad y establecer puntos cr\u00edticos en torno al proyecto. Es el lugar donde se prev\u00e9 la creaci\u00f3n efectiva del l\u00edquido OLEA. Previsto: Instituto Espronceda Barcelona. Septiembre 2021. Jard\u00edn Ars Electronica<\/p>\n<p>ETAPA 2<br \/>\nPRODUCCI\u00d3N<br \/>\nLa realizaci\u00f3n art\u00edstica y visual del proyecto ocupa esta etapa. El objetivo principal es la creaci\u00f3n de una instalaci\u00f3n autoexplicativa de todo el proceso en la que la principal protagonista es una gran fuente que hace brotar el aceite. El entorno de la fuente se completa con toda la producci\u00f3n del imaginario de la obra, como botellas, muestras de laboratorio, escritos y bocetos, textos cr\u00edticos, animaciones especulativas, entrevistas y otros materiales alusivos a la evoluci\u00f3n conceptual y pl\u00e1stica de la idea.<\/p>\n","protected":false},"excerpt":{"rendered":"<p>El proyecto OLEA propone un espacio de reflexi\u00f3n y acercamiento de especies, conceptos, econom\u00edas, sociedades y flujos de informaci\u00f3n que convergen en un mismo fluido. El aceite de oliva. Hist\u00f3ricamente relacionado con las deidades, la abundancia, la salud, la suavidad y el oro l\u00edquido, el aceite de oliva es el lugar perfecto para abrazar otras naturalezas. La alteraci\u00f3n gen\u00e9tica, su [&hellip;]<\/p>\n","protected":false},"author":1,"featured_media":0,"parent":5378,"menu_order":0,"comment_status":"closed","ping_status":"closed","template":"","meta":{"footnotes":""},"class_list":["post-25285","page","type-page","status-publish","hentry"],"_links":{"self":[{"href":"https:\/\/www.espronceda.net\/es\/wp-json\/wp\/v2\/pages\/25285","targetHints":{"allow":["GET"]}}],"collection":[{"href":"https:\/\/www.espronceda.net\/es\/wp-json\/wp\/v2\/pages"}],"about":[{"href":"https:\/\/www.espronceda.net\/es\/wp-json\/wp\/v2\/types\/page"}],"author":[{"embeddable":true,"href":"https:\/\/www.espronceda.net\/es\/wp-json\/wp\/v2\/users\/1"}],"replies":[{"embeddable":true,"href":"https:\/\/www.espronceda.net\/es\/wp-json\/wp\/v2\/comments?post=25285"}],"version-history":[{"count":2,"href":"https:\/\/www.espronceda.net\/es\/wp-json\/wp\/v2\/pages\/25285\/revisions"}],"predecessor-version":[{"id":25287,"href":"https:\/\/www.espronceda.net\/es\/wp-json\/wp\/v2\/pages\/25285\/revisions\/25287"}],"up":[{"embeddable":true,"href":"https:\/\/www.espronceda.net\/es\/wp-json\/wp\/v2\/pages\/5378"}],"wp:attachment":[{"href":"https:\/\/www.espronceda.net\/es\/wp-json\/wp\/v2\/media?parent=25285"}],"curies":[{"name":"wp","href":"https:\/\/api.w.org\/{rel}","templated":true}]}}