{"id":25371,"date":"2023-04-08T02:34:05","date_gmt":"2023-04-08T00:34:05","guid":{"rendered":"https:\/\/www.espronceda.net\/universitat-de-barcelona-fine-arts-espronceda-prize\/"},"modified":"2023-04-08T02:37:16","modified_gmt":"2023-04-08T00:37:16","slug":"universitat-de-barcelona-fine-arts-espronceda-prize","status":"publish","type":"page","link":"https:\/\/www.espronceda.net\/es\/universitat-de-barcelona-fine-arts-espronceda-prize\/","title":{"rendered":"Universitat de Barcelona &#8211; FINE ARTS \/ Espronceda Prize"},"content":{"rendered":"<p>La primera edici\u00f3n del Premio de Arte con la Facultad de Bellas artes de Barcelona empieza el 2022, con la exposici\u00f3n Donde\u00a0The\u00a0Flip\u00a0Side.<\/p>\n<p>La exposici\u00f3n colectiva se present\u00f3 con motivo del circuito Arte Nuevo\u00a0Contemporary\u00a0Arte, bajo la direcci\u00f3n de Sabina\u00a0Tarsitano. El proyecto naci\u00f3 con el objetivo principal de crear nuevas alianzas en el mundo del arte, investigando la necesidad de tiempo para la reflexi\u00f3n y la investigaci\u00f3n para los artistas emergentes. Darlos tiempo para encontrar su lenguaje art\u00edstico, sin las influencias del mercado art\u00edstico o presiones externas.<\/p>\n<p>El premio pretende actuar como un puente entre el mundo acad\u00e9mico, el centro de arte y las galer\u00edas para reflexionar juntos sobre la necesidad de una mayor colaboraci\u00f3n tanto para la calidad de los proyectos como para mejorar la colaboraci\u00f3n y los valores humanos.<\/p>\n<p>El proyecto con la Universidad de Bellas artes de Barcelona naci\u00f3 gracias al \u00e9xito conseguido con la Universidad de Bruselas, ahora en su sexta edici\u00f3n. La exposici\u00f3n es un ejemplo de colaboraci\u00f3n, donde los j\u00f3venes artistas se enfrentaron, el espacio y su propio lenguaje art\u00edstico. Las obras creadas nacieron en una interacci\u00f3n con la ciudad y el lugar, donde los cuatro artistas han creado nuevas obras desafi\u00e1ndose, con la elaboraci\u00f3n de nuevos conceptos. Este a\u00f1o, el proyecto reuni\u00f3 las dos universidades: la UB y\u00a0ARBA-*Esa. El proyecto est\u00e1 comisariado por Sabina\u00a0Tarsitano.<\/p>\n<p>\u201cSobre el reverso\u201d, obras de\u00a0Aliz\u00e9e\u00a0Loubet, Emir G\u00f3mez\u00a0Farah,\u00a0Juliane\u00a0Lusson\u00a0y Teresa W.<\/p>\n<p><a href=\"https:\/\/www.espronceda.net\/wp-content\/uploads\/2022\/07\/5-1-scaled.jpg\"><img loading=\"lazy\" decoding=\"async\" class=\"aligncenter size-medium wp-image-23284\" src=\"https:\/\/www.espronceda.net\/wp-content\/uploads\/2022\/07\/5-1-300x158.jpg\" alt=\"\" width=\"300\" height=\"158\" srcset=\"https:\/\/www.espronceda.net\/wp-content\/uploads\/2022\/07\/5-1-300x158.jpg 300w, https:\/\/www.espronceda.net\/wp-content\/uploads\/2022\/07\/5-1-1024x538.jpg 1024w, https:\/\/www.espronceda.net\/wp-content\/uploads\/2022\/07\/5-1-768x403.jpg 768w, https:\/\/www.espronceda.net\/wp-content\/uploads\/2022\/07\/5-1-1536x806.jpg 1536w, https:\/\/www.espronceda.net\/wp-content\/uploads\/2022\/07\/5-1-2048x1075.jpg 2048w, https:\/\/www.espronceda.net\/wp-content\/uploads\/2022\/07\/5-1-1280x672.jpg 1280w\" sizes=\"auto, (max-width: 300px) 100vw, 300px\" \/><\/a><\/p>\n<p>Ganadores:<\/p>\n<p>2022<em> ____________________________________________________________________<\/em><\/p>\n<p><a href=\"https:\/\/www.espronceda.net\/wp-content\/uploads\/2022\/07\/295612906_489496663175733_5704013925421614167_n.jpg\">Artistas de la Universitat de Barcelona, son Emir G\u00f3mez\u00a0Farah\u00a0y Teresa W.<\/a><\/p>\n<p>\u201cSobre el reverso\u201d, obras de\u00a0Aliz\u00e9e\u00a0Loubet, Emir G\u00f3mez\u00a0Farah,\u00a0Juliane\u00a0Lusson\u00a0y Teresa W.\u00a0Curated\u00a0por Sabina\u00a0Tarsitano.<img loading=\"lazy\" decoding=\"async\" class=\"aligncenter size-medium wp-image-23312\" src=\"https:\/\/www.espronceda.net\/wp-content\/uploads\/2022\/07\/295612906_489496663175733_5704013925421614167_n-300x200.jpg\" alt=\"\" width=\"300\" height=\"200\" srcset=\"https:\/\/www.espronceda.net\/wp-content\/uploads\/2022\/07\/295612906_489496663175733_5704013925421614167_n-300x200.jpg 300w, https:\/\/www.espronceda.net\/wp-content\/uploads\/2022\/07\/295612906_489496663175733_5704013925421614167_n-1024x683.jpg 1024w, https:\/\/www.espronceda.net\/wp-content\/uploads\/2022\/07\/295612906_489496663175733_5704013925421614167_n-768x512.jpg 768w, https:\/\/www.espronceda.net\/wp-content\/uploads\/2022\/07\/295612906_489496663175733_5704013925421614167_n-1280x853.jpg 1280w, https:\/\/www.espronceda.net\/wp-content\/uploads\/2022\/07\/295612906_489496663175733_5704013925421614167_n.jpg 1440w\" sizes=\"auto, (max-width: 300px) 100vw, 300px\" \/><\/p>\n<p><a href=\"https:\/\/www.espronceda.net\/wp-content\/uploads\/2022\/07\/295611198_489496713175728_1804711702816863474_n.jpg\"><img loading=\"lazy\" decoding=\"async\" class=\"aligncenter size-medium wp-image-23309\" src=\"https:\/\/www.espronceda.net\/wp-content\/uploads\/2022\/07\/295611198_489496713175728_1804711702816863474_n-300x200.jpg\" alt=\"\" width=\"300\" height=\"200\" srcset=\"https:\/\/www.espronceda.net\/wp-content\/uploads\/2022\/07\/295611198_489496713175728_1804711702816863474_n-300x200.jpg 300w, https:\/\/www.espronceda.net\/wp-content\/uploads\/2022\/07\/295611198_489496713175728_1804711702816863474_n-1024x682.jpg 1024w, https:\/\/www.espronceda.net\/wp-content\/uploads\/2022\/07\/295611198_489496713175728_1804711702816863474_n-768x511.jpg 768w, https:\/\/www.espronceda.net\/wp-content\/uploads\/2022\/07\/295611198_489496713175728_1804711702816863474_n-1280x852.jpg 1280w, https:\/\/www.espronceda.net\/wp-content\/uploads\/2022\/07\/295611198_489496713175728_1804711702816863474_n.jpg 1440w\" sizes=\"auto, (max-width: 300px) 100vw, 300px\" \/><\/a><\/p>\n<p><a href=\"https:\/\/www.espronceda.net\/wp-content\/uploads\/2022\/08\/unnamed.jpg\"><img loading=\"lazy\" decoding=\"async\" class=\"aligncenter size-medium wp-image-23365\" src=\"https:\/\/www.espronceda.net\/wp-content\/uploads\/2022\/08\/unnamed-300x169.jpg\" alt=\"\" width=\"300\" height=\"169\" srcset=\"https:\/\/www.espronceda.net\/wp-content\/uploads\/2022\/08\/unnamed-300x169.jpg 300w, https:\/\/www.espronceda.net\/wp-content\/uploads\/2022\/08\/unnamed-1024x576.jpg 1024w, https:\/\/www.espronceda.net\/wp-content\/uploads\/2022\/08\/unnamed-768x432.jpg 768w, https:\/\/www.espronceda.net\/wp-content\/uploads\/2022\/08\/unnamed-1280x720.jpg 1280w, https:\/\/www.espronceda.net\/wp-content\/uploads\/2022\/08\/unnamed.jpg 1440w\" sizes=\"auto, (max-width: 300px) 100vw, 300px\" \/><\/a><\/p>\n<p><a href=\"https:\/\/www.espronceda.net\/wp-content\/uploads\/2022\/07\/296017364_489496593175740_5287988700512343903_n.jpg\"><img loading=\"lazy\" decoding=\"async\" class=\"aligncenter size-medium wp-image-23321\" src=\"https:\/\/www.espronceda.net\/wp-content\/uploads\/2022\/07\/296017364_489496593175740_5287988700512343903_n-300x200.jpg\" alt=\"\" width=\"300\" height=\"200\" srcset=\"https:\/\/www.espronceda.net\/wp-content\/uploads\/2022\/07\/296017364_489496593175740_5287988700512343903_n-300x200.jpg 300w, https:\/\/www.espronceda.net\/wp-content\/uploads\/2022\/07\/296017364_489496593175740_5287988700512343903_n-1024x683.jpg 1024w, https:\/\/www.espronceda.net\/wp-content\/uploads\/2022\/07\/296017364_489496593175740_5287988700512343903_n-768x512.jpg 768w, https:\/\/www.espronceda.net\/wp-content\/uploads\/2022\/07\/296017364_489496593175740_5287988700512343903_n.jpg 1066w\" sizes=\"auto, (max-width: 300px) 100vw, 300px\" \/><\/a><\/p>\n","protected":false},"excerpt":{"rendered":"<p>La primera edici\u00f3n del Premio de Arte con la Facultad de Bellas artes de Barcelona empieza el 2022, con la exposici\u00f3n Donde\u00a0The\u00a0Flip\u00a0Side. La exposici\u00f3n colectiva se present\u00f3 con motivo del circuito Arte Nuevo\u00a0Contemporary\u00a0Arte, bajo la direcci\u00f3n de Sabina\u00a0Tarsitano. El proyecto naci\u00f3 con el objetivo principal de crear nuevas alianzas en el mundo del arte, investigando la necesidad de tiempo para [&hellip;]<\/p>\n","protected":false},"author":24,"featured_media":0,"parent":0,"menu_order":0,"comment_status":"closed","ping_status":"closed","template":"","meta":{"footnotes":""},"class_list":["post-25371","page","type-page","status-publish","hentry"],"_links":{"self":[{"href":"https:\/\/www.espronceda.net\/es\/wp-json\/wp\/v2\/pages\/25371","targetHints":{"allow":["GET"]}}],"collection":[{"href":"https:\/\/www.espronceda.net\/es\/wp-json\/wp\/v2\/pages"}],"about":[{"href":"https:\/\/www.espronceda.net\/es\/wp-json\/wp\/v2\/types\/page"}],"author":[{"embeddable":true,"href":"https:\/\/www.espronceda.net\/es\/wp-json\/wp\/v2\/users\/24"}],"replies":[{"embeddable":true,"href":"https:\/\/www.espronceda.net\/es\/wp-json\/wp\/v2\/comments?post=25371"}],"version-history":[{"count":3,"href":"https:\/\/www.espronceda.net\/es\/wp-json\/wp\/v2\/pages\/25371\/revisions"}],"predecessor-version":[{"id":25375,"href":"https:\/\/www.espronceda.net\/es\/wp-json\/wp\/v2\/pages\/25371\/revisions\/25375"}],"wp:attachment":[{"href":"https:\/\/www.espronceda.net\/es\/wp-json\/wp\/v2\/media?parent=25371"}],"curies":[{"name":"wp","href":"https:\/\/api.w.org\/{rel}","templated":true}]}}