{"id":25383,"date":"2023-03-27T10:58:11","date_gmt":"2023-03-27T08:58:11","guid":{"rendered":"https:\/\/www.espronceda.net\/rise-up\/"},"modified":"2023-04-14T12:22:16","modified_gmt":"2023-04-14T10:22:16","slug":"rise-up","status":"publish","type":"page","link":"https:\/\/www.espronceda.net\/es\/rise-up\/","title":{"rendered":"RISE UP"},"content":{"rendered":"<h2><img loading=\"lazy\" decoding=\"async\" class=\"size-medium wp-image-25160 aligncenter\" src=\"https:\/\/www.espronceda.net\/wp-content\/uploads\/2023\/03\/Screen-Shot-2023-03-27-at-10.56.10-300x116.png\" alt=\"\" width=\"300\" height=\"116\" srcset=\"https:\/\/www.espronceda.net\/wp-content\/uploads\/2023\/03\/Screen-Shot-2023-03-27-at-10.56.10-300x116.png 300w, https:\/\/www.espronceda.net\/wp-content\/uploads\/2023\/03\/Screen-Shot-2023-03-27-at-10.56.10.png 659w\" sizes=\"auto, (max-width: 300px) 100vw, 300px\" \/><\/h2>\n<h2><\/h2>\n<p>&nbsp;<\/p>\n<h2>RESUMEN DEL PROYECTO<\/h2>\n<p>El objetivo de RISE UP es capacitar a las comunidades ling\u00fc\u00edsticas amenazadas estableciendo conexiones entre los agentes pertinentes, identificando buenas pr\u00e1cticas y desarrollando m\u00e9todos a trav\u00e9s de un enfoque multidisciplinar. Adem\u00e1s, RISE UP fomentar\u00e1 la autoconfianza de estas comunidades, incluidos los estudiantes, los nuevos hablantes, las personas que a\u00fan no han tenido la oportunidad de aprender su lengua de herencia, los simpatizantes, etc. A trav\u00e9s de la recopilaci\u00f3n y el an\u00e1lisis de informaci\u00f3n contextual y de pol\u00edticas para las lenguas en peligro en Europa, la creaci\u00f3n de un conjunto de herramientas para las comunidades, la conexi\u00f3n de los actores relevantes y la implicaci\u00f3n de los j\u00f3venes, en concreto, RISE UP pretende proporcionar apoyo y capacitaci\u00f3n a las comunidades de lenguas en peligro en Europa.<\/p>\n<p>&nbsp;<\/p>\n<p><strong>Duraci\u00f3n<\/strong><\/p>\n<p>02\/2023 to 01\/2026<\/p>\n<p><strong>Programme<\/strong><\/p>\n<p>HORIZON EUROPE<\/p>\n<p>HORIZON-CL2-2022-HERITAGE-01-01<\/p>\n<p>Coordination &amp; Support Action<\/p>\n<p><strong>Grant ID<\/strong><\/p>\n<p>101095048<\/p>\n<p>&nbsp;<\/p>\n<div id=\"qodef-tab-ace9f61\" class=\"qodef-tabs-horizontal-content ui-tabs-panel ui-corner-bottom ui-widget-content\" role=\"tabpanel\" aria-labelledby=\"ui-id-1\" aria-hidden=\"false\">\n<p><strong>CONTEXTO DEL PROYECTO<\/strong><\/p>\n<p>Las lenguas siempre han desempe\u00f1ado un papel importante cuando conviv\u00edan grupos de personas. Los hablantes pod\u00edan suprimirse o adoptar una nueva lengua. Pero por mucho que una lengua diga mucho sobre la identidad individual, tambi\u00e9n conlleva una gran referencia a la cultura y la historia del grupo en el que se habla y al trasfondo cultural. Est\u00e1 estrechamente entretejida con emociones y tradiciones, que merece la pena mantener, ya que representan las ra\u00edces personales.<\/p>\n<p>RISE UP interconecta a todos los actores relevantes del conocimiento, incluidos los ciudadanos, la sociedad civil y los usuarios finales. Recopila y analiza informaci\u00f3n b\u00e1sica, identifica buenas pr\u00e1cticas y desarrolla nuevos m\u00e9todos con la ayuda y el apoyo de las personas preocupadas e interesadas en el tema. De este modo, RISE UP persigue la capacitaci\u00f3n de estas comunidades ling\u00fc\u00edsticas en peligro, fomentando su autoconfianza y la superaci\u00f3n de traumas pasados. Seg\u00fan el consorcio RISE UP, estas comunidades ling\u00fc\u00edsticas en peligro incluyen a estudiantes, nuevos hablantes, personas que no han tenido la oportunidad de aprender sus lenguas de herencia, simpatizantes y otras partes interesadas, as\u00ed como hablantes reales.<\/p>\n<p>RISE UP explora y aborda<br \/>\n(a) Contexto, razones y pol\u00edticas de las lenguas en peligro en Europa<br \/>\n(b) Recopilaci\u00f3n y creaci\u00f3n de un conjunto de herramientas de apoyo a las comunidades locales<br \/>\n(c) Interconectar a los grupos de partes interesadas pertinentes y<br \/>\n(d) Implicar y atraer especialmente a los j\u00f3venes y otras partes interesadas, por ejemplo, mediante el uso de herramientas digitales.<\/p>\n<\/div>\n<p>&nbsp;<\/p>\n<p><strong>Website:<\/strong> <a href=\"https:\/\/www.riseupproject.eu\/\">https:\/\/www.riseupproject.eu\/<\/a><\/p>\n","protected":false},"excerpt":{"rendered":"<p>&nbsp; RESUMEN DEL PROYECTO El objetivo de RISE UP es capacitar a las comunidades ling\u00fc\u00edsticas amenazadas estableciendo conexiones entre los agentes pertinentes, identificando buenas pr\u00e1cticas y desarrollando m\u00e9todos a trav\u00e9s de un enfoque multidisciplinar. Adem\u00e1s, RISE UP fomentar\u00e1 la autoconfianza de estas comunidades, incluidos los estudiantes, los nuevos hablantes, las personas que a\u00fan no han tenido la oportunidad de aprender [&hellip;]<\/p>\n","protected":false},"author":28,"featured_media":0,"parent":0,"menu_order":0,"comment_status":"closed","ping_status":"closed","template":"","meta":{"footnotes":""},"class_list":["post-25383","page","type-page","status-publish","hentry"],"_links":{"self":[{"href":"https:\/\/www.espronceda.net\/es\/wp-json\/wp\/v2\/pages\/25383","targetHints":{"allow":["GET"]}}],"collection":[{"href":"https:\/\/www.espronceda.net\/es\/wp-json\/wp\/v2\/pages"}],"about":[{"href":"https:\/\/www.espronceda.net\/es\/wp-json\/wp\/v2\/types\/page"}],"author":[{"embeddable":true,"href":"https:\/\/www.espronceda.net\/es\/wp-json\/wp\/v2\/users\/28"}],"replies":[{"embeddable":true,"href":"https:\/\/www.espronceda.net\/es\/wp-json\/wp\/v2\/comments?post=25383"}],"version-history":[{"count":2,"href":"https:\/\/www.espronceda.net\/es\/wp-json\/wp\/v2\/pages\/25383\/revisions"}],"predecessor-version":[{"id":25386,"href":"https:\/\/www.espronceda.net\/es\/wp-json\/wp\/v2\/pages\/25383\/revisions\/25386"}],"wp:attachment":[{"href":"https:\/\/www.espronceda.net\/es\/wp-json\/wp\/v2\/media?parent=25383"}],"curies":[{"name":"wp","href":"https:\/\/api.w.org\/{rel}","templated":true}]}}