{"id":25391,"date":"2023-03-27T11:56:35","date_gmt":"2023-03-27T09:56:35","guid":{"rendered":"https:\/\/www.espronceda.net\/auge-augmented-europe\/"},"modified":"2023-04-14T12:31:33","modified_gmt":"2023-04-14T10:31:33","slug":"auge-augmented-europe","status":"publish","type":"page","link":"https:\/\/www.espronceda.net\/es\/auge-augmented-europe\/","title":{"rendered":"AugE | Augmented Europe"},"content":{"rendered":"<p><img loading=\"lazy\" decoding=\"async\" class=\"size-medium wp-image-25173 aligncenter\" src=\"https:\/\/www.espronceda.net\/wp-content\/uploads\/2023\/03\/Screen-Shot-2023-03-27-at-11.51.36-300x76.png\" alt=\"\" width=\"300\" height=\"76\" srcset=\"https:\/\/www.espronceda.net\/wp-content\/uploads\/2023\/03\/Screen-Shot-2023-03-27-at-11.51.36-300x76.png 300w, https:\/\/www.espronceda.net\/wp-content\/uploads\/2023\/03\/Screen-Shot-2023-03-27-at-11.51.36-1024x259.png 1024w, https:\/\/www.espronceda.net\/wp-content\/uploads\/2023\/03\/Screen-Shot-2023-03-27-at-11.51.36-768x194.png 768w, https:\/\/www.espronceda.net\/wp-content\/uploads\/2023\/03\/Screen-Shot-2023-03-27-at-11.51.36-1280x326.png 1280w, https:\/\/www.espronceda.net\/wp-content\/uploads\/2023\/03\/Screen-Shot-2023-03-27-at-11.51.36.png 1288w\" sizes=\"auto, (max-width: 300px) 100vw, 300px\" \/><\/p>\n<p>&nbsp;<\/p>\n<p><strong>AugE | Augmented Europe <\/strong>es un proyecto financiado por el Programa Ciudadanos, Igualdad, Derechos y Valores (CERV)<\/p>\n<p><strong>AUGE 2nd<\/strong> tiene como objetivo involucrar a los j\u00f3venes europeos, de forma activa y a trav\u00e9s de los medios digitales, para dar forma al futuro de Europa de una manera m\u00e1s sostenible, inclusiva y resistente. Contar\u00e1n con el apoyo de j\u00f3venes \u00abartivistas\u00bb (artistas que tambi\u00e9n son activistas) para dar forma a nuevas ideas que impulsen visiones, sue\u00f1os y acciones que inspiren y gu\u00eden futuras formas de convivencia en Europa de una manera m\u00e1s sostenible, inclusiva y bella.<\/p>\n<h3><strong>Cinco ciudades para cinco retos<\/strong><\/h3>\n<p>Cinco ciudades estar\u00e1n interconectadas durante 2 a\u00f1os a trav\u00e9s de 7 eventos transnacionales, ficticios y participativos para dar forma a ideas y proyectos sobre 5 retos:<\/p>\n<p>Milan: Media literacy and digital awareness<\/p>\n<p>Barcelona: Gender diversity and inclusion<\/p>\n<p>Berlin: Climate change and space colonization<\/p>\n<p>Riga: Blockchain and future economies<\/p>\n<p>Gda\u0144sk: Democracy and public health<\/p>\n<p>&nbsp;<\/p>\n<p>130 j\u00f3venes trabajar\u00e1n juntos en los artathons AUGE, eventos interactivos y participativos que se organizar\u00e1n de marzo a noviembre de 2023.<\/p>\n<h2 class=\"has-text-color\">C\u00f3mo participar?<\/h2>\n<p>Para participar en el artathon debes enviar tu solicitud rellenando el formulario de la p\u00e1gina del artathon, \u00a1las plazas son limitadas!<\/p>\n<p>Si resides en la ciudad del artathon puedes apuntarte f\u00edsicamente, si vienes de otras ciudades, te apuntar\u00e1s online.<\/p>\n<h3>\u00bfPor qu\u00e9 participar en el artathon?<\/h3>\n<p>Participando en uno de los 5 artathons podr\u00e1s:<\/p>\n<p>1) asistir a un taller inspirador impartido por un gur\u00fa experto en el reto;<\/p>\n<p>2) trabajar en grupo con participantes de otras ciudades para explorar juntos el reto y activar una comunidad transnacional;<\/p>\n<p>3) participar (solo o con un peque\u00f1o equipo) en el concurso de ideas que premiar\u00e1 la idea ganadora con 1.200 euros como apoyo a su proyecto;<\/p>\n<p>4) ser invitado al evento final que se celebrar\u00e1 en Mil\u00e1n en abril de 2024 durante la Semana del Dise\u00f1o.<\/p>\n<p>&nbsp;<\/p>\n<p><strong>ARATHON BARCELONA: 27 APRIL 2023.<\/strong><\/p>\n<p>&nbsp;<\/p>\n<p><strong>Website<\/strong>: <a href=\"https:\/\/augenext.eu\/auge-2nd-second-chapter\/\">https:\/\/augenext.eu\/auge-2nd-second-chapter\/<\/a><\/p>\n<p>&nbsp;<\/p>\n<p><strong>PARTNERS<\/strong><\/p>\n<p><strong>MADE GROUP<\/strong><\/p>\n<p>MADE Group es una plataforma sin \u00e1nimo de lucro de estrategia de comunicaci\u00f3n, proyectos de innovaci\u00f3n social y sinergias creativas. CULTURA e innovaci\u00f3n, ecolog\u00eda y sostenibilidad, democracia e inclusi\u00f3n, resiliencia y progreso son su inspiraci\u00f3n y las directrices de sus trabajos. La innovaci\u00f3n social consiste en crear ideas y soluciones para el cambio; la creatividad consiste en ser inventivos a trav\u00e9s de las sinergias y la interactividad, sin dejar de tener altos est\u00e1ndares de est\u00e9tica para cada estrategia o realizaci\u00f3n. El equipo MADE est\u00e1 formado por un grupo de expertos, profesionales y cient\u00edficos, que brindan la oportunidad de formaci\u00f3n, experimentaci\u00f3n y alto nivel de compromiso a antiguos alumnos y j\u00f3venes profesionales.<\/p>\n<p><a href=\"https:\/\/madegroup.co\/\" target=\"_blank\" rel=\"noreferrer noopener\">More about MADE<\/a><\/p>\n<div class=\"wp-block-spacer\" aria-hidden=\"true\"><\/div>\n<p><strong>MEET<\/strong><\/p>\n<p>MEET es la organizaci\u00f3n italiana que apoya la cultura digital y la tecnolog\u00eda creativa. MEET ofrece un plan masivo de actividades en directo -en l\u00ednea e in situ- para que la gente experimente y adopte la tecnolog\u00eda digital como parte de su vida cotidiana y recurso para su creatividad. MEET pretende reducir la brecha cultural digital italiana. Otros factores clave son el intercambio, el debate y la creaci\u00f3n de nuevos proyectos junto con socios internacionales. Concebido como una instituci\u00f3n de orientaci\u00f3n social, MEET recoge, promueve y comparte ideas creativas y proyectos innovadores para reducir la brecha cultural digital y garantizar una participaci\u00f3n cada vez m\u00e1s activa con un enfoque centrado en el encuentro y la inclusi\u00f3n.<\/p>\n<p><a href=\"https:\/\/www.meetcenter.it\/en\/home-page\/\" target=\"_blank\" rel=\"noreferrer noopener\">More about MEET<\/a><\/p>\n<div class=\"wp-block-spacer\" aria-hidden=\"true\"><\/div>\n<p><strong>PUBLIC ART LAB<\/strong><\/p>\n<p>Public Art Lab (PAL) es un laboratorio berlin\u00e9s de investigaci\u00f3n y una plataforma de arte urbano multimedia que investiga, comisar\u00eda y produce proyectos art\u00edsticos en la esfera p\u00fablica urbana, en la intersecci\u00f3n de las artes multimedia, la planificaci\u00f3n urbana y las tecnolog\u00edas creativas. PAL est\u00e1 especializado en la creaci\u00f3n de ciudades creativas, la ciencia ciudadana y el di\u00e1logo translocal que potencian las interacciones sociales y el compromiso de los ciudadanos. Estas colaboraciones crean plataformas ciudadanas, nuevos mercados art\u00edsticos, festivales y redes que facilitan un proceso abierto de codise\u00f1o con las partes interesadas para facilitar la creaci\u00f3n de lugares comunitarios y la construcci\u00f3n de barrios.<\/p>\n<p><a href=\"https:\/\/www.publicartlab-berlin.de\/\" target=\"_blank\" rel=\"noreferrer noopener\">More about Public Art Lab<\/a><\/p>\n<div class=\"wp-block-spacer\" aria-hidden=\"true\"><\/div>\n<p><strong>RICX<\/strong><\/p>\n<p>RIXC es un centro de cultura de nuevos medios, galer\u00eda de arte y colectivo de artistas con sede en Riga (Letonia), que inicia proyectos en la intersecci\u00f3n del arte, la ciencia y las tecnolog\u00edas emergentes. Las actividades de RIXC incluyen: la gesti\u00f3n de una galer\u00eda de arte, la producci\u00f3n de obras de arte y proyectos innovadores de arte, ciencia y tecnolog\u00eda, la organizaci\u00f3n del festival anual RIXC Art Science, exposiciones, residencias y la publicaci\u00f3n de la serie de revistas Acoustic Space. El principal objetivo de RIXC es iniciar los temas m\u00e1s novedosos y actuales del arte digital mediante la realizaci\u00f3n de proyectos experimentales innovadores de arte, ciencia y tecnolog\u00eda en Letonia y a escala internacional.<\/p>\n<p><a href=\"http:\/\/rixc.org\/\" target=\"_blank\" rel=\"noreferrer noopener\">More about RICX<\/a><\/p>\n<div class=\"wp-block-spacer\" aria-hidden=\"true\"><\/div>\n<p><strong>ESPRONCEDA<\/strong><\/p>\n<p>Espronceda &#8211; Institute of Art &amp; Culture, impulsado por Lemongrass Communications S.L., se fund\u00f3 en 2013 para crear una plataforma innovadora para la investigaci\u00f3n art\u00edstica y cultural que pudiera producir un impacto social y un cambio social en la sociedad. Su misi\u00f3n es proporcionar un entorno multidisciplinar para promover el di\u00e1logo internacional entre artistas, comisarios, cr\u00edticos, galeristas, coleccionistas, gestores culturales, cient\u00edficos, diplom\u00e1ticos, acad\u00e9micos de toda Europa y del mundo, permiti\u00e9ndoles colaborar para obtener las mejores soluciones culturales y sociales. Los pilares de la filosof\u00eda de Espronceda son la interconexi\u00f3n entre arte, cultura, ciencia y sociedad orientada a la creaci\u00f3n de nuevas alianzas, y contribuir activamente a la implementaci\u00f3n de la agenda 2030. Nuestro compromiso y contribuci\u00f3n al mundo del arte y la cultura se activan a trav\u00e9s de la organizaci\u00f3n de residencias art\u00edsticas y culturales, exposiciones, talleres, seminarios web, simposios que abarcan diversos temas contempor\u00e1neos en colaboraci\u00f3n con diferentes socios locales y europeos. La metodolog\u00eda se basa en un enfoque multidisciplinar e interdisciplinar que abarca las artes visuales y los nuevos medios de comunicaci\u00f3n, las artes esc\u00e9nicas, la m\u00fasica y el teatro, y se basa en el concepto de crear solidaridad y aprovechar la humanidad a trav\u00e9s de todas las razas, culturas y or\u00edgenes.<\/p>\n<p><a href=\"https:\/\/urlsand.esvalabs.com\/?u=https%3A%2F%2Fwww.espronceda.net%2F&amp;e=a39aa7eb&amp;h=2e4f67be&amp;f=n&amp;p=y&amp;l=1\" target=\"_blank\" rel=\"noreferrer noopener\">More about Espronceda<\/a><\/p>\n<div class=\"wp-block-spacer\" aria-hidden=\"true\"><\/div>\n<p><strong>LAZNIA<\/strong><\/p>\n<p>El Centro de Arte Contempor\u00e1neo LAZNIA fue una de las primeras instituciones culturales p\u00fablicas creadas en Polonia tras las transformaciones de 1989. Comenz\u00f3 como una iniciativa de artistas locales independientes opuestos a los modelos tradicionales de arte. Una antigua casa de ba\u00f1os p\u00fablica, vieja y ruinosa, situada en el distrito de Ciudad Baja de Gdansk (Polonia), result\u00f3 ser un espacio ideal para mostrar arte. En respuesta a una iniciativa popular de artistas, en 1998 el Ayuntamiento de Gdansk la design\u00f3 instituci\u00f3n cultural municipal. El Centro de Arte Contempor\u00e1neo LAZNIA se gu\u00eda por su misi\u00f3n de mostrar y promover el arte contempor\u00e1neo como medio de expresi\u00f3n de valores universales y elemento del patrimonio cultural mundial. Para ello, el centro muestra las \u00faltimas novedades del arte contempor\u00e1neo, muestra el proceso de cambio que est\u00e1 experimentando el arte, se involucra en los fen\u00f3menos culturales y sociales que tienen lugar en todo el mundo y educa al p\u00fablico sobre estos temas.<\/p>\n<p><a href=\"https:\/\/www.transartists.org\/en\/air\/laznia-centre-contemporary-art\" target=\"_blank\" rel=\"noreferrer noopener\">More about Laznia<\/a><\/p>\n<p>&nbsp;<\/p>\n<p><strong>Project co-funded by<\/strong><\/p>\n<p><img loading=\"lazy\" decoding=\"async\" class=\"alignnone size-medium wp-image-25170\" src=\"https:\/\/www.espronceda.net\/wp-content\/uploads\/2023\/03\/Co-Funded-By-the-EU-300x81.png\" alt=\"\" width=\"300\" height=\"81\" srcset=\"https:\/\/www.espronceda.net\/wp-content\/uploads\/2023\/03\/Co-Funded-By-the-EU-300x81.png 300w, https:\/\/www.espronceda.net\/wp-content\/uploads\/2023\/03\/Co-Funded-By-the-EU-768x208.png 768w, https:\/\/www.espronceda.net\/wp-content\/uploads\/2023\/03\/Co-Funded-By-the-EU.png 800w\" sizes=\"auto, (max-width: 300px) 100vw, 300px\" \/><\/p>\n<p>&nbsp;<\/p>\n","protected":false},"excerpt":{"rendered":"<p>&nbsp; AugE | Augmented Europe es un proyecto financiado por el Programa Ciudadanos, Igualdad, Derechos y Valores (CERV) AUGE 2nd tiene como objetivo involucrar a los j\u00f3venes europeos, de forma activa y a trav\u00e9s de los medios digitales, para dar forma al futuro de Europa de una manera m\u00e1s sostenible, inclusiva y resistente. Contar\u00e1n con el apoyo de j\u00f3venes \u00abartivistas\u00bb [&hellip;]<\/p>\n","protected":false},"author":28,"featured_media":0,"parent":0,"menu_order":0,"comment_status":"closed","ping_status":"closed","template":"","meta":{"footnotes":""},"class_list":["post-25391","page","type-page","status-publish","hentry"],"_links":{"self":[{"href":"https:\/\/www.espronceda.net\/es\/wp-json\/wp\/v2\/pages\/25391","targetHints":{"allow":["GET"]}}],"collection":[{"href":"https:\/\/www.espronceda.net\/es\/wp-json\/wp\/v2\/pages"}],"about":[{"href":"https:\/\/www.espronceda.net\/es\/wp-json\/wp\/v2\/types\/page"}],"author":[{"embeddable":true,"href":"https:\/\/www.espronceda.net\/es\/wp-json\/wp\/v2\/users\/28"}],"replies":[{"embeddable":true,"href":"https:\/\/www.espronceda.net\/es\/wp-json\/wp\/v2\/comments?post=25391"}],"version-history":[{"count":2,"href":"https:\/\/www.espronceda.net\/es\/wp-json\/wp\/v2\/pages\/25391\/revisions"}],"predecessor-version":[{"id":25394,"href":"https:\/\/www.espronceda.net\/es\/wp-json\/wp\/v2\/pages\/25391\/revisions\/25394"}],"wp:attachment":[{"href":"https:\/\/www.espronceda.net\/es\/wp-json\/wp\/v2\/media?parent=25391"}],"curies":[{"name":"wp","href":"https:\/\/api.w.org\/{rel}","templated":true}]}}