{"id":25407,"date":"2023-03-27T13:16:33","date_gmt":"2023-03-27T11:16:33","guid":{"rendered":"https:\/\/www.espronceda.net\/pmp-professional-media-presence\/"},"modified":"2023-04-17T14:10:50","modified_gmt":"2023-04-17T12:10:50","slug":"pmp-professional-media-presence","status":"publish","type":"page","link":"https:\/\/www.espronceda.net\/es\/pmp-professional-media-presence\/","title":{"rendered":"PMP &#8211; Professional Media Presence"},"content":{"rendered":"<p style=\"text-align: center;\"><strong>PMP &#8211; Professional Media Presence<\/strong><\/p>\n<p>&nbsp;<\/p>\n<p>Professional Media Presence \u00abPMP\u00bb es un proyecto de innovaci\u00f3n de tama\u00f1o medio de Europa Creativa, que se centra en las prioridades de la inclusi\u00f3n digital y social. PMP responde a la necesidad de comprender mejor los medios de comunicaci\u00f3n, de aprovechar mejor los medios y las nuevas tecnolog\u00edas como herramientas para las pr\u00e1cticas profesionales y la autoexpresi\u00f3n profesional de la identidad en el sector creativo y cultural europeo. La necesidad de este tipo de apoyo y desarrollo crece a medida que aumenta el papel de los medios de comunicaci\u00f3n en nuestras vidas; esto ha sucedido especialmente durante la pandemia del Covid-19 y la guerra de Ucrania, ya que el uso de las nuevas tecnolog\u00edas en el sector creativo ha aumentado r\u00e1pidamente.Tambi\u00e9n somos muy conscientes del clima pol\u00edtico europeo y mundial, que est\u00e1 cambiando radicalmente. En estos contextos, los medios de comunicaci\u00f3n sirven de veh\u00edculo para la desinformaci\u00f3n, la desinformaci\u00f3n y la propaganda. Los artistas pueden participar en esta manipulaci\u00f3n sin saberlo. La necesidad de educaci\u00f3n medi\u00e1tica entre los artistas es m\u00e1s actual que nunca.<\/p>\n<p>El PMP responde a la necesidad de comprender mejor tanto los medios sociales como los tradicionales, para aprovecharlos mejor como herramientas para las pr\u00e1cticas profesionales y la autoexpresi\u00f3n profesional de la identidad en el sector creativo y cultural europeo. PMP permite la creaci\u00f3n de un yo medi\u00e1tico profesional propio del artista, ense\u00f1a principios y buenas pr\u00e1cticas, y proporciona un conjunto de herramientas accesibles para la pr\u00e1ctica medi\u00e1tica, creadas de forma inclusiva, para fines m\u00e1s amplios del sector creativo. Actualmente no existen directrices sobre pr\u00e1cticas medi\u00e1ticas profesionales para artistas, utilizables, por ejemplo, en la educaci\u00f3n art\u00edstica formal o no formal. La necesidad de este tipo de contenidos, apoyo y desarrollo crece a medida que aumenta el papel de los medios de comunicaci\u00f3n en nuestras vidas; esto ha ocurrido especialmente durante la pandemia COVID-19.<\/p>\n<p>PMP consistir\u00e1 en una serie de seminarios en l\u00ednea de 5 partes, que ofrecer\u00e1 educaci\u00f3n accesible sobre medios de comunicaci\u00f3n para artistas y organizaciones creativas de toda Europa. Cada seminario ir\u00e1 seguido de un taller de 5 d\u00edas en el que se desarrollar\u00e1n y crear\u00e1n conjuntamente las mejores pr\u00e1cticas medi\u00e1ticas para artistas con un m\u00e9todo horizontal FATAA. Los talleres ir\u00e1n seguidos de residencias de artistas y trabajo editorial, lo que dar\u00e1 como resultado principal el conjunto de herramientas PMP: Professional Media Practices for Artists.<\/p>\n<p>Dado que PMP adapta la educaci\u00f3n medi\u00e1tica para artistas, la difusi\u00f3n continua, por ejemplo, una serie de podcasts, una serie de exposiciones h\u00edbridas, art\u00edculos profesionales y campa\u00f1as en los medios sociales tambi\u00e9n ser\u00e1n una parte importante de PMP. El trabajo se realizar\u00e1 en Equipos Nacionales de Artistas. Estos equipos est\u00e1n formados por artistas de entornos desfavorecidos, con menos oportunidades y cuyas carreras se han visto afectadas por la crisis de COVID19: El principal grupo destinatario de PMP. Los otros grupos destinatarios incluyen organizaciones creativas europeas, organizaciones de educaci\u00f3n art\u00edstica y educadores art\u00edsticos, financiadores y responsables de la toma de decisiones, y artistas a escala mundial.<\/p>\n<p>&nbsp;<\/p>\n<p><strong>Call:<\/strong> CREA-CULT-2022-COOP<\/p>\n<p><strong>Duration:<\/strong> 48 months<\/p>\n<p>&nbsp;<\/p>\n<p><strong>PARTNERS:<\/strong><\/p>\n<p><strong>Turku UAS(COO)<\/strong> from Finlandia es el coordinador de PMP. Tienen una s\u00f3lida y reconocida experiencia en gesti\u00f3n de proyectos, con aproximadamente 200 proyectos al a\u00f1o, incluidos proyectos de la UE. En el PMP trabajar\u00e1n como coordinadores. Turku UAS asignar\u00e1 un coordinador (asesor principal del proyecto) para el proyecto, as\u00ed como un asesor financiero. Al ser una Universidad de Ciencias Aplicadas, la UAS de Turku tambi\u00e9n proporcionar\u00e1 2 artistas expertos y 20 artistasNAT de los campos del arte contempor\u00e1neo, la escultura, el circo, el arte de los medios de comunicaci\u00f3n, la danza y el teatro. Adem\u00e1s, aportar\u00e1n su experiencia en el desarrollo de las secciones de pedagog\u00eda formal del conjunto de herramientas. Adem\u00e1s, aportar\u00e1n su experiencia en el trabajo editorial, curatorial y de publicaci\u00f3n, as\u00ed como sus amplias redes tanto para el grupo destinatario como para fines de difusi\u00f3n. La UAS de Turku se encargar\u00e1 del paquete de trabajo 1 (gesti\u00f3n del proyecto).<\/p>\n<p><strong>Perypezye Urbane<\/strong> es un colectivo italiano de danza contempor\u00e1nea. Re\u00fane a artistas j\u00f3venes y emergentes que utilizan los medios de comunicaci\u00f3n en su vida profesional. Perypezye Urbane ofrece posibilidades de crecimiento profesional y actuaci\u00f3n. Apoyar a los artistas procedentes de minor\u00edas es uno de sus valores m\u00e1s importantes, lo que tambi\u00e9n puede verse en sus anteriores proyectos de Europa Creativa, como DanceMe Up. En PMP aportar\u00e1n su experiencia en la organizaci\u00f3n de seminarios en l\u00ednea, talleres, residencias art\u00edsticas, facilitaci\u00f3n, comisariado de eventos de danza y otras acciones de difusi\u00f3n, trabajo editorial de la caja de herramientas y gesti\u00f3n de proyectos. Adem\u00e1s de estas \u00e1reas de participaci\u00f3n, Perypezye Urbane utilizar\u00e1 sus redes para involucrar al grupo objetivo, espec\u00edficamente a j\u00f3venes artistas de artes esc\u00e9nicas. Ser\u00e1n responsables del WP4.<\/p>\n<p><strong>Youth for equality<\/strong> es una ONG juvenil de Eslovaquia. Su principal objetivo es ofrecer oportunidades a los j\u00f3venes, como los artistas emergentes, para que desarrollen sus capacidades laborales. Anteriormente han organizado varios talleres, incluidos los relacionados con las artes y la creatividad, as\u00ed como habilidades digitales. Tambi\u00e9n disponen de s\u00f3lidas redes con expertos en redes sociales y artistas locales. En el PMP, Juventud por la Igualdad colaborar\u00e1 en el proceso de preparaci\u00f3n, ser\u00e1 responsable de la serie de seminarios en l\u00ednea, de la evaluaci\u00f3n de la calidad, de la organizaci\u00f3n de un taller, del trabajo editorial con el conjunto de herramientas y de la difusi\u00f3n. Ser\u00e1n responsables del WP2 (serie de seminarios en l\u00ednea).<\/p>\n<p><strong>Prisms Malta<\/strong> es una ONG maltesa que organiza cursos de formaci\u00f3n para animadores juveniles europeos. Son trabajadores juveniles licenciados, especializados en aprendizaje no formal y con experiencia no s\u00f3lo en el desarrollo de m\u00e9todos propios, sino tambi\u00e9n en facilitar a otros el desarrollo creativo de m\u00e9todos. Tambi\u00e9n tienen experiencia en la gesti\u00f3n de proyectos y la organizaci\u00f3n de seminarios, as\u00ed como en el trabajo con personas de diversos or\u00edgenes y una fuerte presencia en la comunidad maltesa. En PMP contribuir\u00e1n en el \u00e1mbito del aprendizaje no formal, la facilitaci\u00f3n y organizaci\u00f3n de talleres y seminarios y el desarrollo de la caja de herramientas, asegur\u00e1ndose de que tambi\u00e9n sea atractiva para los j\u00f3venes artistas emergentes. Tambi\u00e9n utilizar\u00e1n sus redes de expertos en medios de comunicaci\u00f3n y su experiencia en gesti\u00f3n de proyectos, as\u00ed como en difusi\u00f3n. Prisms ser\u00e1 responsable del WP3 (los talleres).<\/p>\n<p><strong>Culture Hub Croatia<\/strong> combina educaci\u00f3n, cultura y creatividad para el desarrollo de las comunidades locales croatas. Tienen experiencia previa en proyectos financiados por la UE, dise\u00f1ando y ejecutando talleres participativos, organizando eventos (como seminarios en l\u00ednea y talleres en directo), as\u00ed como elaborando herramientas educativas y conjuntos de herramientas para diversos tipos de p\u00fablico. Participar\u00e1n activamente en el desarrollo de estrategias de comunicaci\u00f3n y actividades de difusi\u00f3n. Contribuir\u00e1n al PMP en t\u00e9rminos de organizaci\u00f3n de eventos (tanto en l\u00ednea como fuera de l\u00ednea), acogida de residencias, evaluaci\u00f3n de necesidades, desarrollo de herramientas y trabajo editorial, comisariado de exposiciones y otras acciones o actividades de difusi\u00f3n. Culture Hub Croatia ser\u00e1 responsable del WP 5 (Difusi\u00f3n).<\/p>\n<p><strong>Lapland University of Applied Sciences<\/strong> es una instituci\u00f3n que ofrece educaci\u00f3n formal en artes visuales. Tienen fuertes conexiones no s\u00f3lo con artistas visuales de toda Europa, sino tambi\u00e9n con la escena art\u00edstica local de la Dimensi\u00f3n Septentrional: Lapland. Aportar\u00e1n su experiencia y contactos a la organizaci\u00f3n de seminarios y talleres y a la participaci\u00f3n en los mismos, as\u00ed como a la creaci\u00f3n y edici\u00f3n de las herramientas, la difusi\u00f3n y la acogida de residencias.<\/p>\n<p><strong>Espronceda<\/strong> es una organizaci\u00f3n art\u00edstica y creativa de Barcelona, Espa\u00f1a, conectada con varios artistas locales y organizaciones creativas. Trabajan como plataforma internacional y local de arte contempor\u00e1neo e investigaci\u00f3n. Tienen una gran experiencia en proyectos creativos financiados por la UE, as\u00ed como en proyectos relacionados con la ciencia, las nuevas tecnolog\u00edas, las NFT, la inteligencia artificial, as\u00ed como en proyectos relacionados con el cambio social, la inclusi\u00f3n social y la educaci\u00f3n. Espronceda tiene una gran experiencia en la organizaci\u00f3n de eventos culturales, como simposios, debates internacionales y locales, talleres, residencias y exposiciones. En PMP, organizar\u00e1 un seminario en l\u00ednea, un taller, una residencia y una exposici\u00f3n.<\/p>\n<p>&nbsp;<\/p>\n<p><strong>A project:<\/strong><\/p>\n<p><img loading=\"lazy\" decoding=\"async\" class=\"alignnone size-medium wp-image-25170\" src=\"https:\/\/www.espronceda.net\/wp-content\/uploads\/2023\/03\/Co-Funded-By-the-EU-300x81.png\" alt=\"\" width=\"300\" height=\"81\" srcset=\"https:\/\/www.espronceda.net\/wp-content\/uploads\/2023\/03\/Co-Funded-By-the-EU-300x81.png 300w, https:\/\/www.espronceda.net\/wp-content\/uploads\/2023\/03\/Co-Funded-By-the-EU-768x208.png 768w, https:\/\/www.espronceda.net\/wp-content\/uploads\/2023\/03\/Co-Funded-By-the-EU.png 800w\" sizes=\"auto, (max-width: 300px) 100vw, 300px\" \/><\/p>\n","protected":false},"excerpt":{"rendered":"<p>PMP &#8211; Professional Media Presence &nbsp; Professional Media Presence \u00abPMP\u00bb es un proyecto de innovaci\u00f3n de tama\u00f1o medio de Europa Creativa, que se centra en las prioridades de la inclusi\u00f3n digital y social. PMP responde a la necesidad de comprender mejor los medios de comunicaci\u00f3n, de aprovechar mejor los medios y las nuevas tecnolog\u00edas como herramientas para las pr\u00e1cticas profesionales [&hellip;]<\/p>\n","protected":false},"author":28,"featured_media":0,"parent":0,"menu_order":0,"comment_status":"closed","ping_status":"closed","template":"","meta":{"footnotes":""},"class_list":["post-25407","page","type-page","status-publish","hentry"],"_links":{"self":[{"href":"https:\/\/www.espronceda.net\/es\/wp-json\/wp\/v2\/pages\/25407","targetHints":{"allow":["GET"]}}],"collection":[{"href":"https:\/\/www.espronceda.net\/es\/wp-json\/wp\/v2\/pages"}],"about":[{"href":"https:\/\/www.espronceda.net\/es\/wp-json\/wp\/v2\/types\/page"}],"author":[{"embeddable":true,"href":"https:\/\/www.espronceda.net\/es\/wp-json\/wp\/v2\/users\/28"}],"replies":[{"embeddable":true,"href":"https:\/\/www.espronceda.net\/es\/wp-json\/wp\/v2\/comments?post=25407"}],"version-history":[{"count":2,"href":"https:\/\/www.espronceda.net\/es\/wp-json\/wp\/v2\/pages\/25407\/revisions"}],"predecessor-version":[{"id":25410,"href":"https:\/\/www.espronceda.net\/es\/wp-json\/wp\/v2\/pages\/25407\/revisions\/25410"}],"wp:attachment":[{"href":"https:\/\/www.espronceda.net\/es\/wp-json\/wp\/v2\/media?parent=25407"}],"curies":[{"name":"wp","href":"https:\/\/api.w.org\/{rel}","templated":true}]}}