{"id":25453,"date":"2021-10-29T13:31:48","date_gmt":"2021-10-29T11:31:48","guid":{"rendered":"https:\/\/www.espronceda.net\/proyectos\/drap-art\/"},"modified":"2023-12-19T17:21:29","modified_gmt":"2023-12-19T16:21:29","slug":"drap-art","status":"publish","type":"page","link":"https:\/\/www.espronceda.net\/es\/proyectos\/drap-art\/","title":{"rendered":"Drap-Art + Rebirthday  2021 &#038; 2022"},"content":{"rendered":"<div><a href=\"https:\/\/www.espronceda.net\/wp-content\/uploads\/2023\/01\/320391655_1323388458460319_5327625490136462218_n.jpg\"><img loading=\"lazy\" decoding=\"async\" class=\"aligncenter wp-image-24619 size-medium\" src=\"https:\/\/www.espronceda.net\/wp-content\/uploads\/2023\/01\/320391655_1323388458460319_5327625490136462218_n-300x295.jpg\" alt=\"\" width=\"300\" height=\"295\" srcset=\"https:\/\/www.espronceda.net\/wp-content\/uploads\/2023\/01\/320391655_1323388458460319_5327625490136462218_n-300x295.jpg 300w, https:\/\/www.espronceda.net\/wp-content\/uploads\/2023\/01\/320391655_1323388458460319_5327625490136462218_n-768x756.jpg 768w, https:\/\/www.espronceda.net\/wp-content\/uploads\/2023\/01\/320391655_1323388458460319_5327625490136462218_n.jpg 828w\" sizes=\"auto, (max-width: 300px) 100vw, 300px\" \/><\/a><\/div>\n<div><\/div>\n<div>\n<p>On december 2022 Espronceda collaborated for the second year with the Catalonian Sustainability Festival <a class=\"x1i10hfl xjbqb8w x6umtig x1b1mbwd xaqea5y xav7gou x9f619 x1ypdohk xt0psk2 xe8uvvx xdj266r x11i5rnm xat24cr x1mh8g0r xexx8yu x4uap5 x18d9i69 xkhd6sd x16tdsg8 x1hl2dhg xggy1nq x1a2a7pz xt0b8zv xzsf02u x1s688f\" tabindex=\"0\" role=\"link\" href=\"https:\/\/www.facebook.com\/drapart\/?__cft__[0]=AZVvqkxjIToCswCK_eGzbXqy768H9vKz8-cRDZe3U8m60NCoUjM-50EgLTYvXNuo_C-2saS2CWbMAYc4kL05G9qK3QXxM88tt4IH1yJyqALkn1zBgC3KkLjzZ19vhywolJzqHNVIk9Z65csL8_BRq6H_fJNBmC0QPRTCF_RF8s4Yo8bJLR2DLek9-cD5J7uA8bY&amp;__tn__=kK*F\"><span class=\"xt0psk2\">Drap-Art<\/span><\/a>\u00a0with the\u00a0<a class=\"x1i10hfl xjbqb8w x6umtig x1b1mbwd xaqea5y xav7gou x9f619 x1ypdohk xt0psk2 xe8uvvx xdj266r x11i5rnm xat24cr x1mh8g0r xexx8yu x4uap5 x18d9i69 xkhd6sd x16tdsg8 x1hl2dhg xggy1nq x1a2a7pz xt0b8zv xzsf02u x1s688f\" tabindex=\"0\" role=\"link\" href=\"https:\/\/www.facebook.com\/terzoparadiso?__cft__[0]=AZVvqkxjIToCswCK_eGzbXqy768H9vKz8-cRDZe3U8m60NCoUjM-50EgLTYvXNuo_C-2saS2CWbMAYc4kL05G9qK3QXxM88tt4IH1yJyqALkn1zBgC3KkLjzZ19vhywolJzqHNVIk9Z65csL8_BRq6H_fJNBmC0QPRTCF_RF8s4Yo8bJLR2DLek9-cD5J7uA8bY&amp;__tn__=-]K*F\"><span class=\"xt0psk2\">Terzo Paradiso \/ Third Paradise<\/span><\/a>\u00a0of Michelangelo Pistoletto and\u00a0<a class=\"x1i10hfl xjbqb8w x6umtig x1b1mbwd xaqea5y xav7gou x9f619 x1ypdohk xt0psk2 xe8uvvx xdj266r x11i5rnm xat24cr x1mh8g0r xexx8yu x4uap5 x18d9i69 xkhd6sd x16tdsg8 x1hl2dhg xggy1nq x1a2a7pz xt0b8zv xzsf02u x1s688f\" tabindex=\"0\" role=\"link\" href=\"https:\/\/www.facebook.com\/cittadellarte\/?__cft__[0]=AZVvqkxjIToCswCK_eGzbXqy768H9vKz8-cRDZe3U8m60NCoUjM-50EgLTYvXNuo_C-2saS2CWbMAYc4kL05G9qK3QXxM88tt4IH1yJyqALkn1zBgC3KkLjzZ19vhywolJzqHNVIk9Z65csL8_BRq6H_fJNBmC0QPRTCF_RF8s4Yo8bJLR2DLek9-cD5J7uA8bY&amp;__tn__=kK*F\"><span class=\"xt0psk2\">Cittadellarte-Fondazione Pistoletto<\/span><\/a> , where we celebrated Solidarity. The project is curated with Drap Art and the ambassador of third Paradise <a class=\"x1i10hfl xjbqb8w x6umtig x1b1mbwd xaqea5y xav7gou x9f619 x1ypdohk xt0psk2 xe8uvvx xdj266r x11i5rnm xat24cr x1mh8g0r xexx8yu x4uap5 x18d9i69 xkhd6sd x16tdsg8 x1hl2dhg xggy1nq x1a2a7pz xt0b8zv xzsf02u x1s688f\" tabindex=\"0\" role=\"link\" href=\"https:\/\/www.facebook.com\/savina.tarsitano?__cft__[0]=AZVvqkxjIToCswCK_eGzbXqy768H9vKz8-cRDZe3U8m60NCoUjM-50EgLTYvXNuo_C-2saS2CWbMAYc4kL05G9qK3QXxM88tt4IH1yJyqALkn1zBgC3KkLjzZ19vhywolJzqHNVIk9Z65csL8_BRq6H_fJNBmC0QPRTCF_RF8s4Yo8bJLR2DLek9-cD5J7uA8bY&amp;__tn__=-]K*F\"><span class=\"xt0psk2\">Savina Tarsitano<\/span><\/a>\u00a0and the worldwide coordinator of the ambassador\u00a0<a class=\"x1i10hfl xjbqb8w x6umtig x1b1mbwd xaqea5y xav7gou x9f619 x1ypdohk xt0psk2 xe8uvvx xdj266r x11i5rnm xat24cr x1mh8g0r xexx8yu x4uap5 x18d9i69 xkhd6sd x16tdsg8 x1hl2dhg xggy1nq x1a2a7pz xt0b8zv xzsf02u x1s688f\" tabindex=\"0\" role=\"link\" href=\"https:\/\/www.facebook.com\/SaverioTeruzzi?__cft__[0]=AZVvqkxjIToCswCK_eGzbXqy768H9vKz8-cRDZe3U8m60NCoUjM-50EgLTYvXNuo_C-2saS2CWbMAYc4kL05G9qK3QXxM88tt4IH1yJyqALkn1zBgC3KkLjzZ19vhywolJzqHNVIk9Z65csL8_BRq6H_fJNBmC0QPRTCF_RF8s4Yo8bJLR2DLek9-cD5J7uA8bY&amp;__tn__=-]K*F\"><span class=\"xt0psk2\">Francesco Saverio Teruzzi<\/span><\/a>. Activities happen at Pla\u00e7a de la Merc\u00e8 where a clothes exchange was organized, and the Rebirth Day symbol was draw with accumulated clothes. Left clothes will be donate to charity.<\/p>\n<\/div>\n<div><\/div>\n<div>\n<div class='gallery'><dl class='gallery-item'>\n\t\t\t<dt class='gallery-icon landscape'>\n\t\t\t\t<a class=\"view\" rel='gallery' href='https:\/\/www.espronceda.net\/es\/proyectos\/drap-art\/21-12-22-rebirth-day-drap-art-22-2\/'><img loading=\"lazy\" decoding=\"async\" width=\"150\" height=\"150\" src=\"https:\/\/www.espronceda.net\/wp-content\/uploads\/2023\/01\/cb_Rebirth-Day_Drap-Art-22_3750-150x150.jpg\" class=\"attachment-thumbnail size-thumbnail\" alt=\"\" aria-describedby=\"gallery-1-24624\" title=\"21\/12\/22 Rebirth Day Drap Art 22\" \/><\/a>\n\t\t\t<\/dt>\n\t\t\t\t<dd class='wp-caption-text gallery-caption' id='gallery-1-24624'>\n\t\t\t\t21\/12\/22 Rebirth Day Drap Art 22\n\t\t\t\t<\/dd><\/dl><dl class='gallery-item'>\n\t\t\t<dt class='gallery-icon landscape'>\n\t\t\t\t<a class=\"view\" rel='gallery' href='https:\/\/www.espronceda.net\/es\/proyectos\/drap-art\/21-12-22-rebirth-day-drap-art-22-2-2\/'><img loading=\"lazy\" decoding=\"async\" width=\"150\" height=\"150\" src=\"https:\/\/www.espronceda.net\/wp-content\/uploads\/2023\/01\/cb_Rebirth-Day_Drap-Art-22_3808-150x150.jpg\" class=\"attachment-thumbnail size-thumbnail\" alt=\"\" aria-describedby=\"gallery-1-24627\" title=\"21\/12\/22 Rebirth Day Drap Art 22\" \/><\/a>\n\t\t\t<\/dt>\n\t\t\t\t<dd class='wp-caption-text gallery-caption' id='gallery-1-24627'>\n\t\t\t\t21\/12\/22 Rebirth Day Drap Art 22\n\t\t\t\t<\/dd><\/dl><dl class='gallery-item'>\n\t\t\t<dt class='gallery-icon landscape'>\n\t\t\t\t<a class=\"view\" rel='gallery' href='https:\/\/www.espronceda.net\/es\/proyectos\/drap-art\/21-12-22-rebirth-day-drap-art-22-3-2\/'><img loading=\"lazy\" decoding=\"async\" width=\"150\" height=\"150\" src=\"https:\/\/www.espronceda.net\/wp-content\/uploads\/2023\/01\/cb_Rebirth-Day_Drap-Art-22_3847-150x150.jpg\" class=\"attachment-thumbnail size-thumbnail\" alt=\"\" aria-describedby=\"gallery-1-24630\" title=\"21\/12\/22 Rebirth Day Drap Art 22\" \/><\/a>\n\t\t\t<\/dt>\n\t\t\t\t<dd class='wp-caption-text gallery-caption' id='gallery-1-24630'>\n\t\t\t\t21\/12\/22 Rebirth Day Drap Art 22\n\t\t\t\t<\/dd><\/dl><br style=\"clear: both\" \/><dl class='gallery-item'>\n\t\t\t<dt class='gallery-icon landscape'>\n\t\t\t\t<a class=\"view\" rel='gallery' href='https:\/\/www.espronceda.net\/es\/proyectos\/drap-art\/21-12-22-rebirth-day-drap-art-22-4-2\/'><img loading=\"lazy\" decoding=\"async\" width=\"150\" height=\"150\" src=\"https:\/\/www.espronceda.net\/wp-content\/uploads\/2023\/01\/cb_Rebirth-Day_Drap-Art-22_3935-150x150.jpg\" class=\"attachment-thumbnail size-thumbnail\" alt=\"\" aria-describedby=\"gallery-1-24633\" title=\"21\/12\/22 Rebirth Day Drap Art 22\" \/><\/a>\n\t\t\t<\/dt>\n\t\t\t\t<dd class='wp-caption-text gallery-caption' id='gallery-1-24633'>\n\t\t\t\t21\/12\/22 Rebirth Day Drap Art 22\n\t\t\t\t<\/dd><\/dl>\n\t\t\t<br style='clear: both' \/>\n\t\t<\/div>\n\n<\/div>\n<div><\/div>\n<div><\/div>\n<div><\/div>\n<div><img loading=\"lazy\" decoding=\"async\" class=\"aligncenter wp-image-21717\" src=\"https:\/\/www.espronceda.net\/wp-content\/uploads\/2021\/10\/DrapArt21_RGB_Logo_regular-1-1024x861.png\" alt=\"\" width=\"509\" height=\"428\" srcset=\"https:\/\/www.espronceda.net\/wp-content\/uploads\/2021\/10\/DrapArt21_RGB_Logo_regular-1-1024x861.png 1024w, https:\/\/www.espronceda.net\/wp-content\/uploads\/2021\/10\/DrapArt21_RGB_Logo_regular-1-300x252.png 300w, https:\/\/www.espronceda.net\/wp-content\/uploads\/2021\/10\/DrapArt21_RGB_Logo_regular-1-768x646.png 768w, https:\/\/www.espronceda.net\/wp-content\/uploads\/2021\/10\/DrapArt21_RGB_Logo_regular-1-1536x1292.png 1536w, https:\/\/www.espronceda.net\/wp-content\/uploads\/2021\/10\/DrapArt21_RGB_Logo_regular-1-2048x1722.png 2048w, https:\/\/www.espronceda.net\/wp-content\/uploads\/2021\/10\/DrapArt21_RGB_Logo_regular-1-1280x1076.png 1280w\" sizes=\"auto, (max-width: 509px) 100vw, 509px\" \/><\/div>\n<div><\/div>\n<div>El Festival Internacional de Arte Sostenible de Catalu\u00f1a celebra su 25\u00aa edici\u00f3n y nos complace anunciar nuestra colaboraci\u00f3n con Drap-art en este proyecto con un programa muy especial dentro del \u00e1mbito del arte sostenible, con pioneros del arte contempor\u00e1neo y figuras destacadas del arte urbano, aparte de \u00a0una gran selecci\u00f3n de artistas contempor\u00e1neos y proyectos emergentes.<\/div>\n<div><\/div>\n<div><b>Del 18 de noviembre al 21 de diciembre de 2021<\/b>\u00a0el centro de Barcelona ser\u00e1 inundado por muestras y exposiciones de artistas pioneros del arte ambiental como Michelangelo Pistoletto, y tambi\u00e9n se contar\u00e1 con los comisarios Savina Tarsitano y Saverio Teruzzi para el Rebirth Day, co-organizado con Cittadellarte &#8211; Fundaci\u00f3n Pistoletto.<\/div>\n<div><\/div>\n<div>\u00a0Un recorrido cultural por el barrio G\u00f2tic de Barcelona con exposiciones de obras de arte urbano y contempor\u00e1neo, muestra las infinitas posibilidades del reciclaje creativo y el uso de objetos trouv\u00e9s para reflexionar sobre la relaci\u00f3n entre arte y sostenibilidad y el potencial del \u00a0arte como herramienta de transformaci\u00f3n social.<\/div>\n<div><\/div>\n<div>Drap-Art ha crecido y se ha enriquecido gracias a la participaci\u00f3n de Fousion Gallery, el Real C\u00edrculo Art\u00edstico, Villa del Arte Galleries, el Centro de Artesan\u00eda de Catalu\u00f1a y la Sala Peligro, as\u00ed como la Facultad de Bellas Artes de la Universidad \u00a0de Barcelona. \u00a0Es esperanzador ver el gran n\u00famero de artistas, colectivos y organizaciones que Drap-Art aglutina en todo el mundo y nos se\u00f1ala un nuevo camino.<\/div>\n<div><\/div>\n<div>\n<div class=\"m8h3af8h l7ghb35v kjdc1dyq kmwttqpk gh25dzvf\">\n<div class=\"l7ghb35v kjdc1dyq kmwttqpk gh25dzvf jikcssrz\">Un circuito cultural por el barrio g\u00f3tico de Barcelona con exposiciones de arte urbano y contempor\u00e1neo muestra las infinitas posibilidades del reciclaje creativo y el uso de objets trouv\u00e9s para reflexionar sobre la relaci\u00f3n entre sostenibilidad y arte.<br \/>\nEspronceda es socio del festival Drap-Art, con su codirectora y comisaria Savina Tarsitano, embajadora del Third Paradise &#8211; Rebirth Day de Michelangelo Pistoleto y Cittadellarte junto con el coordinador mundial del proyecto Saverio Teruzzi.<br \/>\nCon motivo de la inauguraci\u00f3n, Savina Tarsitano presentar\u00e1 el proyecto Tercer Para\u00edso, a las 20:00 horas en el Reial Cercle Artistic.<\/div>\n<div class=\"l7ghb35v kjdc1dyq kmwttqpk gh25dzvf jikcssrz\"><a class=\"qi72231t nu7423ey n3hqoq4p r86q59rh b3qcqh3k fq87ekyn bdao358l fsf7x5fv rse6dlih s5oniofx m8h3af8h l7ghb35v kjdc1dyq kmwttqpk srn514ro oxkhqvkx rl78xhln nch0832m cr00lzj9 rn8ck1ys s3jn8y49 icdlwmnq cxfqmxzd ezidihy3\" tabindex=\"0\" role=\"link\" href=\"https:\/\/l.facebook.com\/l.php?u=http%3A%2F%2Fwww.drapart.org%2F%3Ffbclid%3DIwAR1djKssFMssInER3_UaNX-uuLtndBzIEJBqUU1LIR3domYHbN8e6WTa4gM&amp;h=AT3_XauE7012omlHBJFgzZTBVEDaM6w_CiQs-xppyLeFUI06IkQocddLfDMV9qsaaSO0kZFsjzJDs0nI-AEhZLx1Y5uK9ta6SUSPnIsQpk1Olly6UrKfEzALGBJcDTqYmR8S&amp;__tn__=q&amp;c[0]=AT0pXCQsAB8fkY4imaLvoq09BigyVWhMu9cXduSIvmSrH5vDY13t6cszucwDOtNyhUdgri7BvYLzBtFYcKwRCawv_99-5Hp5T82ihmELdJZtGfjTq9W2OVO3zl5j_DnFLSz3HYT1C9M6RpC2w3ubOa-b\" target=\"_blank\" rel=\"nofollow noopener\">www.drapart.org<\/a><br \/>\n<a class=\"qi72231t nu7423ey n3hqoq4p r86q59rh b3qcqh3k fq87ekyn bdao358l fsf7x5fv rse6dlih s5oniofx m8h3af8h l7ghb35v kjdc1dyq kmwttqpk srn514ro oxkhqvkx rl78xhln nch0832m cr00lzj9 rn8ck1ys s3jn8y49 icdlwmnq cxfqmxzd ezidihy3\" tabindex=\"0\" role=\"link\" href=\"https:\/\/l.facebook.com\/l.php?u=http%3A%2F%2Fwww.rebirth-day.org%2F%3Ffbclid%3DIwAR1ZEiCQVVZ7OTxeVyL0S8HjqmGDLVgADBgFx83EYNvshtwuxggIN2rdZsw&amp;h=AT0_Qz6xBhAXYC9dR7Tgg9agOcatHO-NKT7XkNt0_69IEvU9mojSIl5yvBZEftlyLsATqZATWE2zhcc4wbeYrRDB1r4ZOgKahcad_Zcm-xuHs54tkB9J1dCxpFMsO8yANW2i&amp;__tn__=q&amp;c[0]=AT0pXCQsAB8fkY4imaLvoq09BigyVWhMu9cXduSIvmSrH5vDY13t6cszucwDOtNyhUdgri7BvYLzBtFYcKwRCawv_99-5Hp5T82ihmELdJZtGfjTq9W2OVO3zl5j_DnFLSz3HYT1C9M6RpC2w3ubOa-b\" target=\"_blank\" rel=\"nofollow noopener\">www.rebirth-day.org<\/a><\/div>\n<\/div>\n<\/div>\n<div><\/div>\n<div><\/div>\n<div style=\"text-align: right;\"><\/div>\n<div>\n<div class='gallery'><dl class='gallery-item'>\n\t\t\t<dt class='gallery-icon landscape'>\n\t\t\t\t<a class=\"view\" rel='gallery' href='https:\/\/www.espronceda.net\/es\/proyectos\/drap-art\/269724920_2086419221517210_627835609823579017_n-2\/'><img loading=\"lazy\" decoding=\"async\" width=\"150\" height=\"150\" src=\"https:\/\/www.espronceda.net\/wp-content\/uploads\/2022\/08\/269724920_2086419221517210_627835609823579017_n-150x150.jpg\" class=\"attachment-thumbnail size-thumbnail\" alt=\"\" srcset=\"https:\/\/www.espronceda.net\/wp-content\/uploads\/2022\/08\/269724920_2086419221517210_627835609823579017_n-150x150.jpg 150w, https:\/\/www.espronceda.net\/wp-content\/uploads\/2022\/08\/269724920_2086419221517210_627835609823579017_n-300x300.jpg 300w, https:\/\/www.espronceda.net\/wp-content\/uploads\/2022\/08\/269724920_2086419221517210_627835609823579017_n-768x768.jpg 768w, https:\/\/www.espronceda.net\/wp-content\/uploads\/2022\/08\/269724920_2086419221517210_627835609823579017_n.jpg 960w\" sizes=\"auto, (max-width: 150px) 100vw, 150px\" title=\"269724920_2086419221517210_627835609823579017_n\" \/><\/a>\n\t\t\t<\/dt><\/dl><dl class='gallery-item'>\n\t\t\t<dt class='gallery-icon landscape'>\n\t\t\t\t<a class=\"view\" rel='gallery' href='https:\/\/www.espronceda.net\/es\/proyectos\/drap-art\/247944960_2060918120733987_2776328379768260967_n-2\/'><img loading=\"lazy\" decoding=\"async\" width=\"150\" height=\"150\" src=\"https:\/\/www.espronceda.net\/wp-content\/uploads\/2022\/08\/247944960_2060918120733987_2776328379768260967_n-150x150.jpg\" class=\"attachment-thumbnail size-thumbnail\" alt=\"\" title=\"247944960_2060918120733987_2776328379768260967_n\" \/><\/a>\n\t\t\t<\/dt><\/dl><dl class='gallery-item'>\n\t\t\t<dt class='gallery-icon landscape'>\n\t\t\t\t<a class=\"view\" rel='gallery' href='https:\/\/www.espronceda.net\/es\/proyectos\/drap-art\/260338621_2065710846921381_9188423001666322925_n-2\/'><img loading=\"lazy\" decoding=\"async\" width=\"150\" height=\"150\" src=\"https:\/\/www.espronceda.net\/wp-content\/uploads\/2022\/08\/260338621_2065710846921381_9188423001666322925_n-150x150.jpg\" class=\"attachment-thumbnail size-thumbnail\" alt=\"\" title=\"260338621_2065710846921381_9188423001666322925_n\" \/><\/a>\n\t\t\t<\/dt><\/dl><br style=\"clear: both\" \/><dl class='gallery-item'>\n\t\t\t<dt class='gallery-icon landscape'>\n\t\t\t\t<a class=\"view\" rel='gallery' href='https:\/\/www.espronceda.net\/es\/proyectos\/drap-art\/259725882_2065710966921369_1838690495976648932_n-2\/'><img loading=\"lazy\" decoding=\"async\" width=\"150\" height=\"150\" src=\"https:\/\/www.espronceda.net\/wp-content\/uploads\/2022\/08\/259725882_2065710966921369_1838690495976648932_n-150x150.jpg\" class=\"attachment-thumbnail size-thumbnail\" alt=\"\" title=\"259725882_2065710966921369_1838690495976648932_n\" \/><\/a>\n\t\t\t<\/dt><\/dl><dl class='gallery-item'>\n\t\t\t<dt class='gallery-icon landscape'>\n\t\t\t\t<a class=\"view\" rel='gallery' href='https:\/\/www.espronceda.net\/es\/proyectos\/drap-art\/259488621_2065710080254791_146101929344355699_n-2\/'><img loading=\"lazy\" decoding=\"async\" width=\"150\" height=\"150\" src=\"https:\/\/www.espronceda.net\/wp-content\/uploads\/2022\/08\/259488621_2065710080254791_146101929344355699_n-150x150.jpg\" class=\"attachment-thumbnail size-thumbnail\" alt=\"\" title=\"259488621_2065710080254791_146101929344355699_n\" \/><\/a>\n\t\t\t<\/dt><\/dl><dl class='gallery-item'>\n\t\t\t<dt class='gallery-icon landscape'>\n\t\t\t\t<a class=\"view\" rel='gallery' href='https:\/\/www.espronceda.net\/es\/proyectos\/drap-art\/259476969_2065710920254707_6363912247128421931_n-2\/'><img loading=\"lazy\" decoding=\"async\" width=\"150\" height=\"150\" src=\"https:\/\/www.espronceda.net\/wp-content\/uploads\/2022\/08\/259476969_2065710920254707_6363912247128421931_n-150x150.jpg\" class=\"attachment-thumbnail size-thumbnail\" alt=\"\" title=\"259476969_2065710920254707_6363912247128421931_n\" \/><\/a>\n\t\t\t<\/dt><\/dl><br style=\"clear: both\" \/>\n\t\t<\/div>\n\n<\/div>\n<div>\n<div class='gallery'><dl class='gallery-item'>\n\t\t\t<dt class='gallery-icon landscape'>\n\t\t\t\t<a class=\"view\" rel='gallery' href='https:\/\/www.espronceda.net\/es\/proyectos\/drap-art\/269743225_2086506511508481_8479274960381124383_n-2\/'><img loading=\"lazy\" decoding=\"async\" width=\"150\" height=\"150\" src=\"https:\/\/www.espronceda.net\/wp-content\/uploads\/2022\/08\/269743225_2086506511508481_8479274960381124383_n-150x150.jpg\" class=\"attachment-thumbnail size-thumbnail\" alt=\"\" title=\"269743225_2086506511508481_8479274960381124383_n\" \/><\/a>\n\t\t\t<\/dt><\/dl><dl class='gallery-item'>\n\t\t\t<dt class='gallery-icon portrait'>\n\t\t\t\t<a class=\"view\" rel='gallery' href='https:\/\/www.espronceda.net\/es\/proyectos\/drap-art\/269766471_2086506521508480_971564353940559117_n-2\/'><img loading=\"lazy\" decoding=\"async\" width=\"150\" height=\"150\" src=\"https:\/\/www.espronceda.net\/wp-content\/uploads\/2022\/08\/269766471_2086506521508480_971564353940559117_n-150x150.jpg\" class=\"attachment-thumbnail size-thumbnail\" alt=\"\" title=\"269766471_2086506521508480_971564353940559117_n\" \/><\/a>\n\t\t\t<\/dt><\/dl><dl class='gallery-item'>\n\t\t\t<dt class='gallery-icon landscape'>\n\t\t\t\t<a class=\"view\" rel='gallery' href='https:\/\/www.espronceda.net\/es\/proyectos\/drap-art\/269796066_2086506544841811_5807604563883199663_n-2\/'><img loading=\"lazy\" decoding=\"async\" width=\"150\" height=\"150\" src=\"https:\/\/www.espronceda.net\/wp-content\/uploads\/2022\/08\/269796066_2086506544841811_5807604563883199663_n-150x150.jpg\" class=\"attachment-thumbnail size-thumbnail\" alt=\"\" title=\"269796066_2086506544841811_5807604563883199663_n\" \/><\/a>\n\t\t\t<\/dt><\/dl><br style=\"clear: both\" \/><dl class='gallery-item'>\n\t\t\t<dt class='gallery-icon landscape'>\n\t\t\t\t<a class=\"view\" rel='gallery' href='https:\/\/www.espronceda.net\/es\/proyectos\/drap-art\/269797171_2086506488175150_7881387410188253335_n-2\/'><img loading=\"lazy\" decoding=\"async\" width=\"150\" height=\"150\" src=\"https:\/\/www.espronceda.net\/wp-content\/uploads\/2022\/08\/269797171_2086506488175150_7881387410188253335_n-150x150.jpg\" class=\"attachment-thumbnail size-thumbnail\" alt=\"\" title=\"269797171_2086506488175150_7881387410188253335_n\" \/><\/a>\n\t\t\t<\/dt><\/dl><dl class='gallery-item'>\n\t\t\t<dt class='gallery-icon landscape'>\n\t\t\t\t<a class=\"view\" rel='gallery' href='https:\/\/www.espronceda.net\/es\/proyectos\/drap-art\/img_9526-2\/'><img loading=\"lazy\" decoding=\"async\" width=\"150\" height=\"150\" src=\"https:\/\/www.espronceda.net\/wp-content\/uploads\/2022\/08\/IMG_9526-150x150.jpg\" class=\"attachment-thumbnail size-thumbnail\" alt=\"\" title=\"IMG_9526\" \/><\/a>\n\t\t\t<\/dt><\/dl><dl class='gallery-item'>\n\t\t\t<dt class='gallery-icon landscape'>\n\t\t\t\t<a class=\"view\" rel='gallery' href='https:\/\/www.espronceda.net\/es\/proyectos\/drap-art\/img_9510-2\/'><img loading=\"lazy\" decoding=\"async\" width=\"150\" height=\"150\" src=\"https:\/\/www.espronceda.net\/wp-content\/uploads\/2022\/08\/IMG_9510-150x150.jpg\" class=\"attachment-thumbnail size-thumbnail\" alt=\"\" title=\"IMG_9510\" \/><\/a>\n\t\t\t<\/dt><\/dl><br style=\"clear: both\" \/><dl class='gallery-item'>\n\t\t\t<dt class='gallery-icon landscape'>\n\t\t\t\t<a class=\"view\" rel='gallery' href='https:\/\/www.espronceda.net\/es\/proyectos\/drap-art\/img_9441-2\/'><img loading=\"lazy\" decoding=\"async\" width=\"150\" height=\"150\" src=\"https:\/\/www.espronceda.net\/wp-content\/uploads\/2022\/08\/IMG_9441-150x150.jpg\" class=\"attachment-thumbnail size-thumbnail\" alt=\"\" title=\"IMG_9441\" \/><\/a>\n\t\t\t<\/dt><\/dl><dl class='gallery-item'>\n\t\t\t<dt class='gallery-icon landscape'>\n\t\t\t\t<a class=\"view\" rel='gallery' href='https:\/\/www.espronceda.net\/es\/proyectos\/drap-art\/img_9428-2\/'><img loading=\"lazy\" decoding=\"async\" width=\"150\" height=\"150\" src=\"https:\/\/www.espronceda.net\/wp-content\/uploads\/2022\/08\/IMG_9428-150x150.jpg\" class=\"attachment-thumbnail size-thumbnail\" alt=\"\" title=\"IMG_9428\" \/><\/a>\n\t\t\t<\/dt><\/dl><dl class='gallery-item'>\n\t\t\t<dt class='gallery-icon landscape'>\n\t\t\t\t<a class=\"view\" rel='gallery' href='https:\/\/www.espronceda.net\/es\/proyectos\/drap-art\/img_9411-2\/'><img loading=\"lazy\" decoding=\"async\" width=\"150\" height=\"150\" src=\"https:\/\/www.espronceda.net\/wp-content\/uploads\/2022\/08\/IMG_9411-150x150.jpg\" class=\"attachment-thumbnail size-thumbnail\" alt=\"\" title=\"IMG_9411\" \/><\/a>\n\t\t\t<\/dt><\/dl><br style=\"clear: both\" \/>\n\t\t<\/div>\n\n<\/div>\n","protected":false},"excerpt":{"rendered":"<p>On december 2022 Espronceda collaborated for the second year with the Catalonian Sustainability Festival Drap-Art\u00a0with the\u00a0Terzo Paradiso \/ Third Paradise\u00a0of Michelangelo Pistoletto and\u00a0Cittadellarte-Fondazione Pistoletto , where we celebrated Solidarity. The project is curated with Drap Art and the ambassador of third Paradise Savina Tarsitano\u00a0and the worldwide coordinator of the ambassador\u00a0Francesco Saverio Teruzzi. Activities happen at Pla\u00e7a de la Merc\u00e8 where [&hellip;]<\/p>\n","protected":false},"author":1,"featured_media":0,"parent":5378,"menu_order":0,"comment_status":"closed","ping_status":"closed","template":"","meta":{"footnotes":""},"class_list":["post-25453","page","type-page","status-publish","hentry"],"_links":{"self":[{"href":"https:\/\/www.espronceda.net\/es\/wp-json\/wp\/v2\/pages\/25453","targetHints":{"allow":["GET"]}}],"collection":[{"href":"https:\/\/www.espronceda.net\/es\/wp-json\/wp\/v2\/pages"}],"about":[{"href":"https:\/\/www.espronceda.net\/es\/wp-json\/wp\/v2\/types\/page"}],"author":[{"embeddable":true,"href":"https:\/\/www.espronceda.net\/es\/wp-json\/wp\/v2\/users\/1"}],"replies":[{"embeddable":true,"href":"https:\/\/www.espronceda.net\/es\/wp-json\/wp\/v2\/comments?post=25453"}],"version-history":[{"count":2,"href":"https:\/\/www.espronceda.net\/es\/wp-json\/wp\/v2\/pages\/25453\/revisions"}],"predecessor-version":[{"id":26524,"href":"https:\/\/www.espronceda.net\/es\/wp-json\/wp\/v2\/pages\/25453\/revisions\/26524"}],"up":[{"embeddable":true,"href":"https:\/\/www.espronceda.net\/es\/wp-json\/wp\/v2\/pages\/5378"}],"wp:attachment":[{"href":"https:\/\/www.espronceda.net\/es\/wp-json\/wp\/v2\/media?parent=25453"}],"curies":[{"name":"wp","href":"https:\/\/api.w.org\/{rel}","templated":true}]}}