{"id":26361,"date":"2023-11-23T01:49:28","date_gmt":"2023-11-23T00:49:28","guid":{"rendered":"https:\/\/www.espronceda.net\/nubia-lab-metavers-navas\/"},"modified":"2023-12-05T11:31:18","modified_gmt":"2023-12-05T10:31:18","slug":"nubia-lab-metavers-navas","status":"publish","type":"page","link":"https:\/\/www.espronceda.net\/es\/nubia-lab-metavers-navas\/","title":{"rendered":"NUBIA Lab: Metavers NAVAS"},"content":{"rendered":"<p><span style=\"font-weight: 400;\"><strong>NUBIA Lab Metavers NAVAS 2023-2024.<\/strong> Dues setmanes de co-creaci\u00f3 en colaborac\u00ed\u00f3 amb Pla Comunitari de Navas, s&#8217;organitzar\u00e0 una convocatoria per escollir 5 participants. Les dues setmanes de co-creaci\u00f3 son presencials, als matins, de 11 a 14h els dies laborables, i es coordina amb el col.lectiu Be Another Lab. Tot el grup de 5 persones treballen al mateix projecte, fomentant la negociaci\u00f3 i la col.laboraci\u00f3. El resultat creatiu, un metavers liminal entre allo real\/analogic i allo virtual\/ digital sera mostrat als veins en una jornada de portes obertes feta en collaboraci\u00f3 amb les associacions veinals de Navas.\u00a0<\/span><\/p>\n<p>&#8211;<\/p>\n<p><em><strong>Inscripci\u00f3:<\/strong><\/em><\/p>\n<p><a href=\"https:\/\/docs.google.com\/forms\/d\/e\/1FAIpQLSde6a0xSxwl8BPXy1u3dZMUth6Fo09yLziM8DXbeYPNZB2htg\/viewform\">NUBIA METAVERS NAVAS (google.com)<\/a><\/p>\n<p>&nbsp;<\/p>\n<p><img loading=\"lazy\" decoding=\"async\" class=\"aligncenter wp-image-26383 size-large\" src=\"https:\/\/www.espronceda.net\/wp-content\/uploads\/2023\/12\/nubia-lab-metavers-2-819x1024.png\" alt=\"\" width=\"819\" height=\"1024\" srcset=\"https:\/\/www.espronceda.net\/wp-content\/uploads\/2023\/12\/nubia-lab-metavers-2-819x1024.png 819w, https:\/\/www.espronceda.net\/wp-content\/uploads\/2023\/12\/nubia-lab-metavers-2-240x300.png 240w, https:\/\/www.espronceda.net\/wp-content\/uploads\/2023\/12\/nubia-lab-metavers-2-768x960.png 768w, https:\/\/www.espronceda.net\/wp-content\/uploads\/2023\/12\/nubia-lab-metavers-2.png 1080w\" sizes=\"auto, (max-width: 819px) 100vw, 819px\" \/><\/p>\n<p>&nbsp;<\/p>\n<p><span style=\"font-weight: 400;\">Objectius de NUBIA Lab Metavers NAVAS:\u00a0<\/span><\/p>\n<p>&nbsp;<\/p>\n<p><span style=\"font-weight: 400;\">1) Crear un Metavers de forma col.laborativa i que tingui un arrel\/ connexi\u00f3 amb el barri de Navas.\u00a0\u00a0<\/span><\/p>\n<p><span style=\"font-weight: 400;\">2) NUBIA Lab afavoriex un entorn segur, perqu\u00e8 els equips de ciutadans puguin crear el seu primer projecte Metavers ( Web 3, liminal: f\u00edsic + digital) i pensar a la generaci\u00f3 de beneficis per la seva comercialitzaci\u00f3 mitjan\u00e7ant NFTs de les obres f\u00edsiques, objectes digitals i experi\u00e8ncies immersives.\u00a0<\/span><\/p>\n<p><span style=\"font-weight: 400;\">3) Oferir formaci\u00f3 incial i motivadora a trav\u00e9s de tallers presencials: ideaci\u00f3 i creaci\u00f3 de metaversos, tecnologies immersives de realitat expandida (VR, AR, projecci\u00f3 360), so 3D, entorns multisensorials (tacte, olfacte, etc) , projectes multi-plataforma, creaci\u00f3 de NFTs per la monetizaci\u00f3 i protecci\u00f3 de la propietat intel.lectual, etc.\u00a0<\/span><\/p>\n<p><span style=\"font-weight: 400;\">4) Generar comunitats creatives i de creixement mutu, que substitueixen les tradicionals xarxes socials.<\/span><\/p>\n<p><span style=\"font-weight: 400;\">5) Promoure projectes Metavers que siguin inclusius, sostenibles i participatius. \u00c9s fonamental crear esperan\u00e7a i optimisme en un entorn internacional tan canviant i fer arrivar a la ciutadania els potencials positius de les noves realitats expandides que oferir\u00e0 el Metavers.<\/span><\/p>\n<p><span style=\"font-weight: 400;\">6) Fomentar la curiositat a les noves tecnolog\u00edes i la nova econom\u00eda blockchain com formes de trobar feines de futur.<\/span><\/p>\n<p><span style=\"font-weight: 400;\">7) Crear una identitat comunitaria digital fent que el Metavers NAVAS sigui un nou punt de referencia i trobada de la ciutadania del barri. Obrint despr\u00e9s de l&#8217;exposici\u00f3 un proc\u00e9s participatiu i auto-motivat. <\/span><\/p>\n<p>&nbsp;<\/p>\n<p><span style=\"font-weight: 400;\">Amb ajuda dels mentors de NUBIA Lab, els 5 participants crear\u00e0n un metavers liminal, entre all`fisic i digital, que ser\u00e0 instal.lat a la sala d&#8217;exposicions d&#8217;ESPRONCEDA &#8211; Institute of Art &amp; Culture i que ser\u00e0 mostrat al dia\/dies de portes obertes als veins. Els participants tenen acc\u00e9s al tot el material tecnol\u00f2gic d&#8217;Espronceda: ordinadors personals gamer, ulleres de realitat virtual, projectors, sensors de moviment\/ camara, etc.<\/span><\/p>\n<p><span style=\"font-weight: 400;\">NUBIA es converteix en una de les primeres plataformes catalanes on tant continguts art\u00edstics com culturals inicien una exploraci\u00f3 segura de les grans possibilitats del Metavers, la web tridimensional, i de les noves audi\u00e8ncies que busquen interactuar i experimentar, establir comunitats co-creatives i donar pas nova generaci\u00f3 de productes digitals que substituiran els tradicionals mitjans d&#8217;entreteniment i socialitzaci\u00f3.<\/span><\/p>\n<p><span style=\"font-weight: 400;\">\u00a0https:\/\/nubia.world\/<\/span><\/p>\n<p>&#8211;<\/p>\n<p><em><strong>Inscripci\u00f3:<\/strong><\/em><\/p>\n<p><a href=\"https:\/\/docs.google.com\/forms\/d\/e\/1FAIpQLSde6a0xSxwl8BPXy1u3dZMUth6Fo09yLziM8DXbeYPNZB2htg\/viewform\">NUBIA METAVERS NAVAS (google.com)<\/a><\/p>\n<div><\/div>\n","protected":false},"excerpt":{"rendered":"<p>NUBIA Lab Metavers NAVAS 2023-2024. Dues setmanes de co-creaci\u00f3 en colaborac\u00ed\u00f3 amb Pla Comunitari de Navas, s&#8217;organitzar\u00e0 una convocatoria per escollir 5 participants. Les dues setmanes de co-creaci\u00f3 son presencials, als matins, de 11 a 14h els dies laborables, i es coordina amb el col.lectiu Be Another Lab. Tot el grup de 5 persones treballen al mateix projecte, fomentant la [&hellip;]<\/p>\n","protected":false},"author":24,"featured_media":0,"parent":0,"menu_order":0,"comment_status":"closed","ping_status":"closed","template":"","meta":{"footnotes":""},"class_list":["post-26361","page","type-page","status-publish","hentry"],"_links":{"self":[{"href":"https:\/\/www.espronceda.net\/es\/wp-json\/wp\/v2\/pages\/26361","targetHints":{"allow":["GET"]}}],"collection":[{"href":"https:\/\/www.espronceda.net\/es\/wp-json\/wp\/v2\/pages"}],"about":[{"href":"https:\/\/www.espronceda.net\/es\/wp-json\/wp\/v2\/types\/page"}],"author":[{"embeddable":true,"href":"https:\/\/www.espronceda.net\/es\/wp-json\/wp\/v2\/users\/24"}],"replies":[{"embeddable":true,"href":"https:\/\/www.espronceda.net\/es\/wp-json\/wp\/v2\/comments?post=26361"}],"version-history":[{"count":2,"href":"https:\/\/www.espronceda.net\/es\/wp-json\/wp\/v2\/pages\/26361\/revisions"}],"predecessor-version":[{"id":26392,"href":"https:\/\/www.espronceda.net\/es\/wp-json\/wp\/v2\/pages\/26361\/revisions\/26392"}],"wp:attachment":[{"href":"https:\/\/www.espronceda.net\/es\/wp-json\/wp\/v2\/media?parent=26361"}],"curies":[{"name":"wp","href":"https:\/\/api.w.org\/{rel}","templated":true}]}}