{"id":27037,"date":"2024-05-02T22:52:55","date_gmt":"2024-05-02T20:52:55","guid":{"rendered":"https:\/\/www.espronceda.net\/theatre-in-palms-performing-arts-residency-2024\/"},"modified":"2024-05-20T05:24:07","modified_gmt":"2024-05-20T03:24:07","slug":"theatre-in-palms-performing-arts-residency-2024","status":"publish","type":"page","link":"https:\/\/www.espronceda.net\/es\/theatre-in-palms-performing-arts-residency-2024\/","title":{"rendered":"RESIDENCIA DE ARTES ESC\u00c9NICAS 2024 DE THEATRE IN PALM"},"content":{"rendered":"<p><img loading=\"lazy\" decoding=\"async\" class=\"aligncenter wp-image-27025 size-large\" src=\"https:\/\/www.espronceda.net\/wp-content\/uploads\/2024\/05\/1-1-1024x1024.png\" alt=\"\" width=\"1024\" height=\"1024\" srcset=\"https:\/\/www.espronceda.net\/wp-content\/uploads\/2024\/05\/1-1-1024x1024.png 1024w, https:\/\/www.espronceda.net\/wp-content\/uploads\/2024\/05\/1-1-300x300.png 300w, https:\/\/www.espronceda.net\/wp-content\/uploads\/2024\/05\/1-1-150x150.png 150w, https:\/\/www.espronceda.net\/wp-content\/uploads\/2024\/05\/1-1-768x768.png 768w, https:\/\/www.espronceda.net\/wp-content\/uploads\/2024\/05\/1-1.png 1080w\" sizes=\"auto, (max-width: 1024px) 100vw, 1024px\" \/><\/p>\n<p>&nbsp;<\/p>\n<p><strong>Plazo de la convocatoria:<\/strong> 3 DE JUNIO DE 2024<br \/>\n<strong>Periodo de la residencia:<\/strong> del lunes 7 al viernes 18 de octubre de 2024<br \/>\nLa residencia Theatre in Palm est\u00e1 abierta a 5 participantes<br \/>\nLa convocatoria est\u00e1 abierta a artistas del \u00e1mbito de las artes esc\u00e9nicas, los nuevos medios y el arte sonoro.<br \/>\nTarifa: 600 euros<br \/>\nSi los artistas no residentes en Barcelona son seleccionados, tambi\u00e9n se les proporcionar\u00e1 alojamiento.<\/p>\n<p><strong>Tema de la investigaci\u00f3n art\u00edstica:<\/strong><br \/>\nDerechos no humanos \/ Contrato natural \/ Inteligencia colectiva \/ Resiliencia \/ Imaginarios de futuro<\/p>\n<p>Las pr\u00e1cticas art\u00edsticas operan tanto a nivel simb\u00f3lico como real porque pueden influir directa o indirectamente en el estado emocional del perceptor implicado en la experiencia art\u00edstica. Esta sinergia que se establece entre lo simb\u00f3lico y lo real podr\u00eda llevarnos a reflexionar sobre la potencial influencia que estas pr\u00e1cticas podr\u00edan tener en la promoci\u00f3n de otros imaginarios capaces de educar en valores menos competitivos, m\u00e1s igualitarios y cooperativos.<\/p>\n<p>Para implementar medidas de salvaguarda y conservaci\u00f3n de los ecosistemas, puede ser \u00fatil comprender las relaciones entre las diferentes partes que componen el todo. Todo ser est\u00e1 profundamente ligado a su entorno y su evoluci\u00f3n est\u00e1 directamente vinculada a su capacidad de adaptaci\u00f3n. Esto ocurre en la mayor\u00eda de los casos a trav\u00e9s de la capacidad de cooperaci\u00f3n entre organismos de la misma o distinta especie, como menciona Lynn Margulis al comentar su teor\u00eda de la evoluci\u00f3n endosimbi\u00f3tica.<\/p>\n<p>Por tanto, podemos entender c\u00f3mo cada sujeto est\u00e1 vinculado a su entorno, de ah\u00ed que la supervivencia de la vida a nivel cognitivo, social y ambiental (citando a Guattari) depender\u00e1 de la calidad de las relaciones que se establezcan entre las diferentes dimensiones de la realidad y entre los sujetos y su entorno. La crisis ecol\u00f3gica y la actual transici\u00f3n ecosocial a la que nos enfrentamos nos llevan a la necesidad de crear nuevos imaginarios m\u00e1s equilibrados, capaces de incluir los derechos de todos los organismos vivos y no vivos en los procesos de toma de decisiones. en los procesos de toma de decisiones.<\/p>\n<p>En el contexto de esta nueva residencia, nos gustar\u00eda proponer estas reflexiones como est\u00edmulos para el desarrollo de posibles contenidos de proyectos compartidos, y al mismo tiempo, nos gustar\u00eda proponer las siguientes preguntas.<br \/>\n\u00bfC\u00f3mo abrir espacios de escucha activa y sensible tanto en las formas de pensar como en las de vivir el<br \/>\nterritorio con otros seres? \u00bfQu\u00e9 imaginarios, capaces de favorecer la heterogeneidad y la multiplicidad m\u00e1s que la homogeneidad y la<br \/>\nuniformidad? \u00bfQu\u00e9 posibles futuros postcapitalistas o imaginarios ut\u00f3picos podemos esbozar para descolonizar nuestra idea de naturaleza y de futuros inh\u00f3spitos?<\/p>\n<p>&nbsp;<\/p>\n<p>Formulario de solicitud: Formulario de solicitud TIP Residency 2024: Encuesta realizada por Webropol (webropolsurveys.com)<\/p>\n<p>Teatro en Palma: <a href=\"https:\/\/theatreinpalm.eu\/posts\/theatre-in-palm-2024-residencies\/\">https:\/\/theatreinpalm.eu\/posts\/theatre-in-palm-2024-residencies\/<\/a><\/p>\n<p>&nbsp;<\/p>\n<p><img loading=\"lazy\" decoding=\"async\" class=\"aligncenter wp-image-27031 size-large\" src=\"https:\/\/www.espronceda.net\/wp-content\/uploads\/2024\/05\/2-1-1024x1024.png\" alt=\"\" width=\"1024\" height=\"1024\" srcset=\"https:\/\/www.espronceda.net\/wp-content\/uploads\/2024\/05\/2-1-1024x1024.png 1024w, https:\/\/www.espronceda.net\/wp-content\/uploads\/2024\/05\/2-1-300x300.png 300w, https:\/\/www.espronceda.net\/wp-content\/uploads\/2024\/05\/2-1-150x150.png 150w, https:\/\/www.espronceda.net\/wp-content\/uploads\/2024\/05\/2-1-768x768.png 768w, https:\/\/www.espronceda.net\/wp-content\/uploads\/2024\/05\/2-1.png 1080w\" sizes=\"auto, (max-width: 1024px) 100vw, 1024px\" \/><\/p>\n","protected":false},"excerpt":{"rendered":"<p>&nbsp; Plazo de la convocatoria: 3 DE JUNIO DE 2024 Periodo de la residencia: del lunes 7 al viernes 18 de octubre de 2024 La residencia Theatre in Palm est\u00e1 abierta a 5 participantes La convocatoria est\u00e1 abierta a artistas del \u00e1mbito de las artes esc\u00e9nicas, los nuevos medios y el arte sonoro. Tarifa: 600 euros Si los artistas no [&hellip;]<\/p>\n","protected":false},"author":24,"featured_media":0,"parent":0,"menu_order":0,"comment_status":"closed","ping_status":"closed","template":"","meta":{"footnotes":""},"class_list":["post-27037","page","type-page","status-publish","hentry"],"_links":{"self":[{"href":"https:\/\/www.espronceda.net\/es\/wp-json\/wp\/v2\/pages\/27037","targetHints":{"allow":["GET"]}}],"collection":[{"href":"https:\/\/www.espronceda.net\/es\/wp-json\/wp\/v2\/pages"}],"about":[{"href":"https:\/\/www.espronceda.net\/es\/wp-json\/wp\/v2\/types\/page"}],"author":[{"embeddable":true,"href":"https:\/\/www.espronceda.net\/es\/wp-json\/wp\/v2\/users\/24"}],"replies":[{"embeddable":true,"href":"https:\/\/www.espronceda.net\/es\/wp-json\/wp\/v2\/comments?post=27037"}],"version-history":[{"count":3,"href":"https:\/\/www.espronceda.net\/es\/wp-json\/wp\/v2\/pages\/27037\/revisions"}],"predecessor-version":[{"id":27114,"href":"https:\/\/www.espronceda.net\/es\/wp-json\/wp\/v2\/pages\/27037\/revisions\/27114"}],"wp:attachment":[{"href":"https:\/\/www.espronceda.net\/es\/wp-json\/wp\/v2\/media?parent=27037"}],"curies":[{"name":"wp","href":"https:\/\/api.w.org\/{rel}","templated":true}]}}