{"id":27194,"date":"2024-05-28T18:39:12","date_gmt":"2024-05-28T16:39:12","guid":{"rendered":"https:\/\/www.espronceda.net\/proyectos\/immensiva\/pluja-dil-lusions\/"},"modified":"2024-05-31T18:43:20","modified_gmt":"2024-05-31T16:43:20","slug":"pluja-dil-lusions","status":"publish","type":"page","link":"https:\/\/www.espronceda.net\/es\/proyectos\/immensiva\/pluja-dil-lusions\/","title":{"rendered":"PLUJA D&#8217;IL.LUSIONS\u00a0(LLUVIA De ILUSIONES\u00a0)"},"content":{"rendered":"<p><strong>LLUVIA De ILUSIONES\u00a0<\/strong><\/p>\n<p>Lo proyecte Lluvia de ilusiones es una experiencia inmersiva, interactiva y colectiva que usa tecnolog\u00edas muy experimentales en realidad aumentada e interacci\u00f3n. Es una experiencia en grupo y de colaboraci\u00f3n que tiene un \u201cstorytelling\u201d\u00a0basado a la actual sequ\u00eda de agua, de ausencia de lluvias, y que casi todos los pantanos que bajan su nivel dejan ver pueblos, iglesias y castillos que forman parte de la historia de Catalu\u00f1a.<\/p>\n<p>El cambio clim\u00e1tico y la conciencia de la importancia del equilibrio de la atm\u00f3sfera y la biosfera terrestre, la Hip\u00f3tesis de Nesga, son lo\u00a0derrafont\u00a0de esta creaci\u00f3n digital e\u00a0instal.lativa. El proyecto est\u00e1 pensado por\u00a0situarse\u00a0en un espacio expositivo o usar construcciones hist\u00f3ricas: iglesias, castillos, mas\u00edas, etc. El grupo participando (de 5 a 8 personas) usa una Linterna M\u00e1gica para ir encontrando los objetos y elementos naturales que sirven para invocar el agua, a medida que esta prueba com\u00fan es resuelta las proyecciones y sonidos anunciando la lluvia y el agua quien da la vida. La\u00a0conexi\u00f3, la\u00a0 conciencia ecol\u00f3gica y el patrimonio hist\u00f3rico de las zonas rurales y parques naturales nos hace reflexionar sobre la necesidad de una acci\u00f3n colectiva. Esta instalaci\u00f3n puede ser adaptada a lugares hist\u00f3ricos\u00a0especifics\u00a0y usar simbolog\u00edas que\u00a0conecten\u00a0con las tradiciones de culturas antiguas y primitivas.<\/p>\n<p>El proyecto se llevar\u00e1 de prototipo en Ars Electronica Festival 2024 y despu\u00e9s en septiembre u octubre se har\u00e1 la exposici\u00f3n a ESPRONCEDA, Instituto de arte and culture. El proyecto cuenta con el apoyo de la Universitat Pompeu Fabra, UPF.<\/p>\n<p>&nbsp;<\/p>\n<p>TECNOLOG\u00cdAS IMPLEMENTADAS<br \/>\nEn lo proyecte LLUVIA De ILUSIONES usaremos una serie de t\u00e9cnicas de proyecci\u00f3n nuevas con el laboratorio de interacci\u00f3n de cuerpo entero de la UPF, como por ejemplo la Linterna M\u00e1gica un dispositivo de\u00a0RA\u00a0de mano que permite a los usuarios \u201cencender una antorcha\u201d para explorar un mundo virtual en tiempo real. Las im\u00e1genes principales se renderizar a\u00a0Unity\u00a0por nuestro desarrollador principal: Fran\u00a0Macia.<\/p>\n<p>&nbsp;<\/p>\n<p><img loading=\"lazy\" decoding=\"async\" class=\"aligncenter wp-image-27217 size-medium\" src=\"https:\/\/www.espronceda.net\/wp-content\/uploads\/2024\/05\/fc_240416_0024-300x232.jpg\" alt=\"\" width=\"300\" height=\"232\" srcset=\"https:\/\/www.espronceda.net\/wp-content\/uploads\/2024\/05\/fc_240416_0024-300x232.jpg 300w, https:\/\/www.espronceda.net\/wp-content\/uploads\/2024\/05\/fc_240416_0024-1024x791.jpg 1024w, https:\/\/www.espronceda.net\/wp-content\/uploads\/2024\/05\/fc_240416_0024-768x593.jpg 768w, https:\/\/www.espronceda.net\/wp-content\/uploads\/2024\/05\/fc_240416_0024-1536x1187.jpg 1536w, https:\/\/www.espronceda.net\/wp-content\/uploads\/2024\/05\/fc_240416_0024-2048x1583.jpg 2048w, https:\/\/www.espronceda.net\/wp-content\/uploads\/2024\/05\/fc_240416_0024-1280x989.jpg 1280w\" sizes=\"auto, (max-width: 300px) 100vw, 300px\" \/><\/p>\n<p>&nbsp;<\/p>\n<p>&nbsp;<\/p>\n<p><img loading=\"lazy\" decoding=\"async\" class=\"aligncenter wp-image-27220 size-medium\" src=\"https:\/\/www.espronceda.net\/wp-content\/uploads\/2024\/05\/fc_240416_0007-300x200.jpg\" alt=\"\" width=\"300\" height=\"200\" srcset=\"https:\/\/www.espronceda.net\/wp-content\/uploads\/2024\/05\/fc_240416_0007-300x200.jpg 300w, https:\/\/www.espronceda.net\/wp-content\/uploads\/2024\/05\/fc_240416_0007-1024x683.jpg 1024w, https:\/\/www.espronceda.net\/wp-content\/uploads\/2024\/05\/fc_240416_0007-768x512.jpg 768w, https:\/\/www.espronceda.net\/wp-content\/uploads\/2024\/05\/fc_240416_0007-1536x1024.jpg 1536w, https:\/\/www.espronceda.net\/wp-content\/uploads\/2024\/05\/fc_240416_0007-2048x1365.jpg 2048w, https:\/\/www.espronceda.net\/wp-content\/uploads\/2024\/05\/fc_240416_0007-1280x853.jpg 1280w\" sizes=\"auto, (max-width: 300px) 100vw, 300px\" \/><\/p>\n<p>&nbsp;<\/p>\n<p>Nuestro conjunto incorporar\u00e1 dos proyectores mapejats a elementos reales escenogr\u00e1ficos, as\u00ed como a posibles elementos interactivos basados Arduino y Raspberry-Pi que pueden permitir interacciones pr\u00e1cticas (como la interacci\u00f3n activada al recoger un objeto). Las interacciones f\u00edsicas ser\u00e1n implementadas por nuestro Artista Computacional, Rafa Roeder (Goldsmiths). Utilizaremos NDI, y posiblemente Photon (Unity) para crear una experiencia en red donde nuestros elementos visuales, audio y conjunto f\u00edsico puedan trabajar juntos para crear un mundo reactivo. Los altavoces de sonido rodeando, escondidos con cuidado al entorno, ofrecer\u00e1n un paisaje sonoro compartido que une todos los elementos audiovisuales y da una sensaci\u00f3n de espacio.<\/p>\n<p>INNOVACI\u00d3N EN LA\u00a0EXP\u00c8RIENCIA:INMERSIVA+INTERACTIVA+COLECTIVA=\u00a0IMPACTO SOCIAL + INCLUSI\u00d3N<br \/>\nLa experiencia\u00a0inmersiva\/interactiva\u00a0propuesta se hace de forma colectiva y tiene una usabilidad\/gamificaci\u00f3\u00a0por ser entendida\/experimentada por todo tipo de usuario. Fomenta el trabajo colectivo por la consecuci\u00f3n de un cordero com\u00fan y la concienciaci\u00f3n del equilibrio del ecosistema terrestre y la\u00a0necesitat\u00a0del agua\u00a0como\u00a0generador de vida.<\/p>\n<p>INNOVACI\u00d3N EN LUGARES EXPOSITIVOS y GENERACI\u00d3N DE NUEVOS P\u00daBLICOS<br \/>\nLo \u201cstorytelling\u201d\u00a0en que se basa la experiencia LLUVIA De ILUSIONES sigue una nueva tendencia de usar espacios hist\u00f3ricos y ligados en los territorios como nuevas experiencias digitales inmersivas. Este tipo de proyecto revitaliza los espacios naturales, las zonas rurales y pone en marcha colaboraciones por producciones digitales m\u00e1s all\u00e1 de los centros urbanos y las grandes instituciones culturales.<\/p>\n<p>&nbsp;<\/p>\n<p><img loading=\"lazy\" decoding=\"async\" class=\"aligncenter wp-image-27223 size-large\" src=\"https:\/\/www.espronceda.net\/wp-content\/uploads\/2024\/05\/e602bffe-6350-4ea2-8bc0-49016c6ca76d-1024x768.jpg\" alt=\"\" width=\"1024\" height=\"768\" srcset=\"https:\/\/www.espronceda.net\/wp-content\/uploads\/2024\/05\/e602bffe-6350-4ea2-8bc0-49016c6ca76d-1024x768.jpg 1024w, https:\/\/www.espronceda.net\/wp-content\/uploads\/2024\/05\/e602bffe-6350-4ea2-8bc0-49016c6ca76d-300x225.jpg 300w, https:\/\/www.espronceda.net\/wp-content\/uploads\/2024\/05\/e602bffe-6350-4ea2-8bc0-49016c6ca76d-768x576.jpg 768w, https:\/\/www.espronceda.net\/wp-content\/uploads\/2024\/05\/e602bffe-6350-4ea2-8bc0-49016c6ca76d-1536x1152.jpg 1536w, https:\/\/www.espronceda.net\/wp-content\/uploads\/2024\/05\/e602bffe-6350-4ea2-8bc0-49016c6ca76d-94x70.jpg 94w, https:\/\/www.espronceda.net\/wp-content\/uploads\/2024\/05\/e602bffe-6350-4ea2-8bc0-49016c6ca76d-600x450.jpg 600w, https:\/\/www.espronceda.net\/wp-content\/uploads\/2024\/05\/e602bffe-6350-4ea2-8bc0-49016c6ca76d-900x675.jpg 900w, https:\/\/www.espronceda.net\/wp-content\/uploads\/2024\/05\/e602bffe-6350-4ea2-8bc0-49016c6ca76d-1280x960.jpg 1280w, https:\/\/www.espronceda.net\/wp-content\/uploads\/2024\/05\/e602bffe-6350-4ea2-8bc0-49016c6ca76d.jpg 1600w\" sizes=\"auto, (max-width: 1024px) 100vw, 1024px\" \/><\/p>\n<p>&nbsp;<\/p>\n<div class=\"traductor-textarea form-group\">\n<div class=\"textarea-desti col-xs-12 col-sm-6\">\n<div class=\"form-control second-textarea\">\n<p>INNOVACI\u00d3N y EXPERIMENTACI\u00d3N T\u00c9CNICA<br \/>\nLas innovaciones claves aqu\u00ed son el uso de m\u00faltiples proyecciones en tiempo real, posiblemente incluida una Linterna M\u00e1gica de rel\u00e9 aumentada port\u00e1til, as\u00ed como peque\u00f1os despliegues interactivos integrados al plat\u00f3, para crear un mundo de historia coherente que evoluciona a lo largo de aprox. 10\/12 minutos de duraci\u00f3n.<br \/>\nEsto requerir\u00e1 conectar en red nuestros proyectores, elementos f\u00edsicos del conjunto y la matriz de altavoces, probablemente con\u00a0NDI.<br \/>\nElementos f\u00edsicos en el espacio expositivo se pueden modificar con\u00a0Arduino\u00a0y\u00a0Raspberry, o segundas pantallas, para proporcionar una inmersi\u00f3n adicional.<br \/>\nHay posibilidades de extender nuestro uso de la realidad aumentada a los auriculares, mediante la transmisi\u00f3n a lo\u00a0Oculus\u00a0Quest\u00a03.<\/p>\n<p>En conjunto, se trata de un enfoque de realidad mixta, que explora nuevas t\u00e9cnicas de proyecci\u00f3n y arte computacional para crear un mundo inmersivo coherente.<\/p>\n<\/div>\n<div><\/div>\n<\/div>\n<\/div>\n<div class=\"col-sm-5\"><img loading=\"lazy\" decoding=\"async\" class=\"aligncenter wp-image-27226 size-full\" src=\"https:\/\/www.espronceda.net\/wp-content\/uploads\/2024\/05\/Captura-de-tela-2024-05-29-162649.png\" alt=\"\" width=\"903\" height=\"607\" srcset=\"https:\/\/www.espronceda.net\/wp-content\/uploads\/2024\/05\/Captura-de-tela-2024-05-29-162649.png 903w, https:\/\/www.espronceda.net\/wp-content\/uploads\/2024\/05\/Captura-de-tela-2024-05-29-162649-300x202.png 300w, https:\/\/www.espronceda.net\/wp-content\/uploads\/2024\/05\/Captura-de-tela-2024-05-29-162649-768x516.png 768w\" sizes=\"auto, (max-width: 903px) 100vw, 903px\" \/><\/div>\n<div><\/div>\n<div><\/div>\n<div><\/div>\n<div><img loading=\"lazy\" decoding=\"async\" class=\"aligncenter wp-image-27229 size-full\" src=\"https:\/\/www.espronceda.net\/wp-content\/uploads\/2024\/05\/Captura-de-tela-2024-05-29-162835.png\" alt=\"\" width=\"915\" height=\"720\" srcset=\"https:\/\/www.espronceda.net\/wp-content\/uploads\/2024\/05\/Captura-de-tela-2024-05-29-162835.png 915w, https:\/\/www.espronceda.net\/wp-content\/uploads\/2024\/05\/Captura-de-tela-2024-05-29-162835-300x236.png 300w, https:\/\/www.espronceda.net\/wp-content\/uploads\/2024\/05\/Captura-de-tela-2024-05-29-162835-768x604.png 768w\" sizes=\"auto, (max-width: 915px) 100vw, 915px\" \/><\/div>\n<div><\/div>\n<div><img loading=\"lazy\" decoding=\"async\" class=\"aligncenter wp-image-27232 size-full\" src=\"https:\/\/www.espronceda.net\/wp-content\/uploads\/2024\/05\/Captura-de-tela-2024-05-29-163030.png\" alt=\"\" width=\"900\" height=\"700\" srcset=\"https:\/\/www.espronceda.net\/wp-content\/uploads\/2024\/05\/Captura-de-tela-2024-05-29-163030.png 900w, https:\/\/www.espronceda.net\/wp-content\/uploads\/2024\/05\/Captura-de-tela-2024-05-29-163030-300x233.png 300w, https:\/\/www.espronceda.net\/wp-content\/uploads\/2024\/05\/Captura-de-tela-2024-05-29-163030-768x597.png 768w\" sizes=\"auto, (max-width: 900px) 100vw, 900px\" \/><\/div>\n<div><\/div>\n<div>\n<div class=\"traductor-textarea form-group\">\n<div class=\"textarea-desti col-xs-12 col-sm-6\">\n<div>A continuaci\u00f3n se muestra el diagrama de sistema aplicado a la Linterna M\u00e1gica<\/div>\n<\/div>\n<\/div>\n<div><img loading=\"lazy\" decoding=\"async\" class=\"aligncenter wp-image-27235 size-full\" src=\"https:\/\/www.espronceda.net\/wp-content\/uploads\/2024\/05\/Captura-de-tela-2024-05-29-163234.png\" alt=\"\" width=\"877\" height=\"597\" srcset=\"https:\/\/www.espronceda.net\/wp-content\/uploads\/2024\/05\/Captura-de-tela-2024-05-29-163234.png 877w, https:\/\/www.espronceda.net\/wp-content\/uploads\/2024\/05\/Captura-de-tela-2024-05-29-163234-300x204.png 300w, https:\/\/www.espronceda.net\/wp-content\/uploads\/2024\/05\/Captura-de-tela-2024-05-29-163234-768x523.png 768w, https:\/\/www.espronceda.net\/wp-content\/uploads\/2024\/05\/Captura-de-tela-2024-05-29-163234-220x150.png 220w\" sizes=\"auto, (max-width: 877px) 100vw, 877px\" \/><\/div>\n<\/div>\n<div><\/div>\n<div><\/div>\n<div>A continuaci\u00f3n, se presentan las im\u00e1genes de la Hoja-Body\u00a0Interaction\u00a0Lab\u00a0de la Universitat Pompeu Fabra.<\/div>\n<div><\/div>\n<div><\/div>\n<div><img loading=\"lazy\" decoding=\"async\" class=\"alignnone wp-image-27238 size-medium\" src=\"https:\/\/www.espronceda.net\/wp-content\/uploads\/2024\/05\/ARML-System-Diagram-ARML-1a-300x175.jpg\" alt=\"\" width=\"300\" height=\"175\" srcset=\"https:\/\/www.espronceda.net\/wp-content\/uploads\/2024\/05\/ARML-System-Diagram-ARML-1a-300x175.jpg 300w, https:\/\/www.espronceda.net\/wp-content\/uploads\/2024\/05\/ARML-System-Diagram-ARML-1a-1024x596.jpg 1024w, https:\/\/www.espronceda.net\/wp-content\/uploads\/2024\/05\/ARML-System-Diagram-ARML-1a-768x447.jpg 768w, https:\/\/www.espronceda.net\/wp-content\/uploads\/2024\/05\/ARML-System-Diagram-ARML-1a-1280x746.jpg 1280w, https:\/\/www.espronceda.net\/wp-content\/uploads\/2024\/05\/ARML-System-Diagram-ARML-1a.jpg 1310w\" sizes=\"auto, (max-width: 300px) 100vw, 300px\" \/> <img loading=\"lazy\" decoding=\"async\" class=\"alignnone wp-image-27241 size-medium\" src=\"https:\/\/www.espronceda.net\/wp-content\/uploads\/2024\/05\/ARML-System-Diagram-ARML-1a-_-back-300x175.jpg\" alt=\"\" width=\"300\" height=\"175\" srcset=\"https:\/\/www.espronceda.net\/wp-content\/uploads\/2024\/05\/ARML-System-Diagram-ARML-1a-_-back-300x175.jpg 300w, https:\/\/www.espronceda.net\/wp-content\/uploads\/2024\/05\/ARML-System-Diagram-ARML-1a-_-back-1024x596.jpg 1024w, https:\/\/www.espronceda.net\/wp-content\/uploads\/2024\/05\/ARML-System-Diagram-ARML-1a-_-back-768x447.jpg 768w, https:\/\/www.espronceda.net\/wp-content\/uploads\/2024\/05\/ARML-System-Diagram-ARML-1a-_-back-1280x746.jpg 1280w, https:\/\/www.espronceda.net\/wp-content\/uploads\/2024\/05\/ARML-System-Diagram-ARML-1a-_-back.jpg 1310w\" sizes=\"auto, (max-width: 300px) 100vw, 300px\" \/> <img loading=\"lazy\" decoding=\"async\" class=\"wp-image-27244 size-large alignright\" src=\"https:\/\/www.espronceda.net\/wp-content\/uploads\/2024\/05\/ARML-System-Diagram-Internal-1024x323.jpg\" alt=\"\" width=\"1024\" height=\"323\" srcset=\"https:\/\/www.espronceda.net\/wp-content\/uploads\/2024\/05\/ARML-System-Diagram-Internal-1024x323.jpg 1024w, https:\/\/www.espronceda.net\/wp-content\/uploads\/2024\/05\/ARML-System-Diagram-Internal-300x94.jpg 300w, https:\/\/www.espronceda.net\/wp-content\/uploads\/2024\/05\/ARML-System-Diagram-Internal-768x242.jpg 768w, https:\/\/www.espronceda.net\/wp-content\/uploads\/2024\/05\/ARML-System-Diagram-Internal-1536x484.jpg 1536w, https:\/\/www.espronceda.net\/wp-content\/uploads\/2024\/05\/ARML-System-Diagram-Internal-1280x403.jpg 1280w, https:\/\/www.espronceda.net\/wp-content\/uploads\/2024\/05\/ARML-System-Diagram-Internal.jpg 1781w\" sizes=\"auto, (max-width: 1024px) 100vw, 1024px\" \/> <img loading=\"lazy\" decoding=\"async\" class=\"alignnone wp-image-27247 size-medium\" src=\"https:\/\/www.espronceda.net\/wp-content\/uploads\/2024\/05\/ARML-System-Diagram-Copy-of-ARML-1a-_-battery-300x183.jpg\" alt=\"\" width=\"300\" height=\"183\" srcset=\"https:\/\/www.espronceda.net\/wp-content\/uploads\/2024\/05\/ARML-System-Diagram-Copy-of-ARML-1a-_-battery-300x183.jpg 300w, https:\/\/www.espronceda.net\/wp-content\/uploads\/2024\/05\/ARML-System-Diagram-Copy-of-ARML-1a-_-battery-1024x624.jpg 1024w, https:\/\/www.espronceda.net\/wp-content\/uploads\/2024\/05\/ARML-System-Diagram-Copy-of-ARML-1a-_-battery-768x468.jpg 768w, https:\/\/www.espronceda.net\/wp-content\/uploads\/2024\/05\/ARML-System-Diagram-Copy-of-ARML-1a-_-battery.jpg 1280w\" sizes=\"auto, (max-width: 300px) 100vw, 300px\" \/> <img loading=\"lazy\" decoding=\"async\" class=\"alignnone wp-image-27250 size-large\" src=\"https:\/\/www.espronceda.net\/wp-content\/uploads\/2024\/05\/fc_240416_0059-1024x683.jpg\" alt=\"\" width=\"1024\" height=\"683\" srcset=\"https:\/\/www.espronceda.net\/wp-content\/uploads\/2024\/05\/fc_240416_0059-1024x683.jpg 1024w, https:\/\/www.espronceda.net\/wp-content\/uploads\/2024\/05\/fc_240416_0059-300x200.jpg 300w, https:\/\/www.espronceda.net\/wp-content\/uploads\/2024\/05\/fc_240416_0059-768x512.jpg 768w, https:\/\/www.espronceda.net\/wp-content\/uploads\/2024\/05\/fc_240416_0059-1536x1024.jpg 1536w, https:\/\/www.espronceda.net\/wp-content\/uploads\/2024\/05\/fc_240416_0059-2048x1365.jpg 2048w, https:\/\/www.espronceda.net\/wp-content\/uploads\/2024\/05\/fc_240416_0059-1280x853.jpg 1280w\" sizes=\"auto, (max-width: 1024px) 100vw, 1024px\" \/><\/div>\n<div><\/div>\n<div><\/div>\n<div>&#8211;<\/div>\n<div>\n<p>Para mayor informaci\u00f3n adicional, visita la web del proyecto:<\/p>\n<p><a href=\"https:\/\/emil-xr.eu\/lighthouse-projects\/upf-ar-magic-lantern\/\">https:\/\/emil-xr.eu\/lighthouse-projects\/upf-ar-magic-lantern\/<\/a><\/p>\n<\/div>\n","protected":false},"excerpt":{"rendered":"<p>LLUVIA De ILUSIONES\u00a0 Lo proyecte Lluvia de ilusiones es una experiencia inmersiva, interactiva y colectiva que usa tecnolog\u00edas muy experimentales en realidad aumentada e interacci\u00f3n. Es una experiencia en grupo y de colaboraci\u00f3n que tiene un \u201cstorytelling\u201d\u00a0basado a la actual sequ\u00eda de agua, de ausencia de lluvias, y que casi todos los pantanos que bajan su nivel dejan ver pueblos, [&hellip;]<\/p>\n","protected":false},"author":24,"featured_media":0,"parent":10650,"menu_order":0,"comment_status":"closed","ping_status":"closed","template":"","meta":{"footnotes":""},"class_list":["post-27194","page","type-page","status-publish","hentry"],"_links":{"self":[{"href":"https:\/\/www.espronceda.net\/es\/wp-json\/wp\/v2\/pages\/27194","targetHints":{"allow":["GET"]}}],"collection":[{"href":"https:\/\/www.espronceda.net\/es\/wp-json\/wp\/v2\/pages"}],"about":[{"href":"https:\/\/www.espronceda.net\/es\/wp-json\/wp\/v2\/types\/page"}],"author":[{"embeddable":true,"href":"https:\/\/www.espronceda.net\/es\/wp-json\/wp\/v2\/users\/24"}],"replies":[{"embeddable":true,"href":"https:\/\/www.espronceda.net\/es\/wp-json\/wp\/v2\/comments?post=27194"}],"version-history":[{"count":5,"href":"https:\/\/www.espronceda.net\/es\/wp-json\/wp\/v2\/pages\/27194\/revisions"}],"predecessor-version":[{"id":27253,"href":"https:\/\/www.espronceda.net\/es\/wp-json\/wp\/v2\/pages\/27194\/revisions\/27253"}],"up":[{"embeddable":true,"href":"https:\/\/www.espronceda.net\/es\/wp-json\/wp\/v2\/pages\/10650"}],"wp:attachment":[{"href":"https:\/\/www.espronceda.net\/es\/wp-json\/wp\/v2\/media?parent=27194"}],"curies":[{"name":"wp","href":"https:\/\/api.w.org\/{rel}","templated":true}]}}