{"id":28458,"date":"2025-02-03T09:24:42","date_gmt":"2025-02-03T08:24:42","guid":{"rendered":"https:\/\/www.espronceda.net\/?page_id=28458"},"modified":"2025-02-03T09:25:07","modified_gmt":"2025-02-03T08:25:07","slug":"neb-lab-symposium","status":"publish","type":"page","link":"https:\/\/www.espronceda.net\/es\/neb-lab-symposium\/","title":{"rendered":"NEB LAB Symposium"},"content":{"rendered":"<p><a href=\"https:\/\/www.espronceda.net\/wp-content\/uploads\/2022\/04\/NEB_logo_EUflag.png\"><img loading=\"lazy\" decoding=\"async\" class=\"wp-image-22609 size-large aligncenter\" src=\"https:\/\/www.espronceda.net\/wp-content\/uploads\/2022\/04\/NEB_logo_EUflag-1024x287.png\" alt=\"\" width=\"1024\" height=\"287\" srcset=\"https:\/\/www.espronceda.net\/wp-content\/uploads\/2022\/04\/NEB_logo_EUflag-1024x287.png 1024w, https:\/\/www.espronceda.net\/wp-content\/uploads\/2022\/04\/NEB_logo_EUflag-300x84.png 300w, https:\/\/www.espronceda.net\/wp-content\/uploads\/2022\/04\/NEB_logo_EUflag-768x215.png 768w, https:\/\/www.espronceda.net\/wp-content\/uploads\/2022\/04\/NEB_logo_EUflag-1536x431.png 1536w, https:\/\/www.espronceda.net\/wp-content\/uploads\/2022\/04\/NEB_logo_EUflag-2048x575.png 2048w, https:\/\/www.espronceda.net\/wp-content\/uploads\/2022\/04\/NEB_logo_EUflag-1280x359.png 1280w\" sizes=\"auto, (max-width: 1024px) 100vw, 1024px\" \/><\/a><\/p>\n<p>&nbsp;<\/p>\n<p>&nbsp;<\/p>\n<p style=\"text-align: center;\"><strong>Espronceda, Instituto de Arte y Cultura es oficialmente socio de la Nueva Bauhaus Europea!<\/strong><\/p>\n<p>&nbsp;<\/p>\n<p>&nbsp;<\/p>\n<h1>NEB LAB Simposio:<\/h1>\n<p>La creaci\u00f3n de un ecosistema de cultura sostenible. 20 Octubre 2022<br \/>\nESPRONCEDA \u2013 Institute of Art &amp; Culture. Barcelona.<\/p>\n<p>Es necesario que el \u00e1mbito cultural y social adapte nuevas formas y pr\u00e1cticas para asegurar la sostenibilidad de nuestro planeta. Pero, \u00bfhasta qu\u00e9 punto las Instituciones de Arte y Cultura pueden ser de gran valor para lograr esta transformaci\u00f3n hacia un entorno sostenible? El 20 de octubre y en consonancia con la New European Bauhaus Mission, ESPRONCEDA \u2013 Institute of Art &amp; Culture organiza un simposio en torno a \u201cla creaci\u00f3n de ecosistemas de culturas sostenibles\u201d que tiene como objetivo suscitar discusiones y reflexiones sobre un tema tan apremiante, cuestionando nuestra valores y h\u00e1bitos a trav\u00e9s de los cuales se pueden adoptar pr\u00e1cticas art\u00edsticas y acciones culturales, con el fin de crear un modelo sostenible para el \u00e1mbito cultural. A trav\u00e9s de una investigaci\u00f3n cient\u00edfica y art\u00edstica, el simposio brinda un espacio para desarrollar reacciones, reflexiones e ideas de una comunidad de acad\u00e9micos, artistas y activistas para comprender el estado de la cultura en relaci\u00f3n con la ecolog\u00eda, el medio ambiente, la movilidad y otros aspectos de la sostenibilidad.<\/p>\n<p>Los temas principales del simposio son:<\/p>\n<p>1) Integrando la Sostenibilidad en las organizaciones culturales<br \/>\n2) El papel de la cultura en el desarrollo de un futuro sostenible.<br \/>\n3) Creaci\u00f3n de un nuevo NEB LAB de Cultura Sostenible.<\/p>\n<p>Al simposio le sigue un conjunto de hitos que Espronceda est\u00e1 llevando a cabo hasta llegar a la convenci\u00f3n anual de NEB LAB Cultura Sostenible. Las pr\u00f3ximas actividades se ejecutar\u00e1n de la siguiente manera:<br \/>\n30\/10\/2022: Lanzamiento de la convocatoria abierta de Proyectos interdisciplinarios. 30\/11\/2022: Selecci\u00f3n de Proyectos para pasar a Fase de Incubaci\u00f3n<br \/>\n15\/01\/2023: presentaci\u00f3n final ante un jurado que decide los ganadores y negocia la fecha de la exposici\u00f3n en Barcelona y otras localidades espa\u00f1olas<br \/>\nAbril\/2023: exposici\u00f3n de las obras seleccionadas en Barcelona, y otros lugares de Espa\u00f1a &#8211; Fecha exacta a determinar por el Jurado.<br \/>\n05\/2023: Convenci\u00f3n anual de Cultura Sostenible de NEB Lab.<\/p>\n<p><strong>NEB LAB CULTURA SOSTENIBLE. Barcelona. 20 de Octubre 2022<\/strong><\/p>\n<p>11:00 \u2013 11:30 Bienvenida y discurso de apertura<br \/>\nBienvenida desde ESPRONCEDA \u2013 Institute of Art &amp; Culture y breve explicaci\u00f3n de los objetivos de la jornada. Alejandro Mart\u00edn. Jefe de Innovaci\u00f3n y proyectos europeos.<br \/>\nApertura a cargo de la Sra. B\u00e0rbara Pons. Comisionado de Agenda 2030. Ajuntament de Barcelona. Presentaci\u00f3n de los objetivos Agenda 2030 y su relaci\u00f3n con Cultura Sostenible.<br \/>\nPrimera sesi\u00f3n:<br \/>\n11:30 \u2013 12:20 Introduciendo la Sostenibilidad en la Instituci\u00f3n Cultural<br \/>\nResumen del informe Cultura Sostenible, presentaci\u00f3n online desde REDS, Sra. Luc\u00eda V\u00e1zquez. (online)<br \/>\nPresentaci\u00f3n de FAB LAB BCN\/ Distributed Design, a cargo del Sr. Guillem Camprodon. (online)<br \/>\n12:20 \u2013 12:40 Pausa caf\u00e9.<br \/>\n12:40 \u2013 12:55. Conferencia inspiracional. Vincularse al territorio como ejercicio de ecolog\u00eda institucional. Christian Alonso (investigador cultural, curador y Director del Centre d&#8217;Art La Panera de Lleida<br \/>\n13:00- 13:30 El papel de la cultura y las industrias culturales en el desarrollo de un futuro sostenible<br \/>\nPresentaciones institucionales, acciones en Cultura sostenible:<br \/>\nNE\u00c0POLIS. Mr. Jordi Romero. Head of Innovation<\/p>\n<p>Cl\u00faster Audiovisual de Catalunya.<br \/>\nPresentaci\u00f3n de New European Bauhaus Lab, objetivos de la iniciativa europea y ejemplos de los NEB Lab existentes. Alejandro Mart\u00edn. Espronceda.<\/p>\n<p>Almuerzo 13:30 \u2013 15:00. Nave 10 Espronceda.<br \/>\nSe servir\u00e1 un catering a los participantes de instituciones invitadas en el evento y que forman parte de la mesa de trabajo posterior.<\/p>\n<p>Segunda sesi\u00f3n<br \/>\n15:10 &#8211; 16:30 Taller sobre Creaci\u00f3n de un nuevo NEB LAB de Cultura Sostenible<br \/>\nCreaci\u00f3n de mesas de trabajo para generar la propuesta a presentar a la Comisi\u00f3n Europea.<br \/>\n16:30 &#8211; 17:00 Preguntas y respuestas + Conclusiones.<br \/>\nAcuerdo de los puntos clave que incluir\u00e1 la propuesta a presentar a comit\u00e9 de New European Bauhaus Bruselas.<\/p>\n<p>La participaci\u00f3n en el simposio es por invitaci\u00f3n.<br \/>\nUn programa m\u00e1s detallado ser\u00e1 remitido a los participantes.<\/p>\n<p><strong>Obtenga su inscripci\u00f3n previa al evento:<\/strong><\/p>\n<p>Conferencias y debates est\u00e1n abiertas al p\u00fablico por la ma\u00f1ana<\/p>\n<p>El evento ser\u00e1 presencial y online<\/p>\n<p>https:\/\/www.eventbrite.com\/e\/entradas-neb-lab-symposium-by-espronceda-institute-of-art-and-culutre-430802601177<\/p>\n<p><a href=\"https:\/\/www.espronceda.net\/wp-content\/uploads\/2022\/10\/NEB-Marc-copia.jpg\"><img loading=\"lazy\" decoding=\"async\" class=\"wp-image-24072 size-large aligncenter\" src=\"https:\/\/www.espronceda.net\/wp-content\/uploads\/2022\/10\/NEB-Marc-copia-724x1024.jpg\" alt=\"\" width=\"724\" height=\"1024\" srcset=\"https:\/\/www.espronceda.net\/wp-content\/uploads\/2022\/10\/NEB-Marc-copia-724x1024.jpg 724w, https:\/\/www.espronceda.net\/wp-content\/uploads\/2022\/10\/NEB-Marc-copia-212x300.jpg 212w, https:\/\/www.espronceda.net\/wp-content\/uploads\/2022\/10\/NEB-Marc-copia-768x1086.jpg 768w, https:\/\/www.espronceda.net\/wp-content\/uploads\/2022\/10\/NEB-Marc-copia-1086x1536.jpg 1086w, https:\/\/www.espronceda.net\/wp-content\/uploads\/2022\/10\/NEB-Marc-copia-1448x2048.jpg 1448w, https:\/\/www.espronceda.net\/wp-content\/uploads\/2022\/10\/NEB-Marc-copia-1280x1810.jpg 1280w, https:\/\/www.espronceda.net\/wp-content\/uploads\/2022\/10\/NEB-Marc-copia.jpg 1655w\" sizes=\"auto, (max-width: 724px) 100vw, 724px\" \/><\/a><\/p>\n<p>&nbsp;<\/p>\n<p><iframe loading=\"lazy\" title=\"Symposium New European Bauhaus\" width=\"1170\" height=\"658\" src=\"https:\/\/www.youtube.com\/embed\/cxmfPW5Y_7Y?start=5855&#038;feature=oembed\" frameborder=\"0\" allow=\"accelerometer; autoplay; clipboard-write; encrypted-media; gyroscope; picture-in-picture; web-share\" referrerpolicy=\"strict-origin-when-cross-origin\" allowfullscreen><\/iframe><\/p>\n<h1><\/h1>\n<h1>NUEVO FESTIVAL EUROPEO DEL BAUHAUS 2022\/ ISEA2022 Barcelona, programa ampliado.<br \/>\nCONCIENCIA DIGITAL<\/h1>\n<p>De la educaci\u00f3n al impacto social y la identidad humana<br \/>\nLa sociedad actual se mueve entre lo f\u00edsico y lo digital, ambos territorios forman parte de la misma realidad, por lo que es necesario tomar conciencia de ese flujo a trav\u00e9s de la educaci\u00f3n, la concienciaci\u00f3n social de todas nuestras acciones con respecto a los seres humanos y nuestro ecosistema terrestre. La exploraci\u00f3n de nuevos mundos, metaversos, digitales, es un gran reto el uso consciente de las tecnolog\u00edas avanzadas y al mismo tiempo es importante mantener el patrimonio cultural, material e inmaterial, ligado a la creaci\u00f3n art\u00edstica y a las comunidades.<br \/>\nDel 10 al 18 de junio de 2022. Dentro del programa propuesto por el New European Bauhaus Festival &#8211; eventos paralelos. ESPRONCEDA &#8211; Instituto de Arte y Cultura &#8211; organiza una gran exposici\u00f3n y talleres en colaboraci\u00f3n con entidades nacionales e internacionales, que tambi\u00e9n forman parte de ISEA2022 Barcelona City, la propuesta urbana del Simposio Internacional de Arte Electr\u00f3nico, que este a\u00f1o explora los objetivos humanos y sostenibles.<\/p>\n<p><span style=\"text-decoration: underline;\">Contenido del programa:<\/span><\/p>\n<p><strong>Harddisk Musem:<\/strong><br \/>\nLa propuesta expositiva del artista Solim\u00e1n L\u00f3pez, INTRONS &#8211; consiste en la creaci\u00f3n de entidades digitales tridimensionales que representan el genoma de humanos y plantas, as\u00ed como su entorno de investigaci\u00f3n en el metaverso. El proyecto pretende ampliar el concepto de representaci\u00f3n en nuevos entornos digitales. Es el momento de desarrollar una comprensi\u00f3n m\u00e1s interna del mundo de la materia y la naturaleza. La instalaci\u00f3n consiste en un portal f\u00edsico que, al ser atravesado, convierte la presencia org\u00e1nica en una presencia digital, con identidad propia y que habita en el naciente metaverso.<\/p>\n<p>&nbsp;<\/p>\n<p><strong>AI4Future<\/strong><br \/>\nAI4Future: Arte, inteligencia artificial y activismo. Las obras expuestas proceden de los artistas seleccionados en las convocatorias abiertas de Barcelona, Rotterdam, Mil\u00e1n y Cerde\u00f1a, que colaboran con diversos colectivos activistas que van desde la barrera digital en las ciudades hasta la perspectiva de g\u00e9nero. El uso de la inteligencia artificial de forma creativa ser\u00e1 una herramienta que trabaje a favor de esos objetivos sociales. Artistas\/proyectos: Bernat Cuni\/DIVIDE , Nino Basilashvili\/ Moving forward, Luca Pozzi\/Rosetta Mission 2022, y Chunju Yu\/ Being a Dog.<\/p>\n<p>http:\/\/ai4future.eu\/artists-in-residence<\/p>\n<p>&nbsp;<\/p>\n<p><strong>Universidad de Aalto<\/strong><br \/>\nLa prestigiosa universidad finlandesa Aalto mostrar\u00e1 el proyecto El patrimonio como fuente de conocimiento en la educaci\u00f3n art\u00edstica y del dise\u00f1o, de Lily D\u00edaz-Kommonen, Cvijeta Miljak. El programa de becas de investigaci\u00f3n MA Fellowship ha coincidido con la fase conceptual de las reconstrucciones digitales de dos exposiciones hist\u00f3ricas trascendentales. Se trata de Les Immat\u00e9riaux (Centro Pompidou, 1985) e Iconoclash (ZKM, 2002) desde el oto\u00f1o de 2020 hasta el verano de 2021. La exposici\u00f3n pretende utilizar una combinaci\u00f3n de medios (digitales y anal\u00f3gicos) para crear una experiencia con los visitantes, compartiendo los procesos y resultados de sus metodolog\u00edas de codise\u00f1o. Intentando mostrar una selecci\u00f3n de varios aspectos del trabajo en diferentes momentos, las actividades incluyen sesiones de trabajo en grupo con colectivos locales, tambi\u00e9n explicaci\u00f3n de presentaciones de dise\u00f1o de conceptos y v\u00eddeos de sesiones\/entrevistas individuales con expertos. Este trabajo se ha realizado en el marco del proyecto de investigaci\u00f3n Beyond Matter, Cultural Heritage on the Verge of Virtual Reality, financiado por el programa Europa Creativa, con el ZKM como coordinador y el Centro Pompidou como socio.<\/p>\n<p>&nbsp;<\/p>\n<p><strong>Leonardo ISAST<\/strong><br \/>\nPor \u00faltimo, Leonardo ISAST (Sociedad Internacional para el Arte, la Ciencia y la Tecnolog\u00eda) presenta en Barcelona \u00abConciencia digital para futuros sostenibles\u00bb, que explora las posibilidades de futuros globales que reimaginan todo para un mundo m\u00e1s vibrante, justo y regenerativo. Seleccionado a partir de colaboraciones en toda la Leosfera en asociaci\u00f3n con Wisdom VR, ASU&#8217;s Seize the Moment, Meteor Studio, Interplanetary Initiative, los espectadores experimentan la RV inmersiva, la RA y el videoarte abordando los desaf\u00edos del cambio clim\u00e1tico, la guerra y la sostenibilidad.<\/p>\n<p>Comisariado por Alejandro Mart\u00edn.<br \/>\nDirecci\u00f3n: Carrer d&#8217;Espronceda 326, nave 4-5. 08017 Barcelona<\/p>\n<p>&nbsp;<\/p>\n<p><strong>ACTIVIDADES ESPEC\u00cdFICAS <\/strong><br \/>\n10 DE JUNIO. 17:00 h. Preestreno para la prensa.<br \/>\n10 DE JUNIO. Inauguraci\u00f3n de la exposici\u00f3n y visita guiada. De 19:00 a 21:00 h. Con la presencia de artistas y colaboradores.<br \/>\n11 de junio. De 12:00 a 15:00 horas Taller de la Universidad de Aalto sobre: El patrimonio cultural como fuente de conocimiento en la ense\u00f1anza del arte y el dise\u00f1o.<br \/>\nD\u00eda 13 de junio.<br \/>\nDe 16:00 a 18:00 h. Jornada de puertas abiertas con artistas de Leonardo ISAST.<br \/>\nDe 19:00 a 21:00 h. Visita guiada para expertos y visitantes de ISEA 2022.<\/p>\n<p>&nbsp;<\/p>\n<p><a href=\"https:\/\/www.espronceda.net\/wp-content\/uploads\/2022\/05\/Flyer_NewEuropeanBauhaus-2.png\"><img loading=\"lazy\" decoding=\"async\" class=\"wp-image-22789 size-large aligncenter\" src=\"https:\/\/www.espronceda.net\/wp-content\/uploads\/2022\/05\/Flyer_NewEuropeanBauhaus-2-827x1024.png\" alt=\"\" width=\"827\" height=\"1024\" srcset=\"https:\/\/www.espronceda.net\/wp-content\/uploads\/2022\/05\/Flyer_NewEuropeanBauhaus-2-827x1024.png 827w, https:\/\/www.espronceda.net\/wp-content\/uploads\/2022\/05\/Flyer_NewEuropeanBauhaus-2-242x300.png 242w, https:\/\/www.espronceda.net\/wp-content\/uploads\/2022\/05\/Flyer_NewEuropeanBauhaus-2-768x951.png 768w, https:\/\/www.espronceda.net\/wp-content\/uploads\/2022\/05\/Flyer_NewEuropeanBauhaus-2-1240x1536.png 1240w, https:\/\/www.espronceda.net\/wp-content\/uploads\/2022\/05\/Flyer_NewEuropeanBauhaus-2-1654x2048.png 1654w, https:\/\/www.espronceda.net\/wp-content\/uploads\/2022\/05\/Flyer_NewEuropeanBauhaus-2-1280x1585.png 1280w, https:\/\/www.espronceda.net\/wp-content\/uploads\/2022\/05\/Flyer_NewEuropeanBauhaus-2.png 1800w\" sizes=\"auto, (max-width: 827px) 100vw, 827px\" \/><\/a><\/p>\n","protected":false},"excerpt":{"rendered":"<p>&nbsp; &nbsp; Espronceda, Instituto de Arte y Cultura es oficialmente socio de la Nueva Bauhaus Europea! &nbsp; &nbsp; NEB LAB Simposio: La creaci\u00f3n de un ecosistema de cultura sostenible. 20 Octubre 2022 ESPRONCEDA \u2013 Institute of Art &amp; Culture. Barcelona. Es necesario que el \u00e1mbito cultural y social adapte nuevas formas y pr\u00e1cticas para asegurar la sostenibilidad de nuestro planeta. [&hellip;]<\/p>\n","protected":false},"author":30,"featured_media":22468,"parent":0,"menu_order":0,"comment_status":"closed","ping_status":"closed","template":"","meta":{"footnotes":""},"class_list":["post-28458","page","type-page","status-publish","has-post-thumbnail","hentry"],"_links":{"self":[{"href":"https:\/\/www.espronceda.net\/es\/wp-json\/wp\/v2\/pages\/28458","targetHints":{"allow":["GET"]}}],"collection":[{"href":"https:\/\/www.espronceda.net\/es\/wp-json\/wp\/v2\/pages"}],"about":[{"href":"https:\/\/www.espronceda.net\/es\/wp-json\/wp\/v2\/types\/page"}],"author":[{"embeddable":true,"href":"https:\/\/www.espronceda.net\/es\/wp-json\/wp\/v2\/users\/30"}],"replies":[{"embeddable":true,"href":"https:\/\/www.espronceda.net\/es\/wp-json\/wp\/v2\/comments?post=28458"}],"version-history":[{"count":2,"href":"https:\/\/www.espronceda.net\/es\/wp-json\/wp\/v2\/pages\/28458\/revisions"}],"predecessor-version":[{"id":28465,"href":"https:\/\/www.espronceda.net\/es\/wp-json\/wp\/v2\/pages\/28458\/revisions\/28465"}],"wp:featuredmedia":[{"embeddable":true,"href":"https:\/\/www.espronceda.net\/es\/wp-json\/wp\/v2\/media\/22468"}],"wp:attachment":[{"href":"https:\/\/www.espronceda.net\/es\/wp-json\/wp\/v2\/media?parent=28458"}],"curies":[{"name":"wp","href":"https:\/\/api.w.org\/{rel}","templated":true}]}}