{"id":28471,"date":"2025-02-03T09:41:53","date_gmt":"2025-02-03T08:41:53","guid":{"rendered":"https:\/\/www.espronceda.net\/?page_id=28471"},"modified":"2025-02-03T16:34:46","modified_gmt":"2025-02-03T15:34:46","slug":"programa-neb-inclusio","status":"publish","type":"page","link":"https:\/\/www.espronceda.net\/es\/programa-neb-inclusio\/","title":{"rendered":"Programa NEB  &#038; Inclusi\u00f3"},"content":{"rendered":"<h1><b>Programa NEB &amp; Inclusi\u00f3<\/b><\/h1>\n<h3><b><br \/>\nUn compromiso con la diversidad y la creatividad<\/b><\/h3>\n<p><span style=\"font-weight: 400;\">El programa NEB &amp; Inclusi\u00f3, enmarcado en las residencias art\u00edsticas de <\/span><b>ESPRONCEDA<\/b><span style=\"font-weight: 400;\">, promueve valores esenciales como la tolerancia, el respeto a la diversidad cultural, la colaboraci\u00f3n creativa, la inclusi\u00f3n y la democracia. A trav\u00e9s del arte y la creatividad, este programa busca fomentar sinergias entre comunidades locales, nacionales e internacionales, con un fuerte compromiso hacia los Objetivos de Desarrollo Sostenible (ODS). El objetivo principal es posicionar el arte y la cultura como ejes clave para abordar problem\u00e1ticas sociales, eliminar barreras y promover una sociedad inclusiva e innovadora.<\/span><\/p>\n<h3><\/h3>\n<h3><b>Actividades destacadas del programa NEB &amp; Inclusi\u00f3 2024<\/b><\/h3>\n<h4><span style=\"font-weight: 400;\">1. Residencia \u00abVoices of Community\u00bb (Mayo 2024)<\/span><\/h4>\n<ul>\n<li style=\"font-weight: 400;\" aria-level=\"1\"><span style=\"font-weight: 400;\">Participantes: artistas de comunidades con lenguas minoritarias como el aran\u00e9s, seto, c\u00f3rnico, croata de Burgenland y arom\u00e1nico.<\/span><\/li>\n<li style=\"font-weight: 400;\" aria-level=\"1\"><span style=\"font-weight: 400;\">Actividades: talleres creativos, colaboraciones con Felicia Trouvenot y Alid\u00e9 Sans, y creaci\u00f3n de la pieza conjunta \u00abWoodpeckers,\u00bb inspirada en sonidos naturales.<\/span><\/li>\n<\/ul>\n<h4><img loading=\"lazy\" decoding=\"async\" class=\"aligncenter wp-image-28474 size-large\" src=\"https:\/\/www.espronceda.net\/wp-content\/uploads\/2025\/02\/FLYER-NEBInclusio-Residencia-_Voices-of-Community_-projecte-digital-Kieli-a-SONAR-D-1024x1024.webp\" alt=\"\" width=\"1024\" height=\"1024\" srcset=\"https:\/\/www.espronceda.net\/wp-content\/uploads\/2025\/02\/FLYER-NEBInclusio-Residencia-_Voices-of-Community_-projecte-digital-Kieli-a-SONAR-D-1024x1024.webp 1024w, https:\/\/www.espronceda.net\/wp-content\/uploads\/2025\/02\/FLYER-NEBInclusio-Residencia-_Voices-of-Community_-projecte-digital-Kieli-a-SONAR-D-300x300.webp 300w, https:\/\/www.espronceda.net\/wp-content\/uploads\/2025\/02\/FLYER-NEBInclusio-Residencia-_Voices-of-Community_-projecte-digital-Kieli-a-SONAR-D-150x150.webp 150w, https:\/\/www.espronceda.net\/wp-content\/uploads\/2025\/02\/FLYER-NEBInclusio-Residencia-_Voices-of-Community_-projecte-digital-Kieli-a-SONAR-D-768x768.webp 768w, https:\/\/www.espronceda.net\/wp-content\/uploads\/2025\/02\/FLYER-NEBInclusio-Residencia-_Voices-of-Community_-projecte-digital-Kieli-a-SONAR-D.webp 1080w\" sizes=\"auto, (max-width: 1024px) 100vw, 1024px\" \/><\/h4>\n<h4><span style=\"font-weight: 400;\"><\/p>\n<p>2. IMMENSIVA London-Barcelona (Junio-Julio 2024)<\/span><\/h4>\n<ul>\n<li style=\"font-weight: 400;\" aria-level=\"1\"><span style=\"font-weight: 400;\">Contexto: residencia inmersiva en colaboraci\u00f3n con la Royal Academy of Arts, implicando a artistas catalanes.<\/span><\/li>\n<li style=\"font-weight: 400;\" aria-level=\"1\"><span style=\"font-weight: 400;\">Resultados: desarrollo de proyectos utilizando tecnolog\u00edas VR y AR y una exposici\u00f3n final.<\/span><\/li>\n<\/ul>\n<h4><\/h4>\n<h4><span style=\"font-weight: 400;\">3. Talleres de Inclusi\u00f3n e Ilusi\u00f3n (Junio-Julio 2024)<\/span><\/h4>\n<ul>\n<li style=\"font-weight: 400;\" aria-level=\"1\"><span style=\"font-weight: 400;\">Participantes: ni\u00f1os, personas mayores y familias del barrio de Navas.<\/span><\/li>\n<li style=\"font-weight: 400;\" aria-level=\"1\"><span style=\"font-weight: 400;\">Actividades: Talleres con enfoque en la creatividad intergeneracional.<\/span><\/li>\n<\/ul>\n<p><img loading=\"lazy\" decoding=\"async\" class=\"aligncenter wp-image-28501 size-large\" src=\"https:\/\/www.espronceda.net\/wp-content\/uploads\/2025\/02\/Flyer-NEB-INCLUSIO-Taller-07-1024x1024.webp\" alt=\"\" width=\"1024\" height=\"1024\" srcset=\"https:\/\/www.espronceda.net\/wp-content\/uploads\/2025\/02\/Flyer-NEB-INCLUSIO-Taller-07-1024x1024.webp 1024w, https:\/\/www.espronceda.net\/wp-content\/uploads\/2025\/02\/Flyer-NEB-INCLUSIO-Taller-07-300x300.webp 300w, https:\/\/www.espronceda.net\/wp-content\/uploads\/2025\/02\/Flyer-NEB-INCLUSIO-Taller-07-150x150.webp 150w, https:\/\/www.espronceda.net\/wp-content\/uploads\/2025\/02\/Flyer-NEB-INCLUSIO-Taller-07-768x768.webp 768w, https:\/\/www.espronceda.net\/wp-content\/uploads\/2025\/02\/Flyer-NEB-INCLUSIO-Taller-07.webp 1080w\" sizes=\"auto, (max-width: 1024px) 100vw, 1024px\" \/><\/p>\n<p><img loading=\"lazy\" decoding=\"async\" class=\"aligncenter wp-image-28504 size-large\" src=\"https:\/\/www.espronceda.net\/wp-content\/uploads\/2025\/02\/Flyer-NEB-INCLUSIO-Taller-10.07-Inclusion-e-Illusion-1024x1024.webp\" alt=\"\" width=\"1024\" height=\"1024\" srcset=\"https:\/\/www.espronceda.net\/wp-content\/uploads\/2025\/02\/Flyer-NEB-INCLUSIO-Taller-10.07-Inclusion-e-Illusion-1024x1024.webp 1024w, https:\/\/www.espronceda.net\/wp-content\/uploads\/2025\/02\/Flyer-NEB-INCLUSIO-Taller-10.07-Inclusion-e-Illusion-300x300.webp 300w, https:\/\/www.espronceda.net\/wp-content\/uploads\/2025\/02\/Flyer-NEB-INCLUSIO-Taller-10.07-Inclusion-e-Illusion-150x150.webp 150w, https:\/\/www.espronceda.net\/wp-content\/uploads\/2025\/02\/Flyer-NEB-INCLUSIO-Taller-10.07-Inclusion-e-Illusion-768x768.webp 768w, https:\/\/www.espronceda.net\/wp-content\/uploads\/2025\/02\/Flyer-NEB-INCLUSIO-Taller-10.07-Inclusion-e-Illusion.webp 1080w\" sizes=\"auto, (max-width: 1024px) 100vw, 1024px\" \/><\/p>\n<h4><\/h4>\n<h4><span style=\"font-weight: 400;\">4. Arte y Adelante (Septiembre 2024)<\/span><\/h4>\n<ul>\n<li style=\"font-weight: 400;\" aria-level=\"1\"><span style=\"font-weight: 400;\">Objetivo: apoyo a artistas con recursos limitados.<\/span><\/li>\n<li style=\"font-weight: 400;\" aria-level=\"1\"><span style=\"font-weight: 400;\">Actividades: capacitaci\u00f3n digital con PMP, introducci\u00f3n al Kit Digital Next Gen y oportunidades de networking.<\/span><\/li>\n<\/ul>\n<h4><img loading=\"lazy\" decoding=\"async\" class=\"aligncenter wp-image-28477 size-large\" src=\"https:\/\/www.espronceda.net\/wp-content\/uploads\/2025\/02\/05.09_NEB-INCLUSIO_FLYER_MAS-GRANDE-1024x1024.webp\" alt=\"\" width=\"1024\" height=\"1024\" srcset=\"https:\/\/www.espronceda.net\/wp-content\/uploads\/2025\/02\/05.09_NEB-INCLUSIO_FLYER_MAS-GRANDE-1024x1024.webp 1024w, https:\/\/www.espronceda.net\/wp-content\/uploads\/2025\/02\/05.09_NEB-INCLUSIO_FLYER_MAS-GRANDE-300x300.webp 300w, https:\/\/www.espronceda.net\/wp-content\/uploads\/2025\/02\/05.09_NEB-INCLUSIO_FLYER_MAS-GRANDE-150x150.webp 150w, https:\/\/www.espronceda.net\/wp-content\/uploads\/2025\/02\/05.09_NEB-INCLUSIO_FLYER_MAS-GRANDE-768x768.webp 768w, https:\/\/www.espronceda.net\/wp-content\/uploads\/2025\/02\/05.09_NEB-INCLUSIO_FLYER_MAS-GRANDE.webp 1080w\" sizes=\"auto, (max-width: 1024px) 100vw, 1024px\" \/><\/h4>\n<p>&nbsp;<\/p>\n<h4><span style=\"font-weight: 400;\">5. Hackathon Metaverso Navas (Diciembre 2024)<\/span><\/h4>\n<ul>\n<li style=\"font-weight: 400;\" aria-level=\"1\"><span style=\"font-weight: 400;\">Participantes: estudiantes de bachillerato del barrio de Navas.<\/span><\/li>\n<li style=\"font-weight: 400;\" aria-level=\"1\"><span style=\"font-weight: 400;\">Actividades: formaci\u00f3n en tecnolog\u00edas inmersivas y proyectos colaborativos reflexionando sobre la comunidad.<\/span><\/li>\n<\/ul>\n<h3><img loading=\"lazy\" decoding=\"async\" class=\"aligncenter wp-image-28480 size-large\" src=\"https:\/\/www.espronceda.net\/wp-content\/uploads\/2025\/02\/Flyer-Hackathon-Metavers-Navas-12-2024-1-1024x1024.webp\" alt=\"\" width=\"1024\" height=\"1024\" srcset=\"https:\/\/www.espronceda.net\/wp-content\/uploads\/2025\/02\/Flyer-Hackathon-Metavers-Navas-12-2024-1-1024x1024.webp 1024w, https:\/\/www.espronceda.net\/wp-content\/uploads\/2025\/02\/Flyer-Hackathon-Metavers-Navas-12-2024-1-300x300.webp 300w, https:\/\/www.espronceda.net\/wp-content\/uploads\/2025\/02\/Flyer-Hackathon-Metavers-Navas-12-2024-1-150x150.webp 150w, https:\/\/www.espronceda.net\/wp-content\/uploads\/2025\/02\/Flyer-Hackathon-Metavers-Navas-12-2024-1-768x768.webp 768w, https:\/\/www.espronceda.net\/wp-content\/uploads\/2025\/02\/Flyer-Hackathon-Metavers-Navas-12-2024-1.webp 1080w\" sizes=\"auto, (max-width: 1024px) 100vw, 1024px\" \/><\/h3>\n<h3><\/h3>\n<h3><b>Innovaci\u00f3n e inclusi\u00f3n cultural<\/b><\/h3>\n<p><span style=\"font-weight: 400;\">El programa NEB &amp; Inclusi\u00f3 se destaca por integrar el arte y la tecnolog\u00eda como herramientas transformadoras, promoviendo la diversidad cultural y la inclusi\u00f3n social. Con proyectos como \u00abVoices of Community\u00bb y \u00abKieli,\u00bb ESPRONCEDA no solo reflexiona sobre la sostenibilidad y la identidad cultural, sino que tambi\u00e9n crea espacios innovadores para preservar y potenciar lenguas y tradiciones minoritarias. A trav\u00e9s de residencias, talleres y eventos, se conectan comunidades diversas, fomentando una sociedad m\u00e1s justa, creativa y cohesionada.<\/span><\/p>\n","protected":false},"excerpt":{"rendered":"<p>Programa NEB &amp; Inclusi\u00f3 Un compromiso con la diversidad y la creatividad El programa NEB &amp; Inclusi\u00f3, enmarcado en las residencias art\u00edsticas de ESPRONCEDA, promueve valores esenciales como la tolerancia, el respeto a la diversidad cultural, la colaboraci\u00f3n creativa, la inclusi\u00f3n y la democracia. A trav\u00e9s del arte y la creatividad, este programa busca fomentar sinergias entre comunidades locales, nacionales [&hellip;]<\/p>\n","protected":false},"author":30,"featured_media":22468,"parent":0,"menu_order":0,"comment_status":"closed","ping_status":"closed","template":"","meta":{"footnotes":""},"class_list":["post-28471","page","type-page","status-publish","has-post-thumbnail","hentry"],"_links":{"self":[{"href":"https:\/\/www.espronceda.net\/es\/wp-json\/wp\/v2\/pages\/28471","targetHints":{"allow":["GET"]}}],"collection":[{"href":"https:\/\/www.espronceda.net\/es\/wp-json\/wp\/v2\/pages"}],"about":[{"href":"https:\/\/www.espronceda.net\/es\/wp-json\/wp\/v2\/types\/page"}],"author":[{"embeddable":true,"href":"https:\/\/www.espronceda.net\/es\/wp-json\/wp\/v2\/users\/30"}],"replies":[{"embeddable":true,"href":"https:\/\/www.espronceda.net\/es\/wp-json\/wp\/v2\/comments?post=28471"}],"version-history":[{"count":2,"href":"https:\/\/www.espronceda.net\/es\/wp-json\/wp\/v2\/pages\/28471\/revisions"}],"predecessor-version":[{"id":28507,"href":"https:\/\/www.espronceda.net\/es\/wp-json\/wp\/v2\/pages\/28471\/revisions\/28507"}],"wp:featuredmedia":[{"embeddable":true,"href":"https:\/\/www.espronceda.net\/es\/wp-json\/wp\/v2\/media\/22468"}],"wp:attachment":[{"href":"https:\/\/www.espronceda.net\/es\/wp-json\/wp\/v2\/media?parent=28471"}],"curies":[{"name":"wp","href":"https:\/\/api.w.org\/{rel}","templated":true}]}}