{"id":28571,"date":"2025-02-23T21:27:26","date_gmt":"2025-02-23T20:27:26","guid":{"rendered":"https:\/\/www.espronceda.net\/?page_id=28571"},"modified":"2025-02-23T21:57:19","modified_gmt":"2025-02-23T20:57:19","slug":"punto-lila","status":"publish","type":"page","link":"https:\/\/www.espronceda.net\/es\/punto-lila\/","title":{"rendered":"Punto Lila"},"content":{"rendered":"<p>En ESPRONCEDA Institute of Art &amp; Culture nos comprometemos a garantizar un espacio seguro y libre de violencias machistas y LGTBI-f\u00f3bicas.<\/p>\n<p>No toleramos ning\u00fan tipo de agresi\u00f3n o discriminaci\u00f3n. Para ello, hemos creado un protocolo de actuaci\u00f3n, basado en protocolos de colectivos feministas y transfeministas, que garantiza seguridad y apoyo en situaciones de agresi\u00f3n.<\/p>\n<p>El Punto Lila est\u00e1 disponible al entrar en nuestra galer\u00eda, a la izquierda, y est\u00e1 claramente se\u00f1alizado para quienes necesiten apoyo, informaci\u00f3n o asesoramiento. Queremos que todas las personas se sientan seguras y acompa\u00f1adas en nuestro espacio.<\/p>\n<p>Consulta el protocolo completo <a href=\"https:\/\/www.espronceda.net\/wp-content\/uploads\/2025\/02\/PROTOCOLO-PUNTO-LILA_ES.pdf\"><u>aqu\u00ed<\/u><\/a>.<\/p>\n<p>&nbsp;<\/p>\n","protected":false},"excerpt":{"rendered":"<p>En ESPRONCEDA Institute of Art &amp; Culture nos comprometemos a garantizar un espacio seguro y libre de violencias machistas y LGTBI-f\u00f3bicas. No toleramos ning\u00fan tipo de agresi\u00f3n o discriminaci\u00f3n. Para ello, hemos creado un protocolo de actuaci\u00f3n, basado en protocolos de colectivos feministas y transfeministas, que garantiza seguridad y apoyo en situaciones de agresi\u00f3n. El Punto Lila est\u00e1 disponible al [&hellip;]<\/p>\n","protected":false},"author":30,"featured_media":22468,"parent":0,"menu_order":0,"comment_status":"closed","ping_status":"closed","template":"","meta":{"footnotes":""},"class_list":["post-28571","page","type-page","status-publish","has-post-thumbnail","hentry"],"_links":{"self":[{"href":"https:\/\/www.espronceda.net\/es\/wp-json\/wp\/v2\/pages\/28571","targetHints":{"allow":["GET"]}}],"collection":[{"href":"https:\/\/www.espronceda.net\/es\/wp-json\/wp\/v2\/pages"}],"about":[{"href":"https:\/\/www.espronceda.net\/es\/wp-json\/wp\/v2\/types\/page"}],"author":[{"embeddable":true,"href":"https:\/\/www.espronceda.net\/es\/wp-json\/wp\/v2\/users\/30"}],"replies":[{"embeddable":true,"href":"https:\/\/www.espronceda.net\/es\/wp-json\/wp\/v2\/comments?post=28571"}],"version-history":[{"count":3,"href":"https:\/\/www.espronceda.net\/es\/wp-json\/wp\/v2\/pages\/28571\/revisions"}],"predecessor-version":[{"id":28612,"href":"https:\/\/www.espronceda.net\/es\/wp-json\/wp\/v2\/pages\/28571\/revisions\/28612"}],"wp:featuredmedia":[{"embeddable":true,"href":"https:\/\/www.espronceda.net\/es\/wp-json\/wp\/v2\/media\/22468"}],"wp:attachment":[{"href":"https:\/\/www.espronceda.net\/es\/wp-json\/wp\/v2\/media?parent=28571"}],"curies":[{"name":"wp","href":"https:\/\/api.w.org\/{rel}","templated":true}]}}