{"id":5568,"date":"2017-11-28T17:15:41","date_gmt":"2017-11-28T16:15:41","guid":{"rendered":"http:\/\/www.espronceda.net\/?page_id=5568"},"modified":"2020-03-19T14:05:26","modified_gmt":"2020-03-19T13:05:26","slug":"opencall-sustainable-views","status":"publish","type":"page","link":"https:\/\/www.espronceda.net\/es\/opencall-sustainable-views\/","title":{"rendered":"Open Call Sustainable Views"},"content":{"rendered":"<p><img loading=\"lazy\" decoding=\"async\" class=\"alignnone size-full wp-image-13006\" src=\"https:\/\/www.espronceda.net\/wp-content\/uploads\/2020\/03\/senza-titolo-7.jpg\" alt=\"\" width=\"1200\" height=\"630\" srcset=\"https:\/\/www.espronceda.net\/wp-content\/uploads\/2020\/03\/senza-titolo-7.jpg 1200w, https:\/\/www.espronceda.net\/wp-content\/uploads\/2020\/03\/senza-titolo-7-300x158.jpg 300w, https:\/\/www.espronceda.net\/wp-content\/uploads\/2020\/03\/senza-titolo-7-768x403.jpg 768w, https:\/\/www.espronceda.net\/wp-content\/uploads\/2020\/03\/senza-titolo-7-1024x538.jpg 1024w\" sizes=\"auto, (max-width: 1200px) 100vw, 1200px\" \/><\/p>\n<p>La convocatoria est\u00e1 dirigida a artistas italianos e internacionales involucrados en la realizaci\u00f3n de videos, que desean proponer una visi\u00f3n creativa en t\u00e9rminos de sostenibilidad ambiental y reciclaje responsable.<\/p>\n<p>El objetivo es proporcionar ideas para un estilo de vida sostenible a trav\u00e9s de la documentaci\u00f3n en video de las soluciones ya existentes, o abordar los problemas de la sostenibilidad ambiental (incluido el reciclaje y la eliminaci\u00f3n de residuos) con una visi\u00f3n proactiva, ut\u00f3pica y positiva, para estimular la reflexi\u00f3n sobre cambio clim\u00e1tico.<\/p>\n<p>El concurso es el resultado de la cooperaci\u00f3n entre diferentes empresas y organizaciones de Tur\u00edn, Biella y Barcelona &#8211; Ok Bio, Collettivo IF, Cittadellarte &#8211; Fondazione Pistoletto, PAV &#8211; Parco Arte Vivente, Espronceda &#8211; Instituto de Arte y Cultura &#8211; y patrocinado por Albertina Academy of Bellas Artes de Tur\u00edn. Est\u00e1 promovido por Ok Bio, una compa\u00f1\u00eda de Biella, durante el evento \u201cDove lo getto? &#8211; Quello che devi sapere sul monouso compostabile e il riciclaggio \u201d.<\/p>\n<p>Para postularse a la Convocatoria Abierta \u00abSustainable Views\u00bb, descargue el PDF (en ingl\u00e9s) disponible en el siguiente enlace:<\/p>\n<p><a href=\"https:\/\/www.espronceda.net\/wp-content\/uploads\/2020\/03\/CALL-eng-.pdf\">Guidelines to Open Call Sustainable Views &#8211; ENGLISH<\/a><\/p>\n<p>Puedes tambi\u00e9n acceder a\u00a0<a href=\"https:\/\/collettivoif.com\/2020\/03\/02\/1250\/?fbclid=IwAR307VlGX6Pblf4IdsoJkszPuTQW05t_pHBlNOYY3XICfynnCZdj0tIx84U\"><strong>este s\u00edtio web<\/strong><\/a>\u00a0para m\u00e1s informaciones.<\/p>\n<p>_______________<\/p>\n<p class=\"p1\"><span class=\"s1\"><b>Sobre Espronceda<\/b><\/span><\/p>\n<p class=\"p1\">Espronceda &#8211; Center for Art &amp; Culture, fundado en 2013 en Barcelona, \u200b\u200bes un innovador y contempor\u00e1neo centro de arte, exposici\u00f3n y espacio de trabajo. Proporciona una plataforma y un entorno multidisciplinario para artistas, curadores y todos los que creen en la importancia del arte, la cultura y la educaci\u00f3n para un mundo m\u00e1s creativo y mejor. Espronceda organiza: Programa de artista en residencia, programa de curador en residencia, actividades educativas y culturales. Fomenta a artistas internacionales establecidos y aspirantes a desarrollar su trabajo y difundir su inspiraci\u00f3n m\u00e1s all\u00e1 de nuestra galer\u00eda. Transform\u00f3 antiguos espacios industriales en un crisol de vanguardia para la cultura y el arte. Espronceda fomenta la conexi\u00f3n con la comunidad local y la creaci\u00f3n de una red global entre artistas, empresas, instituciones culturales y art\u00edsticas para un cambio social a trav\u00e9s del arte. Espronceda estimula un intercambio cultural e intelectual entre residentes, artistas locales y estudiantes de la Universidad de Barcelona. Se puede invitar a los residentes a dar conferencias o presentaciones sobre su trabajo en seminarios y talleres para estudiantes.<\/p>\n<p><b>Las instalaciones y condiciones de alojamiento<\/b><\/p>\n<p>Los artistas seleccionados se alojar\u00e1n en una habitaci\u00f3n privada en un apartamento compartido con una cocina totalmente equipada, una gran mesa de comedor y reuni\u00f3n, sal\u00f3n, dos ba\u00f1os con ducha, lavadora e internet. No se requerir\u00e1 que el artista pague por su estad\u00eda, pero deber\u00e1 considerar los gastos con alimentos y otras actividades diarias.<\/p>\n<div class='gallery'><dl class='gallery-item'>\n\t\t\t<dt class='gallery-icon landscape'>\n\t\t\t\t<a class=\"view\" rel='gallery' href='https:\/\/www.espronceda.net\/wp-content\/uploads\/2019\/04\/OA6A0066.jpg'><img loading=\"lazy\" decoding=\"async\" width=\"150\" height=\"150\" src=\"https:\/\/www.espronceda.net\/wp-content\/uploads\/2019\/04\/OA6A0066-150x150.jpg\" class=\"attachment-thumbnail size-thumbnail\" alt=\"\" aria-describedby=\"gallery-1-10452\" title=\"OA6A0066\" \/><\/a>\n\t\t\t<\/dt>\n\t\t\t\t<dd class='wp-caption-text gallery-caption' id='gallery-1-10452'>\n\t\t\t\tmain gallery \n\t\t\t\t<\/dd><\/dl><dl class='gallery-item'>\n\t\t\t<dt class='gallery-icon landscape'>\n\t\t\t\t<a class=\"view\" rel='gallery' href='https:\/\/www.espronceda.net\/wp-content\/uploads\/2019\/04\/OA6A0072.jpg'><img loading=\"lazy\" decoding=\"async\" width=\"150\" height=\"150\" src=\"https:\/\/www.espronceda.net\/wp-content\/uploads\/2019\/04\/OA6A0072-150x150.jpg\" class=\"attachment-thumbnail size-thumbnail\" alt=\"\" aria-describedby=\"gallery-1-10455\" title=\"OA6A0072\" \/><\/a>\n\t\t\t<\/dt>\n\t\t\t\t<dd class='wp-caption-text gallery-caption' id='gallery-1-10455'>\n\t\t\t\tmain gallery \n\t\t\t\t<\/dd><\/dl><dl class='gallery-item'>\n\t\t\t<dt class='gallery-icon landscape'>\n\t\t\t\t<a class=\"view\" rel='gallery' href='https:\/\/www.espronceda.net\/wp-content\/uploads\/2019\/04\/OA6A0076.jpg'><img loading=\"lazy\" decoding=\"async\" width=\"150\" height=\"150\" src=\"https:\/\/www.espronceda.net\/wp-content\/uploads\/2019\/04\/OA6A0076-150x150.jpg\" class=\"attachment-thumbnail size-thumbnail\" alt=\"\" aria-describedby=\"gallery-1-10458\" title=\"OA6A0076\" \/><\/a>\n\t\t\t<\/dt>\n\t\t\t\t<dd class='wp-caption-text gallery-caption' id='gallery-1-10458'>\n\t\t\t\tmain gallery \n\t\t\t\t<\/dd><\/dl><br style=\"clear: both\" \/>\n\t\t<\/div>\n\n<p class=\"p11\"><span class=\"s5\"><b>\u00a0<\/b><\/span><\/p>\n<p>_____________________________________________________________________________________<\/p>\n<p>Aqu\u00ed encontrar\u00e1s nuestras llamadas abiertas anteriores:<\/p>\n<p><em><strong>2018<\/strong><\/em><\/p>\n<p><strong>Convocatoria general abierta. Residencias en agosto y septiembre de 2018<\/strong><\/p>\n<p><img loading=\"lazy\" decoding=\"async\" class=\"alignnone size-large wp-image-5665\" src=\"https:\/\/www.espronceda.net\/wp-content\/uploads\/2017\/12\/Open-call-horizontal-web-7-1024x584.jpg\" alt=\"\" width=\"1024\" height=\"584\" srcset=\"https:\/\/www.espronceda.net\/wp-content\/uploads\/2017\/12\/Open-call-horizontal-web-7-1024x584.jpg 1024w, https:\/\/www.espronceda.net\/wp-content\/uploads\/2017\/12\/Open-call-horizontal-web-7-300x171.jpg 300w, https:\/\/www.espronceda.net\/wp-content\/uploads\/2017\/12\/Open-call-horizontal-web-7-768x438.jpg 768w, https:\/\/www.espronceda.net\/wp-content\/uploads\/2017\/12\/Open-call-horizontal-web-7-1280x730.jpg 1280w, https:\/\/www.espronceda.net\/wp-content\/uploads\/2017\/12\/Open-call-horizontal-web-7.jpg 1754w\" sizes=\"auto, (max-width: 1024px) 100vw, 1024px\" \/><\/p>\n<p>\u00abSeleccionaremos dos artistas de entregas de proyectos que se desarrollar\u00e1n en nuestro programa de residencia en 2018. Acomodaci\u00f3n por un per\u00edodo de 5 semanas y un presupuesto de hasta 500 \u20ac estar\u00e1 disponible para artistas seleccionados\u00bb.<\/p>\n<h2>ga\u00f1adores:<\/h2>\n<h3><a href=\"https:\/\/www.espronceda.net\/?portfolio=georg-pinteritsch\">Georg Pinteritch<\/a><\/h3>\n<h3><a href=\"https:\/\/www.espronceda.net\/?portfolio=kaoru-shibu\">Kaoru Shibuta<\/a><\/h3>\n<p>________________________________________________________________<\/p>\n<h4>Convocatoria General Abierta Act Utopia Lab<\/h4>\n<p><img loading=\"lazy\" decoding=\"async\" class=\"alignnone size-large wp-image-13125\" src=\"https:\/\/www.espronceda.net\/wp-content\/uploads\/2020\/03\/invitacio\u0301n-act-utopia-lab-1024x722.jpg\" alt=\"\" width=\"1024\" height=\"722\" srcset=\"https:\/\/www.espronceda.net\/wp-content\/uploads\/2020\/03\/invitacio\u0301n-act-utopia-lab-1024x722.jpg 1024w, https:\/\/www.espronceda.net\/wp-content\/uploads\/2020\/03\/invitacio\u0301n-act-utopia-lab-300x211.jpg 300w, https:\/\/www.espronceda.net\/wp-content\/uploads\/2020\/03\/invitacio\u0301n-act-utopia-lab-768x541.jpg 768w, https:\/\/www.espronceda.net\/wp-content\/uploads\/2020\/03\/invitacio\u0301n-act-utopia-lab-1280x902.jpg 1280w\" sizes=\"auto, (max-width: 1024px) 100vw, 1024px\" \/><\/p>\n<p>\u00abSe seleccionar\u00e1 un ganador para ganar una subvenci\u00f3n de 1.000 \u20ac para ayudar al lanzamiento de una startup creativa\u00bb.<\/p>\n<p>No hubo ganadores seleccionados para esta edici\u00f3n.<\/p>\n<p>________________________________________________________________<\/p>\n<h4><em>2019<\/em><\/h4>\n<h4>Convocatoria General Abierta para residencias en Marzo y Abril de 2020:<\/h4>\n<p><img loading=\"lazy\" decoding=\"async\" class=\"alignnone size-large wp-image-13089\" src=\"https:\/\/www.espronceda.net\/wp-content\/uploads\/2020\/03\/CALL-01-1024x422.jpg\" alt=\"\" width=\"1024\" height=\"422\" srcset=\"https:\/\/www.espronceda.net\/wp-content\/uploads\/2020\/03\/CALL-01-1024x422.jpg 1024w, https:\/\/www.espronceda.net\/wp-content\/uploads\/2020\/03\/CALL-01-300x124.jpg 300w, https:\/\/www.espronceda.net\/wp-content\/uploads\/2020\/03\/CALL-01-768x317.jpg 768w, https:\/\/www.espronceda.net\/wp-content\/uploads\/2020\/03\/CALL-01-1280x528.jpg 1280w\" sizes=\"auto, (max-width: 1024px) 100vw, 1024px\" \/><\/p>\n<p>\u00abSeleccionaremos dos artistas de entregas de proyectos que se desarrollar\u00e1n en nuestro programa de residencia en 2018. Acomodaci\u00f3n por un per\u00edodo de 5 semanas y un presupuesto de hasta 500 \u20ac estar\u00e1 disponible para artistas seleccionados\u00bb.<\/p>\n<h2>ga\u00f1adores:<\/h2>\n<h3><a href=\"https:\/\/www.espronceda.net\/?portfolio=andrea-siervo\">Andrea Siervo<\/a><\/h3>\n<h3><a href=\"https:\/\/www.espronceda.net\/?portfolio=ann-mackowski\">Ann Mackowski<\/a><\/h3>\n<p>________________________________________________________________<\/p>\n<h4>Llamada abierta de colaboraci\u00f3n con Mindspaces. Residencias producidas por\u00a0<a href=\"http:\/\/mindspaces.eu\/open-call\/\">Mindspaces<\/a>.<\/h4>\n<p><img loading=\"lazy\" decoding=\"async\" class=\"alignnone size-full wp-image-10782\" src=\"https:\/\/www.espronceda.net\/wp-content\/uploads\/2019\/05\/58442969_523425568192394_2403263673624690688_n.jpg\" alt=\"\" width=\"900\" height=\"900\" srcset=\"https:\/\/www.espronceda.net\/wp-content\/uploads\/2019\/05\/58442969_523425568192394_2403263673624690688_n.jpg 900w, https:\/\/www.espronceda.net\/wp-content\/uploads\/2019\/05\/58442969_523425568192394_2403263673624690688_n-150x150.jpg 150w, https:\/\/www.espronceda.net\/wp-content\/uploads\/2019\/05\/58442969_523425568192394_2403263673624690688_n-300x300.jpg 300w, https:\/\/www.espronceda.net\/wp-content\/uploads\/2019\/05\/58442969_523425568192394_2403263673624690688_n-768x768.jpg 768w\" sizes=\"auto, (max-width: 900px) 100vw, 900px\" \/><\/p>\n<p>\u00abMindSpaces es un proyecto de investigaci\u00f3n de 3 a\u00f1os financiado por los proyectos STARTS \/ Lighthouse de la Comisi\u00f3n Europea que comenz\u00f3 el 1 de enero de 2019. Para alentar la colaboraci\u00f3n de proyectos de investigaci\u00f3n y artistas, STARTS financia &#8216;residencias STARTS&#8217; de artistas en instituciones tecnol\u00f3gicas y de cient\u00edficos y tecn\u00f3logos en estudio En este proyecto, artistas, cient\u00edficos, arquitectos, ingenieros y expertos en tecnolog\u00eda colaboran estrechamente bajo un nuevo esquema de modelo de trabajo para proponer dise\u00f1os innovadores para abordar los desaf\u00edos sociales que enfrentan las ciudades a medida que se expanden, y las necesidades cambiantes de funcionalidad y resonancia emocional de lugares de trabajo modernos e interiores de viviendas: el arte tiene la capacidad de trascender los marcos te\u00f3ricos y conceptuales establecidos y actuar de manera interdisciplinaria, ya que proporciona espacio para lo que se llama pensamiento \u00ablateral\u00bb, es decir, para abordar problemas con el enfoque de la caja \u00ab.<\/p>\n<p>________<\/p>\n<h4>2020<\/h4>\n<h4><strong>Convocatoria General Abierta para residencia de realidad virtual, Febrero de 2020<\/strong><\/h4>\n<p><img loading=\"lazy\" decoding=\"async\" class=\"alignnone wp-image-13086 size-large\" src=\"https:\/\/www.espronceda.net\/wp-content\/uploads\/2020\/03\/open-call-VR-1024x682.jpeg\" alt=\"\" width=\"1024\" height=\"682\" srcset=\"https:\/\/www.espronceda.net\/wp-content\/uploads\/2020\/03\/open-call-VR-1024x682.jpeg 1024w, https:\/\/www.espronceda.net\/wp-content\/uploads\/2020\/03\/open-call-VR-300x200.jpeg 300w, https:\/\/www.espronceda.net\/wp-content\/uploads\/2020\/03\/open-call-VR-768x512.jpeg 768w, https:\/\/www.espronceda.net\/wp-content\/uploads\/2020\/03\/open-call-VR.jpeg 1280w\" sizes=\"auto, (max-width: 1024px) 100vw, 1024px\" \/><\/p>\n<p>El Instituto de Arte y Cultura de Espronceda est\u00e1 seleccionando 2 artistas para participar en su primera residencia dedicada a la investigaci\u00f3n y el desarrollo de proyectos art\u00edsticos de Realidad Virtual, Realidad Aumentada e Inteligencia Artificial.<\/p>\n<p><b>La residencia<\/b><\/p>\n<p>El per\u00edodo de residencia es de 3 semanas. Comienza el 3 de febrero de 2020 y termina el 21 de febrero de 2020. Durante este per\u00edodo, se espera que los artistas seleccionados por esta convocatoria abierta y otros artistas seleccionados por el jurado de Espronceda trabajen juntos para la creaci\u00f3n de diferentes proyectos.<\/p>\n<h4>Ga\u00f1adores:<\/h4>\n<p><a href=\"https:\/\/www.espronceda.net\/?portfolio=mohsen-hazrati\">Mohsen Hazrati<\/a><\/p>\n<p><a href=\"https:\/\/www.espronceda.net\/?portfolio=kris-pilcher\">Kris Pilcher<\/a><\/p>\n<p><a href=\"https:\/\/www.espronceda.net\/?portfolio=bettina-katja-lange\">Bettina Katja Lange<\/a><\/p>\n<p><a href=\"https:\/\/www.espronceda.net\/?portfolio=josecarlos-florez\">Josecarlos Florez<\/a><\/p>\n<p><a href=\"https:\/\/www.espronceda.net\/?portfolio=joan-soler-adillon\">Joan Soler-Adillon<\/a><\/p>\n<p><a href=\"https:\/\/www.espronceda.net\/?portfolio=shivani-hassard\">Shivani Hassard<\/a><\/p>\n<p><a href=\"https:\/\/www.espronceda.net\/?portfolio=clarice-hilton\">Clarice Hilton<\/a><\/p>\n<p><a href=\"https:\/\/www.espronceda.net\/?portfolio=lauren-moffatt\">Lauren Moffat<\/a><\/p>\n<p><a href=\"https:\/\/www.espronceda.net\/?portfolio=chiara-passa\">Chiara Passa<\/a><\/p>\n<p><a href=\"https:\/\/www.espronceda.net\/?portfolio=uwe-brunner\">Uwe Brunner<\/a><\/p>\n<p><a href=\"https:\/\/www.espronceda.net\/?portfolio=cenk-guzelis\">Cenk G\u00fczelis<\/a><\/p>\n<p>&nbsp;<\/p>\n<p>&nbsp;<\/p>\n<p>&nbsp;<\/p>\n","protected":false},"excerpt":{"rendered":"<p>La convocatoria est\u00e1 dirigida a artistas italianos e internacionales involucrados en la realizaci\u00f3n de videos, que desean proponer una visi\u00f3n creativa en t\u00e9rminos de sostenibilidad ambiental y reciclaje responsable. El objetivo es proporcionar ideas para un estilo de vida sostenible a trav\u00e9s de la documentaci\u00f3n en video de las soluciones ya existentes, o abordar los problemas de la sostenibilidad ambiental [&hellip;]<\/p>\n","protected":false},"author":1,"featured_media":0,"parent":0,"menu_order":0,"comment_status":"closed","ping_status":"closed","template":"","meta":{"footnotes":""},"class_list":["post-5568","page","type-page","status-publish","hentry"],"_links":{"self":[{"href":"https:\/\/www.espronceda.net\/es\/wp-json\/wp\/v2\/pages\/5568","targetHints":{"allow":["GET"]}}],"collection":[{"href":"https:\/\/www.espronceda.net\/es\/wp-json\/wp\/v2\/pages"}],"about":[{"href":"https:\/\/www.espronceda.net\/es\/wp-json\/wp\/v2\/types\/page"}],"author":[{"embeddable":true,"href":"https:\/\/www.espronceda.net\/es\/wp-json\/wp\/v2\/users\/1"}],"replies":[{"embeddable":true,"href":"https:\/\/www.espronceda.net\/es\/wp-json\/wp\/v2\/comments?post=5568"}],"version-history":[{"count":35,"href":"https:\/\/www.espronceda.net\/es\/wp-json\/wp\/v2\/pages\/5568\/revisions"}],"predecessor-version":[{"id":13129,"href":"https:\/\/www.espronceda.net\/es\/wp-json\/wp\/v2\/pages\/5568\/revisions\/13129"}],"wp:attachment":[{"href":"https:\/\/www.espronceda.net\/es\/wp-json\/wp\/v2\/media?parent=5568"}],"curies":[{"name":"wp","href":"https:\/\/api.w.org\/{rel}","templated":true}]}}