{"id":5785,"date":"2018-01-12T16:02:59","date_gmt":"2018-01-12T15:02:59","guid":{"rendered":"http:\/\/www.espronceda.net\/projects\/inter-we\/"},"modified":"2018-09-13T08:35:10","modified_gmt":"2018-09-13T06:35:10","slug":"inter-we","status":"publish","type":"page","link":"https:\/\/www.espronceda.net\/es\/proyectos\/inter-we\/","title":{"rendered":"Inter We"},"content":{"rendered":"<p class=\"p1\"><span class=\"s1\"><b>ESPRONCEDA CENTER for ART &amp; CULTURE<\/b><\/span><\/p>\n<p class=\"p2\"><span class=\"s1\"><b>y<\/b><\/span><\/p>\n<p class=\"p3\"><span class=\"s1\"><b>Museu del Disseny de Barcelona<\/b><\/span><\/p>\n<p class=\"p4\"><span class=\"s1\">presentan<\/span><\/p>\n<p class=\"p1\"><a href=\"http:\/\/inter-we.com\/\"><span class=\"s1\"><b><i>INTER_WE <\/i><\/b><\/span><\/a><\/p>\n<p class=\"p1\"><span class=\"s1\"><b><i>un simposio art\u00edstico sobre G\u00c9NERO L\u00cdQUIDO<\/i><\/b><\/span><\/p>\n<p><strong>Barcelona<\/strong><\/p>\n<p class=\"p1\"><span class=\"s1\"><b>Martes 30 de enero de 2018, de 15h a 19h30<\/b><\/span><\/p>\n<p class=\"p3\"><em><span class=\"s1\"><b>Comisarios: Fabian Vogler y Valentina Casacchia<\/b><\/span><\/em><\/p>\n<div class=\"et_pb_column et_pb_column_1_2 et_pb_column_4 et_pb_css_mix_blend_mode_passthrough\">\n<div class=\"et_pb_text et_pb_module et_pb_bg_layout_dark et_pb_text_align_left et_pb_text_4\">\n<div class=\"et_pb_text_inner\">\n<p class=\"p1\"><span class=\"s1\">INTER_WE reflexiona sobre los cambios en la sociedad actual respecto a la diversidad de g\u00e9neros. La existencia de personas intersexuales prueba la falsedad de la construcci\u00f3n binaria de g\u00e9nero. Si dejamos<span class=\"Apple-converted-space\">\u00a0 <\/span>de dividir a las personas en hombres y mujeres y comenzamos a pensar en seres humanos, se diluyen las pol\u00e9micas sobre g\u00e9nero. Hemos dejado de marcar raza y religi\u00f3n en el pasaporte, borrar el g\u00e9nero del pasaporte deber\u00e1 ser el siguiente paso. Un ejemplo es de la legislaci\u00f3n alemana \u2013 un cambio para agregar un tercer g\u00e9nero a las dos opciones tradicionales de femenino | masculino.<\/span><\/p>\n<p class=\"p2\"><span class=\"s1\">Las artes pl\u00e1sticas siempre han tenido la capacidad de reflejar una visi\u00f3n contempor\u00e1nea del ser humano y plantearse preguntas nuevas como, \u00bfPueden las personas intersexuales encontrar su lugar en el mundo dicot\u00f3mico de hoy en d\u00eda? \u00bfPueden las personas \u00bb que se ajustan a un g\u00e9nero definido como masculino y femenino analizar la construcci\u00f3n social del g\u00e9nero y proponer conceptos alternativos al sistema binario tradicional de clasificaci\u00f3n de g\u00e9nero, y finalmente \u00bfrepresentan adecuadamente los museos esta diversidad?<\/span><\/p>\n<p class=\"p3\"><span class=\"s1\">El simposio pretende contribuir a hacer comprensible la variedad de g\u00e9neros, una diversidad que debe verse m\u00e1s que como una amenaza, como un regalo. El concepto de g\u00e9nero l\u00edquido, como reflejo de la sociedad l\u00edquida analizada por Zygmunt Bauman, quiere superar la divisi\u00f3n de g\u00e9neros en masculinos y femeninos, y los roles y los estereotipos que estos conllevan asociados desde hace siglos.<\/span><\/p>\n<p class=\"p4\"><span class=\"s1\">La sesiones est\u00e1n organizadas por <b>Valentina Casacchia y Fabian Vogler <\/b>y moderadas por <b>S\u00edlvia Ventosa <\/b>conservadora del Museo del Dise\u00f1o. Los oradores provienen de disciplinas aparentemente tan alejadas como arte, moda, literatura, ciencias biol\u00f3gicas, sociolog\u00eda o psicolog\u00eda. Contribuir\u00e1n con conferencias in\u00e9ditas <b>Manuel Aramendia<\/b>, <b>Inga Becker<\/b>, <b>Begonya Enguix, Stefan Horlacher<\/b>, , <b>Marisol Salanova<\/b>, <b>Katinka Schweizer<\/b>, <b>Patricia Soley-Bertran, S\u00edlvia Ventosa y Simon Zobel.<\/b><\/span><\/p>\n<p class=\"p6\"><span class=\"s1\">El simposio forma parte de un programa desarrollado y apoyado por <b>ESPRONCEDA CENTER for ART &amp; CULTURE, <\/b>con el patrocinio del Consulado alem\u00e1n, para una residencia art\u00edstica desde <b>el 10 febrero 2018<\/b>. Los artistas son <b>Eric Bocanegra<\/b>, <b>Bianca Kennedy<\/b>, <b>Yao Kong, Felix Kraus, Caroline Liebl, Parul Modha<\/b>, <b>Roland Reiter<\/b>, <b>Martina Rogers<\/b>, <b>Avelino Sala, Nikolas Schmid-Pf\u00e4hler y Fabian Vogler<\/b>.<\/span><\/p>\n<\/div>\n<\/div>\n<\/div>\n<div class=\"et_pb_column et_pb_column_1_2 et_pb_column_5 et_pb_css_mix_blend_mode_passthrough et-last-child\">\n<div class=\"et_pb_text et_pb_module et_pb_bg_layout_dark et_pb_text_align_left et_pb_text_5\">\n<div>_____<\/div>\n<\/div>\n<div><\/div>\n<div>M\u00e1s informaciones:<\/div>\n<div>\n<h4><a href=\"http:\/\/inter-we.com\/\">inter-we.com<\/a><\/h4>\n<\/div>\n<\/div>\n<p>____<\/p>\n<p><img loading=\"lazy\" decoding=\"async\" class=\"aligncenter size-large wp-image-5782\" src=\"https:\/\/www.espronceda.net\/wp-content\/uploads\/2018\/01\/Screen-Shot-2018-01-17-at-10.59.26-1024x775.png\" alt=\"\" width=\"1024\" height=\"775\" srcset=\"https:\/\/www.espronceda.net\/wp-content\/uploads\/2018\/01\/Screen-Shot-2018-01-17-at-10.59.26-1024x775.png 1024w, https:\/\/www.espronceda.net\/wp-content\/uploads\/2018\/01\/Screen-Shot-2018-01-17-at-10.59.26-300x227.png 300w, https:\/\/www.espronceda.net\/wp-content\/uploads\/2018\/01\/Screen-Shot-2018-01-17-at-10.59.26-768x581.png 768w, https:\/\/www.espronceda.net\/wp-content\/uploads\/2018\/01\/Screen-Shot-2018-01-17-at-10.59.26-94x70.png 94w, https:\/\/www.espronceda.net\/wp-content\/uploads\/2018\/01\/Screen-Shot-2018-01-17-at-10.59.26-1280x969.png 1280w, https:\/\/www.espronceda.net\/wp-content\/uploads\/2018\/01\/Screen-Shot-2018-01-17-at-10.59.26.png 1976w\" sizes=\"auto, (max-width: 1024px) 100vw, 1024px\" \/><\/p>\n","protected":false},"excerpt":{"rendered":"<p>ESPRONCEDA CENTER for ART &amp; CULTURE y Museu del Disseny de Barcelona presentan INTER_WE un simposio art\u00edstico sobre G\u00c9NERO L\u00cdQUIDO Barcelona Martes 30 de enero de 2018, de 15h a 19h30 Comisarios: Fabian Vogler y Valentina Casacchia INTER_WE reflexiona sobre los cambios en la sociedad actual respecto a la diversidad de g\u00e9neros. La existencia de personas intersexuales prueba la falsedad [&hellip;]<\/p>\n","protected":false},"author":1,"featured_media":0,"parent":5378,"menu_order":0,"comment_status":"closed","ping_status":"closed","template":"","meta":{"footnotes":""},"class_list":["post-5785","page","type-page","status-publish","hentry"],"_links":{"self":[{"href":"https:\/\/www.espronceda.net\/es\/wp-json\/wp\/v2\/pages\/5785","targetHints":{"allow":["GET"]}}],"collection":[{"href":"https:\/\/www.espronceda.net\/es\/wp-json\/wp\/v2\/pages"}],"about":[{"href":"https:\/\/www.espronceda.net\/es\/wp-json\/wp\/v2\/types\/page"}],"author":[{"embeddable":true,"href":"https:\/\/www.espronceda.net\/es\/wp-json\/wp\/v2\/users\/1"}],"replies":[{"embeddable":true,"href":"https:\/\/www.espronceda.net\/es\/wp-json\/wp\/v2\/comments?post=5785"}],"version-history":[{"count":3,"href":"https:\/\/www.espronceda.net\/es\/wp-json\/wp\/v2\/pages\/5785\/revisions"}],"predecessor-version":[{"id":5793,"href":"https:\/\/www.espronceda.net\/es\/wp-json\/wp\/v2\/pages\/5785\/revisions\/5793"}],"up":[{"embeddable":true,"href":"https:\/\/www.espronceda.net\/es\/wp-json\/wp\/v2\/pages\/5378"}],"wp:attachment":[{"href":"https:\/\/www.espronceda.net\/es\/wp-json\/wp\/v2\/media?parent=5785"}],"curies":[{"name":"wp","href":"https:\/\/api.w.org\/{rel}","templated":true}]}}