{"id":6269,"date":"2018-01-12T15:00:55","date_gmt":"2018-01-12T14:00:55","guid":{"rendered":"http:\/\/www.espronceda.net\/proyectos\/act-utopia-lab\/"},"modified":"2018-03-11T07:39:04","modified_gmt":"2018-03-11T06:39:04","slug":"act-utopia-lab","status":"publish","type":"page","link":"https:\/\/www.espronceda.net\/es\/proyectos\/act-utopia-lab\/","title":{"rendered":"Act Utopia Lab"},"content":{"rendered":"<h2>Act Utopia Lab<\/h2>\n<h4><a href=\"http:\/\/act-utopia.com\/\">act-utopia.com<\/a><\/h4>\n<p>En un mundo global y cambiante, la creatividad es clave para desarrollar nuevas profesiones, productos y formas de interacci\u00f3n.<\/p>\n<p>El conocimiento humano en otros tiempos fue hol\u00edstico, pero se especializ\u00f3 con la revoluci\u00f3n industrial.<\/p>\n<p>Artistas, cient\u00edficos y tecn\u00f3logos trabajan en sus diferentes \u00e1reas creativas, pero sin comunicaci\u00f3n y sinergia constantes.<\/p>\n<p>La Comisi\u00f3n Europea, en el programa Horizonte 2020, STARTS, analiza que estas \u00e1reas deben interactuar para producir un pensamiento creativo transversal y que los desarrolladores cient\u00edficos y tecnol\u00f3gicos, as\u00ed como los artistas, abandonen sus \u00e1reas de confort y se atrevan a emprender Ideas que no son comunes o inicialmente son demasiado ut\u00f3picas y con ellas generen startups exitosas.<\/p>\n<p>Es la contribuci\u00f3n a esta utop\u00eda lo que impulsa a Espronceda a lanzar \u00abACT UTOPIA LAB\u00bb, Arte, Ciencia y Tecnolog\u00eda, conferencias, talleres, red e incubadora de startups.<\/p>\n<p><a href=\"https:\/\/www.espronceda.net\/wp-content\/uploads\/2018\/01\/Capture-ACT-Utopia.jpg\"><img loading=\"lazy\" decoding=\"async\" class=\"aligncenter wp-image-5749 size-full\" src=\"https:\/\/www.espronceda.net\/wp-content\/uploads\/2018\/01\/Capture-ACT-Utopia.jpg\" alt=\"\" width=\"600\" height=\"3885\" srcset=\"https:\/\/www.espronceda.net\/wp-content\/uploads\/2018\/01\/Capture-ACT-Utopia.jpg 600w, https:\/\/www.espronceda.net\/wp-content\/uploads\/2018\/01\/Capture-ACT-Utopia-158x1024.jpg 158w\" sizes=\"auto, (max-width: 600px) 100vw, 600px\" \/><\/a><\/p>\n","protected":false},"excerpt":{"rendered":"<p>Act Utopia Lab act-utopia.com En un mundo global y cambiante, la creatividad es clave para desarrollar nuevas profesiones, productos y formas de interacci\u00f3n. El conocimiento humano en otros tiempos fue hol\u00edstico, pero se especializ\u00f3 con la revoluci\u00f3n industrial. Artistas, cient\u00edficos y tecn\u00f3logos trabajan en sus diferentes \u00e1reas creativas, pero sin comunicaci\u00f3n y sinergia constantes. La Comisi\u00f3n Europea, en el programa [&hellip;]<\/p>\n","protected":false},"author":1,"featured_media":0,"parent":5378,"menu_order":0,"comment_status":"closed","ping_status":"closed","template":"","meta":{"footnotes":""},"class_list":["post-6269","page","type-page","status-publish","hentry"],"_links":{"self":[{"href":"https:\/\/www.espronceda.net\/es\/wp-json\/wp\/v2\/pages\/6269","targetHints":{"allow":["GET"]}}],"collection":[{"href":"https:\/\/www.espronceda.net\/es\/wp-json\/wp\/v2\/pages"}],"about":[{"href":"https:\/\/www.espronceda.net\/es\/wp-json\/wp\/v2\/types\/page"}],"author":[{"embeddable":true,"href":"https:\/\/www.espronceda.net\/es\/wp-json\/wp\/v2\/users\/1"}],"replies":[{"embeddable":true,"href":"https:\/\/www.espronceda.net\/es\/wp-json\/wp\/v2\/comments?post=6269"}],"version-history":[{"count":1,"href":"https:\/\/www.espronceda.net\/es\/wp-json\/wp\/v2\/pages\/6269\/revisions"}],"predecessor-version":[{"id":6271,"href":"https:\/\/www.espronceda.net\/es\/wp-json\/wp\/v2\/pages\/6269\/revisions\/6271"}],"up":[{"embeddable":true,"href":"https:\/\/www.espronceda.net\/es\/wp-json\/wp\/v2\/pages\/5378"}],"wp:attachment":[{"href":"https:\/\/www.espronceda.net\/es\/wp-json\/wp\/v2\/media?parent=6269"}],"curies":[{"name":"wp","href":"https:\/\/api.w.org\/{rel}","templated":true}]}}